{"id":1930,"date":"2024-05-29T17:20:39","date_gmt":"2024-05-29T17:20:39","guid":{"rendered":"https:\/\/cellgenic.com\/product\/congelador-de-temperatura-ultrabaja-de-25l\/"},"modified":"2025-01-08T02:42:01","modified_gmt":"2025-01-08T02:42:01","slug":"congelador-de-temperatura-ultrabaja-de-25l","status":"publish","type":"product","link":"https:\/\/cellgenic.com\/es\/product\/congelador-de-temperatura-ultrabaja-de-25l\/","title":{"rendered":"Congelador de temperatura ultrabaja de 25L"},"content":{"rendered":"<div>El congelador port\u00e1til de temperatura ultrabaja ZZKD utiliza la tecnolog\u00eda de refrigeraci\u00f3n Stirling de grado militar. Es una peque\u00f1a c\u00e1mara frigor\u00edfica ULT port\u00e1til. Este tipo de producto se centra en el almacenamiento y transporte a temperaturas ultrabajas en laboratorios, pruebas de simulaci\u00f3n de entornos industriales extremos, transporte de la cadena de fr\u00edo farmac\u00e9utica, almacenamiento y transporte de muestras biol\u00f3gicas, cadena de fr\u00edo de la ciencia de la vida, medicina cl\u00ednica, acampada al aire libre y almacenamiento ULT dom\u00e9stico.<\/div>\n<div><\/div>\n<div><strong>Sobre este art\u00edculo<\/strong><\/div>\n<div>1.Amplio rango de temperatura (+15\u00b0C a -86\u00b0C)\/Ajustable \u00b11\u00b0C<\/p>\n<p>2.Temperatura interior constante (fluctuaciones dentro de \u00b11\u00b0C)<\/p>\n<p>3.Control preciso de la temperatura (fluctuaciones de TEMP dentro de \u00b11\u00b0C)<\/p>\n<p>4.Eficiencia energ\u00e9tica<\/p>\n<p>5.Facilidad de uso y funcionamiento<\/p>\n<p>6.Peque\u00f1o tama\u00f1o y peso ligero\uff0817,5KG\uff09 6.Tama\u00f1o peque\u00f1o y peso ligero\uff0817,5KG\uff09<\/p>\n<p>7.Acceso a diversas fuentes de alimentaci\u00f3n \uff08energ\u00eda de veh\u00edculos y energ\u00eda solar\uff09<\/p>\n<p>8.Utiliza refrigerantes 100% naturales para apoyar operaciones sostenibles y respetuosas con el medio ambiente.<\/p><\/div>\n<div><\/div>\n<div><\/div>\n<div><img loading=\"lazy\" decoding=\"async\" class=\"aligncenter wp-image-1196 size-full\" src=\"https:\/\/cellgenic.com\/wp-content\/uploads\/2024\/05\/10.jpg\" alt=\"\" width=\"750\" height=\"1546\"><\/div>\n<div>\n<div>Refrigerador Stirling de pist\u00f3n libre<\/div>\n<div>\n<div data-spm-anchor-id=\"a2700.details.0.i37.31f372c1ciwa6S\">El refrigerador Stirling funciona mediante la expansi\u00f3n y contracci\u00f3n t\u00e9rmicas de los gases al pasar de un medio caliente a uno fr\u00edo. Comparada con la tecnolog\u00eda de refrigeraci\u00f3n tradicional, las ventajas de la tecnolog\u00eda Stirling de pist\u00f3n libre son <strong>Alta eficiencia<\/strong>, bajo nivel de <strong>ruido<\/strong>, <strong>baja vibraci\u00f3n<\/strong>, <strong>funcionamiento sin aceite<\/strong>, <strong>larga vida \u00fatil <\/strong>y<strong> refrigerantes 100% naturales <\/strong>para apoyar operaciones sostenibles<strong data-spm-anchor-id=\"a2700.details.0.i41.31f372c1ciwa6S\"> respetuosas con el medio ambiente<\/strong>. Adem\u00e1s, el frigor\u00edfico Stirling puede <strong>ignorar el \u00e1ngulo de funcionamiento<\/strong>, 360\u00b0 de funcionamiento est\u00e1 bien. Puede <strong>controlar con precisi\u00f3n la capacidad de refrigeraci\u00f3n<\/strong> libremente.<\/div>\n<div data-spm-anchor-id=\"a2700.details.0.i37.31f372c1ciwa6S\"><\/div>\n<\/div>\n<div data-spm-anchor-id=\"a2700.details.0.i37.31f372c1ciwa6S\"><img loading=\"lazy\" decoding=\"async\" class=\"aligncenter wp-image-1198 size-full\" src=\"https:\/\/cellgenic.com\/wp-content\/uploads\/2024\/05\/10-1.jpg\" alt=\"\" width=\"750\" height=\"750\"> <img loading=\"lazy\" decoding=\"async\" class=\"aligncenter wp-image-1197 size-full\" src=\"https:\/\/cellgenic.com\/wp-content\/uploads\/2024\/05\/10-2.jpg\" alt=\"\" width=\"750\" height=\"1082\"><\/div>\n<\/div>\n","protected":false},"excerpt":{"rendered":"<p>El congelador port\u00e1til de temperatura ultrabaja ZZKD utiliza la tecnolog\u00eda de refrigeraci\u00f3n Stirling de grado militar. Es una peque\u00f1a c\u00e1mara frigor\u00edfica ULT port\u00e1til. Este tipo de producto se centra en el almacenamiento y transporte a temperaturas ultrabajas en laboratorios, pruebas de simulaci\u00f3n de entornos industriales extremos, transporte de la cadena de fr\u00edo farmac\u00e9utica, almacenamiento y&#8230;<\/p>\n","protected":false},"featured_media":1894,"comment_status":"open","ping_status":"closed","template":"","meta":{"_acf_changed":false,"_joinchat":[]},"product_brand":[],"product_cat":[163,164],"product_tag":[],"class_list":{"0":"post-1930","1":"product","2":"type-product","3":"status-publish","4":"has-post-thumbnail","6":"product_cat-congeladores","7":"product_cat-punto-de-cuidado","9":"first","10":"instock","11":"shipping-taxable","12":"product-type-simple","13":"add-to-wishlist-before_image"},"group_of_quantity":0,"min_quantity":0,"max_quantity":"","exclude_order_quantity_value_rules":"no","exclude_category_quantity_rules":"no","combine_variations":"no","acf":[],"yoast_head":"<!-- This site is optimized with the Yoast SEO plugin v27.4 - https:\/\/yoast.com\/product\/yoast-seo-wordpress\/ -->\n<title>Congelador de temperatura ultrabaja de 25L - Cellgenic<\/title>\n<meta name=\"robots\" content=\"index, follow, max-snippet:-1, max-image-preview:large, max-video-preview:-1\" \/>\n<link rel=\"canonical\" href=\"https:\/\/cellgenic.com\/product\/25l-ultra-low-temperature-freezer\/\" \/>\n<meta property=\"og:locale\" content=\"es_ES\" \/>\n<meta property=\"og:type\" content=\"article\" \/>\n<meta property=\"og:title\" content=\"Congelador de temperatura ultrabaja de 25L - Cellgenic\" \/>\n<meta property=\"og:description\" content=\"El congelador port\u00e1til de temperatura ultrabaja ZZKD utiliza la tecnolog\u00eda de refrigeraci\u00f3n Stirling de grado militar. Es una peque\u00f1a c\u00e1mara frigor\u00edfica ULT port\u00e1til. Este tipo de producto se centra en el almacenamiento y transporte a temperaturas ultrabajas en laboratorios, pruebas de simulaci\u00f3n de entornos industriales extremos, transporte de la cadena de fr\u00edo farmac\u00e9utica, almacenamiento y...\" \/>\n<meta property=\"og:url\" content=\"https:\/\/cellgenic.com\/product\/25l-ultra-low-temperature-freezer\/\" \/>\n<meta property=\"og:site_name\" content=\"Cellgenic\" \/>\n<meta property=\"article:modified_time\" content=\"2025-01-08T02:42:01+00:00\" \/>\n<meta property=\"og:image\" content=\"https:\/\/cellgenic.com\/wp-content\/uploads\/2024\/05\/25L-Ultra-Low-Temperature-Freezer_.jpg\" \/>\n\t<meta property=\"og:image:width\" content=\"1736\" \/>\n\t<meta property=\"og:image:height\" content=\"2278\" \/>\n\t<meta property=\"og:image:type\" content=\"image\/jpeg\" \/>\n<meta name=\"twitter:card\" content=\"summary_large_image\" \/>\n<meta name=\"twitter:label1\" content=\"Tiempo de lectura\" \/>\n\t<meta name=\"twitter:data1\" content=\"1 minuto\" \/>\n<script type=\"application\/ld+json\" class=\"yoast-schema-graph\">{\"@context\":\"https:\\\/\\\/schema.org\",\"@graph\":[{\"@type\":\"WebPage\",\"@id\":\"https:\\\/\\\/cellgenic.com\\\/product\\\/25l-ultra-low-temperature-freezer\\\/\",\"url\":\"https:\\\/\\\/cellgenic.com\\\/product\\\/25l-ultra-low-temperature-freezer\\\/\",\"name\":\"Congelador de temperatura ultrabaja de 25L - Cellgenic\",\"isPartOf\":{\"@id\":\"https:\\\/\\\/cellgenic.com\\\/#website\"},\"primaryImageOfPage\":{\"@id\":\"https:\\\/\\\/cellgenic.com\\\/product\\\/25l-ultra-low-temperature-freezer\\\/#primaryimage\"},\"image\":{\"@id\":\"https:\\\/\\\/cellgenic.com\\\/product\\\/25l-ultra-low-temperature-freezer\\\/#primaryimage\"},\"thumbnailUrl\":\"https:\\\/\\\/cellgenic.com\\\/wp-content\\\/uploads\\\/2024\\\/05\\\/25L-Ultra-Low-Temperature-Freezer_.jpg\",\"datePublished\":\"2024-05-29T17:20:39+00:00\",\"dateModified\":\"2025-01-08T02:42:01+00:00\",\"breadcrumb\":{\"@id\":\"https:\\\/\\\/cellgenic.com\\\/product\\\/25l-ultra-low-temperature-freezer\\\/#breadcrumb\"},\"inLanguage\":\"es\",\"potentialAction\":[{\"@type\":\"ReadAction\",\"target\":[\"https:\\\/\\\/cellgenic.com\\\/product\\\/25l-ultra-low-temperature-freezer\\\/\"]}]},{\"@type\":\"ImageObject\",\"inLanguage\":\"es\",\"@id\":\"https:\\\/\\\/cellgenic.com\\\/product\\\/25l-ultra-low-temperature-freezer\\\/#primaryimage\",\"url\":\"https:\\\/\\\/cellgenic.com\\\/wp-content\\\/uploads\\\/2024\\\/05\\\/25L-Ultra-Low-Temperature-Freezer_.jpg\",\"contentUrl\":\"https:\\\/\\\/cellgenic.com\\\/wp-content\\\/uploads\\\/2024\\\/05\\\/25L-Ultra-Low-Temperature-Freezer_.jpg\",\"width\":1736,\"height\":2278},{\"@type\":\"BreadcrumbList\",\"@id\":\"https:\\\/\\\/cellgenic.com\\\/product\\\/25l-ultra-low-temperature-freezer\\\/#breadcrumb\",\"itemListElement\":[{\"@type\":\"ListItem\",\"position\":1,\"name\":\"Home\",\"item\":\"https:\\\/\\\/cellgenic.com\\\/inicio\\\/\"},{\"@type\":\"ListItem\",\"position\":2,\"name\":\"Tienda\",\"item\":\"https:\\\/\\\/cellgenic.com\\\/tienda\\\/\"},{\"@type\":\"ListItem\",\"position\":3,\"name\":\"Congelador de temperatura ultrabaja de 25L\"}]},{\"@type\":\"WebSite\",\"@id\":\"https:\\\/\\\/cellgenic.com\\\/#website\",\"url\":\"https:\\\/\\\/cellgenic.com\\\/\",\"name\":\"Cellgenic\",\"description\":\"Explore Cellgenic&#039;s advanced regenerative medicine products, specializing in high-quality exosomes for therapeutic applications. Purchase exosomes online to enhance your practice with cutting-edge solutions.\",\"publisher\":{\"@id\":\"https:\\\/\\\/cellgenic.com\\\/#organization\"},\"potentialAction\":[{\"@type\":\"SearchAction\",\"target\":{\"@type\":\"EntryPoint\",\"urlTemplate\":\"https:\\\/\\\/cellgenic.com\\\/?s={search_term_string}\"},\"query-input\":{\"@type\":\"PropertyValueSpecification\",\"valueRequired\":true,\"valueName\":\"search_term_string\"}}],\"inLanguage\":\"es\"},{\"@type\":\"Organization\",\"@id\":\"https:\\\/\\\/cellgenic.com\\\/#organization\",\"name\":\"Cellgenic\",\"url\":\"https:\\\/\\\/cellgenic.com\\\/\",\"logo\":{\"@type\":\"ImageObject\",\"inLanguage\":\"es\",\"@id\":\"https:\\\/\\\/cellgenic.com\\\/#\\\/schema\\\/logo\\\/image\\\/\",\"url\":\"https:\\\/\\\/cellgenic.com\\\/wp-content\\\/uploads\\\/2022\\\/05\\\/Cellgenic_principal_Background-Contactform3-1024x655.png\",\"contentUrl\":\"https:\\\/\\\/cellgenic.com\\\/wp-content\\\/uploads\\\/2022\\\/05\\\/Cellgenic_principal_Background-Contactform3-1024x655.png\",\"width\":1024,\"height\":655,\"caption\":\"Cellgenic\"},\"image\":{\"@id\":\"https:\\\/\\\/cellgenic.com\\\/#\\\/schema\\\/logo\\\/image\\\/\"}}]}<\/script>\n<!-- \/ Yoast SEO plugin. -->","yoast_head_json":{"title":"Congelador de temperatura ultrabaja de 25L - Cellgenic","robots":{"index":"index","follow":"follow","max-snippet":"max-snippet:-1","max-image-preview":"max-image-preview:large","max-video-preview":"max-video-preview:-1"},"canonical":"https:\/\/cellgenic.com\/product\/25l-ultra-low-temperature-freezer\/","og_locale":"es_ES","og_type":"article","og_title":"Congelador de temperatura ultrabaja de 25L - Cellgenic","og_description":"El congelador port\u00e1til de temperatura ultrabaja ZZKD utiliza la tecnolog\u00eda de refrigeraci\u00f3n Stirling de grado militar. Es una peque\u00f1a c\u00e1mara frigor\u00edfica ULT port\u00e1til. Este tipo de producto se centra en el almacenamiento y transporte a temperaturas ultrabajas en laboratorios, pruebas de simulaci\u00f3n de entornos industriales extremos, transporte de la cadena de fr\u00edo farmac\u00e9utica, almacenamiento y...","og_url":"https:\/\/cellgenic.com\/product\/25l-ultra-low-temperature-freezer\/","og_site_name":"Cellgenic","article_modified_time":"2025-01-08T02:42:01+00:00","og_image":[{"width":1736,"height":2278,"url":"https:\/\/cellgenic.com\/wp-content\/uploads\/2024\/05\/25L-Ultra-Low-Temperature-Freezer_.jpg","type":"image\/jpeg"}],"twitter_card":"summary_large_image","twitter_misc":{"Tiempo de lectura":"1 minuto"},"schema":{"@context":"https:\/\/schema.org","@graph":[{"@type":"WebPage","@id":"https:\/\/cellgenic.com\/product\/25l-ultra-low-temperature-freezer\/","url":"https:\/\/cellgenic.com\/product\/25l-ultra-low-temperature-freezer\/","name":"Congelador de temperatura ultrabaja de 25L - Cellgenic","isPartOf":{"@id":"https:\/\/cellgenic.com\/#website"},"primaryImageOfPage":{"@id":"https:\/\/cellgenic.com\/product\/25l-ultra-low-temperature-freezer\/#primaryimage"},"image":{"@id":"https:\/\/cellgenic.com\/product\/25l-ultra-low-temperature-freezer\/#primaryimage"},"thumbnailUrl":"https:\/\/cellgenic.com\/wp-content\/uploads\/2024\/05\/25L-Ultra-Low-Temperature-Freezer_.jpg","datePublished":"2024-05-29T17:20:39+00:00","dateModified":"2025-01-08T02:42:01+00:00","breadcrumb":{"@id":"https:\/\/cellgenic.com\/product\/25l-ultra-low-temperature-freezer\/#breadcrumb"},"inLanguage":"es","potentialAction":[{"@type":"ReadAction","target":["https:\/\/cellgenic.com\/product\/25l-ultra-low-temperature-freezer\/"]}]},{"@type":"ImageObject","inLanguage":"es","@id":"https:\/\/cellgenic.com\/product\/25l-ultra-low-temperature-freezer\/#primaryimage","url":"https:\/\/cellgenic.com\/wp-content\/uploads\/2024\/05\/25L-Ultra-Low-Temperature-Freezer_.jpg","contentUrl":"https:\/\/cellgenic.com\/wp-content\/uploads\/2024\/05\/25L-Ultra-Low-Temperature-Freezer_.jpg","width":1736,"height":2278},{"@type":"BreadcrumbList","@id":"https:\/\/cellgenic.com\/product\/25l-ultra-low-temperature-freezer\/#breadcrumb","itemListElement":[{"@type":"ListItem","position":1,"name":"Home","item":"https:\/\/cellgenic.com\/inicio\/"},{"@type":"ListItem","position":2,"name":"Tienda","item":"https:\/\/cellgenic.com\/tienda\/"},{"@type":"ListItem","position":3,"name":"Congelador de temperatura ultrabaja de 25L"}]},{"@type":"WebSite","@id":"https:\/\/cellgenic.com\/#website","url":"https:\/\/cellgenic.com\/","name":"Cellgenic","description":"Explore Cellgenic&#039;s advanced regenerative medicine products, specializing in high-quality exosomes for therapeutic applications. Purchase exosomes online to enhance your practice with cutting-edge solutions.","publisher":{"@id":"https:\/\/cellgenic.com\/#organization"},"potentialAction":[{"@type":"SearchAction","target":{"@type":"EntryPoint","urlTemplate":"https:\/\/cellgenic.com\/?s={search_term_string}"},"query-input":{"@type":"PropertyValueSpecification","valueRequired":true,"valueName":"search_term_string"}}],"inLanguage":"es"},{"@type":"Organization","@id":"https:\/\/cellgenic.com\/#organization","name":"Cellgenic","url":"https:\/\/cellgenic.com\/","logo":{"@type":"ImageObject","inLanguage":"es","@id":"https:\/\/cellgenic.com\/#\/schema\/logo\/image\/","url":"https:\/\/cellgenic.com\/wp-content\/uploads\/2022\/05\/Cellgenic_principal_Background-Contactform3-1024x655.png","contentUrl":"https:\/\/cellgenic.com\/wp-content\/uploads\/2022\/05\/Cellgenic_principal_Background-Contactform3-1024x655.png","width":1024,"height":655,"caption":"Cellgenic"},"image":{"@id":"https:\/\/cellgenic.com\/#\/schema\/logo\/image\/"}}]}},"_links":{"self":[{"href":"https:\/\/cellgenic.com\/es\/wp-json\/wp\/v2\/product\/1930","targetHints":{"allow":["GET"]}}],"collection":[{"href":"https:\/\/cellgenic.com\/es\/wp-json\/wp\/v2\/product"}],"about":[{"href":"https:\/\/cellgenic.com\/es\/wp-json\/wp\/v2\/types\/product"}],"replies":[{"embeddable":true,"href":"https:\/\/cellgenic.com\/es\/wp-json\/wp\/v2\/comments?post=1930"}],"wp:featuredmedia":[{"embeddable":true,"href":"https:\/\/cellgenic.com\/es\/wp-json\/wp\/v2\/media\/1894"}],"wp:attachment":[{"href":"https:\/\/cellgenic.com\/es\/wp-json\/wp\/v2\/media?parent=1930"}],"wp:term":[{"taxonomy":"product_brand","embeddable":true,"href":"https:\/\/cellgenic.com\/es\/wp-json\/wp\/v2\/product_brand?post=1930"},{"taxonomy":"product_cat","embeddable":true,"href":"https:\/\/cellgenic.com\/es\/wp-json\/wp\/v2\/product_cat?post=1930"},{"taxonomy":"product_tag","embeddable":true,"href":"https:\/\/cellgenic.com\/es\/wp-json\/wp\/v2\/product_tag?post=1930"}],"curies":[{"name":"wp","href":"https:\/\/api.w.org\/{rel}","templated":true}]}}