{"id":1935,"date":"2024-05-29T17:20:38","date_gmt":"2024-05-29T17:20:38","guid":{"rendered":"https:\/\/cellgenic.com\/product\/contador-celular-automatizado\/"},"modified":"2025-01-08T02:42:02","modified_gmt":"2025-01-08T02:42:02","slug":"contador-celular-automatizado","status":"publish","type":"product","link":"https:\/\/cellgenic.com\/es\/product\/contador-celular-automatizado\/","title":{"rendered":"Contador celular automatizado"},"content":{"rendered":"<p>El Contador Celular Automatizado es un sistema de recuento celular de sobremesa equipado con un algoritmo avanzado de aprendizaje autom\u00e1tico, \u00f3ptica reforzada, enfoque e iluminaci\u00f3n totalmente automatizados y software de an\u00e1lisis de im\u00e1genes para la evaluaci\u00f3n r\u00e1pida de muestras de c\u00e9lulas primarias e inmortalizadas<br role=\"presentation\" data-uw-rm-sr=\"\"><br role=\"presentation\" data-uw-rm-sr=\"\">&#8211; <b>Precisi\u00f3n: elimina<\/b>la subjetividad del recuento celular manual y la variabilidad entre usuarios<br role=\"presentation\" data-uw-rm-sr=\"\">&#8211; <b>Rapidez: cuenta<\/b>las c\u00e9lulas vivas y muertas, mide la viabilidad e informa del tama\u00f1o medio de las c\u00e9lulas con un solo toque en unos 20 segundos<br role=\"presentation\" data-uw-rm-sr=\"\">&#8211; <b>Comodidad:<\/b>no <b>requiere<\/b>limpieza ni mantenimiento rutinario; la pantalla t\u00e1ctil capacitiva de alta resoluci\u00f3n empotrada y la sencilla interfaz de usuario permiten una puesta en marcha r\u00e1pida, requieren una formaci\u00f3n m\u00ednima y ofrecen un almacenamiento autom\u00e1tico de los datos en USB o en la nube.<br role=\"presentation\" data-uw-rm-sr=\"\"><br role=\"presentation\" data-uw-rm-sr=\"\">El Contador Celular Automatizado funciona en dos sencillos pasos:<br role=\"presentation\" data-uw-rm-sr=\"\">1. Mezcla 10 \u03bcL de muestra con 10 \u03bcL de azul trip\u00e1n y pipetea en un portaobjetos de c\u00e1mara desechable.<br role=\"presentation\" data-uw-rm-sr=\"\">2. Introduce el portaobjetos en el instrumento. Los modos de Captura R\u00e1pida y Autoguardado permiten el recuento de c\u00e9lulas con un solo toque. El enfoque, la iluminaci\u00f3n y el guardado de archivos se ejecutan autom\u00e1ticamente.<br role=\"presentation\" data-uw-rm-sr=\"\"><br role=\"presentation\" data-uw-rm-sr=\"\"><b>Obt\u00e9n recuentos celulares precisos<\/b><br role=\"presentation\" data-uw-rm-sr=\"\">El Contador Celular Automatizado utiliza la tinci\u00f3n con azul trip\u00e1n combinada con el autoenfoque y la iluminaci\u00f3n dirigidos por un algoritmo de an\u00e1lisis de im\u00e1genes de aprendizaje autom\u00e1tico para obtener recuentos celulares y de viabilidad precisos. El intervalo de medici\u00f3n va de 1 \u00d7<sup>104<\/sup> a 1 \u00d7<sup>107<\/sup> c\u00e9lulas\/mL (el intervalo \u00f3ptimo es de 1 \u00d7<sup>105<\/sup> a 4 \u00d7<sup>106<\/sup> c\u00e9lulas\/mL), que es m\u00e1s amplio que el de un hemocit\u00f3metro.<br role=\"presentation\" data-uw-rm-sr=\"\"><br role=\"presentation\" data-uw-rm-sr=\"\"><b>Transfiere datos e im\u00e1genes a tu PC o a la nube<\/b><br role=\"presentation\" data-uw-rm-sr=\"\">Utilizando el puerto USB del Contador Celular Automatizado y cualquier unidad USB, puedes guardar tus resultados de recuento celular e im\u00e1genes y transferirlos a tu PC.  <\/p>\n<h2>Especificaciones<\/h2>\n<table dir=\"ltr\" border=\"1\" cellspacing=\"0\" cellpadding=\"0\" data-sheets-root=\"1\">\n<colgroup>\n<col width=\"100\">\n<col width=\"100\"><\/colgroup>\n<tbody>\n<tr>\n<td data-sheets-value=\"{\"1\":2,\"2\":\"Type\"}\">Tipo<\/td>\n<td data-sheets-value=\"{\"1\":2,\"2\":\"Automated Cell Counter\"}\">\n<div>\n<div>Contador celular automatizado<\/div>\n<\/div>\n<\/td>\n<\/tr>\n<tr>\n<td data-sheets-value=\"{\"1\":2,\"2\":\"For Use With (Application)\"}\">Para usar con (aplicaci\u00f3n)<\/td>\n<td data-sheets-value=\"{\"1\":2,\"2\":\"Cell culture and analysis workflows\"}\">\n<div>\n<div>Flujos de trabajo de cultivo y an\u00e1lisis celular<\/div>\n<\/div>\n<\/td>\n<\/tr>\n<tr>\n<td data-sheets-value=\"{\"1\":2,\"2\":\"For Use With (Equipment)\"}\">Para usar con (equipo)<\/td>\n<td data-sheets-value=\"{\"1\":2,\"2\":\"EVOS microscopes, Attune flow cytometers\"}\">\n<div>\n<div>Microscopios EVOS, cit\u00f3metros de flujo Attune<\/div>\n<\/div>\n<\/td>\n<\/tr>\n<tr>\n<td data-sheets-value=\"{\"1\":2,\"2\":\"Detection Method\"}\">M\u00e9todo de detecci\u00f3n<\/td>\n<td data-sheets-value=\"{\"1\":2,\"2\":\"Brightfield\"}\">Campo claro<\/td>\n<\/tr>\n<tr>\n<td data-sheets-value=\"{\"1\":2,\"2\":\"Holds\"}\">Sujeta<\/td>\n<td data-sheets-value=\"{\"1\":2,\"2\":\"2 samples per slide\"}\">\n<div>\n<div>2 muestras por portaobjetos<\/div>\n<\/div>\n<\/td>\n<\/tr>\n<tr>\n<td data-sheets-value=\"{\"1\":2,\"2\":\"Includes\"}\">Incluye<\/td>\n<td data-sheets-value=\"{\"1\":2,\"2\":\"Power Supply, Slide Holder, USB Drive, 1 Boxes Chamber Slide\"}\">\n<div>\n<div>Fuente de alimentaci\u00f3n, soporte para portaobjetos, unidad USB, 1 caja de portaobjetos de c\u00e1mara<\/div>\n<\/div>\n<\/td>\n<\/tr>\n<tr>\n<td data-sheets-value=\"{\"1\":2,\"2\":\"Display\"}\">Pantalla<\/td>\n<td data-sheets-value=\"{\"1\":2,\"2\":\"LCD\"}\">LCD<\/td>\n<\/tr>\n<tr>\n<td data-sheets-value=\"{\"1\":2,\"2\":\"Memory\"}\">Memoria<\/td>\n<td data-sheets-value=\"{\"1\":2,\"2\":\"On Board, USB Drive\"}\">\n<div>\n<div>A bordo, unidad USB<\/div>\n<\/div>\n<\/td>\n<\/tr>\n<tr>\n<td data-sheets-value=\"{\"1\":2,\"2\":\"Dimensions\"}\">Dimensiones<\/td>\n<td data-sheets-value=\"{\"1\":2,\"2\":\"LxWxD: 9 x 9 x 5.5 x in. (228.6 x 228.6 x 139.7 mm)\"}\">\n<div>\n<div>LxAnxF: 9 x 9 x 5,5 x pulg. (228,6 x 228,6 x 139,7 mm)<\/div>\n<\/div>\n<\/td>\n<\/tr>\n<tr>\n<td data-sheets-value=\"{\"1\":2,\"2\":\"Weight (English)\"}\">Peso (ingl\u00e9s)<\/td>\n<td data-sheets-value=\"{\"1\":2,\"2\":\"8 lb.\"}\">2,5 kg<\/td>\n<\/tr>\n<tr>\n<td data-sheets-value=\"{\"1\":2,\"2\":\"Weight (Metric)\"}\">Peso (m\u00e9trico)<\/td>\n<td data-sheets-value=\"{\"1\":2,\"2\":\"3.6 kg\"}\">3,6 kg<\/td>\n<\/tr>\n<tr>\n<td data-sheets-value=\"{\"1\":2,\"2\":\"Certifications\/Compliance\"}\">Certificaciones\/Cumplimiento<\/td>\n<td data-sheets-value=\"{\"1\":2,\"2\":\"RoHS\"}\">RoHS<\/td>\n<\/tr>\n<tr>\n<td data-sheets-value=\"{\"1\":2,\"2\":\"Shipping Condition\"}\">Condiciones de env\u00edo<\/td>\n<td data-sheets-value=\"{\"1\":2,\"2\":\"Ambient\"}\">Ambiente<\/td>\n<\/tr>\n<tr>\n<td data-sheets-value=\"{\"1\":2,\"2\":\"Voltage\"}\">Tensi\u00f3n<\/td>\n<td data-sheets-value=\"{\"1\":2,\"2\":\"100\/240 V\"}\">100\/240 V<\/td>\n<\/tr>\n<\/tbody>\n<\/table>\n","protected":false},"excerpt":{"rendered":"<p>El Contador Celular Automatizado es un sistema de recuento celular de sobremesa equipado con un algoritmo avanzado de aprendizaje autom\u00e1tico, \u00f3ptica reforzada, enfoque e iluminaci\u00f3n totalmente automatizados y software de an\u00e1lisis de im\u00e1genes para la evaluaci\u00f3n r\u00e1pida de muestras de c\u00e9lulas primarias e inmortalizadas&#8211; Precisi\u00f3n: eliminala subjetividad del recuento celular manual y la variabilidad entre&#8230;<\/p>\n","protected":false},"featured_media":1890,"comment_status":"open","ping_status":"closed","template":"","meta":{"_acf_changed":false,"_joinchat":[]},"product_brand":[],"product_cat":[165,164],"product_tag":[],"class_list":{"0":"post-1935","1":"product","2":"type-product","3":"status-publish","4":"has-post-thumbnail","6":"product_cat-contador-celular","7":"product_cat-punto-de-cuidado","9":"first","10":"instock","11":"shipping-taxable","12":"product-type-simple","13":"add-to-wishlist-before_image"},"group_of_quantity":0,"min_quantity":0,"max_quantity":"","exclude_order_quantity_value_rules":"no","exclude_category_quantity_rules":"no","combine_variations":"no","acf":[],"yoast_head":"<!-- This site is optimized with the Yoast SEO plugin v27.4 - https:\/\/yoast.com\/product\/yoast-seo-wordpress\/ -->\n<title>Contador celular automatizado - Cellgenic<\/title>\n<meta name=\"robots\" content=\"index, follow, max-snippet:-1, max-image-preview:large, max-video-preview:-1\" \/>\n<link rel=\"canonical\" href=\"https:\/\/cellgenic.com\/product\/automated-cell-counter\/\" \/>\n<meta property=\"og:locale\" content=\"es_ES\" \/>\n<meta property=\"og:type\" content=\"article\" \/>\n<meta property=\"og:title\" content=\"Contador celular automatizado - Cellgenic\" \/>\n<meta property=\"og:description\" content=\"El Contador Celular Automatizado es un sistema de recuento celular de sobremesa equipado con un algoritmo avanzado de aprendizaje autom\u00e1tico, \u00f3ptica reforzada, enfoque e iluminaci\u00f3n totalmente automatizados y software de an\u00e1lisis de im\u00e1genes para la evaluaci\u00f3n r\u00e1pida de muestras de c\u00e9lulas primarias e inmortalizadas&#8211; Precisi\u00f3n: eliminala subjetividad del recuento celular manual y la variabilidad entre...\" \/>\n<meta property=\"og:url\" content=\"https:\/\/cellgenic.com\/product\/automated-cell-counter\/\" \/>\n<meta property=\"og:site_name\" content=\"Cellgenic\" \/>\n<meta property=\"article:modified_time\" content=\"2025-01-08T02:42:02+00:00\" \/>\n<meta property=\"og:image\" content=\"https:\/\/cellgenic.com\/wp-content\/uploads\/2024\/05\/Countess\u2122-3-Automated-Cell-Counter.jpg\" \/>\n\t<meta property=\"og:image:width\" content=\"1736\" \/>\n\t<meta property=\"og:image:height\" content=\"2278\" \/>\n\t<meta property=\"og:image:type\" content=\"image\/jpeg\" \/>\n<meta name=\"twitter:card\" content=\"summary_large_image\" \/>\n<meta name=\"twitter:label1\" content=\"Tiempo de lectura\" \/>\n\t<meta name=\"twitter:data1\" content=\"2 minutos\" \/>\n<script type=\"application\/ld+json\" class=\"yoast-schema-graph\">{\"@context\":\"https:\\\/\\\/schema.org\",\"@graph\":[{\"@type\":\"WebPage\",\"@id\":\"https:\\\/\\\/cellgenic.com\\\/product\\\/automated-cell-counter\\\/\",\"url\":\"https:\\\/\\\/cellgenic.com\\\/product\\\/automated-cell-counter\\\/\",\"name\":\"Contador celular automatizado - Cellgenic\",\"isPartOf\":{\"@id\":\"https:\\\/\\\/cellgenic.com\\\/#website\"},\"primaryImageOfPage\":{\"@id\":\"https:\\\/\\\/cellgenic.com\\\/product\\\/automated-cell-counter\\\/#primaryimage\"},\"image\":{\"@id\":\"https:\\\/\\\/cellgenic.com\\\/product\\\/automated-cell-counter\\\/#primaryimage\"},\"thumbnailUrl\":\"https:\\\/\\\/cellgenic.com\\\/wp-content\\\/uploads\\\/2024\\\/05\\\/Countess\u2122-3-Automated-Cell-Counter.jpg\",\"datePublished\":\"2024-05-29T17:20:38+00:00\",\"dateModified\":\"2025-01-08T02:42:02+00:00\",\"breadcrumb\":{\"@id\":\"https:\\\/\\\/cellgenic.com\\\/product\\\/automated-cell-counter\\\/#breadcrumb\"},\"inLanguage\":\"es\",\"potentialAction\":[{\"@type\":\"ReadAction\",\"target\":[\"https:\\\/\\\/cellgenic.com\\\/product\\\/automated-cell-counter\\\/\"]}]},{\"@type\":\"ImageObject\",\"inLanguage\":\"es\",\"@id\":\"https:\\\/\\\/cellgenic.com\\\/product\\\/automated-cell-counter\\\/#primaryimage\",\"url\":\"https:\\\/\\\/cellgenic.com\\\/wp-content\\\/uploads\\\/2024\\\/05\\\/Countess\u2122-3-Automated-Cell-Counter.jpg\",\"contentUrl\":\"https:\\\/\\\/cellgenic.com\\\/wp-content\\\/uploads\\\/2024\\\/05\\\/Countess\u2122-3-Automated-Cell-Counter.jpg\",\"width\":1736,\"height\":2278},{\"@type\":\"BreadcrumbList\",\"@id\":\"https:\\\/\\\/cellgenic.com\\\/product\\\/automated-cell-counter\\\/#breadcrumb\",\"itemListElement\":[{\"@type\":\"ListItem\",\"position\":1,\"name\":\"Home\",\"item\":\"https:\\\/\\\/cellgenic.com\\\/inicio\\\/\"},{\"@type\":\"ListItem\",\"position\":2,\"name\":\"Tienda\",\"item\":\"https:\\\/\\\/cellgenic.com\\\/tienda\\\/\"},{\"@type\":\"ListItem\",\"position\":3,\"name\":\"Contador celular automatizado\"}]},{\"@type\":\"WebSite\",\"@id\":\"https:\\\/\\\/cellgenic.com\\\/#website\",\"url\":\"https:\\\/\\\/cellgenic.com\\\/\",\"name\":\"Cellgenic\",\"description\":\"Explore Cellgenic&#039;s advanced regenerative medicine products, specializing in high-quality exosomes for therapeutic applications. Purchase exosomes online to enhance your practice with cutting-edge solutions.\",\"publisher\":{\"@id\":\"https:\\\/\\\/cellgenic.com\\\/#organization\"},\"potentialAction\":[{\"@type\":\"SearchAction\",\"target\":{\"@type\":\"EntryPoint\",\"urlTemplate\":\"https:\\\/\\\/cellgenic.com\\\/?s={search_term_string}\"},\"query-input\":{\"@type\":\"PropertyValueSpecification\",\"valueRequired\":true,\"valueName\":\"search_term_string\"}}],\"inLanguage\":\"es\"},{\"@type\":\"Organization\",\"@id\":\"https:\\\/\\\/cellgenic.com\\\/#organization\",\"name\":\"Cellgenic\",\"url\":\"https:\\\/\\\/cellgenic.com\\\/\",\"logo\":{\"@type\":\"ImageObject\",\"inLanguage\":\"es\",\"@id\":\"https:\\\/\\\/cellgenic.com\\\/#\\\/schema\\\/logo\\\/image\\\/\",\"url\":\"https:\\\/\\\/cellgenic.com\\\/wp-content\\\/uploads\\\/2022\\\/05\\\/Cellgenic_principal_Background-Contactform3-1024x655.png\",\"contentUrl\":\"https:\\\/\\\/cellgenic.com\\\/wp-content\\\/uploads\\\/2022\\\/05\\\/Cellgenic_principal_Background-Contactform3-1024x655.png\",\"width\":1024,\"height\":655,\"caption\":\"Cellgenic\"},\"image\":{\"@id\":\"https:\\\/\\\/cellgenic.com\\\/#\\\/schema\\\/logo\\\/image\\\/\"}}]}<\/script>\n<!-- \/ Yoast SEO plugin. -->","yoast_head_json":{"title":"Contador celular automatizado - Cellgenic","robots":{"index":"index","follow":"follow","max-snippet":"max-snippet:-1","max-image-preview":"max-image-preview:large","max-video-preview":"max-video-preview:-1"},"canonical":"https:\/\/cellgenic.com\/product\/automated-cell-counter\/","og_locale":"es_ES","og_type":"article","og_title":"Contador celular automatizado - Cellgenic","og_description":"El Contador Celular Automatizado es un sistema de recuento celular de sobremesa equipado con un algoritmo avanzado de aprendizaje autom\u00e1tico, \u00f3ptica reforzada, enfoque e iluminaci\u00f3n totalmente automatizados y software de an\u00e1lisis de im\u00e1genes para la evaluaci\u00f3n r\u00e1pida de muestras de c\u00e9lulas primarias e inmortalizadas&#8211; Precisi\u00f3n: eliminala subjetividad del recuento celular manual y la variabilidad entre...","og_url":"https:\/\/cellgenic.com\/product\/automated-cell-counter\/","og_site_name":"Cellgenic","article_modified_time":"2025-01-08T02:42:02+00:00","og_image":[{"width":1736,"height":2278,"url":"https:\/\/cellgenic.com\/wp-content\/uploads\/2024\/05\/Countess\u2122-3-Automated-Cell-Counter.jpg","type":"image\/jpeg"}],"twitter_card":"summary_large_image","twitter_misc":{"Tiempo de lectura":"2 minutos"},"schema":{"@context":"https:\/\/schema.org","@graph":[{"@type":"WebPage","@id":"https:\/\/cellgenic.com\/product\/automated-cell-counter\/","url":"https:\/\/cellgenic.com\/product\/automated-cell-counter\/","name":"Contador celular automatizado - Cellgenic","isPartOf":{"@id":"https:\/\/cellgenic.com\/#website"},"primaryImageOfPage":{"@id":"https:\/\/cellgenic.com\/product\/automated-cell-counter\/#primaryimage"},"image":{"@id":"https:\/\/cellgenic.com\/product\/automated-cell-counter\/#primaryimage"},"thumbnailUrl":"https:\/\/cellgenic.com\/wp-content\/uploads\/2024\/05\/Countess\u2122-3-Automated-Cell-Counter.jpg","datePublished":"2024-05-29T17:20:38+00:00","dateModified":"2025-01-08T02:42:02+00:00","breadcrumb":{"@id":"https:\/\/cellgenic.com\/product\/automated-cell-counter\/#breadcrumb"},"inLanguage":"es","potentialAction":[{"@type":"ReadAction","target":["https:\/\/cellgenic.com\/product\/automated-cell-counter\/"]}]},{"@type":"ImageObject","inLanguage":"es","@id":"https:\/\/cellgenic.com\/product\/automated-cell-counter\/#primaryimage","url":"https:\/\/cellgenic.com\/wp-content\/uploads\/2024\/05\/Countess\u2122-3-Automated-Cell-Counter.jpg","contentUrl":"https:\/\/cellgenic.com\/wp-content\/uploads\/2024\/05\/Countess\u2122-3-Automated-Cell-Counter.jpg","width":1736,"height":2278},{"@type":"BreadcrumbList","@id":"https:\/\/cellgenic.com\/product\/automated-cell-counter\/#breadcrumb","itemListElement":[{"@type":"ListItem","position":1,"name":"Home","item":"https:\/\/cellgenic.com\/inicio\/"},{"@type":"ListItem","position":2,"name":"Tienda","item":"https:\/\/cellgenic.com\/tienda\/"},{"@type":"ListItem","position":3,"name":"Contador celular automatizado"}]},{"@type":"WebSite","@id":"https:\/\/cellgenic.com\/#website","url":"https:\/\/cellgenic.com\/","name":"Cellgenic","description":"Explore Cellgenic&#039;s advanced regenerative medicine products, specializing in high-quality exosomes for therapeutic applications. Purchase exosomes online to enhance your practice with cutting-edge solutions.","publisher":{"@id":"https:\/\/cellgenic.com\/#organization"},"potentialAction":[{"@type":"SearchAction","target":{"@type":"EntryPoint","urlTemplate":"https:\/\/cellgenic.com\/?s={search_term_string}"},"query-input":{"@type":"PropertyValueSpecification","valueRequired":true,"valueName":"search_term_string"}}],"inLanguage":"es"},{"@type":"Organization","@id":"https:\/\/cellgenic.com\/#organization","name":"Cellgenic","url":"https:\/\/cellgenic.com\/","logo":{"@type":"ImageObject","inLanguage":"es","@id":"https:\/\/cellgenic.com\/#\/schema\/logo\/image\/","url":"https:\/\/cellgenic.com\/wp-content\/uploads\/2022\/05\/Cellgenic_principal_Background-Contactform3-1024x655.png","contentUrl":"https:\/\/cellgenic.com\/wp-content\/uploads\/2022\/05\/Cellgenic_principal_Background-Contactform3-1024x655.png","width":1024,"height":655,"caption":"Cellgenic"},"image":{"@id":"https:\/\/cellgenic.com\/#\/schema\/logo\/image\/"}}]}},"_links":{"self":[{"href":"https:\/\/cellgenic.com\/es\/wp-json\/wp\/v2\/product\/1935","targetHints":{"allow":["GET"]}}],"collection":[{"href":"https:\/\/cellgenic.com\/es\/wp-json\/wp\/v2\/product"}],"about":[{"href":"https:\/\/cellgenic.com\/es\/wp-json\/wp\/v2\/types\/product"}],"replies":[{"embeddable":true,"href":"https:\/\/cellgenic.com\/es\/wp-json\/wp\/v2\/comments?post=1935"}],"wp:featuredmedia":[{"embeddable":true,"href":"https:\/\/cellgenic.com\/es\/wp-json\/wp\/v2\/media\/1890"}],"wp:attachment":[{"href":"https:\/\/cellgenic.com\/es\/wp-json\/wp\/v2\/media?parent=1935"}],"wp:term":[{"taxonomy":"product_brand","embeddable":true,"href":"https:\/\/cellgenic.com\/es\/wp-json\/wp\/v2\/product_brand?post=1935"},{"taxonomy":"product_cat","embeddable":true,"href":"https:\/\/cellgenic.com\/es\/wp-json\/wp\/v2\/product_cat?post=1935"},{"taxonomy":"product_tag","embeddable":true,"href":"https:\/\/cellgenic.com\/es\/wp-json\/wp\/v2\/product_tag?post=1935"}],"curies":[{"name":"wp","href":"https:\/\/api.w.org\/{rel}","templated":true}]}}