{"id":1943,"date":"2024-05-07T23:28:13","date_gmt":"2024-05-07T23:28:13","guid":{"rendered":"https:\/\/cellgenic.com\/product\/incubadora-de-bano-seco\/"},"modified":"2025-01-08T02:42:07","modified_gmt":"2025-01-08T02:42:07","slug":"incubadora-de-bano-seco","status":"publish","type":"product","link":"https:\/\/cellgenic.com\/es\/product\/incubadora-de-bano-seco\/","title":{"rendered":"Incubadora de ba\u00f1o seco"},"content":{"rendered":"<ul class=\"a-unordered-list a-vertical a-spacing-mini\">\n<li class=\"a-spacing-mini\"><span class=\"a-list-item\">Una amplia gama de control de temperatura de hasta 120\u00b0C y la precisi\u00f3n del control de temperatura es de \u00b10,5\u00b0C, tapa para protecci\u00f3n y conservaci\u00f3n del calor<\/span><\/li>\n<li class=\"a-spacing-mini\"><span class=\"a-list-item\">Protecci\u00f3n contra el sobrecalentamiento para garantizar la seguridad, cumple las normas y reglamentos internacionales de seguridad marcados con CE, cTUVus y FCC<\/span><\/li>\n<li class=\"a-spacing-mini\"><span class=\"a-list-item\">El LED muestra la temperatura y el temporizador, el intervalo de tiempo es de 0-99h59min, se incluye un bloque calefactor de 40&#215;1,5mL. Es para tubos c\u00f3nicos. El di\u00e1metro del orificio es de \u03a611mm y la profundidad del orificio es de 34,7mm, Hay disponibles varias aplicaciones con diferentes bloques.<\/span><\/li>\n<li class=\"a-spacing-mini\"><span class=\"a-list-item\">El calentador incubador se utiliza ampliamente en la preparaci\u00f3n de muestras, la conservaci\u00f3n de enzimas, las reacciones enzima-sustrato, la amplificaci\u00f3n del ADN, la degeneraci\u00f3n de geles de electroforesis y la coagulaci\u00f3n del suero. Tambi\u00e9n puede utilizarse para fabricar Biogeles de Plasma.<\/span><\/li>\n<\/ul>\n<p><strong>Especificaciones:<\/strong><\/p>\n<p>Rango de ajuste de la temperatura: 15\u00b0C-120\u00b0C .<\/p>\n<p>Rango de temperatura: Temperatura ambiente+5\u00b0C~120\u00b0C .<\/p>\n<p>Precisi\u00f3n del control de temperatura\uff08a 37\u00b0C\uff09: \u00b10,5\u00b0C .<\/p>\n<p>Uniformidad de la temperatura: \u00b10,5\u00b0C .<\/p>\n<p>Protecci\u00f3n contra sobrecalentamiento: 140\u00b0C .<\/p>\n<p>M\u00e1x. Velocidad de calentamiento: 5,5\u00b0C \/min .<\/p>\n<p>Rango de ajuste del tiempo: 0min-99h59min .<\/p>\n<p>Pantalla: LED .<\/p>\n<p>Material del bloque calefactor: Aluminio .<\/p>\n<p>Voltaje, Frecuencia: DC 12V,100-120V, 50\/60Hz .<\/p>\n<p>Potencia[w]: 160 .<\/p>\n<p>Tama\u00f1o de la m\u00e1quina (largo*ancho*alto): 290x175x85 mm\/11,41 &#8220;x6,88 &#8220;x3,34&#8221; .<\/p>\n<p>Peso de la m\u00e1quina: 1,95 kg\/4,29 lb .<\/p>\n<p>Temperatura de funcionamiento: +10\u00b0C-40\u00b0C<\/p>\n<p><strong>Lista de embalaje:<\/strong><\/p>\n<p>1 x Mini incubadora de ba\u00f1o seco con tapa calefactora .<\/p>\n<p>1 x Bloque calentador (40 x 1,5 ml) .<\/p>\n<p>1 x Herramienta para calentar el bloque .<\/p>\n<p>1 x Adaptador de corriente .<\/p>\n<p>1 x Manual de instrucciones<\/p>\n","protected":false},"excerpt":{"rendered":"<p>Una amplia gama de control de temperatura de hasta 120\u00b0C y la precisi\u00f3n del control de temperatura es de \u00b10,5\u00b0C, tapa para protecci\u00f3n y conservaci\u00f3n del calor Protecci\u00f3n contra el sobrecalentamiento para garantizar la seguridad, cumple las normas y reglamentos internacionales de seguridad marcados con CE, cTUVus y FCC El LED muestra la temperatura y&#8230;<\/p>\n","protected":false},"featured_media":1659,"comment_status":"open","ping_status":"closed","template":"","meta":{"_acf_changed":false,"_joinchat":[]},"product_brand":[],"product_cat":[167],"product_tag":[],"class_list":{"0":"post-1943","1":"product","2":"type-product","3":"status-publish","4":"has-post-thumbnail","6":"product_cat-equipo-de-laboratorio","8":"first","9":"instock","10":"shipping-taxable","11":"product-type-simple","12":"add-to-wishlist-before_image"},"group_of_quantity":0,"min_quantity":0,"max_quantity":"","exclude_order_quantity_value_rules":"no","exclude_category_quantity_rules":"no","combine_variations":"no","acf":[],"yoast_head":"<!-- This site is optimized with the Yoast SEO plugin v27.3 - https:\/\/yoast.com\/product\/yoast-seo-wordpress\/ -->\n<title>Incubadora de ba\u00f1o seco - Cellgenic<\/title>\n<meta name=\"robots\" content=\"index, follow, max-snippet:-1, max-image-preview:large, max-video-preview:-1\" \/>\n<link rel=\"canonical\" href=\"https:\/\/cellgenic.com\/?post_type=product&p=735\" \/>\n<meta property=\"og:locale\" content=\"es_ES\" \/>\n<meta property=\"og:type\" content=\"article\" \/>\n<meta property=\"og:title\" content=\"Incubadora de ba\u00f1o seco - Cellgenic\" \/>\n<meta property=\"og:description\" content=\"Una amplia gama de control de temperatura de hasta 120\u00b0C y la precisi\u00f3n del control de temperatura es de \u00b10,5\u00b0C, tapa para protecci\u00f3n y conservaci\u00f3n del calor Protecci\u00f3n contra el sobrecalentamiento para garantizar la seguridad, cumple las normas y reglamentos internacionales de seguridad marcados con CE, cTUVus y FCC El LED muestra la temperatura y...\" \/>\n<meta property=\"og:url\" content=\"https:\/\/cellgenic.com\/?post_type=product&amp;p=735\" \/>\n<meta property=\"og:site_name\" content=\"Cellgenic\" \/>\n<meta property=\"article:modified_time\" content=\"2025-01-08T02:42:07+00:00\" \/>\n<meta property=\"og:image\" content=\"https:\/\/cellgenic.com\/wp-content\/uploads\/2024\/05\/Dry-bath-1.png\" \/>\n\t<meta property=\"og:image:width\" content=\"1200\" \/>\n\t<meta property=\"og:image:height\" content=\"1200\" \/>\n\t<meta property=\"og:image:type\" content=\"image\/png\" \/>\n<meta name=\"twitter:card\" content=\"summary_large_image\" \/>\n<meta name=\"twitter:label1\" content=\"Tiempo de lectura\" \/>\n\t<meta name=\"twitter:data1\" content=\"1 minuto\" \/>\n<script type=\"application\/ld+json\" class=\"yoast-schema-graph\">{\"@context\":\"https:\\\/\\\/schema.org\",\"@graph\":[{\"@type\":\"WebPage\",\"@id\":\"https:\\\/\\\/cellgenic.com\\\/?post_type=product&p=735\",\"url\":\"https:\\\/\\\/cellgenic.com\\\/?post_type=product&p=735\",\"name\":\"Incubadora de ba\u00f1o seco - Cellgenic\",\"isPartOf\":{\"@id\":\"https:\\\/\\\/cellgenic.com\\\/#website\"},\"primaryImageOfPage\":{\"@id\":\"https:\\\/\\\/cellgenic.com\\\/?post_type=product&p=735#primaryimage\"},\"image\":{\"@id\":\"https:\\\/\\\/cellgenic.com\\\/?post_type=product&p=735#primaryimage\"},\"thumbnailUrl\":\"https:\\\/\\\/cellgenic.com\\\/wp-content\\\/uploads\\\/2024\\\/05\\\/Dry-bath-1.png\",\"datePublished\":\"2024-05-07T23:28:13+00:00\",\"dateModified\":\"2025-01-08T02:42:07+00:00\",\"breadcrumb\":{\"@id\":\"https:\\\/\\\/cellgenic.com\\\/?post_type=product&p=735#breadcrumb\"},\"inLanguage\":\"es\",\"potentialAction\":[{\"@type\":\"ReadAction\",\"target\":[\"https:\\\/\\\/cellgenic.com\\\/?post_type=product&p=735\"]}]},{\"@type\":\"ImageObject\",\"inLanguage\":\"es\",\"@id\":\"https:\\\/\\\/cellgenic.com\\\/?post_type=product&p=735#primaryimage\",\"url\":\"https:\\\/\\\/cellgenic.com\\\/wp-content\\\/uploads\\\/2024\\\/05\\\/Dry-bath-1.png\",\"contentUrl\":\"https:\\\/\\\/cellgenic.com\\\/wp-content\\\/uploads\\\/2024\\\/05\\\/Dry-bath-1.png\",\"width\":1200,\"height\":1200},{\"@type\":\"BreadcrumbList\",\"@id\":\"https:\\\/\\\/cellgenic.com\\\/?post_type=product&p=735#breadcrumb\",\"itemListElement\":[{\"@type\":\"ListItem\",\"position\":1,\"name\":\"Home\",\"item\":\"https:\\\/\\\/cellgenic.com\\\/inicio\\\/\"},{\"@type\":\"ListItem\",\"position\":2,\"name\":\"Tienda\",\"item\":\"https:\\\/\\\/cellgenic.com\\\/tienda\\\/\"},{\"@type\":\"ListItem\",\"position\":3,\"name\":\"Incubadora de ba\u00f1o seco\"}]},{\"@type\":\"WebSite\",\"@id\":\"https:\\\/\\\/cellgenic.com\\\/#website\",\"url\":\"https:\\\/\\\/cellgenic.com\\\/\",\"name\":\"Cellgenic\",\"description\":\"Explore Cellgenic&#039;s advanced regenerative medicine products, specializing in high-quality exosomes for therapeutic applications. Purchase exosomes online to enhance your practice with cutting-edge solutions.\",\"publisher\":{\"@id\":\"https:\\\/\\\/cellgenic.com\\\/#organization\"},\"potentialAction\":[{\"@type\":\"SearchAction\",\"target\":{\"@type\":\"EntryPoint\",\"urlTemplate\":\"https:\\\/\\\/cellgenic.com\\\/?s={search_term_string}\"},\"query-input\":{\"@type\":\"PropertyValueSpecification\",\"valueRequired\":true,\"valueName\":\"search_term_string\"}}],\"inLanguage\":\"es\"},{\"@type\":\"Organization\",\"@id\":\"https:\\\/\\\/cellgenic.com\\\/#organization\",\"name\":\"Cellgenic\",\"url\":\"https:\\\/\\\/cellgenic.com\\\/\",\"logo\":{\"@type\":\"ImageObject\",\"inLanguage\":\"es\",\"@id\":\"https:\\\/\\\/cellgenic.com\\\/#\\\/schema\\\/logo\\\/image\\\/\",\"url\":\"https:\\\/\\\/cellgenic.com\\\/wp-content\\\/uploads\\\/2022\\\/05\\\/Cellgenic_principal_Background-Contactform3-1024x655.png\",\"contentUrl\":\"https:\\\/\\\/cellgenic.com\\\/wp-content\\\/uploads\\\/2022\\\/05\\\/Cellgenic_principal_Background-Contactform3-1024x655.png\",\"width\":1024,\"height\":655,\"caption\":\"Cellgenic\"},\"image\":{\"@id\":\"https:\\\/\\\/cellgenic.com\\\/#\\\/schema\\\/logo\\\/image\\\/\"}}]}<\/script>\n<!-- \/ Yoast SEO plugin. -->","yoast_head_json":{"title":"Incubadora de ba\u00f1o seco - Cellgenic","robots":{"index":"index","follow":"follow","max-snippet":"max-snippet:-1","max-image-preview":"max-image-preview:large","max-video-preview":"max-video-preview:-1"},"canonical":"https:\/\/cellgenic.com\/?post_type=product&p=735","og_locale":"es_ES","og_type":"article","og_title":"Incubadora de ba\u00f1o seco - Cellgenic","og_description":"Una amplia gama de control de temperatura de hasta 120\u00b0C y la precisi\u00f3n del control de temperatura es de \u00b10,5\u00b0C, tapa para protecci\u00f3n y conservaci\u00f3n del calor Protecci\u00f3n contra el sobrecalentamiento para garantizar la seguridad, cumple las normas y reglamentos internacionales de seguridad marcados con CE, cTUVus y FCC El LED muestra la temperatura y...","og_url":"https:\/\/cellgenic.com\/?post_type=product&p=735","og_site_name":"Cellgenic","article_modified_time":"2025-01-08T02:42:07+00:00","og_image":[{"width":1200,"height":1200,"url":"https:\/\/cellgenic.com\/wp-content\/uploads\/2024\/05\/Dry-bath-1.png","type":"image\/png"}],"twitter_card":"summary_large_image","twitter_misc":{"Tiempo de lectura":"1 minuto"},"schema":{"@context":"https:\/\/schema.org","@graph":[{"@type":"WebPage","@id":"https:\/\/cellgenic.com\/?post_type=product&p=735","url":"https:\/\/cellgenic.com\/?post_type=product&p=735","name":"Incubadora de ba\u00f1o seco - Cellgenic","isPartOf":{"@id":"https:\/\/cellgenic.com\/#website"},"primaryImageOfPage":{"@id":"https:\/\/cellgenic.com\/?post_type=product&p=735#primaryimage"},"image":{"@id":"https:\/\/cellgenic.com\/?post_type=product&p=735#primaryimage"},"thumbnailUrl":"https:\/\/cellgenic.com\/wp-content\/uploads\/2024\/05\/Dry-bath-1.png","datePublished":"2024-05-07T23:28:13+00:00","dateModified":"2025-01-08T02:42:07+00:00","breadcrumb":{"@id":"https:\/\/cellgenic.com\/?post_type=product&p=735#breadcrumb"},"inLanguage":"es","potentialAction":[{"@type":"ReadAction","target":["https:\/\/cellgenic.com\/?post_type=product&p=735"]}]},{"@type":"ImageObject","inLanguage":"es","@id":"https:\/\/cellgenic.com\/?post_type=product&p=735#primaryimage","url":"https:\/\/cellgenic.com\/wp-content\/uploads\/2024\/05\/Dry-bath-1.png","contentUrl":"https:\/\/cellgenic.com\/wp-content\/uploads\/2024\/05\/Dry-bath-1.png","width":1200,"height":1200},{"@type":"BreadcrumbList","@id":"https:\/\/cellgenic.com\/?post_type=product&p=735#breadcrumb","itemListElement":[{"@type":"ListItem","position":1,"name":"Home","item":"https:\/\/cellgenic.com\/inicio\/"},{"@type":"ListItem","position":2,"name":"Tienda","item":"https:\/\/cellgenic.com\/tienda\/"},{"@type":"ListItem","position":3,"name":"Incubadora de ba\u00f1o seco"}]},{"@type":"WebSite","@id":"https:\/\/cellgenic.com\/#website","url":"https:\/\/cellgenic.com\/","name":"Cellgenic","description":"Explore Cellgenic&#039;s advanced regenerative medicine products, specializing in high-quality exosomes for therapeutic applications. Purchase exosomes online to enhance your practice with cutting-edge solutions.","publisher":{"@id":"https:\/\/cellgenic.com\/#organization"},"potentialAction":[{"@type":"SearchAction","target":{"@type":"EntryPoint","urlTemplate":"https:\/\/cellgenic.com\/?s={search_term_string}"},"query-input":{"@type":"PropertyValueSpecification","valueRequired":true,"valueName":"search_term_string"}}],"inLanguage":"es"},{"@type":"Organization","@id":"https:\/\/cellgenic.com\/#organization","name":"Cellgenic","url":"https:\/\/cellgenic.com\/","logo":{"@type":"ImageObject","inLanguage":"es","@id":"https:\/\/cellgenic.com\/#\/schema\/logo\/image\/","url":"https:\/\/cellgenic.com\/wp-content\/uploads\/2022\/05\/Cellgenic_principal_Background-Contactform3-1024x655.png","contentUrl":"https:\/\/cellgenic.com\/wp-content\/uploads\/2022\/05\/Cellgenic_principal_Background-Contactform3-1024x655.png","width":1024,"height":655,"caption":"Cellgenic"},"image":{"@id":"https:\/\/cellgenic.com\/#\/schema\/logo\/image\/"}}]}},"_links":{"self":[{"href":"https:\/\/cellgenic.com\/es\/wp-json\/wp\/v2\/product\/1943","targetHints":{"allow":["GET"]}}],"collection":[{"href":"https:\/\/cellgenic.com\/es\/wp-json\/wp\/v2\/product"}],"about":[{"href":"https:\/\/cellgenic.com\/es\/wp-json\/wp\/v2\/types\/product"}],"replies":[{"embeddable":true,"href":"https:\/\/cellgenic.com\/es\/wp-json\/wp\/v2\/comments?post=1943"}],"wp:featuredmedia":[{"embeddable":true,"href":"https:\/\/cellgenic.com\/es\/wp-json\/wp\/v2\/media\/1659"}],"wp:attachment":[{"href":"https:\/\/cellgenic.com\/es\/wp-json\/wp\/v2\/media?parent=1943"}],"wp:term":[{"taxonomy":"product_brand","embeddable":true,"href":"https:\/\/cellgenic.com\/es\/wp-json\/wp\/v2\/product_brand?post=1943"},{"taxonomy":"product_cat","embeddable":true,"href":"https:\/\/cellgenic.com\/es\/wp-json\/wp\/v2\/product_cat?post=1943"},{"taxonomy":"product_tag","embeddable":true,"href":"https:\/\/cellgenic.com\/es\/wp-json\/wp\/v2\/product_tag?post=1943"}],"curies":[{"name":"wp","href":"https:\/\/api.w.org\/{rel}","templated":true}]}}