{"id":1947,"date":"2024-05-07T23:28:13","date_gmt":"2024-05-07T23:28:13","guid":{"rendered":"https:\/\/cellgenic.com\/product\/microscopio-para-celulas-madre-con-iluminacion-led\/"},"modified":"2025-01-08T02:42:06","modified_gmt":"2025-01-08T02:42:06","slug":"microscopio-para-celulas-madre-con-iluminacion-led","status":"publish","type":"product","link":"https:\/\/cellgenic.com\/es\/product\/microscopio-para-celulas-madre-con-iluminacion-led\/","title":{"rendered":"Microscopio para c\u00e9lulas madre con iluminaci\u00f3n LED"},"content":{"rendered":"<p class=\"product-bulletpoints__title\">Caracter\u00edsticas principales<\/p>\n<ul class=\"product-bulletpoints__text active\">\n<li>Este microscopio binocular para estudiantes, f\u00e1cil de usar y con c\u00e1mara incorporada, es perfecto para las aulas.<\/li>\n<li>Transmite y captura im\u00e1genes en directo a tu ordenador con este microscopio binocular compuesto con c\u00e1mara integrada de 1,3 MP.<\/li>\n<li>Aumentos de 40X a 2500X con cuatro lentes objetivas y dos juegos de oculares.<\/li>\n<li>La fuente de luz LED, equilibrada con la luz diurna y de bajo calor, proporciona una iluminaci\u00f3n transmitida brillante para visualizar y obtener im\u00e1genes de las muestras.<\/li>\n<li>Platina mec\u00e1nica de doble capa y enfoque coaxial grueso y fino para ajustes f\u00e1ciles y precisos.<\/li>\n<\/ul>\n<div>\n<h3>Especificaciones<\/h3>\n<table>\n<tbody>\n<tr>\n<td>Sistema \u00f3ptico<\/td>\n<td>Conjugado finito<\/td>\n<\/tr>\n<tr>\n<td colspan=\"2\"><\/td>\n<\/tr>\n<tr>\n<td>Longitud del tubo<\/td>\n<td>160 mm<\/td>\n<\/tr>\n<tr>\n<td colspan=\"2\"><\/td>\n<\/tr>\n<tr>\n<td>Cabeza<\/td>\n<td>Binocular digital integrado, inclinaci\u00f3n de 45\u00b0, giratorio 360<\/td>\n<\/tr>\n<tr>\n<td colspan=\"2\"><\/td>\n<\/tr>\n<tr>\n<td>Ajuste interpupilar<\/td>\n<td>Deslizante, 55-75 mm<\/td>\n<\/tr>\n<tr>\n<td colspan=\"2\"><\/td>\n<\/tr>\n<tr>\n<td>Di\u00e1metro ocular<\/td>\n<td>23 mm<\/td>\n<\/tr>\n<tr>\n<td colspan=\"2\"><\/td>\n<\/tr>\n<tr>\n<td>Oculares<\/td>\n<td>10X, 25X<\/td>\n<\/tr>\n<tr>\n<td colspan=\"2\"><\/td>\n<\/tr>\n<tr>\n<td>Objetivo Torreta<\/td>\n<td>cu\u00e1druple<\/td>\n<\/tr>\n<tr>\n<td colspan=\"2\"><\/td>\n<\/tr>\n<tr>\n<td>Sistema de enfoque<\/td>\n<td>enfoque coaxial grueso y fino<\/td>\n<\/tr>\n<tr>\n<td colspan=\"2\"><\/td>\n<\/tr>\n<tr>\n<td>Escenario<\/td>\n<td>Mec\u00e1nico de 2 capas<\/td>\n<\/tr>\n<tr>\n<td colspan=\"2\"><\/td>\n<\/tr>\n<tr>\n<td>Dimensiones del escenario<\/td>\n<td>125 mm x 115 mm<\/td>\n<\/tr>\n<tr>\n<td colspan=\"2\"><\/td>\n<\/tr>\n<tr>\n<td>Recorrido X-Y de la Etapa<\/td>\n<td>70 mm x 30 mm<\/td>\n<\/tr>\n<tr>\n<td colspan=\"2\"><\/td>\n<\/tr>\n<tr>\n<td>Portaesp\u00e9cimenes<\/td>\n<td>Calibre deslizante<\/td>\n<\/tr>\n<tr>\n<td colspan=\"2\"><\/td>\n<\/tr>\n<tr>\n<td>Iluminaci\u00f3n transmitida<\/td>\n<td>LED de 1W, intensidad variable<\/td>\n<\/tr>\n<tr>\n<td colspan=\"2\"><\/td>\n<\/tr>\n<tr>\n<td>Condensador<\/td>\n<td>Condensador Abbe con diafragma iris, NA1,25<\/td>\n<\/tr>\n<tr>\n<td colspan=\"2\"><\/td>\n<\/tr>\n<tr>\n<td>Subetapa Condensador-soporte<\/td>\n<td>Cremallera y pi\u00f1\u00f3n<\/td>\n<\/tr>\n<tr>\n<td colspan=\"2\"><\/td>\n<\/tr>\n<tr>\n<td>Potencia<\/td>\n<td>100-240VAC 50\/60Hz banda ancha<\/td>\n<\/tr>\n<tr>\n<td colspan=\"2\"><\/td>\n<\/tr>\n<tr>\n<td>Dimensiones<\/td>\n<td>23 cm x 18 cm x 33 cm (9-1\/16&#8243; x 7-1\/8&#8243; x 13&#8243;)<\/td>\n<\/tr>\n<tr>\n<td colspan=\"2\"><\/td>\n<\/tr>\n<\/tbody>\n<\/table>\n<h3>Lentes objetivas<\/h3>\n<table class=\"objectives\" cellspacing=\"0\" cellpadding=\"0\">\n<tbody>\n<tr>\n<th>Aumento<\/th>\n<th>Correcciones<\/th>\n<th>NA<\/th>\n<th>Medio de inmersi\u00f3n<\/th>\n<th>Espesor del vidrio de cobertura<\/th>\n<\/tr>\n<tr>\n<td>4X<\/td>\n<td>acrom\u00e1tico<\/td>\n<td>0.10<\/td>\n<td>ninguno<\/td>\n<td>0,17 mm<\/td>\n<\/tr>\n<tr>\n<td>10X<\/td>\n<td>acrom\u00e1tico<\/td>\n<td>0.25<\/td>\n<td>ninguno<\/td>\n<td>0,17 mm<\/td>\n<\/tr>\n<tr>\n<td>40X<\/td>\n<td>acrom\u00e1tico<\/td>\n<td>0.65<\/td>\n<td>ninguno<\/td>\n<td>0,17 mm<\/td>\n<\/tr>\n<tr>\n<td>100X<\/td>\n<td>acrom\u00e1tico<\/td>\n<td>1.25<\/td>\n<td>aceite<\/td>\n<td>0,17 mm<\/td>\n<\/tr>\n<\/tbody>\n<\/table>\n<table>\n<tbody>\n<tr>\n<td colspan=\"2\">Especificaciones de la c\u00e1mara<\/td>\n<\/tr>\n<tr>\n<td colspan=\"2\"><\/td>\n<\/tr>\n<tr>\n<td>Tipo de sensor<\/td>\n<td>CMOS<\/td>\n<\/tr>\n<tr>\n<td colspan=\"2\"><\/td>\n<\/tr>\n<tr>\n<td>Formato \u00f3ptico del sensor<\/td>\n<td>1\/2.5&#8243;<\/td>\n<\/tr>\n<tr>\n<td colspan=\"2\"><\/td>\n<\/tr>\n<tr>\n<td>P\u00edxeles activos<\/td>\n<td>1,3 M (1280 x 1024)<\/td>\n<\/tr>\n<tr>\n<td colspan=\"2\"><\/td>\n<\/tr>\n<tr>\n<td>Persiana<\/td>\n<td>persiana enrollable electr\u00f3nica<\/td>\n<\/tr>\n<tr>\n<td colspan=\"2\"><\/td>\n<\/tr>\n<tr>\n<td>Resoluci\u00f3n de captura y velocidad m\u00e1xima de fotogramas<\/td>\n<td>6fps @ 1280&#215;1024<\/p>\n<p>10fps @ 1024&#215;768<\/td>\n<\/tr>\n<tr>\n<td colspan=\"2\"><\/td>\n<\/tr>\n<tr>\n<td>Conectividad<\/td>\n<td>USB 2.0<\/td>\n<\/tr>\n<tr>\n<td colspan=\"2\"><\/td>\n<\/tr>\n<tr>\n<td>Potencia<\/td>\n<td>5VDC por USB<\/td>\n<\/tr>\n<tr>\n<td colspan=\"2\"><\/td>\n<\/tr>\n<\/tbody>\n<\/table>\n<h3>Software<\/h3>\n<table class=\"camera\" cellspacing=\"0\" cellpadding=\"0\">\n<tbody>\n<tr>\n<th>Requisitos del SO<\/th>\n<td>Windows (32\/64 bits) XP\/Vista\/7\/8\/10<\/td>\n<\/tr>\n<tr>\n<th>Requisitos de hardware<\/th>\n<td>Intel Core2 a 2,8 GHz o procesador comparable, 2 GB de RAM, puerto USB 2.0<\/td>\n<\/tr>\n<tr>\n<th>Caracter\u00edsticas<\/th>\n<td>\n<table>\n<tbody>\n<tr>\n<td class=\"soft03\">Versi\u00f3n Windows<\/td>\n<\/tr>\n<tr>\n<td class=\"soft02\">Previsualizaci\u00f3n de v\u00eddeo en directo<\/td>\n<\/tr>\n<tr>\n<td class=\"soft02\">Captura im\u00e1genes fijas y v\u00eddeo<\/td>\n<\/tr>\n<tr>\n<td class=\"soft02\">Controles de exposici\u00f3n y balance de blancos<\/td>\n<\/tr>\n<tr>\n<td class=\"soft02\">Tratamiento de im\u00e1genes<\/td>\n<\/tr>\n<tr>\n<td class=\"soft02\">Herramientas de medici\u00f3n, incluyendo l\u00edneas, arcos, pol\u00edgonos<\/td>\n<\/tr>\n<\/tbody>\n<\/table>\n<\/td>\n<\/tr>\n<\/tbody>\n<\/table>\n<\/div>\n<p>&nbsp;<\/p>\n<h4>Lista de embalaje:<\/h4>\n<ul>\n<li>Microscopio binocular digital<\/li>\n<li>4 objetivos: 4X, 10X, 40X, 100X<\/li>\n<li>Un par de oculares WF10X<\/li>\n<li>Un par de oculares WF25X<\/li>\n<li>Una botella de aceite de inmersi\u00f3n<\/li>\n<li>Adaptador de CA (est\u00e1ndar para EE.UU. y Canad\u00e1)<\/li>\n<li>Funda guardapolvo<\/li>\n<li>Filtros de color<\/li>\n<li>CD (controlador y software de la c\u00e1mara)<\/li>\n<li>Cable USB 2.0<\/li>\n<\/ul>\n<p>Para mayores de 14 a\u00f1os<\/p>\n","protected":false},"excerpt":{"rendered":"<p>Caracter\u00edsticas principales Este microscopio binocular para estudiantes, f\u00e1cil de usar y con c\u00e1mara incorporada, es perfecto para las aulas. Transmite y captura im\u00e1genes en directo a tu ordenador con este microscopio binocular compuesto con c\u00e1mara integrada de 1,3 MP. Aumentos de 40X a 2500X con cuatro lentes objetivas y dos juegos de oculares. La fuente&#8230;<\/p>\n","protected":false},"featured_media":1654,"comment_status":"open","ping_status":"closed","template":"","meta":{"_acf_changed":false,"_joinchat":[]},"product_brand":[],"product_cat":[167],"product_tag":[],"class_list":{"0":"post-1947","1":"product","2":"type-product","3":"status-publish","4":"has-post-thumbnail","6":"product_cat-equipo-de-laboratorio","8":"first","9":"instock","10":"shipping-taxable","11":"product-type-simple","12":"add-to-wishlist-before_image"},"group_of_quantity":0,"min_quantity":0,"max_quantity":"","exclude_order_quantity_value_rules":"no","exclude_category_quantity_rules":"no","combine_variations":"no","acf":[],"yoast_head":"<!-- This site is optimized with the Yoast SEO plugin v27.5 - https:\/\/yoast.com\/product\/yoast-seo-wordpress\/ -->\n<title>Microscopio para c\u00e9lulas madre con iluminaci\u00f3n LED - Cellgenic<\/title>\n<meta name=\"robots\" content=\"index, follow, max-snippet:-1, max-image-preview:large, max-video-preview:-1\" \/>\n<link rel=\"canonical\" href=\"https:\/\/cellgenic.com\/product\/stem-cells-microscope-with-led-illumination\/\" \/>\n<meta property=\"og:locale\" content=\"es_ES\" \/>\n<meta property=\"og:type\" content=\"article\" \/>\n<meta property=\"og:title\" content=\"Microscopio para c\u00e9lulas madre con iluminaci\u00f3n LED - Cellgenic\" \/>\n<meta property=\"og:description\" content=\"Caracter\u00edsticas principales Este microscopio binocular para estudiantes, f\u00e1cil de usar y con c\u00e1mara incorporada, es perfecto para las aulas. Transmite y captura im\u00e1genes en directo a tu ordenador con este microscopio binocular compuesto con c\u00e1mara integrada de 1,3 MP. Aumentos de 40X a 2500X con cuatro lentes objetivas y dos juegos de oculares. La fuente...\" \/>\n<meta property=\"og:url\" content=\"https:\/\/cellgenic.com\/product\/stem-cells-microscope-with-led-illumination\/\" \/>\n<meta property=\"og:site_name\" content=\"Cellgenic\" \/>\n<meta property=\"article:modified_time\" content=\"2025-01-08T02:42:06+00:00\" \/>\n<meta property=\"og:image\" content=\"https:\/\/cellgenic.com\/wp-content\/uploads\/2024\/05\/Microscope1.jpg\" \/>\n\t<meta property=\"og:image:width\" content=\"934\" \/>\n\t<meta property=\"og:image:height\" content=\"936\" \/>\n\t<meta property=\"og:image:type\" content=\"image\/jpeg\" \/>\n<meta name=\"twitter:card\" content=\"summary_large_image\" \/>\n<meta name=\"twitter:label1\" content=\"Tiempo de lectura\" \/>\n\t<meta name=\"twitter:data1\" content=\"2 minutos\" \/>\n<script type=\"application\/ld+json\" class=\"yoast-schema-graph\">{\"@context\":\"https:\\\/\\\/schema.org\",\"@graph\":[{\"@type\":\"WebPage\",\"@id\":\"https:\\\/\\\/cellgenic.com\\\/product\\\/stem-cells-microscope-with-led-illumination\\\/\",\"url\":\"https:\\\/\\\/cellgenic.com\\\/product\\\/stem-cells-microscope-with-led-illumination\\\/\",\"name\":\"Microscopio para c\u00e9lulas madre con iluminaci\u00f3n LED - Cellgenic\",\"isPartOf\":{\"@id\":\"https:\\\/\\\/cellgenic.com\\\/#website\"},\"primaryImageOfPage\":{\"@id\":\"https:\\\/\\\/cellgenic.com\\\/product\\\/stem-cells-microscope-with-led-illumination\\\/#primaryimage\"},\"image\":{\"@id\":\"https:\\\/\\\/cellgenic.com\\\/product\\\/stem-cells-microscope-with-led-illumination\\\/#primaryimage\"},\"thumbnailUrl\":\"https:\\\/\\\/cellgenic.com\\\/wp-content\\\/uploads\\\/2024\\\/05\\\/Microscope1.jpg\",\"datePublished\":\"2024-05-07T23:28:13+00:00\",\"dateModified\":\"2025-01-08T02:42:06+00:00\",\"breadcrumb\":{\"@id\":\"https:\\\/\\\/cellgenic.com\\\/product\\\/stem-cells-microscope-with-led-illumination\\\/#breadcrumb\"},\"inLanguage\":\"es\",\"potentialAction\":[{\"@type\":\"ReadAction\",\"target\":[\"https:\\\/\\\/cellgenic.com\\\/product\\\/stem-cells-microscope-with-led-illumination\\\/\"]}]},{\"@type\":\"ImageObject\",\"inLanguage\":\"es\",\"@id\":\"https:\\\/\\\/cellgenic.com\\\/product\\\/stem-cells-microscope-with-led-illumination\\\/#primaryimage\",\"url\":\"https:\\\/\\\/cellgenic.com\\\/wp-content\\\/uploads\\\/2024\\\/05\\\/Microscope1.jpg\",\"contentUrl\":\"https:\\\/\\\/cellgenic.com\\\/wp-content\\\/uploads\\\/2024\\\/05\\\/Microscope1.jpg\",\"width\":934,\"height\":936},{\"@type\":\"BreadcrumbList\",\"@id\":\"https:\\\/\\\/cellgenic.com\\\/product\\\/stem-cells-microscope-with-led-illumination\\\/#breadcrumb\",\"itemListElement\":[{\"@type\":\"ListItem\",\"position\":1,\"name\":\"Home\",\"item\":\"https:\\\/\\\/cellgenic.com\\\/inicio\\\/\"},{\"@type\":\"ListItem\",\"position\":2,\"name\":\"Tienda\",\"item\":\"https:\\\/\\\/cellgenic.com\\\/tienda\\\/\"},{\"@type\":\"ListItem\",\"position\":3,\"name\":\"Microscopio para c\u00e9lulas madre con iluminaci\u00f3n LED\"}]},{\"@type\":\"WebSite\",\"@id\":\"https:\\\/\\\/cellgenic.com\\\/#website\",\"url\":\"https:\\\/\\\/cellgenic.com\\\/\",\"name\":\"Cellgenic\",\"description\":\"Explore Cellgenic&#039;s advanced regenerative medicine products, specializing in high-quality exosomes for therapeutic applications. Purchase exosomes online to enhance your practice with cutting-edge solutions.\",\"publisher\":{\"@id\":\"https:\\\/\\\/cellgenic.com\\\/#organization\"},\"potentialAction\":[{\"@type\":\"SearchAction\",\"target\":{\"@type\":\"EntryPoint\",\"urlTemplate\":\"https:\\\/\\\/cellgenic.com\\\/?s={search_term_string}\"},\"query-input\":{\"@type\":\"PropertyValueSpecification\",\"valueRequired\":true,\"valueName\":\"search_term_string\"}}],\"inLanguage\":\"es\"},{\"@type\":\"Organization\",\"@id\":\"https:\\\/\\\/cellgenic.com\\\/#organization\",\"name\":\"Cellgenic\",\"url\":\"https:\\\/\\\/cellgenic.com\\\/\",\"logo\":{\"@type\":\"ImageObject\",\"inLanguage\":\"es\",\"@id\":\"https:\\\/\\\/cellgenic.com\\\/#\\\/schema\\\/logo\\\/image\\\/\",\"url\":\"https:\\\/\\\/cellgenic.com\\\/wp-content\\\/uploads\\\/2022\\\/05\\\/Cellgenic_principal_Background-Contactform3-1024x655.png\",\"contentUrl\":\"https:\\\/\\\/cellgenic.com\\\/wp-content\\\/uploads\\\/2022\\\/05\\\/Cellgenic_principal_Background-Contactform3-1024x655.png\",\"width\":1024,\"height\":655,\"caption\":\"Cellgenic\"},\"image\":{\"@id\":\"https:\\\/\\\/cellgenic.com\\\/#\\\/schema\\\/logo\\\/image\\\/\"}}]}<\/script>\n<!-- \/ Yoast SEO plugin. -->","yoast_head_json":{"title":"Microscopio para c\u00e9lulas madre con iluminaci\u00f3n LED - Cellgenic","robots":{"index":"index","follow":"follow","max-snippet":"max-snippet:-1","max-image-preview":"max-image-preview:large","max-video-preview":"max-video-preview:-1"},"canonical":"https:\/\/cellgenic.com\/product\/stem-cells-microscope-with-led-illumination\/","og_locale":"es_ES","og_type":"article","og_title":"Microscopio para c\u00e9lulas madre con iluminaci\u00f3n LED - Cellgenic","og_description":"Caracter\u00edsticas principales Este microscopio binocular para estudiantes, f\u00e1cil de usar y con c\u00e1mara incorporada, es perfecto para las aulas. Transmite y captura im\u00e1genes en directo a tu ordenador con este microscopio binocular compuesto con c\u00e1mara integrada de 1,3 MP. Aumentos de 40X a 2500X con cuatro lentes objetivas y dos juegos de oculares. La fuente...","og_url":"https:\/\/cellgenic.com\/product\/stem-cells-microscope-with-led-illumination\/","og_site_name":"Cellgenic","article_modified_time":"2025-01-08T02:42:06+00:00","og_image":[{"width":934,"height":936,"url":"https:\/\/cellgenic.com\/wp-content\/uploads\/2024\/05\/Microscope1.jpg","type":"image\/jpeg"}],"twitter_card":"summary_large_image","twitter_misc":{"Tiempo de lectura":"2 minutos"},"schema":{"@context":"https:\/\/schema.org","@graph":[{"@type":"WebPage","@id":"https:\/\/cellgenic.com\/product\/stem-cells-microscope-with-led-illumination\/","url":"https:\/\/cellgenic.com\/product\/stem-cells-microscope-with-led-illumination\/","name":"Microscopio para c\u00e9lulas madre con iluminaci\u00f3n LED - Cellgenic","isPartOf":{"@id":"https:\/\/cellgenic.com\/#website"},"primaryImageOfPage":{"@id":"https:\/\/cellgenic.com\/product\/stem-cells-microscope-with-led-illumination\/#primaryimage"},"image":{"@id":"https:\/\/cellgenic.com\/product\/stem-cells-microscope-with-led-illumination\/#primaryimage"},"thumbnailUrl":"https:\/\/cellgenic.com\/wp-content\/uploads\/2024\/05\/Microscope1.jpg","datePublished":"2024-05-07T23:28:13+00:00","dateModified":"2025-01-08T02:42:06+00:00","breadcrumb":{"@id":"https:\/\/cellgenic.com\/product\/stem-cells-microscope-with-led-illumination\/#breadcrumb"},"inLanguage":"es","potentialAction":[{"@type":"ReadAction","target":["https:\/\/cellgenic.com\/product\/stem-cells-microscope-with-led-illumination\/"]}]},{"@type":"ImageObject","inLanguage":"es","@id":"https:\/\/cellgenic.com\/product\/stem-cells-microscope-with-led-illumination\/#primaryimage","url":"https:\/\/cellgenic.com\/wp-content\/uploads\/2024\/05\/Microscope1.jpg","contentUrl":"https:\/\/cellgenic.com\/wp-content\/uploads\/2024\/05\/Microscope1.jpg","width":934,"height":936},{"@type":"BreadcrumbList","@id":"https:\/\/cellgenic.com\/product\/stem-cells-microscope-with-led-illumination\/#breadcrumb","itemListElement":[{"@type":"ListItem","position":1,"name":"Home","item":"https:\/\/cellgenic.com\/inicio\/"},{"@type":"ListItem","position":2,"name":"Tienda","item":"https:\/\/cellgenic.com\/tienda\/"},{"@type":"ListItem","position":3,"name":"Microscopio para c\u00e9lulas madre con iluminaci\u00f3n LED"}]},{"@type":"WebSite","@id":"https:\/\/cellgenic.com\/#website","url":"https:\/\/cellgenic.com\/","name":"Cellgenic","description":"Explore Cellgenic&#039;s advanced regenerative medicine products, specializing in high-quality exosomes for therapeutic applications. Purchase exosomes online to enhance your practice with cutting-edge solutions.","publisher":{"@id":"https:\/\/cellgenic.com\/#organization"},"potentialAction":[{"@type":"SearchAction","target":{"@type":"EntryPoint","urlTemplate":"https:\/\/cellgenic.com\/?s={search_term_string}"},"query-input":{"@type":"PropertyValueSpecification","valueRequired":true,"valueName":"search_term_string"}}],"inLanguage":"es"},{"@type":"Organization","@id":"https:\/\/cellgenic.com\/#organization","name":"Cellgenic","url":"https:\/\/cellgenic.com\/","logo":{"@type":"ImageObject","inLanguage":"es","@id":"https:\/\/cellgenic.com\/#\/schema\/logo\/image\/","url":"https:\/\/cellgenic.com\/wp-content\/uploads\/2022\/05\/Cellgenic_principal_Background-Contactform3-1024x655.png","contentUrl":"https:\/\/cellgenic.com\/wp-content\/uploads\/2022\/05\/Cellgenic_principal_Background-Contactform3-1024x655.png","width":1024,"height":655,"caption":"Cellgenic"},"image":{"@id":"https:\/\/cellgenic.com\/#\/schema\/logo\/image\/"}}]}},"_links":{"self":[{"href":"https:\/\/cellgenic.com\/es\/wp-json\/wp\/v2\/product\/1947","targetHints":{"allow":["GET"]}}],"collection":[{"href":"https:\/\/cellgenic.com\/es\/wp-json\/wp\/v2\/product"}],"about":[{"href":"https:\/\/cellgenic.com\/es\/wp-json\/wp\/v2\/types\/product"}],"replies":[{"embeddable":true,"href":"https:\/\/cellgenic.com\/es\/wp-json\/wp\/v2\/comments?post=1947"}],"wp:featuredmedia":[{"embeddable":true,"href":"https:\/\/cellgenic.com\/es\/wp-json\/wp\/v2\/media\/1654"}],"wp:attachment":[{"href":"https:\/\/cellgenic.com\/es\/wp-json\/wp\/v2\/media?parent=1947"}],"wp:term":[{"taxonomy":"product_brand","embeddable":true,"href":"https:\/\/cellgenic.com\/es\/wp-json\/wp\/v2\/product_brand?post=1947"},{"taxonomy":"product_cat","embeddable":true,"href":"https:\/\/cellgenic.com\/es\/wp-json\/wp\/v2\/product_cat?post=1947"},{"taxonomy":"product_tag","embeddable":true,"href":"https:\/\/cellgenic.com\/es\/wp-json\/wp\/v2\/product_tag?post=1947"}],"curies":[{"name":"wp","href":"https:\/\/api.w.org\/{rel}","templated":true}]}}