{"id":1967,"date":"2024-05-07T23:27:22","date_gmt":"2024-05-07T23:27:22","guid":{"rendered":"https:\/\/cellgenic.com\/product\/pistola-de-mesoterapia\/"},"modified":"2025-12-10T15:17:29","modified_gmt":"2025-12-10T15:17:29","slug":"pistola-de-mesoterapia","status":"publish","type":"product","link":"https:\/\/cellgenic.com\/es\/product\/pistola-de-mesoterapia\/","title":{"rendered":"PISTOLA DE MESOTERAPIA"},"content":{"rendered":"<p>Es el invento m\u00e1s revolucionario desde la creaci\u00f3n de las pistolas de mesoterapia.<\/p>\n<p>Este equipo es ideal para la mesoterapia corporal, facial y capilar, en la aplicaci\u00f3n de la toxina botul\u00ednica, como en arrugas faciales como la hiperhidrosis palmoplantar y axilar. Su uso tambi\u00e9n es excelente en la escleroterapia.<\/p>\n<p>Entre las ventajas \u00fanicas de este revolucionario invento, cabe destacar que no gotea entre pinchazos, la dosificaci\u00f3n es correcta, la aguja utilizada no se contamina y se utiliza cualquier jeringuilla; es un dispositivo extremadamente ligero, puede utilizarse en m\u00faltiples t\u00e9cnicas est\u00e9ticas y la relaci\u00f3n entre sus costes y beneficios es excelente.<\/p>\n<p><strong>Accesorios<\/strong><\/p>\n<p>La Pistola de Mesoterapia tiene dos accesorios importantes que te permiten ampliar las t\u00e9cnicas utilizadas m\u00e1s all\u00e1 de la mesoterapia.<\/p>\n<p>El pedal permite utilizar el equipo en escleroterapia y en la aplicaci\u00f3n de la toxina botul\u00ednica para el tratamiento de las arrugas faciales.<\/p>\n<p>El temporizador permite seleccionar el intervalo de tiempo entre dosis (de 1 a 99 segundos); esto significa que la pistola funcionar\u00e1 sola e instilar\u00e1 la dosis previamente indicada cumpliendo exactamente el intervalo de tiempo seleccionado. En lugar de la aguja, se introduce un cat\u00e9ter en la piel del paciente.<\/p>\n","protected":false},"excerpt":{"rendered":"<p>Este equipo es ideal para la mesoterapia corporal, facial y capilar, en la aplicaci\u00f3n de la toxina botul\u00ednica, como en arrugas faciales como la hiperhidrosis palmoplantar y axilar. Su uso tambi\u00e9n es excelente en la escleroterapia.<\/p>\n","protected":false},"featured_media":1585,"comment_status":"open","ping_status":"closed","template":"","meta":{"_acf_changed":false,"_joinchat":[]},"product_brand":[],"product_cat":[167],"product_tag":[],"class_list":{"0":"post-1967","1":"product","2":"type-product","3":"status-publish","4":"has-post-thumbnail","6":"product_cat-equipo-de-laboratorio","8":"first","9":"instock","10":"shipping-taxable","11":"product-type-simple","12":"add-to-wishlist-before_image"},"group_of_quantity":0,"min_quantity":0,"max_quantity":"","exclude_order_quantity_value_rules":"no","exclude_category_quantity_rules":"no","combine_variations":"no","acf":[],"yoast_head":"<!-- This site is optimized with the Yoast SEO plugin v27.4 - https:\/\/yoast.com\/product\/yoast-seo-wordpress\/ -->\n<title>PISTOLA DE MESOTERAPIA - Cellgenic<\/title>\n<meta name=\"robots\" content=\"index, follow, max-snippet:-1, max-image-preview:large, max-video-preview:-1\" \/>\n<link rel=\"canonical\" href=\"https:\/\/cellgenic.com\/es\/product\/pistola-de-mesoterapia\/\" \/>\n<meta property=\"og:locale\" content=\"es_ES\" \/>\n<meta property=\"og:type\" content=\"article\" \/>\n<meta property=\"og:title\" content=\"PISTOLA DE MESOTERAPIA - Cellgenic\" \/>\n<meta property=\"og:description\" content=\"Este equipo es ideal para la mesoterapia corporal, facial y capilar, en la aplicaci\u00f3n de la toxina botul\u00ednica, como en arrugas faciales como la hiperhidrosis palmoplantar y axilar. Su uso tambi\u00e9n es excelente en la escleroterapia.\" \/>\n<meta property=\"og:url\" content=\"https:\/\/cellgenic.com\/es\/product\/pistola-de-mesoterapia\/\" \/>\n<meta property=\"og:site_name\" content=\"Cellgenic\" \/>\n<meta property=\"article:modified_time\" content=\"2025-12-10T15:17:29+00:00\" \/>\n<meta property=\"og:image\" content=\"https:\/\/cellgenic.com\/wp-content\/uploads\/2024\/05\/Mesotherapy-gun3.jpeg\" \/>\n\t<meta property=\"og:image:width\" content=\"750\" \/>\n\t<meta property=\"og:image:height\" content=\"750\" \/>\n\t<meta property=\"og:image:type\" content=\"image\/jpeg\" \/>\n<meta name=\"twitter:card\" content=\"summary_large_image\" \/>\n<meta name=\"twitter:label1\" content=\"Tiempo de lectura\" \/>\n\t<meta name=\"twitter:data1\" content=\"1 minuto\" \/>\n<script type=\"application\/ld+json\" class=\"yoast-schema-graph\">{\"@context\":\"https:\\\/\\\/schema.org\",\"@graph\":[{\"@type\":\"WebPage\",\"@id\":\"https:\\\/\\\/cellgenic.com\\\/es\\\/product\\\/pistola-de-mesoterapia\\\/\",\"url\":\"https:\\\/\\\/cellgenic.com\\\/es\\\/product\\\/pistola-de-mesoterapia\\\/\",\"name\":\"PISTOLA DE MESOTERAPIA - Cellgenic\",\"isPartOf\":{\"@id\":\"https:\\\/\\\/cellgenic.com\\\/#website\"},\"primaryImageOfPage\":{\"@id\":\"https:\\\/\\\/cellgenic.com\\\/es\\\/product\\\/pistola-de-mesoterapia\\\/#primaryimage\"},\"image\":{\"@id\":\"https:\\\/\\\/cellgenic.com\\\/es\\\/product\\\/pistola-de-mesoterapia\\\/#primaryimage\"},\"thumbnailUrl\":\"https:\\\/\\\/cellgenic.com\\\/wp-content\\\/uploads\\\/2024\\\/05\\\/Mesotherapy-gun3.jpeg\",\"datePublished\":\"2024-05-07T23:27:22+00:00\",\"dateModified\":\"2025-12-10T15:17:29+00:00\",\"breadcrumb\":{\"@id\":\"https:\\\/\\\/cellgenic.com\\\/es\\\/product\\\/pistola-de-mesoterapia\\\/#breadcrumb\"},\"inLanguage\":\"es\",\"potentialAction\":[{\"@type\":\"ReadAction\",\"target\":[\"https:\\\/\\\/cellgenic.com\\\/es\\\/product\\\/pistola-de-mesoterapia\\\/\"]}]},{\"@type\":\"ImageObject\",\"inLanguage\":\"es\",\"@id\":\"https:\\\/\\\/cellgenic.com\\\/es\\\/product\\\/pistola-de-mesoterapia\\\/#primaryimage\",\"url\":\"https:\\\/\\\/cellgenic.com\\\/wp-content\\\/uploads\\\/2024\\\/05\\\/Mesotherapy-gun3.jpeg\",\"contentUrl\":\"https:\\\/\\\/cellgenic.com\\\/wp-content\\\/uploads\\\/2024\\\/05\\\/Mesotherapy-gun3.jpeg\",\"width\":750,\"height\":750},{\"@type\":\"BreadcrumbList\",\"@id\":\"https:\\\/\\\/cellgenic.com\\\/es\\\/product\\\/pistola-de-mesoterapia\\\/#breadcrumb\",\"itemListElement\":[{\"@type\":\"ListItem\",\"position\":1,\"name\":\"Home\",\"item\":\"https:\\\/\\\/cellgenic.com\\\/inicio\\\/\"},{\"@type\":\"ListItem\",\"position\":2,\"name\":\"Tienda\",\"item\":\"https:\\\/\\\/cellgenic.com\\\/tienda\\\/\"},{\"@type\":\"ListItem\",\"position\":3,\"name\":\"PISTOLA DE MESOTERAPIA\"}]},{\"@type\":\"WebSite\",\"@id\":\"https:\\\/\\\/cellgenic.com\\\/#website\",\"url\":\"https:\\\/\\\/cellgenic.com\\\/\",\"name\":\"Cellgenic\",\"description\":\"Explore Cellgenic&#039;s advanced regenerative medicine products, specializing in high-quality exosomes for therapeutic applications. Purchase exosomes online to enhance your practice with cutting-edge solutions.\",\"publisher\":{\"@id\":\"https:\\\/\\\/cellgenic.com\\\/#organization\"},\"potentialAction\":[{\"@type\":\"SearchAction\",\"target\":{\"@type\":\"EntryPoint\",\"urlTemplate\":\"https:\\\/\\\/cellgenic.com\\\/?s={search_term_string}\"},\"query-input\":{\"@type\":\"PropertyValueSpecification\",\"valueRequired\":true,\"valueName\":\"search_term_string\"}}],\"inLanguage\":\"es\"},{\"@type\":\"Organization\",\"@id\":\"https:\\\/\\\/cellgenic.com\\\/#organization\",\"name\":\"Cellgenic\",\"url\":\"https:\\\/\\\/cellgenic.com\\\/\",\"logo\":{\"@type\":\"ImageObject\",\"inLanguage\":\"es\",\"@id\":\"https:\\\/\\\/cellgenic.com\\\/#\\\/schema\\\/logo\\\/image\\\/\",\"url\":\"https:\\\/\\\/cellgenic.com\\\/wp-content\\\/uploads\\\/2022\\\/05\\\/Cellgenic_principal_Background-Contactform3-1024x655.png\",\"contentUrl\":\"https:\\\/\\\/cellgenic.com\\\/wp-content\\\/uploads\\\/2022\\\/05\\\/Cellgenic_principal_Background-Contactform3-1024x655.png\",\"width\":1024,\"height\":655,\"caption\":\"Cellgenic\"},\"image\":{\"@id\":\"https:\\\/\\\/cellgenic.com\\\/#\\\/schema\\\/logo\\\/image\\\/\"}}]}<\/script>\n<!-- \/ Yoast SEO plugin. -->","yoast_head_json":{"title":"PISTOLA DE MESOTERAPIA - Cellgenic","robots":{"index":"index","follow":"follow","max-snippet":"max-snippet:-1","max-image-preview":"max-image-preview:large","max-video-preview":"max-video-preview:-1"},"canonical":"https:\/\/cellgenic.com\/es\/product\/pistola-de-mesoterapia\/","og_locale":"es_ES","og_type":"article","og_title":"PISTOLA DE MESOTERAPIA - Cellgenic","og_description":"Este equipo es ideal para la mesoterapia corporal, facial y capilar, en la aplicaci\u00f3n de la toxina botul\u00ednica, como en arrugas faciales como la hiperhidrosis palmoplantar y axilar. Su uso tambi\u00e9n es excelente en la escleroterapia.","og_url":"https:\/\/cellgenic.com\/es\/product\/pistola-de-mesoterapia\/","og_site_name":"Cellgenic","article_modified_time":"2025-12-10T15:17:29+00:00","og_image":[{"width":750,"height":750,"url":"https:\/\/cellgenic.com\/wp-content\/uploads\/2024\/05\/Mesotherapy-gun3.jpeg","type":"image\/jpeg"}],"twitter_card":"summary_large_image","twitter_misc":{"Tiempo de lectura":"1 minuto"},"schema":{"@context":"https:\/\/schema.org","@graph":[{"@type":"WebPage","@id":"https:\/\/cellgenic.com\/es\/product\/pistola-de-mesoterapia\/","url":"https:\/\/cellgenic.com\/es\/product\/pistola-de-mesoterapia\/","name":"PISTOLA DE MESOTERAPIA - Cellgenic","isPartOf":{"@id":"https:\/\/cellgenic.com\/#website"},"primaryImageOfPage":{"@id":"https:\/\/cellgenic.com\/es\/product\/pistola-de-mesoterapia\/#primaryimage"},"image":{"@id":"https:\/\/cellgenic.com\/es\/product\/pistola-de-mesoterapia\/#primaryimage"},"thumbnailUrl":"https:\/\/cellgenic.com\/wp-content\/uploads\/2024\/05\/Mesotherapy-gun3.jpeg","datePublished":"2024-05-07T23:27:22+00:00","dateModified":"2025-12-10T15:17:29+00:00","breadcrumb":{"@id":"https:\/\/cellgenic.com\/es\/product\/pistola-de-mesoterapia\/#breadcrumb"},"inLanguage":"es","potentialAction":[{"@type":"ReadAction","target":["https:\/\/cellgenic.com\/es\/product\/pistola-de-mesoterapia\/"]}]},{"@type":"ImageObject","inLanguage":"es","@id":"https:\/\/cellgenic.com\/es\/product\/pistola-de-mesoterapia\/#primaryimage","url":"https:\/\/cellgenic.com\/wp-content\/uploads\/2024\/05\/Mesotherapy-gun3.jpeg","contentUrl":"https:\/\/cellgenic.com\/wp-content\/uploads\/2024\/05\/Mesotherapy-gun3.jpeg","width":750,"height":750},{"@type":"BreadcrumbList","@id":"https:\/\/cellgenic.com\/es\/product\/pistola-de-mesoterapia\/#breadcrumb","itemListElement":[{"@type":"ListItem","position":1,"name":"Home","item":"https:\/\/cellgenic.com\/inicio\/"},{"@type":"ListItem","position":2,"name":"Tienda","item":"https:\/\/cellgenic.com\/tienda\/"},{"@type":"ListItem","position":3,"name":"PISTOLA DE MESOTERAPIA"}]},{"@type":"WebSite","@id":"https:\/\/cellgenic.com\/#website","url":"https:\/\/cellgenic.com\/","name":"Cellgenic","description":"Explore Cellgenic&#039;s advanced regenerative medicine products, specializing in high-quality exosomes for therapeutic applications. Purchase exosomes online to enhance your practice with cutting-edge solutions.","publisher":{"@id":"https:\/\/cellgenic.com\/#organization"},"potentialAction":[{"@type":"SearchAction","target":{"@type":"EntryPoint","urlTemplate":"https:\/\/cellgenic.com\/?s={search_term_string}"},"query-input":{"@type":"PropertyValueSpecification","valueRequired":true,"valueName":"search_term_string"}}],"inLanguage":"es"},{"@type":"Organization","@id":"https:\/\/cellgenic.com\/#organization","name":"Cellgenic","url":"https:\/\/cellgenic.com\/","logo":{"@type":"ImageObject","inLanguage":"es","@id":"https:\/\/cellgenic.com\/#\/schema\/logo\/image\/","url":"https:\/\/cellgenic.com\/wp-content\/uploads\/2022\/05\/Cellgenic_principal_Background-Contactform3-1024x655.png","contentUrl":"https:\/\/cellgenic.com\/wp-content\/uploads\/2022\/05\/Cellgenic_principal_Background-Contactform3-1024x655.png","width":1024,"height":655,"caption":"Cellgenic"},"image":{"@id":"https:\/\/cellgenic.com\/#\/schema\/logo\/image\/"}}]}},"_links":{"self":[{"href":"https:\/\/cellgenic.com\/es\/wp-json\/wp\/v2\/product\/1967","targetHints":{"allow":["GET"]}}],"collection":[{"href":"https:\/\/cellgenic.com\/es\/wp-json\/wp\/v2\/product"}],"about":[{"href":"https:\/\/cellgenic.com\/es\/wp-json\/wp\/v2\/types\/product"}],"replies":[{"embeddable":true,"href":"https:\/\/cellgenic.com\/es\/wp-json\/wp\/v2\/comments?post=1967"}],"wp:featuredmedia":[{"embeddable":true,"href":"https:\/\/cellgenic.com\/es\/wp-json\/wp\/v2\/media\/1585"}],"wp:attachment":[{"href":"https:\/\/cellgenic.com\/es\/wp-json\/wp\/v2\/media?parent=1967"}],"wp:term":[{"taxonomy":"product_brand","embeddable":true,"href":"https:\/\/cellgenic.com\/es\/wp-json\/wp\/v2\/product_brand?post=1967"},{"taxonomy":"product_cat","embeddable":true,"href":"https:\/\/cellgenic.com\/es\/wp-json\/wp\/v2\/product_cat?post=1967"},{"taxonomy":"product_tag","embeddable":true,"href":"https:\/\/cellgenic.com\/es\/wp-json\/wp\/v2\/product_tag?post=1967"}],"curies":[{"name":"wp","href":"https:\/\/api.w.org\/{rel}","templated":true}]}}