{"id":1970,"date":"2024-05-07T23:27:21","date_gmt":"2024-05-07T23:27:21","guid":{"rendered":"https:\/\/cellgenic.com\/product\/centrifugadora-bear-c2202\/"},"modified":"2025-01-08T02:43:18","modified_gmt":"2025-01-08T02:43:18","slug":"centrifugadora-bear-c2202","status":"publish","type":"product","link":"https:\/\/cellgenic.com\/es\/product\/centrifugadora-bear-c2202\/","title":{"rendered":"Centrifugadora BEAR C2202"},"content":{"rendered":"<p><strong>Caracter\u00edsticas<\/strong><\/p>\n<ul>\n<li>Cuerpo ligero y s\u00f3lido, de acero y aluminio.<\/li>\n<li>Dise\u00f1o resistente a las vibraciones Motor sin escobillas fiable y sin mantenimiento (fabricado en la UE).<\/li>\n<li>Preciso sensor electromagn\u00e9tico de velocidad y sistema de control electr\u00f3nico.<\/li>\n<li>Arranque suave y marcha atr\u00e1s de la selecci\u00f3n de velocidad RPM\/RCF del rotor con funci\u00f3n de memorizaci\u00f3n del \u00faltimo modo.<\/li>\n<li>Sensor de desequilibrio y frenos electr\u00f3nicos de emergencia.<\/li>\n<li>Bloqueo autom\u00e1tico de la tapa Bajo nivel de ruido.<\/li>\n<li>Amplia gama de adaptadores para distintos tubos, con posibilidad de fabricar adaptadores individuales (dise\u00f1ados a medida).<\/li>\n<li>2 a\u00f1os de garant\u00eda.<\/li>\n<\/ul>\n<p><strong>Especificaciones principales<\/strong><\/p>\n<table class=\"table table-bordered table-striped\">\n<thead>\n<tr>\n<th>Velocidad<\/th>\n<th>100-3500 rpm<\/th>\n<\/tr>\n<\/thead>\n<tbody>\n<tr>\n<td>Resoluci\u00f3n del ajuste de velocidad<\/td>\n<td>10 RPM (en la gama de 100 a 250 RPM),<\/p>\n<p>50 RPM (en el rango de 250 a 3500 RPM)<\/td>\n<\/tr>\n<tr>\n<td>RCF m\u00e1x.<\/td>\n<td>2130 G<\/td>\n<\/tr>\n<tr>\n<td>Cantidad m\u00e1xima de tubos<\/td>\n<td>Depende del adaptador<\/td>\n<\/tr>\n<tr>\n<td>Tama\u00f1o m\u00e1ximo del tubo<\/td>\n<td>37&#215;115 mm<\/td>\n<\/tr>\n<tr>\n<td>Volumen m\u00e1ximo del tubo<\/td>\n<td>90 ml<\/td>\n<\/tr>\n<tr>\n<td>Ajuste digital de la hora<\/td>\n<td>De 1 a 99 min<\/td>\n<\/tr>\n<tr>\n<td>Sensor de desequilibrio<\/td>\n<td>Disponible<\/td>\n<\/tr>\n<tr>\n<td>Ajuste bidireccional de la velocidad (RPM\/RCF)<\/td>\n<td>Disponible<\/td>\n<\/tr>\n<tr>\n<td>Dimensiones totales<\/td>\n<td>42x51x29 cm \/ 16,5x20x11,4 pulg.<\/td>\n<\/tr>\n<tr>\n<td>Peso (sin rotor ni adaptadores)<\/td>\n<td>28 kg \/ 61.75 lbs<\/td>\n<\/tr>\n<tr>\n<td>Peso (con rotor y adaptadores), no m\u00e1s de<\/td>\n<td>32 kg \/ 70,5 lbs<\/td>\n<\/tr>\n<tr>\n<td>Fuente de alimentaci\u00f3n<\/td>\n<td>120 V<\/td>\n<\/tr>\n<\/tbody>\n<\/table>\n","protected":false},"excerpt":{"rendered":"<p>Centrifugadora de sobremesa de laboratorio de baja velocidad con rotor universal basculante CRS 490. Hasta 32 tubos. Velocidad m\u00e1xima 3500 rpm. RCF m\u00e1x. 2300 G. Volumen m\u00e1x. del l\u00edquido &#8211; 360 ml. El rotor de cangilones universal CRS 490 permite hacer girar diferentes tipos de tubos al mismo tiempo Certificado CE.<\/p>\n","protected":false},"featured_media":1583,"comment_status":"open","ping_status":"closed","template":"","meta":{"_acf_changed":false,"_joinchat":[]},"product_brand":[],"product_cat":[167],"product_tag":[],"class_list":{"0":"post-1970","1":"product","2":"type-product","3":"status-publish","4":"has-post-thumbnail","6":"product_cat-equipo-de-laboratorio","8":"first","9":"instock","10":"shipping-taxable","11":"product-type-simple","12":"add-to-wishlist-before_image"},"group_of_quantity":0,"min_quantity":0,"max_quantity":"","exclude_order_quantity_value_rules":"no","exclude_category_quantity_rules":"no","combine_variations":"no","acf":[],"yoast_head":"<!-- This site is optimized with the Yoast SEO plugin v27.5 - https:\/\/yoast.com\/product\/yoast-seo-wordpress\/ -->\n<title>Centrifugadora BEAR C2202 - Cellgenic<\/title>\n<meta name=\"robots\" content=\"index, follow, max-snippet:-1, max-image-preview:large, max-video-preview:-1\" \/>\n<link rel=\"canonical\" href=\"https:\/\/cellgenic.com\/?post_type=product&p=660\" \/>\n<meta property=\"og:locale\" content=\"es_ES\" \/>\n<meta property=\"og:type\" content=\"article\" \/>\n<meta property=\"og:title\" content=\"Centrifugadora BEAR C2202 - Cellgenic\" \/>\n<meta property=\"og:description\" content=\"Centrifugadora de sobremesa de laboratorio de baja velocidad con rotor universal basculante CRS 490. Hasta 32 tubos. Velocidad m\u00e1xima 3500 rpm. RCF m\u00e1x. 2300 G. Volumen m\u00e1x. del l\u00edquido - 360 ml. El rotor de cangilones universal CRS 490 permite hacer girar diferentes tipos de tubos al mismo tiempo Certificado CE.\" \/>\n<meta property=\"og:url\" content=\"https:\/\/cellgenic.com\/?post_type=product&amp;p=660\" \/>\n<meta property=\"og:site_name\" content=\"Cellgenic\" \/>\n<meta property=\"article:modified_time\" content=\"2025-01-08T02:43:18+00:00\" \/>\n<meta property=\"og:image\" content=\"https:\/\/cellgenic.com\/wp-content\/uploads\/2024\/05\/2202-2.jpg\" \/>\n\t<meta property=\"og:image:width\" content=\"500\" \/>\n\t<meta property=\"og:image:height\" content=\"500\" \/>\n\t<meta property=\"og:image:type\" content=\"image\/jpeg\" \/>\n<meta name=\"twitter:card\" content=\"summary_large_image\" \/>\n<meta name=\"twitter:label1\" content=\"Tiempo de lectura\" \/>\n\t<meta name=\"twitter:data1\" content=\"1 minuto\" \/>\n<script type=\"application\/ld+json\" class=\"yoast-schema-graph\">{\"@context\":\"https:\\\/\\\/schema.org\",\"@graph\":[{\"@type\":\"WebPage\",\"@id\":\"https:\\\/\\\/cellgenic.com\\\/?post_type=product&p=660\",\"url\":\"https:\\\/\\\/cellgenic.com\\\/?post_type=product&p=660\",\"name\":\"Centrifugadora BEAR C2202 - Cellgenic\",\"isPartOf\":{\"@id\":\"https:\\\/\\\/cellgenic.com\\\/#website\"},\"primaryImageOfPage\":{\"@id\":\"https:\\\/\\\/cellgenic.com\\\/?post_type=product&p=660#primaryimage\"},\"image\":{\"@id\":\"https:\\\/\\\/cellgenic.com\\\/?post_type=product&p=660#primaryimage\"},\"thumbnailUrl\":\"https:\\\/\\\/cellgenic.com\\\/wp-content\\\/uploads\\\/2024\\\/05\\\/2202-2.jpg\",\"datePublished\":\"2024-05-07T23:27:21+00:00\",\"dateModified\":\"2025-01-08T02:43:18+00:00\",\"breadcrumb\":{\"@id\":\"https:\\\/\\\/cellgenic.com\\\/?post_type=product&p=660#breadcrumb\"},\"inLanguage\":\"es\",\"potentialAction\":[{\"@type\":\"ReadAction\",\"target\":[\"https:\\\/\\\/cellgenic.com\\\/?post_type=product&p=660\"]}]},{\"@type\":\"ImageObject\",\"inLanguage\":\"es\",\"@id\":\"https:\\\/\\\/cellgenic.com\\\/?post_type=product&p=660#primaryimage\",\"url\":\"https:\\\/\\\/cellgenic.com\\\/wp-content\\\/uploads\\\/2024\\\/05\\\/2202-2.jpg\",\"contentUrl\":\"https:\\\/\\\/cellgenic.com\\\/wp-content\\\/uploads\\\/2024\\\/05\\\/2202-2.jpg\",\"width\":500,\"height\":500},{\"@type\":\"BreadcrumbList\",\"@id\":\"https:\\\/\\\/cellgenic.com\\\/?post_type=product&p=660#breadcrumb\",\"itemListElement\":[{\"@type\":\"ListItem\",\"position\":1,\"name\":\"Home\",\"item\":\"https:\\\/\\\/cellgenic.com\\\/inicio\\\/\"},{\"@type\":\"ListItem\",\"position\":2,\"name\":\"Tienda\",\"item\":\"https:\\\/\\\/cellgenic.com\\\/tienda\\\/\"},{\"@type\":\"ListItem\",\"position\":3,\"name\":\"Centrifugadora BEAR C2202\"}]},{\"@type\":\"WebSite\",\"@id\":\"https:\\\/\\\/cellgenic.com\\\/#website\",\"url\":\"https:\\\/\\\/cellgenic.com\\\/\",\"name\":\"Cellgenic\",\"description\":\"Explore Cellgenic&#039;s advanced regenerative medicine products, specializing in high-quality exosomes for therapeutic applications. Purchase exosomes online to enhance your practice with cutting-edge solutions.\",\"publisher\":{\"@id\":\"https:\\\/\\\/cellgenic.com\\\/#organization\"},\"potentialAction\":[{\"@type\":\"SearchAction\",\"target\":{\"@type\":\"EntryPoint\",\"urlTemplate\":\"https:\\\/\\\/cellgenic.com\\\/?s={search_term_string}\"},\"query-input\":{\"@type\":\"PropertyValueSpecification\",\"valueRequired\":true,\"valueName\":\"search_term_string\"}}],\"inLanguage\":\"es\"},{\"@type\":\"Organization\",\"@id\":\"https:\\\/\\\/cellgenic.com\\\/#organization\",\"name\":\"Cellgenic\",\"url\":\"https:\\\/\\\/cellgenic.com\\\/\",\"logo\":{\"@type\":\"ImageObject\",\"inLanguage\":\"es\",\"@id\":\"https:\\\/\\\/cellgenic.com\\\/#\\\/schema\\\/logo\\\/image\\\/\",\"url\":\"https:\\\/\\\/cellgenic.com\\\/wp-content\\\/uploads\\\/2022\\\/05\\\/Cellgenic_principal_Background-Contactform3-1024x655.png\",\"contentUrl\":\"https:\\\/\\\/cellgenic.com\\\/wp-content\\\/uploads\\\/2022\\\/05\\\/Cellgenic_principal_Background-Contactform3-1024x655.png\",\"width\":1024,\"height\":655,\"caption\":\"Cellgenic\"},\"image\":{\"@id\":\"https:\\\/\\\/cellgenic.com\\\/#\\\/schema\\\/logo\\\/image\\\/\"}}]}<\/script>\n<!-- \/ Yoast SEO plugin. -->","yoast_head_json":{"title":"Centrifugadora BEAR C2202 - Cellgenic","robots":{"index":"index","follow":"follow","max-snippet":"max-snippet:-1","max-image-preview":"max-image-preview:large","max-video-preview":"max-video-preview:-1"},"canonical":"https:\/\/cellgenic.com\/?post_type=product&p=660","og_locale":"es_ES","og_type":"article","og_title":"Centrifugadora BEAR C2202 - Cellgenic","og_description":"Centrifugadora de sobremesa de laboratorio de baja velocidad con rotor universal basculante CRS 490. Hasta 32 tubos. Velocidad m\u00e1xima 3500 rpm. RCF m\u00e1x. 2300 G. Volumen m\u00e1x. del l\u00edquido - 360 ml. El rotor de cangilones universal CRS 490 permite hacer girar diferentes tipos de tubos al mismo tiempo Certificado CE.","og_url":"https:\/\/cellgenic.com\/?post_type=product&p=660","og_site_name":"Cellgenic","article_modified_time":"2025-01-08T02:43:18+00:00","og_image":[{"width":500,"height":500,"url":"https:\/\/cellgenic.com\/wp-content\/uploads\/2024\/05\/2202-2.jpg","type":"image\/jpeg"}],"twitter_card":"summary_large_image","twitter_misc":{"Tiempo de lectura":"1 minuto"},"schema":{"@context":"https:\/\/schema.org","@graph":[{"@type":"WebPage","@id":"https:\/\/cellgenic.com\/?post_type=product&p=660","url":"https:\/\/cellgenic.com\/?post_type=product&p=660","name":"Centrifugadora BEAR C2202 - Cellgenic","isPartOf":{"@id":"https:\/\/cellgenic.com\/#website"},"primaryImageOfPage":{"@id":"https:\/\/cellgenic.com\/?post_type=product&p=660#primaryimage"},"image":{"@id":"https:\/\/cellgenic.com\/?post_type=product&p=660#primaryimage"},"thumbnailUrl":"https:\/\/cellgenic.com\/wp-content\/uploads\/2024\/05\/2202-2.jpg","datePublished":"2024-05-07T23:27:21+00:00","dateModified":"2025-01-08T02:43:18+00:00","breadcrumb":{"@id":"https:\/\/cellgenic.com\/?post_type=product&p=660#breadcrumb"},"inLanguage":"es","potentialAction":[{"@type":"ReadAction","target":["https:\/\/cellgenic.com\/?post_type=product&p=660"]}]},{"@type":"ImageObject","inLanguage":"es","@id":"https:\/\/cellgenic.com\/?post_type=product&p=660#primaryimage","url":"https:\/\/cellgenic.com\/wp-content\/uploads\/2024\/05\/2202-2.jpg","contentUrl":"https:\/\/cellgenic.com\/wp-content\/uploads\/2024\/05\/2202-2.jpg","width":500,"height":500},{"@type":"BreadcrumbList","@id":"https:\/\/cellgenic.com\/?post_type=product&p=660#breadcrumb","itemListElement":[{"@type":"ListItem","position":1,"name":"Home","item":"https:\/\/cellgenic.com\/inicio\/"},{"@type":"ListItem","position":2,"name":"Tienda","item":"https:\/\/cellgenic.com\/tienda\/"},{"@type":"ListItem","position":3,"name":"Centrifugadora BEAR C2202"}]},{"@type":"WebSite","@id":"https:\/\/cellgenic.com\/#website","url":"https:\/\/cellgenic.com\/","name":"Cellgenic","description":"Explore Cellgenic&#039;s advanced regenerative medicine products, specializing in high-quality exosomes for therapeutic applications. Purchase exosomes online to enhance your practice with cutting-edge solutions.","publisher":{"@id":"https:\/\/cellgenic.com\/#organization"},"potentialAction":[{"@type":"SearchAction","target":{"@type":"EntryPoint","urlTemplate":"https:\/\/cellgenic.com\/?s={search_term_string}"},"query-input":{"@type":"PropertyValueSpecification","valueRequired":true,"valueName":"search_term_string"}}],"inLanguage":"es"},{"@type":"Organization","@id":"https:\/\/cellgenic.com\/#organization","name":"Cellgenic","url":"https:\/\/cellgenic.com\/","logo":{"@type":"ImageObject","inLanguage":"es","@id":"https:\/\/cellgenic.com\/#\/schema\/logo\/image\/","url":"https:\/\/cellgenic.com\/wp-content\/uploads\/2022\/05\/Cellgenic_principal_Background-Contactform3-1024x655.png","contentUrl":"https:\/\/cellgenic.com\/wp-content\/uploads\/2022\/05\/Cellgenic_principal_Background-Contactform3-1024x655.png","width":1024,"height":655,"caption":"Cellgenic"},"image":{"@id":"https:\/\/cellgenic.com\/#\/schema\/logo\/image\/"}}]}},"_links":{"self":[{"href":"https:\/\/cellgenic.com\/es\/wp-json\/wp\/v2\/product\/1970","targetHints":{"allow":["GET"]}}],"collection":[{"href":"https:\/\/cellgenic.com\/es\/wp-json\/wp\/v2\/product"}],"about":[{"href":"https:\/\/cellgenic.com\/es\/wp-json\/wp\/v2\/types\/product"}],"replies":[{"embeddable":true,"href":"https:\/\/cellgenic.com\/es\/wp-json\/wp\/v2\/comments?post=1970"}],"wp:featuredmedia":[{"embeddable":true,"href":"https:\/\/cellgenic.com\/es\/wp-json\/wp\/v2\/media\/1583"}],"wp:attachment":[{"href":"https:\/\/cellgenic.com\/es\/wp-json\/wp\/v2\/media?parent=1970"}],"wp:term":[{"taxonomy":"product_brand","embeddable":true,"href":"https:\/\/cellgenic.com\/es\/wp-json\/wp\/v2\/product_brand?post=1970"},{"taxonomy":"product_cat","embeddable":true,"href":"https:\/\/cellgenic.com\/es\/wp-json\/wp\/v2\/product_cat?post=1970"},{"taxonomy":"product_tag","embeddable":true,"href":"https:\/\/cellgenic.com\/es\/wp-json\/wp\/v2\/product_tag?post=1970"}],"curies":[{"name":"wp","href":"https:\/\/api.w.org\/{rel}","templated":true}]}}