{"id":1976,"date":"2024-05-07T23:26:53","date_gmt":"2024-05-07T23:26:53","guid":{"rendered":"https:\/\/cellgenic.com\/product\/agitador-orbital-digital-elmi\/"},"modified":"2025-01-08T02:43:20","modified_gmt":"2025-01-08T02:43:20","slug":"agitador-orbital-digital-elmi","status":"publish","type":"product","link":"https:\/\/cellgenic.com\/es\/product\/agitador-orbital-digital-elmi\/","title":{"rendered":"AGITADOR ORBITAL DIGITAL ELMI"},"content":{"rendered":"<p>Dise\u00f1adas para ser flexibles, estas unidades vienen con una gran selecci\u00f3n de accesorios y complementos opcionales, y en una variedad de tama\u00f1os y capacidades de carga para satisfacer las necesidades espec\u00edficas de tu laboratorio. Con un excelente historial de fiabilidad y larga vida \u00fatil, la serie DOS ser\u00e1 un socio superior en tu laboratorio<\/p>\n","protected":false},"excerpt":{"rendered":"<p>DOS Es una l\u00ednea de alto rendimiento de agitadores orbitales y oscilantes capaces de funcionar sin parar en una amplia variedad de laboratorios m\u00e9dicos, qu\u00edmicos y biol\u00f3gicos.<\/p>\n","protected":false},"featured_media":1556,"comment_status":"open","ping_status":"closed","template":"","meta":{"_acf_changed":false,"_joinchat":[]},"product_brand":[],"product_cat":[181,167],"product_tag":[],"class_list":{"0":"post-1976","1":"product","2":"type-product","3":"status-publish","4":"has-post-thumbnail","6":"product_cat-agitadores","7":"product_cat-equipo-de-laboratorio","9":"first","10":"instock","11":"shipping-taxable","12":"product-type-simple","13":"add-to-wishlist-before_image"},"group_of_quantity":0,"min_quantity":0,"max_quantity":"","exclude_order_quantity_value_rules":"no","exclude_category_quantity_rules":"no","combine_variations":"no","acf":[],"yoast_head":"<!-- This site is optimized with the Yoast SEO plugin v27.3 - https:\/\/yoast.com\/product\/yoast-seo-wordpress\/ -->\n<title>AGITADOR ORBITAL DIGITAL ELMI - Cellgenic<\/title>\n<meta name=\"robots\" content=\"index, follow, max-snippet:-1, max-image-preview:large, max-video-preview:-1\" \/>\n<link rel=\"canonical\" href=\"https:\/\/cellgenic.com\/product\/elmi-digital-orbital-shaker\/\" \/>\n<meta property=\"og:locale\" content=\"es_ES\" \/>\n<meta property=\"og:type\" content=\"article\" \/>\n<meta property=\"og:title\" content=\"AGITADOR ORBITAL DIGITAL ELMI - Cellgenic\" \/>\n<meta property=\"og:description\" content=\"DOS Es una l\u00ednea de alto rendimiento de agitadores orbitales y oscilantes capaces de funcionar sin parar en una amplia variedad de laboratorios m\u00e9dicos, qu\u00edmicos y biol\u00f3gicos.\" \/>\n<meta property=\"og:url\" content=\"https:\/\/cellgenic.com\/product\/elmi-digital-orbital-shaker\/\" \/>\n<meta property=\"og:site_name\" content=\"Cellgenic\" \/>\n<meta property=\"article:modified_time\" content=\"2025-01-08T02:43:20+00:00\" \/>\n<meta property=\"og:image\" content=\"https:\/\/cellgenic.com\/wp-content\/uploads\/2024\/05\/elmi.png\" \/>\n\t<meta property=\"og:image:width\" content=\"1000\" \/>\n\t<meta property=\"og:image:height\" content=\"1000\" \/>\n\t<meta property=\"og:image:type\" content=\"image\/png\" \/>\n<meta name=\"twitter:card\" content=\"summary_large_image\" \/>\n<script type=\"application\/ld+json\" class=\"yoast-schema-graph\">{\"@context\":\"https:\\\/\\\/schema.org\",\"@graph\":[{\"@type\":\"WebPage\",\"@id\":\"https:\\\/\\\/cellgenic.com\\\/product\\\/elmi-digital-orbital-shaker\\\/\",\"url\":\"https:\\\/\\\/cellgenic.com\\\/product\\\/elmi-digital-orbital-shaker\\\/\",\"name\":\"AGITADOR ORBITAL DIGITAL ELMI - Cellgenic\",\"isPartOf\":{\"@id\":\"https:\\\/\\\/cellgenic.com\\\/#website\"},\"primaryImageOfPage\":{\"@id\":\"https:\\\/\\\/cellgenic.com\\\/product\\\/elmi-digital-orbital-shaker\\\/#primaryimage\"},\"image\":{\"@id\":\"https:\\\/\\\/cellgenic.com\\\/product\\\/elmi-digital-orbital-shaker\\\/#primaryimage\"},\"thumbnailUrl\":\"https:\\\/\\\/cellgenic.com\\\/wp-content\\\/uploads\\\/2024\\\/05\\\/elmi.png\",\"datePublished\":\"2024-05-07T23:26:53+00:00\",\"dateModified\":\"2025-01-08T02:43:20+00:00\",\"breadcrumb\":{\"@id\":\"https:\\\/\\\/cellgenic.com\\\/product\\\/elmi-digital-orbital-shaker\\\/#breadcrumb\"},\"inLanguage\":\"es\",\"potentialAction\":[{\"@type\":\"ReadAction\",\"target\":[\"https:\\\/\\\/cellgenic.com\\\/product\\\/elmi-digital-orbital-shaker\\\/\"]}]},{\"@type\":\"ImageObject\",\"inLanguage\":\"es\",\"@id\":\"https:\\\/\\\/cellgenic.com\\\/product\\\/elmi-digital-orbital-shaker\\\/#primaryimage\",\"url\":\"https:\\\/\\\/cellgenic.com\\\/wp-content\\\/uploads\\\/2024\\\/05\\\/elmi.png\",\"contentUrl\":\"https:\\\/\\\/cellgenic.com\\\/wp-content\\\/uploads\\\/2024\\\/05\\\/elmi.png\",\"width\":1000,\"height\":1000},{\"@type\":\"BreadcrumbList\",\"@id\":\"https:\\\/\\\/cellgenic.com\\\/product\\\/elmi-digital-orbital-shaker\\\/#breadcrumb\",\"itemListElement\":[{\"@type\":\"ListItem\",\"position\":1,\"name\":\"Home\",\"item\":\"https:\\\/\\\/cellgenic.com\\\/inicio\\\/\"},{\"@type\":\"ListItem\",\"position\":2,\"name\":\"Tienda\",\"item\":\"https:\\\/\\\/cellgenic.com\\\/tienda\\\/\"},{\"@type\":\"ListItem\",\"position\":3,\"name\":\"AGITADOR ORBITAL DIGITAL ELMI\"}]},{\"@type\":\"WebSite\",\"@id\":\"https:\\\/\\\/cellgenic.com\\\/#website\",\"url\":\"https:\\\/\\\/cellgenic.com\\\/\",\"name\":\"Cellgenic\",\"description\":\"Explore Cellgenic&#039;s advanced regenerative medicine products, specializing in high-quality exosomes for therapeutic applications. Purchase exosomes online to enhance your practice with cutting-edge solutions.\",\"publisher\":{\"@id\":\"https:\\\/\\\/cellgenic.com\\\/#organization\"},\"potentialAction\":[{\"@type\":\"SearchAction\",\"target\":{\"@type\":\"EntryPoint\",\"urlTemplate\":\"https:\\\/\\\/cellgenic.com\\\/?s={search_term_string}\"},\"query-input\":{\"@type\":\"PropertyValueSpecification\",\"valueRequired\":true,\"valueName\":\"search_term_string\"}}],\"inLanguage\":\"es\"},{\"@type\":\"Organization\",\"@id\":\"https:\\\/\\\/cellgenic.com\\\/#organization\",\"name\":\"Cellgenic\",\"url\":\"https:\\\/\\\/cellgenic.com\\\/\",\"logo\":{\"@type\":\"ImageObject\",\"inLanguage\":\"es\",\"@id\":\"https:\\\/\\\/cellgenic.com\\\/#\\\/schema\\\/logo\\\/image\\\/\",\"url\":\"https:\\\/\\\/cellgenic.com\\\/wp-content\\\/uploads\\\/2022\\\/05\\\/Cellgenic_principal_Background-Contactform3-1024x655.png\",\"contentUrl\":\"https:\\\/\\\/cellgenic.com\\\/wp-content\\\/uploads\\\/2022\\\/05\\\/Cellgenic_principal_Background-Contactform3-1024x655.png\",\"width\":1024,\"height\":655,\"caption\":\"Cellgenic\"},\"image\":{\"@id\":\"https:\\\/\\\/cellgenic.com\\\/#\\\/schema\\\/logo\\\/image\\\/\"}}]}<\/script>\n<!-- \/ Yoast SEO plugin. -->","yoast_head_json":{"title":"AGITADOR ORBITAL DIGITAL ELMI - Cellgenic","robots":{"index":"index","follow":"follow","max-snippet":"max-snippet:-1","max-image-preview":"max-image-preview:large","max-video-preview":"max-video-preview:-1"},"canonical":"https:\/\/cellgenic.com\/product\/elmi-digital-orbital-shaker\/","og_locale":"es_ES","og_type":"article","og_title":"AGITADOR ORBITAL DIGITAL ELMI - Cellgenic","og_description":"DOS Es una l\u00ednea de alto rendimiento de agitadores orbitales y oscilantes capaces de funcionar sin parar en una amplia variedad de laboratorios m\u00e9dicos, qu\u00edmicos y biol\u00f3gicos.","og_url":"https:\/\/cellgenic.com\/product\/elmi-digital-orbital-shaker\/","og_site_name":"Cellgenic","article_modified_time":"2025-01-08T02:43:20+00:00","og_image":[{"width":1000,"height":1000,"url":"https:\/\/cellgenic.com\/wp-content\/uploads\/2024\/05\/elmi.png","type":"image\/png"}],"twitter_card":"summary_large_image","schema":{"@context":"https:\/\/schema.org","@graph":[{"@type":"WebPage","@id":"https:\/\/cellgenic.com\/product\/elmi-digital-orbital-shaker\/","url":"https:\/\/cellgenic.com\/product\/elmi-digital-orbital-shaker\/","name":"AGITADOR ORBITAL DIGITAL ELMI - Cellgenic","isPartOf":{"@id":"https:\/\/cellgenic.com\/#website"},"primaryImageOfPage":{"@id":"https:\/\/cellgenic.com\/product\/elmi-digital-orbital-shaker\/#primaryimage"},"image":{"@id":"https:\/\/cellgenic.com\/product\/elmi-digital-orbital-shaker\/#primaryimage"},"thumbnailUrl":"https:\/\/cellgenic.com\/wp-content\/uploads\/2024\/05\/elmi.png","datePublished":"2024-05-07T23:26:53+00:00","dateModified":"2025-01-08T02:43:20+00:00","breadcrumb":{"@id":"https:\/\/cellgenic.com\/product\/elmi-digital-orbital-shaker\/#breadcrumb"},"inLanguage":"es","potentialAction":[{"@type":"ReadAction","target":["https:\/\/cellgenic.com\/product\/elmi-digital-orbital-shaker\/"]}]},{"@type":"ImageObject","inLanguage":"es","@id":"https:\/\/cellgenic.com\/product\/elmi-digital-orbital-shaker\/#primaryimage","url":"https:\/\/cellgenic.com\/wp-content\/uploads\/2024\/05\/elmi.png","contentUrl":"https:\/\/cellgenic.com\/wp-content\/uploads\/2024\/05\/elmi.png","width":1000,"height":1000},{"@type":"BreadcrumbList","@id":"https:\/\/cellgenic.com\/product\/elmi-digital-orbital-shaker\/#breadcrumb","itemListElement":[{"@type":"ListItem","position":1,"name":"Home","item":"https:\/\/cellgenic.com\/inicio\/"},{"@type":"ListItem","position":2,"name":"Tienda","item":"https:\/\/cellgenic.com\/tienda\/"},{"@type":"ListItem","position":3,"name":"AGITADOR ORBITAL DIGITAL ELMI"}]},{"@type":"WebSite","@id":"https:\/\/cellgenic.com\/#website","url":"https:\/\/cellgenic.com\/","name":"Cellgenic","description":"Explore Cellgenic&#039;s advanced regenerative medicine products, specializing in high-quality exosomes for therapeutic applications. Purchase exosomes online to enhance your practice with cutting-edge solutions.","publisher":{"@id":"https:\/\/cellgenic.com\/#organization"},"potentialAction":[{"@type":"SearchAction","target":{"@type":"EntryPoint","urlTemplate":"https:\/\/cellgenic.com\/?s={search_term_string}"},"query-input":{"@type":"PropertyValueSpecification","valueRequired":true,"valueName":"search_term_string"}}],"inLanguage":"es"},{"@type":"Organization","@id":"https:\/\/cellgenic.com\/#organization","name":"Cellgenic","url":"https:\/\/cellgenic.com\/","logo":{"@type":"ImageObject","inLanguage":"es","@id":"https:\/\/cellgenic.com\/#\/schema\/logo\/image\/","url":"https:\/\/cellgenic.com\/wp-content\/uploads\/2022\/05\/Cellgenic_principal_Background-Contactform3-1024x655.png","contentUrl":"https:\/\/cellgenic.com\/wp-content\/uploads\/2022\/05\/Cellgenic_principal_Background-Contactform3-1024x655.png","width":1024,"height":655,"caption":"Cellgenic"},"image":{"@id":"https:\/\/cellgenic.com\/#\/schema\/logo\/image\/"}}]}},"_links":{"self":[{"href":"https:\/\/cellgenic.com\/es\/wp-json\/wp\/v2\/product\/1976","targetHints":{"allow":["GET"]}}],"collection":[{"href":"https:\/\/cellgenic.com\/es\/wp-json\/wp\/v2\/product"}],"about":[{"href":"https:\/\/cellgenic.com\/es\/wp-json\/wp\/v2\/types\/product"}],"replies":[{"embeddable":true,"href":"https:\/\/cellgenic.com\/es\/wp-json\/wp\/v2\/comments?post=1976"}],"wp:featuredmedia":[{"embeddable":true,"href":"https:\/\/cellgenic.com\/es\/wp-json\/wp\/v2\/media\/1556"}],"wp:attachment":[{"href":"https:\/\/cellgenic.com\/es\/wp-json\/wp\/v2\/media?parent=1976"}],"wp:term":[{"taxonomy":"product_brand","embeddable":true,"href":"https:\/\/cellgenic.com\/es\/wp-json\/wp\/v2\/product_brand?post=1976"},{"taxonomy":"product_cat","embeddable":true,"href":"https:\/\/cellgenic.com\/es\/wp-json\/wp\/v2\/product_cat?post=1976"},{"taxonomy":"product_tag","embeddable":true,"href":"https:\/\/cellgenic.com\/es\/wp-json\/wp\/v2\/product_tag?post=1976"}],"curies":[{"name":"wp","href":"https:\/\/api.w.org\/{rel}","templated":true}]}}