{"id":1981,"date":"2024-05-07T23:26:52","date_gmt":"2024-05-07T23:26:52","guid":{"rendered":"https:\/\/cellgenic.com\/product\/centrifugadora-eppendorf-5702\/"},"modified":"2025-03-09T04:49:24","modified_gmt":"2025-03-09T04:49:24","slug":"centrifugadora-eppendorf-5702","status":"publish","type":"product","link":"https:\/\/cellgenic.com\/es\/product\/centrifugadora-eppendorf-5702\/","title":{"rendered":"CENTRIFUGADORA EPPENDORF 5702"},"content":{"rendered":"<h4><strong>C\u00f3mo utilizar la Centrifugadora EPPENDORF 5702<\/strong><\/h4>\n<p><iframe loading=\"lazy\" title=\"Executive Series Centrifuge\" width=\"640\" height=\"360\" src=\"https:\/\/www.youtube.com\/embed\/AdDUg-38CJw?feature=oembed\" frameborder=\"0\" allow=\"accelerometer; autoplay; clipboard-write; encrypted-media; gyroscope; picture-in-picture; web-share\" referrerpolicy=\"strict-origin-when-cross-origin\" allowfullscreen><\/iframe><\/p>\n<p><strong>Caracter\u00edsticas<\/strong><\/p>\n<p>La centrifugadora Eppendorf 5702 incluye: Rotor de cubeta oscilante A-4-38; 2 juegos de adaptadores para vacutainer de 4&#215;7 ml, cable de alimentaci\u00f3n, 90 d\u00edas de garant\u00eda.<\/p>\n<p><strong>Especificaciones principales<\/strong><\/p>\n<table class=\"table table-bordered table-striped\">\n<thead>\n<tr>\n<th>Velocidad m\u00e1xima<\/th>\n<th>4.400 RPM<\/th>\n<\/tr>\n<\/thead>\n<tbody>\n<tr>\n<td>Capacidad m\u00e1xima<\/td>\n<td>4 x 85 ml<\/td>\n<\/tr>\n<tr>\n<td>Temporizador<\/td>\n<td>1 &#8211; 99 minutos continuos<\/td>\n<\/tr>\n<tr>\n<td>Altura con la tapa abierta<\/td>\n<td>20,7 pulgadas<\/td>\n<\/tr>\n<tr>\n<td>Peso<\/td>\n<td>44 libras<\/td>\n<\/tr>\n<\/tbody>\n<\/table>\n","protected":false},"excerpt":{"rendered":"<p>La centrifugadora Eppendorf 5702 tiene una velocidad m\u00e1xima est\u00e1ndar y una fuerza g m\u00e1xima. Su capacidad m\u00e1xima permite tomar m\u00e1s muestras con un temporizador escalonado, y tambi\u00e9n un ajuste continuo. Con un tama\u00f1o relativamente peque\u00f1o, esta centrifugadora de sobremesa puede utilizarse en diversas aplicaciones sin ocupar un valioso espacio en el mostrador. Su peso y dimensiones lo hacen perfecto para utilizarlo debajo de la estanter\u00eda. El 5702 puede utilizarse en diversos entornos, desde laboratorios cl\u00ednicos a laboratorios de cultivos celulares.<\/p>\n","protected":false},"featured_media":1543,"comment_status":"open","ping_status":"closed","template":"","meta":{"_acf_changed":false,"_joinchat":[]},"product_brand":[],"product_cat":[167],"product_tag":[],"class_list":{"0":"post-1981","1":"product","2":"type-product","3":"status-publish","4":"has-post-thumbnail","6":"product_cat-equipo-de-laboratorio","8":"first","9":"instock","10":"shipping-taxable","11":"product-type-simple","12":"add-to-wishlist-before_image"},"group_of_quantity":0,"min_quantity":0,"max_quantity":"","exclude_order_quantity_value_rules":"no","exclude_category_quantity_rules":"no","combine_variations":"no","acf":[],"yoast_head":"<!-- This site is optimized with the Yoast SEO plugin v27.3 - https:\/\/yoast.com\/product\/yoast-seo-wordpress\/ -->\n<title>CENTRIFUGADORA EPPENDORF 5702 - Cellgenic<\/title>\n<meta name=\"robots\" content=\"index, follow, max-snippet:-1, max-image-preview:large, max-video-preview:-1\" \/>\n<link rel=\"canonical\" href=\"https:\/\/cellgenic.com\/?post_type=product&p=612\" \/>\n<meta property=\"og:locale\" content=\"es_ES\" \/>\n<meta property=\"og:type\" content=\"article\" \/>\n<meta property=\"og:title\" content=\"CENTRIFUGADORA EPPENDORF 5702 - Cellgenic\" \/>\n<meta property=\"og:description\" content=\"La centrifugadora Eppendorf 5702 tiene una velocidad m\u00e1xima est\u00e1ndar y una fuerza g m\u00e1xima. Su capacidad m\u00e1xima permite tomar m\u00e1s muestras con un temporizador escalonado, y tambi\u00e9n un ajuste continuo. Con un tama\u00f1o relativamente peque\u00f1o, esta centrifugadora de sobremesa puede utilizarse en diversas aplicaciones sin ocupar un valioso espacio en el mostrador. Su peso y dimensiones lo hacen perfecto para utilizarlo debajo de la estanter\u00eda. El 5702 puede utilizarse en diversos entornos, desde laboratorios cl\u00ednicos a laboratorios de cultivos celulares.\" \/>\n<meta property=\"og:url\" content=\"https:\/\/cellgenic.com\/?post_type=product&amp;p=612\" \/>\n<meta property=\"og:site_name\" content=\"Cellgenic\" \/>\n<meta property=\"article:modified_time\" content=\"2025-03-09T04:49:24+00:00\" \/>\n<meta property=\"og:image\" content=\"https:\/\/cellgenic.com\/wp-content\/uploads\/2024\/05\/410owpSAyL_SX342_.jpg\" \/>\n\t<meta property=\"og:image:width\" content=\"600\" \/>\n\t<meta property=\"og:image:height\" content=\"600\" \/>\n\t<meta property=\"og:image:type\" content=\"image\/jpeg\" \/>\n<meta name=\"twitter:card\" content=\"summary_large_image\" \/>\n<script type=\"application\/ld+json\" class=\"yoast-schema-graph\">{\"@context\":\"https:\\\/\\\/schema.org\",\"@graph\":[{\"@type\":\"WebPage\",\"@id\":\"https:\\\/\\\/cellgenic.com\\\/?post_type=product&p=612\",\"url\":\"https:\\\/\\\/cellgenic.com\\\/?post_type=product&p=612\",\"name\":\"CENTRIFUGADORA EPPENDORF 5702 - Cellgenic\",\"isPartOf\":{\"@id\":\"https:\\\/\\\/cellgenic.com\\\/#website\"},\"primaryImageOfPage\":{\"@id\":\"https:\\\/\\\/cellgenic.com\\\/?post_type=product&p=612#primaryimage\"},\"image\":{\"@id\":\"https:\\\/\\\/cellgenic.com\\\/?post_type=product&p=612#primaryimage\"},\"thumbnailUrl\":\"https:\\\/\\\/cellgenic.com\\\/wp-content\\\/uploads\\\/2024\\\/05\\\/410owpSAyL_SX342_.jpg\",\"datePublished\":\"2024-05-07T23:26:52+00:00\",\"dateModified\":\"2025-03-09T04:49:24+00:00\",\"breadcrumb\":{\"@id\":\"https:\\\/\\\/cellgenic.com\\\/?post_type=product&p=612#breadcrumb\"},\"inLanguage\":\"es\",\"potentialAction\":[{\"@type\":\"ReadAction\",\"target\":[\"https:\\\/\\\/cellgenic.com\\\/?post_type=product&p=612\"]}]},{\"@type\":\"ImageObject\",\"inLanguage\":\"es\",\"@id\":\"https:\\\/\\\/cellgenic.com\\\/?post_type=product&p=612#primaryimage\",\"url\":\"https:\\\/\\\/cellgenic.com\\\/wp-content\\\/uploads\\\/2024\\\/05\\\/410owpSAyL_SX342_.jpg\",\"contentUrl\":\"https:\\\/\\\/cellgenic.com\\\/wp-content\\\/uploads\\\/2024\\\/05\\\/410owpSAyL_SX342_.jpg\",\"width\":600,\"height\":600},{\"@type\":\"BreadcrumbList\",\"@id\":\"https:\\\/\\\/cellgenic.com\\\/?post_type=product&p=612#breadcrumb\",\"itemListElement\":[{\"@type\":\"ListItem\",\"position\":1,\"name\":\"Home\",\"item\":\"https:\\\/\\\/cellgenic.com\\\/inicio\\\/\"},{\"@type\":\"ListItem\",\"position\":2,\"name\":\"Tienda\",\"item\":\"https:\\\/\\\/cellgenic.com\\\/tienda\\\/\"},{\"@type\":\"ListItem\",\"position\":3,\"name\":\"CENTRIFUGADORA EPPENDORF 5702\"}]},{\"@type\":\"WebSite\",\"@id\":\"https:\\\/\\\/cellgenic.com\\\/#website\",\"url\":\"https:\\\/\\\/cellgenic.com\\\/\",\"name\":\"Cellgenic\",\"description\":\"Explore Cellgenic&#039;s advanced regenerative medicine products, specializing in high-quality exosomes for therapeutic applications. Purchase exosomes online to enhance your practice with cutting-edge solutions.\",\"publisher\":{\"@id\":\"https:\\\/\\\/cellgenic.com\\\/#organization\"},\"potentialAction\":[{\"@type\":\"SearchAction\",\"target\":{\"@type\":\"EntryPoint\",\"urlTemplate\":\"https:\\\/\\\/cellgenic.com\\\/?s={search_term_string}\"},\"query-input\":{\"@type\":\"PropertyValueSpecification\",\"valueRequired\":true,\"valueName\":\"search_term_string\"}}],\"inLanguage\":\"es\"},{\"@type\":\"Organization\",\"@id\":\"https:\\\/\\\/cellgenic.com\\\/#organization\",\"name\":\"Cellgenic\",\"url\":\"https:\\\/\\\/cellgenic.com\\\/\",\"logo\":{\"@type\":\"ImageObject\",\"inLanguage\":\"es\",\"@id\":\"https:\\\/\\\/cellgenic.com\\\/#\\\/schema\\\/logo\\\/image\\\/\",\"url\":\"https:\\\/\\\/cellgenic.com\\\/wp-content\\\/uploads\\\/2022\\\/05\\\/Cellgenic_principal_Background-Contactform3-1024x655.png\",\"contentUrl\":\"https:\\\/\\\/cellgenic.com\\\/wp-content\\\/uploads\\\/2022\\\/05\\\/Cellgenic_principal_Background-Contactform3-1024x655.png\",\"width\":1024,\"height\":655,\"caption\":\"Cellgenic\"},\"image\":{\"@id\":\"https:\\\/\\\/cellgenic.com\\\/#\\\/schema\\\/logo\\\/image\\\/\"}}]}<\/script>\n<!-- \/ Yoast SEO plugin. -->","yoast_head_json":{"title":"CENTRIFUGADORA EPPENDORF 5702 - Cellgenic","robots":{"index":"index","follow":"follow","max-snippet":"max-snippet:-1","max-image-preview":"max-image-preview:large","max-video-preview":"max-video-preview:-1"},"canonical":"https:\/\/cellgenic.com\/?post_type=product&p=612","og_locale":"es_ES","og_type":"article","og_title":"CENTRIFUGADORA EPPENDORF 5702 - Cellgenic","og_description":"La centrifugadora Eppendorf 5702 tiene una velocidad m\u00e1xima est\u00e1ndar y una fuerza g m\u00e1xima. Su capacidad m\u00e1xima permite tomar m\u00e1s muestras con un temporizador escalonado, y tambi\u00e9n un ajuste continuo. Con un tama\u00f1o relativamente peque\u00f1o, esta centrifugadora de sobremesa puede utilizarse en diversas aplicaciones sin ocupar un valioso espacio en el mostrador. Su peso y dimensiones lo hacen perfecto para utilizarlo debajo de la estanter\u00eda. El 5702 puede utilizarse en diversos entornos, desde laboratorios cl\u00ednicos a laboratorios de cultivos celulares.","og_url":"https:\/\/cellgenic.com\/?post_type=product&p=612","og_site_name":"Cellgenic","article_modified_time":"2025-03-09T04:49:24+00:00","og_image":[{"width":600,"height":600,"url":"https:\/\/cellgenic.com\/wp-content\/uploads\/2024\/05\/410owpSAyL_SX342_.jpg","type":"image\/jpeg"}],"twitter_card":"summary_large_image","schema":{"@context":"https:\/\/schema.org","@graph":[{"@type":"WebPage","@id":"https:\/\/cellgenic.com\/?post_type=product&p=612","url":"https:\/\/cellgenic.com\/?post_type=product&p=612","name":"CENTRIFUGADORA EPPENDORF 5702 - Cellgenic","isPartOf":{"@id":"https:\/\/cellgenic.com\/#website"},"primaryImageOfPage":{"@id":"https:\/\/cellgenic.com\/?post_type=product&p=612#primaryimage"},"image":{"@id":"https:\/\/cellgenic.com\/?post_type=product&p=612#primaryimage"},"thumbnailUrl":"https:\/\/cellgenic.com\/wp-content\/uploads\/2024\/05\/410owpSAyL_SX342_.jpg","datePublished":"2024-05-07T23:26:52+00:00","dateModified":"2025-03-09T04:49:24+00:00","breadcrumb":{"@id":"https:\/\/cellgenic.com\/?post_type=product&p=612#breadcrumb"},"inLanguage":"es","potentialAction":[{"@type":"ReadAction","target":["https:\/\/cellgenic.com\/?post_type=product&p=612"]}]},{"@type":"ImageObject","inLanguage":"es","@id":"https:\/\/cellgenic.com\/?post_type=product&p=612#primaryimage","url":"https:\/\/cellgenic.com\/wp-content\/uploads\/2024\/05\/410owpSAyL_SX342_.jpg","contentUrl":"https:\/\/cellgenic.com\/wp-content\/uploads\/2024\/05\/410owpSAyL_SX342_.jpg","width":600,"height":600},{"@type":"BreadcrumbList","@id":"https:\/\/cellgenic.com\/?post_type=product&p=612#breadcrumb","itemListElement":[{"@type":"ListItem","position":1,"name":"Home","item":"https:\/\/cellgenic.com\/inicio\/"},{"@type":"ListItem","position":2,"name":"Tienda","item":"https:\/\/cellgenic.com\/tienda\/"},{"@type":"ListItem","position":3,"name":"CENTRIFUGADORA EPPENDORF 5702"}]},{"@type":"WebSite","@id":"https:\/\/cellgenic.com\/#website","url":"https:\/\/cellgenic.com\/","name":"Cellgenic","description":"Explore Cellgenic&#039;s advanced regenerative medicine products, specializing in high-quality exosomes for therapeutic applications. Purchase exosomes online to enhance your practice with cutting-edge solutions.","publisher":{"@id":"https:\/\/cellgenic.com\/#organization"},"potentialAction":[{"@type":"SearchAction","target":{"@type":"EntryPoint","urlTemplate":"https:\/\/cellgenic.com\/?s={search_term_string}"},"query-input":{"@type":"PropertyValueSpecification","valueRequired":true,"valueName":"search_term_string"}}],"inLanguage":"es"},{"@type":"Organization","@id":"https:\/\/cellgenic.com\/#organization","name":"Cellgenic","url":"https:\/\/cellgenic.com\/","logo":{"@type":"ImageObject","inLanguage":"es","@id":"https:\/\/cellgenic.com\/#\/schema\/logo\/image\/","url":"https:\/\/cellgenic.com\/wp-content\/uploads\/2022\/05\/Cellgenic_principal_Background-Contactform3-1024x655.png","contentUrl":"https:\/\/cellgenic.com\/wp-content\/uploads\/2022\/05\/Cellgenic_principal_Background-Contactform3-1024x655.png","width":1024,"height":655,"caption":"Cellgenic"},"image":{"@id":"https:\/\/cellgenic.com\/#\/schema\/logo\/image\/"}}]}},"_links":{"self":[{"href":"https:\/\/cellgenic.com\/es\/wp-json\/wp\/v2\/product\/1981","targetHints":{"allow":["GET"]}}],"collection":[{"href":"https:\/\/cellgenic.com\/es\/wp-json\/wp\/v2\/product"}],"about":[{"href":"https:\/\/cellgenic.com\/es\/wp-json\/wp\/v2\/types\/product"}],"replies":[{"embeddable":true,"href":"https:\/\/cellgenic.com\/es\/wp-json\/wp\/v2\/comments?post=1981"}],"wp:featuredmedia":[{"embeddable":true,"href":"https:\/\/cellgenic.com\/es\/wp-json\/wp\/v2\/media\/1543"}],"wp:attachment":[{"href":"https:\/\/cellgenic.com\/es\/wp-json\/wp\/v2\/media?parent=1981"}],"wp:term":[{"taxonomy":"product_brand","embeddable":true,"href":"https:\/\/cellgenic.com\/es\/wp-json\/wp\/v2\/product_brand?post=1981"},{"taxonomy":"product_cat","embeddable":true,"href":"https:\/\/cellgenic.com\/es\/wp-json\/wp\/v2\/product_cat?post=1981"},{"taxonomy":"product_tag","embeddable":true,"href":"https:\/\/cellgenic.com\/es\/wp-json\/wp\/v2\/product_tag?post=1981"}],"curies":[{"name":"wp","href":"https:\/\/api.w.org\/{rel}","templated":true}]}}