{"id":1986,"date":"2024-05-07T23:26:52","date_gmt":"2024-05-07T23:26:52","guid":{"rendered":"https:\/\/cellgenic.com\/product\/estacion-de-trabajo-pcr\/"},"modified":"2025-01-18T19:38:57","modified_gmt":"2025-01-18T19:38:57","slug":"estacion-de-trabajo-pcr","status":"publish","type":"product","link":"https:\/\/cellgenic.com\/es\/product\/estacion-de-trabajo-pcr\/","title":{"rendered":"ESTACI\u00d3N DE TRABAJO PCR"},"content":{"rendered":"<p><strong>Caracter\u00edsticas<\/strong><\/p>\n<ul>\n<li>CLASE 100 Medio ambiente con filtro HEPA.<\/li>\n<li>Lamina vertical Flujo de aire sin recirculaci\u00f3n.<\/li>\n<li>Paredes laterales de policarbonato y puerta totalmente abierta con acceso plegable para las manos (a 17 cm del fondo).<\/li>\n<li>L\u00e1mpara UV de larga duraci\u00f3n (media de 4000 horas).<\/li>\n<li>Descontaminaci\u00f3n UV de alta densidad sin ozono.<\/li>\n<li>Funcionamiento anal\u00f3gico sencillo con el bot\u00f3n S\/W.<\/li>\n<li>Superficie de trabajo de acero inoxidable.<\/li>\n<li>Motor soplador de bajo nivel sonoro (ventilador de flujo cruzado).<\/li>\n<li>Orificios de escape seleccionables manualmente en la c\u00e1mara (en la parte trasera de la c\u00e1mara, hay una tapa deslizante delante de los orificios de escape. Hace que el orificio est\u00e9 bloqueado o abierto).<\/li>\n<\/ul>\n<p><strong>Especificaciones principales<\/strong><\/p>\n<table class=\"table table-bordered table-striped\">\n<thead>\n<tr>\n<th>Dimensiones de la c\u00e1mara<\/th>\n<th>700(ancho) x600(fondo) x9600(alto) mm<\/th>\n<\/tr>\n<\/thead>\n<tbody>\n<tr>\n<td>Dimensiones de la zona de trabajo<\/td>\n<td>675(ancho) x580(fondo) x650(alto) mm<\/td>\n<\/tr>\n<tr>\n<td>Potencia<\/td>\n<td>110\/220 V, 50\/60 Hz, 150 W.<\/td>\n<\/tr>\n<tr>\n<td>Peso<\/td>\n<td>75 kg<\/td>\n<\/tr>\n<\/tbody>\n<\/table>\n","protected":false},"excerpt":{"rendered":"<p>El N8-603WS es un banco limpio con filtro HEPA y estaci\u00f3n de trabajo PCR UV. El puesto de trabajo es de tipo banco, con estructura met\u00e1lica, paredes de policarbonato y superficie de trabajo de acero inoxidable. Con l\u00e1mparas UV abiertas y circulaci\u00f3n horizontal del aire a trav\u00e9s del filtro HEPA, este banco se utiliza durante el funcionamiento con muestras de ADN\/ARN, especialmente, para trabajos de PCR.<\/p>\n","protected":false},"featured_media":1552,"comment_status":"open","ping_status":"closed","template":"","meta":{"_acf_changed":false,"_joinchat":[]},"product_brand":[],"product_cat":[179,164],"product_tag":[],"class_list":{"0":"post-1986","1":"product","2":"type-product","3":"status-publish","4":"has-post-thumbnail","6":"product_cat-estacion-de-trabajo","7":"product_cat-punto-de-cuidado","9":"first","10":"instock","11":"shipping-taxable","12":"product-type-simple","13":"add-to-wishlist-before_image"},"group_of_quantity":0,"min_quantity":0,"max_quantity":"","exclude_order_quantity_value_rules":"no","exclude_category_quantity_rules":"no","combine_variations":"no","acf":[],"yoast_head":"<!-- This site is optimized with the Yoast SEO plugin v27.3 - https:\/\/yoast.com\/product\/yoast-seo-wordpress\/ -->\n<title>ESTACI\u00d3N DE TRABAJO PCR - Cellgenic<\/title>\n<meta name=\"robots\" content=\"index, follow, max-snippet:-1, max-image-preview:large, max-video-preview:-1\" \/>\n<link rel=\"canonical\" href=\"https:\/\/cellgenic.com\/product\/pcr-work-station\/\" \/>\n<meta property=\"og:locale\" content=\"es_ES\" \/>\n<meta property=\"og:type\" content=\"article\" \/>\n<meta property=\"og:title\" content=\"ESTACI\u00d3N DE TRABAJO PCR - Cellgenic\" \/>\n<meta property=\"og:description\" content=\"El N8-603WS es un banco limpio con filtro HEPA y estaci\u00f3n de trabajo PCR UV. El puesto de trabajo es de tipo banco, con estructura met\u00e1lica, paredes de policarbonato y superficie de trabajo de acero inoxidable. Con l\u00e1mparas UV abiertas y circulaci\u00f3n horizontal del aire a trav\u00e9s del filtro HEPA, este banco se utiliza durante el funcionamiento con muestras de ADN\/ARN, especialmente, para trabajos de PCR.\" \/>\n<meta property=\"og:url\" content=\"https:\/\/cellgenic.com\/product\/pcr-work-station\/\" \/>\n<meta property=\"og:site_name\" content=\"Cellgenic\" \/>\n<meta property=\"article:modified_time\" content=\"2025-01-18T19:38:57+00:00\" \/>\n<meta property=\"og:image\" content=\"https:\/\/cellgenic.com\/wp-content\/uploads\/2024\/05\/PCR-WORK-STATION.jpg\" \/>\n\t<meta property=\"og:image:width\" content=\"600\" \/>\n\t<meta property=\"og:image:height\" content=\"600\" \/>\n\t<meta property=\"og:image:type\" content=\"image\/jpeg\" \/>\n<meta name=\"twitter:card\" content=\"summary_large_image\" \/>\n<meta name=\"twitter:label1\" content=\"Tiempo de lectura\" \/>\n\t<meta name=\"twitter:data1\" content=\"1 minuto\" \/>\n<script type=\"application\/ld+json\" class=\"yoast-schema-graph\">{\"@context\":\"https:\\\/\\\/schema.org\",\"@graph\":[{\"@type\":\"WebPage\",\"@id\":\"https:\\\/\\\/cellgenic.com\\\/product\\\/pcr-work-station\\\/\",\"url\":\"https:\\\/\\\/cellgenic.com\\\/product\\\/pcr-work-station\\\/\",\"name\":\"ESTACI\u00d3N DE TRABAJO PCR - Cellgenic\",\"isPartOf\":{\"@id\":\"https:\\\/\\\/cellgenic.com\\\/#website\"},\"primaryImageOfPage\":{\"@id\":\"https:\\\/\\\/cellgenic.com\\\/product\\\/pcr-work-station\\\/#primaryimage\"},\"image\":{\"@id\":\"https:\\\/\\\/cellgenic.com\\\/product\\\/pcr-work-station\\\/#primaryimage\"},\"thumbnailUrl\":\"https:\\\/\\\/cellgenic.com\\\/wp-content\\\/uploads\\\/2024\\\/05\\\/PCR-WORK-STATION.jpg\",\"datePublished\":\"2024-05-07T23:26:52+00:00\",\"dateModified\":\"2025-01-18T19:38:57+00:00\",\"breadcrumb\":{\"@id\":\"https:\\\/\\\/cellgenic.com\\\/product\\\/pcr-work-station\\\/#breadcrumb\"},\"inLanguage\":\"es\",\"potentialAction\":[{\"@type\":\"ReadAction\",\"target\":[\"https:\\\/\\\/cellgenic.com\\\/product\\\/pcr-work-station\\\/\"]}]},{\"@type\":\"ImageObject\",\"inLanguage\":\"es\",\"@id\":\"https:\\\/\\\/cellgenic.com\\\/product\\\/pcr-work-station\\\/#primaryimage\",\"url\":\"https:\\\/\\\/cellgenic.com\\\/wp-content\\\/uploads\\\/2024\\\/05\\\/PCR-WORK-STATION.jpg\",\"contentUrl\":\"https:\\\/\\\/cellgenic.com\\\/wp-content\\\/uploads\\\/2024\\\/05\\\/PCR-WORK-STATION.jpg\",\"width\":600,\"height\":600},{\"@type\":\"BreadcrumbList\",\"@id\":\"https:\\\/\\\/cellgenic.com\\\/product\\\/pcr-work-station\\\/#breadcrumb\",\"itemListElement\":[{\"@type\":\"ListItem\",\"position\":1,\"name\":\"Home\",\"item\":\"https:\\\/\\\/cellgenic.com\\\/inicio\\\/\"},{\"@type\":\"ListItem\",\"position\":2,\"name\":\"Tienda\",\"item\":\"https:\\\/\\\/cellgenic.com\\\/tienda\\\/\"},{\"@type\":\"ListItem\",\"position\":3,\"name\":\"ESTACI\u00d3N DE TRABAJO PCR\"}]},{\"@type\":\"WebSite\",\"@id\":\"https:\\\/\\\/cellgenic.com\\\/#website\",\"url\":\"https:\\\/\\\/cellgenic.com\\\/\",\"name\":\"Cellgenic\",\"description\":\"Explore Cellgenic&#039;s advanced regenerative medicine products, specializing in high-quality exosomes for therapeutic applications. Purchase exosomes online to enhance your practice with cutting-edge solutions.\",\"publisher\":{\"@id\":\"https:\\\/\\\/cellgenic.com\\\/#organization\"},\"potentialAction\":[{\"@type\":\"SearchAction\",\"target\":{\"@type\":\"EntryPoint\",\"urlTemplate\":\"https:\\\/\\\/cellgenic.com\\\/?s={search_term_string}\"},\"query-input\":{\"@type\":\"PropertyValueSpecification\",\"valueRequired\":true,\"valueName\":\"search_term_string\"}}],\"inLanguage\":\"es\"},{\"@type\":\"Organization\",\"@id\":\"https:\\\/\\\/cellgenic.com\\\/#organization\",\"name\":\"Cellgenic\",\"url\":\"https:\\\/\\\/cellgenic.com\\\/\",\"logo\":{\"@type\":\"ImageObject\",\"inLanguage\":\"es\",\"@id\":\"https:\\\/\\\/cellgenic.com\\\/#\\\/schema\\\/logo\\\/image\\\/\",\"url\":\"https:\\\/\\\/cellgenic.com\\\/wp-content\\\/uploads\\\/2022\\\/05\\\/Cellgenic_principal_Background-Contactform3-1024x655.png\",\"contentUrl\":\"https:\\\/\\\/cellgenic.com\\\/wp-content\\\/uploads\\\/2022\\\/05\\\/Cellgenic_principal_Background-Contactform3-1024x655.png\",\"width\":1024,\"height\":655,\"caption\":\"Cellgenic\"},\"image\":{\"@id\":\"https:\\\/\\\/cellgenic.com\\\/#\\\/schema\\\/logo\\\/image\\\/\"}}]}<\/script>\n<!-- \/ Yoast SEO plugin. -->","yoast_head_json":{"title":"ESTACI\u00d3N DE TRABAJO PCR - Cellgenic","robots":{"index":"index","follow":"follow","max-snippet":"max-snippet:-1","max-image-preview":"max-image-preview:large","max-video-preview":"max-video-preview:-1"},"canonical":"https:\/\/cellgenic.com\/product\/pcr-work-station\/","og_locale":"es_ES","og_type":"article","og_title":"ESTACI\u00d3N DE TRABAJO PCR - Cellgenic","og_description":"El N8-603WS es un banco limpio con filtro HEPA y estaci\u00f3n de trabajo PCR UV. El puesto de trabajo es de tipo banco, con estructura met\u00e1lica, paredes de policarbonato y superficie de trabajo de acero inoxidable. Con l\u00e1mparas UV abiertas y circulaci\u00f3n horizontal del aire a trav\u00e9s del filtro HEPA, este banco se utiliza durante el funcionamiento con muestras de ADN\/ARN, especialmente, para trabajos de PCR.","og_url":"https:\/\/cellgenic.com\/product\/pcr-work-station\/","og_site_name":"Cellgenic","article_modified_time":"2025-01-18T19:38:57+00:00","og_image":[{"width":600,"height":600,"url":"https:\/\/cellgenic.com\/wp-content\/uploads\/2024\/05\/PCR-WORK-STATION.jpg","type":"image\/jpeg"}],"twitter_card":"summary_large_image","twitter_misc":{"Tiempo de lectura":"1 minuto"},"schema":{"@context":"https:\/\/schema.org","@graph":[{"@type":"WebPage","@id":"https:\/\/cellgenic.com\/product\/pcr-work-station\/","url":"https:\/\/cellgenic.com\/product\/pcr-work-station\/","name":"ESTACI\u00d3N DE TRABAJO PCR - Cellgenic","isPartOf":{"@id":"https:\/\/cellgenic.com\/#website"},"primaryImageOfPage":{"@id":"https:\/\/cellgenic.com\/product\/pcr-work-station\/#primaryimage"},"image":{"@id":"https:\/\/cellgenic.com\/product\/pcr-work-station\/#primaryimage"},"thumbnailUrl":"https:\/\/cellgenic.com\/wp-content\/uploads\/2024\/05\/PCR-WORK-STATION.jpg","datePublished":"2024-05-07T23:26:52+00:00","dateModified":"2025-01-18T19:38:57+00:00","breadcrumb":{"@id":"https:\/\/cellgenic.com\/product\/pcr-work-station\/#breadcrumb"},"inLanguage":"es","potentialAction":[{"@type":"ReadAction","target":["https:\/\/cellgenic.com\/product\/pcr-work-station\/"]}]},{"@type":"ImageObject","inLanguage":"es","@id":"https:\/\/cellgenic.com\/product\/pcr-work-station\/#primaryimage","url":"https:\/\/cellgenic.com\/wp-content\/uploads\/2024\/05\/PCR-WORK-STATION.jpg","contentUrl":"https:\/\/cellgenic.com\/wp-content\/uploads\/2024\/05\/PCR-WORK-STATION.jpg","width":600,"height":600},{"@type":"BreadcrumbList","@id":"https:\/\/cellgenic.com\/product\/pcr-work-station\/#breadcrumb","itemListElement":[{"@type":"ListItem","position":1,"name":"Home","item":"https:\/\/cellgenic.com\/inicio\/"},{"@type":"ListItem","position":2,"name":"Tienda","item":"https:\/\/cellgenic.com\/tienda\/"},{"@type":"ListItem","position":3,"name":"ESTACI\u00d3N DE TRABAJO PCR"}]},{"@type":"WebSite","@id":"https:\/\/cellgenic.com\/#website","url":"https:\/\/cellgenic.com\/","name":"Cellgenic","description":"Explore Cellgenic&#039;s advanced regenerative medicine products, specializing in high-quality exosomes for therapeutic applications. Purchase exosomes online to enhance your practice with cutting-edge solutions.","publisher":{"@id":"https:\/\/cellgenic.com\/#organization"},"potentialAction":[{"@type":"SearchAction","target":{"@type":"EntryPoint","urlTemplate":"https:\/\/cellgenic.com\/?s={search_term_string}"},"query-input":{"@type":"PropertyValueSpecification","valueRequired":true,"valueName":"search_term_string"}}],"inLanguage":"es"},{"@type":"Organization","@id":"https:\/\/cellgenic.com\/#organization","name":"Cellgenic","url":"https:\/\/cellgenic.com\/","logo":{"@type":"ImageObject","inLanguage":"es","@id":"https:\/\/cellgenic.com\/#\/schema\/logo\/image\/","url":"https:\/\/cellgenic.com\/wp-content\/uploads\/2022\/05\/Cellgenic_principal_Background-Contactform3-1024x655.png","contentUrl":"https:\/\/cellgenic.com\/wp-content\/uploads\/2022\/05\/Cellgenic_principal_Background-Contactform3-1024x655.png","width":1024,"height":655,"caption":"Cellgenic"},"image":{"@id":"https:\/\/cellgenic.com\/#\/schema\/logo\/image\/"}}]}},"_links":{"self":[{"href":"https:\/\/cellgenic.com\/es\/wp-json\/wp\/v2\/product\/1986","targetHints":{"allow":["GET"]}}],"collection":[{"href":"https:\/\/cellgenic.com\/es\/wp-json\/wp\/v2\/product"}],"about":[{"href":"https:\/\/cellgenic.com\/es\/wp-json\/wp\/v2\/types\/product"}],"replies":[{"embeddable":true,"href":"https:\/\/cellgenic.com\/es\/wp-json\/wp\/v2\/comments?post=1986"}],"wp:featuredmedia":[{"embeddable":true,"href":"https:\/\/cellgenic.com\/es\/wp-json\/wp\/v2\/media\/1552"}],"wp:attachment":[{"href":"https:\/\/cellgenic.com\/es\/wp-json\/wp\/v2\/media?parent=1986"}],"wp:term":[{"taxonomy":"product_brand","embeddable":true,"href":"https:\/\/cellgenic.com\/es\/wp-json\/wp\/v2\/product_brand?post=1986"},{"taxonomy":"product_cat","embeddable":true,"href":"https:\/\/cellgenic.com\/es\/wp-json\/wp\/v2\/product_cat?post=1986"},{"taxonomy":"product_tag","embeddable":true,"href":"https:\/\/cellgenic.com\/es\/wp-json\/wp\/v2\/product_tag?post=1986"}],"curies":[{"name":"wp","href":"https:\/\/api.w.org\/{rel}","templated":true}]}}