{"id":1988,"date":"2024-05-07T23:26:52","date_gmt":"2024-05-07T23:26:52","guid":{"rendered":"https:\/\/cellgenic.com\/product\/incubadora-de-c02-y-banco-limpio-de-lices\/"},"modified":"2025-01-08T02:43:21","modified_gmt":"2025-01-08T02:43:21","slug":"incubadora-de-c02-y-banco-limpio-de-lices","status":"publish","type":"product","link":"https:\/\/cellgenic.com\/es\/product\/incubadora-de-c02-y-banco-limpio-de-lices\/","title":{"rendered":"INCUBADORA DE C02 Y BANCO LIMPIO DE LICES"},"content":{"rendered":"<p><strong>Caracter\u00edsticas<\/strong><\/p>\n<p><strong>C\u00e1mara integrada de banco limpio combinada con incubaci\u00f3n de CO2,Micro Scope<\/strong><\/p>\n<p>En el Banco Limpio con filtro HEPA, la temperatura\/CO2\/humedad se controlan para proporcionar un entorno \u00f3ptimo para el cultivo celular La puerta delantera est\u00e1 dise\u00f1ada para construir tu microscopio. Tambi\u00e9n est\u00e1 equipado con orificios de acceso para las manos. Bajo pedido, la puerta delantera puede personalizarse.<\/p>\n<p><strong>Excelente control de la temperatura en c\u00e1mara grande y Mini<\/strong><\/p>\n<p>Utilizando calefacci\u00f3n por 5 lados (calefacci\u00f3n por todos los lados excepto la puerta delantera) en la c\u00e1mara grande, la c\u00e1mara grande tiene un excelente control de la temperatura que proporciona un entorno \u00f3ptimo para el cultivo celular, adem\u00e1s, no se produce condensaci\u00f3n en la lente del Microscopio durante la obtenci\u00f3n de im\u00e1genes de c\u00e9lulas vivas. La minic\u00e1mara tambi\u00e9n est\u00e1 epuipada con un calentador en su interior.<\/p>\n<p><strong>Eficaz sistema de flujo de aire vertical mediante motor soplador de bajo nivel de ruido y vibraciones<\/strong><\/p>\n<p>El motor del soplador est\u00e1 situado encima del filtro HEPA y hace que el aire fluya verticalmente a trav\u00e9s del HEPA. La cortina de aire que se forma justo detr\u00e1s de la puerta delantera mediante el motor soplador minimiza el flujo de aire del exterior cuando la puerta de acceso manual est\u00e1 abierta.<\/p>\n<p><strong>Control preciso del co2 y control adecuado de la humedad<\/strong><\/p>\n<p>Con dos sensores IR de doble haz, el co2 se controla con precisi\u00f3n en la c\u00e1mara grande y en la mini, respectivamente. La humedad de la c\u00e1mara grande se puede controlar mediante un humidificador ultras\u00f3nico hasta el 70% La minic\u00e1mara tambi\u00e9n se humidifica de forma natural al 70~80% mediante una botella de agua caliente.<\/p>\n<p><strong>Control respectivo para cada funci\u00f3n<\/strong><\/p>\n<p>La humedad, la temperatura y el CO2 de la minic\u00e1mara y la c\u00e1mara grande se controlan individualmente.<\/p>\n<p><strong>Luz fluorescente y luz UV incorporadas<\/strong><\/p>\n<p><strong>C\u00e1mara interior de acero inoxidable (SUS304)<\/strong><\/p>\n<p><strong>2 Puerto de acceso para el uso de dispositivos adicionales en la c\u00e1mara<\/strong><\/p>\n<p><strong>F\u00e1cil elevaci\u00f3n mediante agarre con las manos en la parte inferior y lateral del banco<\/strong><\/p>\n<p><strong>Varias opciones de personalizaci\u00f3n disponibles a petici\u00f3n<\/strong><\/p>\n<p><strong>Especificaciones principales<\/strong><\/p>\n<table class=\"table table-bordered table-striped\">\n<thead>\n<tr>\n<th>Art\u00edculos<\/th>\n<th>LICES (NB-801LCS)<\/th>\n<\/tr>\n<\/thead>\n<tbody>\n<tr>\n<td>\n<h6><strong>PUESTO DE TRABAJO (BANCO LIMPIO)<\/strong><\/h6>\n<\/td>\n<td><\/td>\n<\/tr>\n<tr>\n<td>Modo de trabajo (modo de incubaci\u00f3n)<\/td>\n<td>3 MODO DE SELECCI\u00d3N:<\/p>\n<p>1. C\u00e1mara grande (s\u00f3lo incubaci\u00f3n en puesto de trabajo)<\/p>\n<p>2. Completa (Incubaci\u00f3n en c\u00e1mara grande y mini)<\/p>\n<p>3. Mini c\u00e1mara (s\u00f3lo incubaci\u00f3n en mini c\u00e1mara)<\/td>\n<\/tr>\n<tr>\n<td>\n<h6><strong>INCUBACI\u00d3N EN C\u00c1MARA GRANDE<\/strong><\/h6>\n<\/td>\n<td><\/td>\n<\/tr>\n<tr>\n<td>Dimensi\u00f3n interna (mm)<\/td>\n<td>635(ancho) x480(alto), 670 (fondo) (profundidad) x720(alto) mm.<\/td>\n<\/tr>\n<tr>\n<td>Dimensiones totales (mm)<\/td>\n<td>712(ancho) x698(fondo) x1087(alto) mm.<\/td>\n<\/tr>\n<tr>\n<td>\n<h6><strong>MINIC\u00c1MARA (PARA LA INCUBACI\u00d3N EN LA PLATINA DEL MICROESCOPIO)<\/strong><\/h6>\n<\/td>\n<td><\/td>\n<\/tr>\n<tr>\n<td>Dimensiones<\/td>\n<td>185(ancho) x115(fondo) x40(alto) mm<\/td>\n<\/tr>\n<tr>\n<td>Potencia (V\/Hz)<\/td>\n<td>110\/220 V, 50\/60 Hz, 460 W<\/td>\n<\/tr>\n<tr>\n<td>Peso (kg)<\/td>\n<td>99 kg<\/td>\n<\/tr>\n<\/tbody>\n<\/table>\n","protected":false},"excerpt":{"rendered":"<p>LICES Es La Estaci\u00f3n De Trabajo Multifuncional Ideal Para La Imagen De C\u00e9lulas Vivas O Algunas Aplicaciones En FIV. Este banco limpio con filtro HEPA est\u00e1 equipado con una funci\u00f3n de incubaci\u00f3n de C02, como el control de la temperatura, el C02 y la humedad, que proporciona un entorno \u00f3ptimo para el cultivo celular en esta estaci\u00f3n. Su puerta frontal de dise\u00f1o especial permite instalar un microscopio en un banco o se personaliza a petici\u00f3n para adaptarla a un microscopio concreto. El peque\u00f1o incubador de C02 de la platina del microscopio ofrece una ventaja Incubaci\u00f3n de c\u00e9lulas en el microscopio durante la microscop\u00eda.<\/p>\n","protected":false},"featured_media":1551,"comment_status":"open","ping_status":"closed","template":"","meta":{"_acf_changed":false,"_joinchat":[]},"product_brand":[],"product_cat":[179,164],"product_tag":[],"class_list":{"0":"post-1988","1":"product","2":"type-product","3":"status-publish","4":"has-post-thumbnail","6":"product_cat-estacion-de-trabajo","7":"product_cat-punto-de-cuidado","9":"first","10":"instock","11":"shipping-taxable","12":"product-type-simple","13":"add-to-wishlist-before_image"},"group_of_quantity":0,"min_quantity":0,"max_quantity":"","exclude_order_quantity_value_rules":"no","exclude_category_quantity_rules":"no","combine_variations":"no","acf":[],"yoast_head":"<!-- This site is optimized with the Yoast SEO plugin v27.3 - https:\/\/yoast.com\/product\/yoast-seo-wordpress\/ -->\n<title>INCUBADORA DE C02 Y BANCO LIMPIO DE LICES - Cellgenic<\/title>\n<meta name=\"robots\" content=\"index, follow, max-snippet:-1, max-image-preview:large, max-video-preview:-1\" \/>\n<link rel=\"canonical\" href=\"https:\/\/cellgenic.com\/product\/lices-c02-incubator-and-clean-bench\/\" \/>\n<meta property=\"og:locale\" content=\"es_ES\" \/>\n<meta property=\"og:type\" content=\"article\" \/>\n<meta property=\"og:title\" content=\"INCUBADORA DE C02 Y BANCO LIMPIO DE LICES - Cellgenic\" \/>\n<meta property=\"og:description\" content=\"LICES Es La Estaci\u00f3n De Trabajo Multifuncional Ideal Para La Imagen De C\u00e9lulas Vivas O Algunas Aplicaciones En FIV. Este banco limpio con filtro HEPA est\u00e1 equipado con una funci\u00f3n de incubaci\u00f3n de C02, como el control de la temperatura, el C02 y la humedad, que proporciona un entorno \u00f3ptimo para el cultivo celular en esta estaci\u00f3n. Su puerta frontal de dise\u00f1o especial permite instalar un microscopio en un banco o se personaliza a petici\u00f3n para adaptarla a un microscopio concreto. El peque\u00f1o incubador de C02 de la platina del microscopio ofrece una ventaja Incubaci\u00f3n de c\u00e9lulas en el microscopio durante la microscop\u00eda.\" \/>\n<meta property=\"og:url\" content=\"https:\/\/cellgenic.com\/product\/lices-c02-incubator-and-clean-bench\/\" \/>\n<meta property=\"og:site_name\" content=\"Cellgenic\" \/>\n<meta property=\"article:modified_time\" content=\"2025-01-08T02:43:21+00:00\" \/>\n<meta property=\"og:image\" content=\"https:\/\/cellgenic.com\/wp-content\/uploads\/2024\/05\/LICES-C02-Incubator-and-Clean-Bench-NB-801LCS.jpg\" \/>\n\t<meta property=\"og:image:width\" content=\"600\" \/>\n\t<meta property=\"og:image:height\" content=\"600\" \/>\n\t<meta property=\"og:image:type\" content=\"image\/jpeg\" \/>\n<meta name=\"twitter:card\" content=\"summary_large_image\" \/>\n<meta name=\"twitter:label1\" content=\"Tiempo de lectura\" \/>\n\t<meta name=\"twitter:data1\" content=\"2 minutos\" \/>\n<script type=\"application\/ld+json\" class=\"yoast-schema-graph\">{\"@context\":\"https:\\\/\\\/schema.org\",\"@graph\":[{\"@type\":\"WebPage\",\"@id\":\"https:\\\/\\\/cellgenic.com\\\/product\\\/lices-c02-incubator-and-clean-bench\\\/\",\"url\":\"https:\\\/\\\/cellgenic.com\\\/product\\\/lices-c02-incubator-and-clean-bench\\\/\",\"name\":\"INCUBADORA DE C02 Y BANCO LIMPIO DE LICES - Cellgenic\",\"isPartOf\":{\"@id\":\"https:\\\/\\\/cellgenic.com\\\/#website\"},\"primaryImageOfPage\":{\"@id\":\"https:\\\/\\\/cellgenic.com\\\/product\\\/lices-c02-incubator-and-clean-bench\\\/#primaryimage\"},\"image\":{\"@id\":\"https:\\\/\\\/cellgenic.com\\\/product\\\/lices-c02-incubator-and-clean-bench\\\/#primaryimage\"},\"thumbnailUrl\":\"https:\\\/\\\/cellgenic.com\\\/wp-content\\\/uploads\\\/2024\\\/05\\\/LICES-C02-Incubator-and-Clean-Bench-NB-801LCS.jpg\",\"datePublished\":\"2024-05-07T23:26:52+00:00\",\"dateModified\":\"2025-01-08T02:43:21+00:00\",\"breadcrumb\":{\"@id\":\"https:\\\/\\\/cellgenic.com\\\/product\\\/lices-c02-incubator-and-clean-bench\\\/#breadcrumb\"},\"inLanguage\":\"es\",\"potentialAction\":[{\"@type\":\"ReadAction\",\"target\":[\"https:\\\/\\\/cellgenic.com\\\/product\\\/lices-c02-incubator-and-clean-bench\\\/\"]}]},{\"@type\":\"ImageObject\",\"inLanguage\":\"es\",\"@id\":\"https:\\\/\\\/cellgenic.com\\\/product\\\/lices-c02-incubator-and-clean-bench\\\/#primaryimage\",\"url\":\"https:\\\/\\\/cellgenic.com\\\/wp-content\\\/uploads\\\/2024\\\/05\\\/LICES-C02-Incubator-and-Clean-Bench-NB-801LCS.jpg\",\"contentUrl\":\"https:\\\/\\\/cellgenic.com\\\/wp-content\\\/uploads\\\/2024\\\/05\\\/LICES-C02-Incubator-and-Clean-Bench-NB-801LCS.jpg\",\"width\":600,\"height\":600},{\"@type\":\"BreadcrumbList\",\"@id\":\"https:\\\/\\\/cellgenic.com\\\/product\\\/lices-c02-incubator-and-clean-bench\\\/#breadcrumb\",\"itemListElement\":[{\"@type\":\"ListItem\",\"position\":1,\"name\":\"Home\",\"item\":\"https:\\\/\\\/cellgenic.com\\\/inicio\\\/\"},{\"@type\":\"ListItem\",\"position\":2,\"name\":\"Tienda\",\"item\":\"https:\\\/\\\/cellgenic.com\\\/tienda\\\/\"},{\"@type\":\"ListItem\",\"position\":3,\"name\":\"INCUBADORA DE C02 Y BANCO LIMPIO DE LICES\"}]},{\"@type\":\"WebSite\",\"@id\":\"https:\\\/\\\/cellgenic.com\\\/#website\",\"url\":\"https:\\\/\\\/cellgenic.com\\\/\",\"name\":\"Cellgenic\",\"description\":\"Explore Cellgenic&#039;s advanced regenerative medicine products, specializing in high-quality exosomes for therapeutic applications. Purchase exosomes online to enhance your practice with cutting-edge solutions.\",\"publisher\":{\"@id\":\"https:\\\/\\\/cellgenic.com\\\/#organization\"},\"potentialAction\":[{\"@type\":\"SearchAction\",\"target\":{\"@type\":\"EntryPoint\",\"urlTemplate\":\"https:\\\/\\\/cellgenic.com\\\/?s={search_term_string}\"},\"query-input\":{\"@type\":\"PropertyValueSpecification\",\"valueRequired\":true,\"valueName\":\"search_term_string\"}}],\"inLanguage\":\"es\"},{\"@type\":\"Organization\",\"@id\":\"https:\\\/\\\/cellgenic.com\\\/#organization\",\"name\":\"Cellgenic\",\"url\":\"https:\\\/\\\/cellgenic.com\\\/\",\"logo\":{\"@type\":\"ImageObject\",\"inLanguage\":\"es\",\"@id\":\"https:\\\/\\\/cellgenic.com\\\/#\\\/schema\\\/logo\\\/image\\\/\",\"url\":\"https:\\\/\\\/cellgenic.com\\\/wp-content\\\/uploads\\\/2022\\\/05\\\/Cellgenic_principal_Background-Contactform3-1024x655.png\",\"contentUrl\":\"https:\\\/\\\/cellgenic.com\\\/wp-content\\\/uploads\\\/2022\\\/05\\\/Cellgenic_principal_Background-Contactform3-1024x655.png\",\"width\":1024,\"height\":655,\"caption\":\"Cellgenic\"},\"image\":{\"@id\":\"https:\\\/\\\/cellgenic.com\\\/#\\\/schema\\\/logo\\\/image\\\/\"}}]}<\/script>\n<!-- \/ Yoast SEO plugin. -->","yoast_head_json":{"title":"INCUBADORA DE C02 Y BANCO LIMPIO DE LICES - Cellgenic","robots":{"index":"index","follow":"follow","max-snippet":"max-snippet:-1","max-image-preview":"max-image-preview:large","max-video-preview":"max-video-preview:-1"},"canonical":"https:\/\/cellgenic.com\/product\/lices-c02-incubator-and-clean-bench\/","og_locale":"es_ES","og_type":"article","og_title":"INCUBADORA DE C02 Y BANCO LIMPIO DE LICES - Cellgenic","og_description":"LICES Es La Estaci\u00f3n De Trabajo Multifuncional Ideal Para La Imagen De C\u00e9lulas Vivas O Algunas Aplicaciones En FIV. Este banco limpio con filtro HEPA est\u00e1 equipado con una funci\u00f3n de incubaci\u00f3n de C02, como el control de la temperatura, el C02 y la humedad, que proporciona un entorno \u00f3ptimo para el cultivo celular en esta estaci\u00f3n. Su puerta frontal de dise\u00f1o especial permite instalar un microscopio en un banco o se personaliza a petici\u00f3n para adaptarla a un microscopio concreto. El peque\u00f1o incubador de C02 de la platina del microscopio ofrece una ventaja Incubaci\u00f3n de c\u00e9lulas en el microscopio durante la microscop\u00eda.","og_url":"https:\/\/cellgenic.com\/product\/lices-c02-incubator-and-clean-bench\/","og_site_name":"Cellgenic","article_modified_time":"2025-01-08T02:43:21+00:00","og_image":[{"width":600,"height":600,"url":"https:\/\/cellgenic.com\/wp-content\/uploads\/2024\/05\/LICES-C02-Incubator-and-Clean-Bench-NB-801LCS.jpg","type":"image\/jpeg"}],"twitter_card":"summary_large_image","twitter_misc":{"Tiempo de lectura":"2 minutos"},"schema":{"@context":"https:\/\/schema.org","@graph":[{"@type":"WebPage","@id":"https:\/\/cellgenic.com\/product\/lices-c02-incubator-and-clean-bench\/","url":"https:\/\/cellgenic.com\/product\/lices-c02-incubator-and-clean-bench\/","name":"INCUBADORA DE C02 Y BANCO LIMPIO DE LICES - Cellgenic","isPartOf":{"@id":"https:\/\/cellgenic.com\/#website"},"primaryImageOfPage":{"@id":"https:\/\/cellgenic.com\/product\/lices-c02-incubator-and-clean-bench\/#primaryimage"},"image":{"@id":"https:\/\/cellgenic.com\/product\/lices-c02-incubator-and-clean-bench\/#primaryimage"},"thumbnailUrl":"https:\/\/cellgenic.com\/wp-content\/uploads\/2024\/05\/LICES-C02-Incubator-and-Clean-Bench-NB-801LCS.jpg","datePublished":"2024-05-07T23:26:52+00:00","dateModified":"2025-01-08T02:43:21+00:00","breadcrumb":{"@id":"https:\/\/cellgenic.com\/product\/lices-c02-incubator-and-clean-bench\/#breadcrumb"},"inLanguage":"es","potentialAction":[{"@type":"ReadAction","target":["https:\/\/cellgenic.com\/product\/lices-c02-incubator-and-clean-bench\/"]}]},{"@type":"ImageObject","inLanguage":"es","@id":"https:\/\/cellgenic.com\/product\/lices-c02-incubator-and-clean-bench\/#primaryimage","url":"https:\/\/cellgenic.com\/wp-content\/uploads\/2024\/05\/LICES-C02-Incubator-and-Clean-Bench-NB-801LCS.jpg","contentUrl":"https:\/\/cellgenic.com\/wp-content\/uploads\/2024\/05\/LICES-C02-Incubator-and-Clean-Bench-NB-801LCS.jpg","width":600,"height":600},{"@type":"BreadcrumbList","@id":"https:\/\/cellgenic.com\/product\/lices-c02-incubator-and-clean-bench\/#breadcrumb","itemListElement":[{"@type":"ListItem","position":1,"name":"Home","item":"https:\/\/cellgenic.com\/inicio\/"},{"@type":"ListItem","position":2,"name":"Tienda","item":"https:\/\/cellgenic.com\/tienda\/"},{"@type":"ListItem","position":3,"name":"INCUBADORA DE C02 Y BANCO LIMPIO DE LICES"}]},{"@type":"WebSite","@id":"https:\/\/cellgenic.com\/#website","url":"https:\/\/cellgenic.com\/","name":"Cellgenic","description":"Explore Cellgenic&#039;s advanced regenerative medicine products, specializing in high-quality exosomes for therapeutic applications. Purchase exosomes online to enhance your practice with cutting-edge solutions.","publisher":{"@id":"https:\/\/cellgenic.com\/#organization"},"potentialAction":[{"@type":"SearchAction","target":{"@type":"EntryPoint","urlTemplate":"https:\/\/cellgenic.com\/?s={search_term_string}"},"query-input":{"@type":"PropertyValueSpecification","valueRequired":true,"valueName":"search_term_string"}}],"inLanguage":"es"},{"@type":"Organization","@id":"https:\/\/cellgenic.com\/#organization","name":"Cellgenic","url":"https:\/\/cellgenic.com\/","logo":{"@type":"ImageObject","inLanguage":"es","@id":"https:\/\/cellgenic.com\/#\/schema\/logo\/image\/","url":"https:\/\/cellgenic.com\/wp-content\/uploads\/2022\/05\/Cellgenic_principal_Background-Contactform3-1024x655.png","contentUrl":"https:\/\/cellgenic.com\/wp-content\/uploads\/2022\/05\/Cellgenic_principal_Background-Contactform3-1024x655.png","width":1024,"height":655,"caption":"Cellgenic"},"image":{"@id":"https:\/\/cellgenic.com\/#\/schema\/logo\/image\/"}}]}},"_links":{"self":[{"href":"https:\/\/cellgenic.com\/es\/wp-json\/wp\/v2\/product\/1988","targetHints":{"allow":["GET"]}}],"collection":[{"href":"https:\/\/cellgenic.com\/es\/wp-json\/wp\/v2\/product"}],"about":[{"href":"https:\/\/cellgenic.com\/es\/wp-json\/wp\/v2\/types\/product"}],"replies":[{"embeddable":true,"href":"https:\/\/cellgenic.com\/es\/wp-json\/wp\/v2\/comments?post=1988"}],"wp:featuredmedia":[{"embeddable":true,"href":"https:\/\/cellgenic.com\/es\/wp-json\/wp\/v2\/media\/1551"}],"wp:attachment":[{"href":"https:\/\/cellgenic.com\/es\/wp-json\/wp\/v2\/media?parent=1988"}],"wp:term":[{"taxonomy":"product_brand","embeddable":true,"href":"https:\/\/cellgenic.com\/es\/wp-json\/wp\/v2\/product_brand?post=1988"},{"taxonomy":"product_cat","embeddable":true,"href":"https:\/\/cellgenic.com\/es\/wp-json\/wp\/v2\/product_cat?post=1988"},{"taxonomy":"product_tag","embeddable":true,"href":"https:\/\/cellgenic.com\/es\/wp-json\/wp\/v2\/product_tag?post=1988"}],"curies":[{"name":"wp","href":"https:\/\/api.w.org\/{rel}","templated":true}]}}