{"id":1995,"date":"2024-05-07T23:26:51","date_gmt":"2024-05-07T23:26:51","guid":{"rendered":"https:\/\/cellgenic.com\/product\/agitador-remoto\/"},"modified":"2025-01-08T02:43:23","modified_gmt":"2025-01-08T02:43:23","slug":"agitador-remoto","status":"publish","type":"product","link":"https:\/\/cellgenic.com\/es\/product\/agitador-remoto\/","title":{"rendered":"AGITADOR REMOTO"},"content":{"rendered":"<p><strong>Caracter\u00edsticas<\/strong><\/p>\n<ul>\n<li>Desprendimiento de calor extremadamente bajo del agitador.<\/li>\n<li>El motor BLDC del agitador funciona con electricidad de muy pocos vatios, por lo que el calor del motor del agitador es muy bajo. Esto es ideal para que el agitador se utilice dentro de la incubadora o c\u00e1mara donde se requiera mantener temperaturas uniformes.<\/li>\n<li>Estructura resistente a la humedad.<\/li>\n<li>La bobina el\u00e9ctrica y algunas partes el\u00e9ctricas del motor del agitador est\u00e1n recubiertas de epoxi, que protege las partes el\u00e9ctricas de la humedad elevada. De hecho, otras piezas el\u00e9ctricas, como la placa base o la pantalla LED, se instalan en una caja remota para que est\u00e9n alejadas de la humedad, el CO2 o entornos extremos, como temperaturas altas o bajas.<\/li>\n<li>Caja de control remoto por cable.<\/li>\n<li>Esto permite al usuario controlar el agitador fuera de la incubadora. Muestra claramente el estado del agitador para que el usuario no tenga que abrir la puerta de la incubadora para comprobarlo. Esto ahorra tiempo y minimiza la p\u00e9rdida de energ\u00eda causada por la apertura de la puerta de la incubadora.<\/li>\n<li>Conexi\u00f3n de cable fino entre el agitador y la caja de control.<\/li>\n<li>Un cable muy fino permite pasar a trav\u00e9s de la parte sellada de la puerta interior de cristal, aunque no haya ning\u00fan puerto de acceso en tu incubadora.<\/li>\n<li>Colocaci\u00f3n de la caja del mando a distancia con im\u00e1n o percha, o simplemente de pie.<\/li>\n<li>Dependiendo del tipo de material de la incubadora o de la situaci\u00f3n del laboratorio, la colocaci\u00f3n de la caja remota est\u00e1 disponible con 3 opciones, como fijaci\u00f3n con im\u00e1n, colgada con percha de correa o simplemente de pie encima de la incubadora (o en una mesa cerca de la incubadora).<\/li>\n<\/ul>\n<p><strong>Especificaciones principales<\/strong><\/p>\n<table class=\"table table-bordered table-striped\">\n<thead>\n<tr>\n<th>Art\u00edculo<\/th>\n<th>NB-101SRC<\/th>\n<th>NB-101MRC<\/th>\n<\/tr>\n<\/thead>\n<tbody>\n<tr>\n<td>Caja de control Tama\u00f1o\/peso (mm)<\/td>\n<td>190Wx50Lx140 (H) mm\/2kg<\/td>\n<td>190Wx50Lx140 (H) mm\/2kg<\/td>\n<\/tr>\n<tr>\n<td>Tama\u00f1o del agitador<\/td>\n<td>305x350x85(H) mm<\/td>\n<td>465x540x125(H) mm<\/td>\n<\/tr>\n<tr>\n<td>Peso<\/td>\n<td>7,5 kg<\/td>\n<td>35 kg<\/td>\n<\/tr>\n<tr>\n<td>Potencia<\/td>\n<td>110\/220V<\/td>\n<td>50\/60 Hz<\/td>\n<\/tr>\n<\/tbody>\n<\/table>\n","protected":false},"excerpt":{"rendered":"<p>Se trata de un agitador de tama\u00f1o compacto con ventajas como un tama\u00f1o reducido y f\u00e1cil de mover. El motor BLDC tipo placa incorporado proporciona bajo nivel de ruido y vibraciones. A pesar de su tama\u00f1o compacto, el agitador es potente y el lugar de trabajo es grande para cargar varios recipientes.<\/p>\n","protected":false},"featured_media":1535,"comment_status":"open","ping_status":"closed","template":"","meta":{"_acf_changed":false,"_joinchat":[]},"product_brand":[],"product_cat":[181,167],"product_tag":[],"class_list":{"0":"post-1995","1":"product","2":"type-product","3":"status-publish","4":"has-post-thumbnail","6":"product_cat-agitadores","7":"product_cat-equipo-de-laboratorio","9":"first","10":"instock","11":"shipping-taxable","12":"product-type-simple","13":"add-to-wishlist-before_image"},"group_of_quantity":0,"min_quantity":0,"max_quantity":"","exclude_order_quantity_value_rules":"no","exclude_category_quantity_rules":"no","combine_variations":"no","acf":[],"yoast_head":"<!-- This site is optimized with the Yoast SEO plugin v27.3 - https:\/\/yoast.com\/product\/yoast-seo-wordpress\/ -->\n<title>AGITADOR REMOTO - Cellgenic<\/title>\n<meta name=\"robots\" content=\"index, follow, max-snippet:-1, max-image-preview:large, max-video-preview:-1\" \/>\n<link rel=\"canonical\" href=\"https:\/\/cellgenic.com\/es\/product\/agitador-remoto\/\" \/>\n<meta property=\"og:locale\" content=\"es_ES\" \/>\n<meta property=\"og:type\" content=\"article\" \/>\n<meta property=\"og:title\" content=\"AGITADOR REMOTO - Cellgenic\" \/>\n<meta property=\"og:description\" content=\"Se trata de un agitador de tama\u00f1o compacto con ventajas como un tama\u00f1o reducido y f\u00e1cil de mover. El motor BLDC tipo placa incorporado proporciona bajo nivel de ruido y vibraciones. A pesar de su tama\u00f1o compacto, el agitador es potente y el lugar de trabajo es grande para cargar varios recipientes.\" \/>\n<meta property=\"og:url\" content=\"https:\/\/cellgenic.com\/es\/product\/agitador-remoto\/\" \/>\n<meta property=\"og:site_name\" content=\"Cellgenic\" \/>\n<meta property=\"article:modified_time\" content=\"2025-01-08T02:43:23+00:00\" \/>\n<meta property=\"og:image\" content=\"https:\/\/cellgenic.com\/wp-content\/uploads\/2024\/05\/remote-shaker.jpg\" \/>\n\t<meta property=\"og:image:width\" content=\"600\" \/>\n\t<meta property=\"og:image:height\" content=\"600\" \/>\n\t<meta property=\"og:image:type\" content=\"image\/jpeg\" \/>\n<meta name=\"twitter:card\" content=\"summary_large_image\" \/>\n<meta name=\"twitter:label1\" content=\"Tiempo de lectura\" \/>\n\t<meta name=\"twitter:data1\" content=\"2 minutos\" \/>\n<script type=\"application\/ld+json\" class=\"yoast-schema-graph\">{\"@context\":\"https:\\\/\\\/schema.org\",\"@graph\":[{\"@type\":\"WebPage\",\"@id\":\"https:\\\/\\\/cellgenic.com\\\/es\\\/product\\\/agitador-remoto\\\/\",\"url\":\"https:\\\/\\\/cellgenic.com\\\/es\\\/product\\\/agitador-remoto\\\/\",\"name\":\"AGITADOR REMOTO - Cellgenic\",\"isPartOf\":{\"@id\":\"https:\\\/\\\/cellgenic.com\\\/#website\"},\"primaryImageOfPage\":{\"@id\":\"https:\\\/\\\/cellgenic.com\\\/es\\\/product\\\/agitador-remoto\\\/#primaryimage\"},\"image\":{\"@id\":\"https:\\\/\\\/cellgenic.com\\\/es\\\/product\\\/agitador-remoto\\\/#primaryimage\"},\"thumbnailUrl\":\"https:\\\/\\\/cellgenic.com\\\/wp-content\\\/uploads\\\/2024\\\/05\\\/remote-shaker.jpg\",\"datePublished\":\"2024-05-07T23:26:51+00:00\",\"dateModified\":\"2025-01-08T02:43:23+00:00\",\"breadcrumb\":{\"@id\":\"https:\\\/\\\/cellgenic.com\\\/es\\\/product\\\/agitador-remoto\\\/#breadcrumb\"},\"inLanguage\":\"es\",\"potentialAction\":[{\"@type\":\"ReadAction\",\"target\":[\"https:\\\/\\\/cellgenic.com\\\/es\\\/product\\\/agitador-remoto\\\/\"]}]},{\"@type\":\"ImageObject\",\"inLanguage\":\"es\",\"@id\":\"https:\\\/\\\/cellgenic.com\\\/es\\\/product\\\/agitador-remoto\\\/#primaryimage\",\"url\":\"https:\\\/\\\/cellgenic.com\\\/wp-content\\\/uploads\\\/2024\\\/05\\\/remote-shaker.jpg\",\"contentUrl\":\"https:\\\/\\\/cellgenic.com\\\/wp-content\\\/uploads\\\/2024\\\/05\\\/remote-shaker.jpg\",\"width\":600,\"height\":600},{\"@type\":\"BreadcrumbList\",\"@id\":\"https:\\\/\\\/cellgenic.com\\\/es\\\/product\\\/agitador-remoto\\\/#breadcrumb\",\"itemListElement\":[{\"@type\":\"ListItem\",\"position\":1,\"name\":\"Home\",\"item\":\"https:\\\/\\\/cellgenic.com\\\/inicio\\\/\"},{\"@type\":\"ListItem\",\"position\":2,\"name\":\"Tienda\",\"item\":\"https:\\\/\\\/cellgenic.com\\\/tienda\\\/\"},{\"@type\":\"ListItem\",\"position\":3,\"name\":\"AGITADOR REMOTO\"}]},{\"@type\":\"WebSite\",\"@id\":\"https:\\\/\\\/cellgenic.com\\\/#website\",\"url\":\"https:\\\/\\\/cellgenic.com\\\/\",\"name\":\"Cellgenic\",\"description\":\"Explore Cellgenic&#039;s advanced regenerative medicine products, specializing in high-quality exosomes for therapeutic applications. Purchase exosomes online to enhance your practice with cutting-edge solutions.\",\"publisher\":{\"@id\":\"https:\\\/\\\/cellgenic.com\\\/#organization\"},\"potentialAction\":[{\"@type\":\"SearchAction\",\"target\":{\"@type\":\"EntryPoint\",\"urlTemplate\":\"https:\\\/\\\/cellgenic.com\\\/?s={search_term_string}\"},\"query-input\":{\"@type\":\"PropertyValueSpecification\",\"valueRequired\":true,\"valueName\":\"search_term_string\"}}],\"inLanguage\":\"es\"},{\"@type\":\"Organization\",\"@id\":\"https:\\\/\\\/cellgenic.com\\\/#organization\",\"name\":\"Cellgenic\",\"url\":\"https:\\\/\\\/cellgenic.com\\\/\",\"logo\":{\"@type\":\"ImageObject\",\"inLanguage\":\"es\",\"@id\":\"https:\\\/\\\/cellgenic.com\\\/#\\\/schema\\\/logo\\\/image\\\/\",\"url\":\"https:\\\/\\\/cellgenic.com\\\/wp-content\\\/uploads\\\/2022\\\/05\\\/Cellgenic_principal_Background-Contactform3-1024x655.png\",\"contentUrl\":\"https:\\\/\\\/cellgenic.com\\\/wp-content\\\/uploads\\\/2022\\\/05\\\/Cellgenic_principal_Background-Contactform3-1024x655.png\",\"width\":1024,\"height\":655,\"caption\":\"Cellgenic\"},\"image\":{\"@id\":\"https:\\\/\\\/cellgenic.com\\\/#\\\/schema\\\/logo\\\/image\\\/\"}}]}<\/script>\n<!-- \/ Yoast SEO plugin. -->","yoast_head_json":{"title":"AGITADOR REMOTO - Cellgenic","robots":{"index":"index","follow":"follow","max-snippet":"max-snippet:-1","max-image-preview":"max-image-preview:large","max-video-preview":"max-video-preview:-1"},"canonical":"https:\/\/cellgenic.com\/es\/product\/agitador-remoto\/","og_locale":"es_ES","og_type":"article","og_title":"AGITADOR REMOTO - Cellgenic","og_description":"Se trata de un agitador de tama\u00f1o compacto con ventajas como un tama\u00f1o reducido y f\u00e1cil de mover. El motor BLDC tipo placa incorporado proporciona bajo nivel de ruido y vibraciones. A pesar de su tama\u00f1o compacto, el agitador es potente y el lugar de trabajo es grande para cargar varios recipientes.","og_url":"https:\/\/cellgenic.com\/es\/product\/agitador-remoto\/","og_site_name":"Cellgenic","article_modified_time":"2025-01-08T02:43:23+00:00","og_image":[{"width":600,"height":600,"url":"https:\/\/cellgenic.com\/wp-content\/uploads\/2024\/05\/remote-shaker.jpg","type":"image\/jpeg"}],"twitter_card":"summary_large_image","twitter_misc":{"Tiempo de lectura":"2 minutos"},"schema":{"@context":"https:\/\/schema.org","@graph":[{"@type":"WebPage","@id":"https:\/\/cellgenic.com\/es\/product\/agitador-remoto\/","url":"https:\/\/cellgenic.com\/es\/product\/agitador-remoto\/","name":"AGITADOR REMOTO - Cellgenic","isPartOf":{"@id":"https:\/\/cellgenic.com\/#website"},"primaryImageOfPage":{"@id":"https:\/\/cellgenic.com\/es\/product\/agitador-remoto\/#primaryimage"},"image":{"@id":"https:\/\/cellgenic.com\/es\/product\/agitador-remoto\/#primaryimage"},"thumbnailUrl":"https:\/\/cellgenic.com\/wp-content\/uploads\/2024\/05\/remote-shaker.jpg","datePublished":"2024-05-07T23:26:51+00:00","dateModified":"2025-01-08T02:43:23+00:00","breadcrumb":{"@id":"https:\/\/cellgenic.com\/es\/product\/agitador-remoto\/#breadcrumb"},"inLanguage":"es","potentialAction":[{"@type":"ReadAction","target":["https:\/\/cellgenic.com\/es\/product\/agitador-remoto\/"]}]},{"@type":"ImageObject","inLanguage":"es","@id":"https:\/\/cellgenic.com\/es\/product\/agitador-remoto\/#primaryimage","url":"https:\/\/cellgenic.com\/wp-content\/uploads\/2024\/05\/remote-shaker.jpg","contentUrl":"https:\/\/cellgenic.com\/wp-content\/uploads\/2024\/05\/remote-shaker.jpg","width":600,"height":600},{"@type":"BreadcrumbList","@id":"https:\/\/cellgenic.com\/es\/product\/agitador-remoto\/#breadcrumb","itemListElement":[{"@type":"ListItem","position":1,"name":"Home","item":"https:\/\/cellgenic.com\/inicio\/"},{"@type":"ListItem","position":2,"name":"Tienda","item":"https:\/\/cellgenic.com\/tienda\/"},{"@type":"ListItem","position":3,"name":"AGITADOR REMOTO"}]},{"@type":"WebSite","@id":"https:\/\/cellgenic.com\/#website","url":"https:\/\/cellgenic.com\/","name":"Cellgenic","description":"Explore Cellgenic&#039;s advanced regenerative medicine products, specializing in high-quality exosomes for therapeutic applications. Purchase exosomes online to enhance your practice with cutting-edge solutions.","publisher":{"@id":"https:\/\/cellgenic.com\/#organization"},"potentialAction":[{"@type":"SearchAction","target":{"@type":"EntryPoint","urlTemplate":"https:\/\/cellgenic.com\/?s={search_term_string}"},"query-input":{"@type":"PropertyValueSpecification","valueRequired":true,"valueName":"search_term_string"}}],"inLanguage":"es"},{"@type":"Organization","@id":"https:\/\/cellgenic.com\/#organization","name":"Cellgenic","url":"https:\/\/cellgenic.com\/","logo":{"@type":"ImageObject","inLanguage":"es","@id":"https:\/\/cellgenic.com\/#\/schema\/logo\/image\/","url":"https:\/\/cellgenic.com\/wp-content\/uploads\/2022\/05\/Cellgenic_principal_Background-Contactform3-1024x655.png","contentUrl":"https:\/\/cellgenic.com\/wp-content\/uploads\/2022\/05\/Cellgenic_principal_Background-Contactform3-1024x655.png","width":1024,"height":655,"caption":"Cellgenic"},"image":{"@id":"https:\/\/cellgenic.com\/#\/schema\/logo\/image\/"}}]}},"_links":{"self":[{"href":"https:\/\/cellgenic.com\/es\/wp-json\/wp\/v2\/product\/1995","targetHints":{"allow":["GET"]}}],"collection":[{"href":"https:\/\/cellgenic.com\/es\/wp-json\/wp\/v2\/product"}],"about":[{"href":"https:\/\/cellgenic.com\/es\/wp-json\/wp\/v2\/types\/product"}],"replies":[{"embeddable":true,"href":"https:\/\/cellgenic.com\/es\/wp-json\/wp\/v2\/comments?post=1995"}],"wp:featuredmedia":[{"embeddable":true,"href":"https:\/\/cellgenic.com\/es\/wp-json\/wp\/v2\/media\/1535"}],"wp:attachment":[{"href":"https:\/\/cellgenic.com\/es\/wp-json\/wp\/v2\/media?parent=1995"}],"wp:term":[{"taxonomy":"product_brand","embeddable":true,"href":"https:\/\/cellgenic.com\/es\/wp-json\/wp\/v2\/product_brand?post=1995"},{"taxonomy":"product_cat","embeddable":true,"href":"https:\/\/cellgenic.com\/es\/wp-json\/wp\/v2\/product_cat?post=1995"},{"taxonomy":"product_tag","embeddable":true,"href":"https:\/\/cellgenic.com\/es\/wp-json\/wp\/v2\/product_tag?post=1995"}],"curies":[{"name":"wp","href":"https:\/\/api.w.org\/{rel}","templated":true}]}}