{"id":2003,"date":"2024-05-07T23:26:21","date_gmt":"2024-05-07T23:26:21","guid":{"rendered":"https:\/\/cellgenic.com\/product\/incubadora-de-hibridacion\/"},"modified":"2025-01-08T02:43:52","modified_gmt":"2025-01-08T02:43:52","slug":"incubadora-de-hibridacion","status":"publish","type":"product","link":"https:\/\/cellgenic.com\/es\/product\/incubadora-de-hibridacion\/","title":{"rendered":"INCUBADORA DE HIBRIDACI\u00d3N"},"content":{"rendered":"<ul>\n<li><strong>La hibridaci\u00f3n de seguridad proporciona.<\/strong> La hibridaci\u00f3n estable y segura proporciona resultados muy eficaces.<\/li>\n<li><strong>Control por microprocesador.<\/strong> El control por microprocesador permite controlar con precisi\u00f3n la temperatura.<\/li>\n<li><strong>Rotaci\u00f3n estabilizada.<\/strong> Funcionamiento estable y poco ruidoso gracias a la rotaci\u00f3n estable.<\/li>\n<li><strong>Puerta exterior de cristal.<\/strong> La puerta exterior de cristal permite la observaci\u00f3n sin abrir la puerta.<\/li>\n<li><strong>Interruptor de seguridad.<\/strong> El interruptor de seguridad est\u00e1 equipado para evitar el sobrecalentamiento.<\/li>\n<li><strong>Botellero f\u00e1cil de cambiar. <\/strong>El botellero se puede sustituir muy f\u00e1cilmente para modificar los portabotellas.<\/li>\n<li><strong>Uso sincronizado del rotador y el balanc\u00edn (NB-202R).<\/strong> Los usuarios pueden girar y mecer las muestras simult\u00e1neamente.<\/li>\n<\/ul>\n<p><strong>Especificaciones principales<\/strong><\/p>\n<table class=\"table table-bordered table-striped\">\n<thead>\n<tr>\n<th><strong>Unidad<\/strong><\/th>\n<th><strong>NB-202<\/strong><\/th>\n<th><strong>NB-202R<\/strong><\/th>\n<\/tr>\n<\/thead>\n<tbody>\n<tr>\n<td>Dimensi\u00f3n de la c\u00e1mara (mm)<\/td>\n<td>320(ancho) x350(fondo) x370(alto) mm<\/td>\n<td>320(ancho) x350(fondo) x370(alto) mm<\/td>\n<\/tr>\n<tr>\n<td>Dimensi\u00f3n total (mm)<\/td>\n<td>415(ancho) x465(fondo) x540(alto) mm<\/td>\n<td>415(ancho) x465(fondo) x540(alto) mm<\/td>\n<\/tr>\n<tr>\n<td>Potencia<\/td>\n<td>110\/220 V, 50\/60 Hz, 400 W<\/td>\n<td>110\/220 V, 50\/60 Hz, 400 W<\/td>\n<\/tr>\n<\/tbody>\n<\/table>\n","protected":false},"excerpt":{"rendered":"<p>Dise\u00f1ada para proporcionar s\u00f3lo Hibridaci\u00f3n o con Balanceo en una Incubadora. Calentamiento r\u00e1pido y<\/p>\n<p>El Control Preciso de la Temperatura ayuda a una mezcla, Hibridaci\u00f3n e Incubaci\u00f3n eficientes de las muestras.<\/p>\n","protected":false},"featured_media":1497,"comment_status":"open","ping_status":"closed","template":"","meta":{"_acf_changed":false,"_joinchat":[]},"product_brand":[],"product_cat":[167,183],"product_tag":[],"class_list":{"0":"post-2003","1":"product","2":"type-product","3":"status-publish","4":"has-post-thumbnail","6":"product_cat-equipo-de-laboratorio","7":"product_cat-incubadora-vibratoria","9":"first","10":"instock","11":"shipping-taxable","12":"product-type-simple","13":"add-to-wishlist-before_image"},"group_of_quantity":0,"min_quantity":0,"max_quantity":"","exclude_order_quantity_value_rules":"no","exclude_category_quantity_rules":"no","combine_variations":"no","acf":[],"yoast_head":"<!-- This site is optimized with the Yoast SEO plugin v27.3 - https:\/\/yoast.com\/product\/yoast-seo-wordpress\/ -->\n<title>INCUBADORA DE HIBRIDACI\u00d3N - Cellgenic<\/title>\n<meta name=\"robots\" content=\"index, follow, max-snippet:-1, max-image-preview:large, max-video-preview:-1\" \/>\n<link rel=\"canonical\" href=\"https:\/\/cellgenic.com\/product\/hybridization-incubator\/\" \/>\n<meta property=\"og:locale\" content=\"es_ES\" \/>\n<meta property=\"og:type\" content=\"article\" \/>\n<meta property=\"og:title\" content=\"INCUBADORA DE HIBRIDACI\u00d3N - Cellgenic\" \/>\n<meta property=\"og:description\" content=\"Dise\u00f1ada para proporcionar s\u00f3lo Hibridaci\u00f3n o con Balanceo en una Incubadora. Calentamiento r\u00e1pido y  El Control Preciso de la Temperatura ayuda a una mezcla, Hibridaci\u00f3n e Incubaci\u00f3n eficientes de las muestras.\" \/>\n<meta property=\"og:url\" content=\"https:\/\/cellgenic.com\/product\/hybridization-incubator\/\" \/>\n<meta property=\"og:site_name\" content=\"Cellgenic\" \/>\n<meta property=\"article:modified_time\" content=\"2025-01-08T02:43:52+00:00\" \/>\n<meta property=\"og:image\" content=\"https:\/\/cellgenic.com\/wp-content\/uploads\/2024\/05\/NB-202.jpg\" \/>\n\t<meta property=\"og:image:width\" content=\"600\" \/>\n\t<meta property=\"og:image:height\" content=\"600\" \/>\n\t<meta property=\"og:image:type\" content=\"image\/jpeg\" \/>\n<meta name=\"twitter:card\" content=\"summary_large_image\" \/>\n<meta name=\"twitter:label1\" content=\"Tiempo de lectura\" \/>\n\t<meta name=\"twitter:data1\" content=\"1 minuto\" \/>\n<script type=\"application\/ld+json\" class=\"yoast-schema-graph\">{\"@context\":\"https:\\\/\\\/schema.org\",\"@graph\":[{\"@type\":\"WebPage\",\"@id\":\"https:\\\/\\\/cellgenic.com\\\/product\\\/hybridization-incubator\\\/\",\"url\":\"https:\\\/\\\/cellgenic.com\\\/product\\\/hybridization-incubator\\\/\",\"name\":\"INCUBADORA DE HIBRIDACI\u00d3N - Cellgenic\",\"isPartOf\":{\"@id\":\"https:\\\/\\\/cellgenic.com\\\/#website\"},\"primaryImageOfPage\":{\"@id\":\"https:\\\/\\\/cellgenic.com\\\/product\\\/hybridization-incubator\\\/#primaryimage\"},\"image\":{\"@id\":\"https:\\\/\\\/cellgenic.com\\\/product\\\/hybridization-incubator\\\/#primaryimage\"},\"thumbnailUrl\":\"https:\\\/\\\/cellgenic.com\\\/wp-content\\\/uploads\\\/2024\\\/05\\\/NB-202.jpg\",\"datePublished\":\"2024-05-07T23:26:21+00:00\",\"dateModified\":\"2025-01-08T02:43:52+00:00\",\"breadcrumb\":{\"@id\":\"https:\\\/\\\/cellgenic.com\\\/product\\\/hybridization-incubator\\\/#breadcrumb\"},\"inLanguage\":\"es\",\"potentialAction\":[{\"@type\":\"ReadAction\",\"target\":[\"https:\\\/\\\/cellgenic.com\\\/product\\\/hybridization-incubator\\\/\"]}]},{\"@type\":\"ImageObject\",\"inLanguage\":\"es\",\"@id\":\"https:\\\/\\\/cellgenic.com\\\/product\\\/hybridization-incubator\\\/#primaryimage\",\"url\":\"https:\\\/\\\/cellgenic.com\\\/wp-content\\\/uploads\\\/2024\\\/05\\\/NB-202.jpg\",\"contentUrl\":\"https:\\\/\\\/cellgenic.com\\\/wp-content\\\/uploads\\\/2024\\\/05\\\/NB-202.jpg\",\"width\":600,\"height\":600},{\"@type\":\"BreadcrumbList\",\"@id\":\"https:\\\/\\\/cellgenic.com\\\/product\\\/hybridization-incubator\\\/#breadcrumb\",\"itemListElement\":[{\"@type\":\"ListItem\",\"position\":1,\"name\":\"Home\",\"item\":\"https:\\\/\\\/cellgenic.com\\\/inicio\\\/\"},{\"@type\":\"ListItem\",\"position\":2,\"name\":\"Tienda\",\"item\":\"https:\\\/\\\/cellgenic.com\\\/tienda\\\/\"},{\"@type\":\"ListItem\",\"position\":3,\"name\":\"INCUBADORA DE HIBRIDACI\u00d3N\"}]},{\"@type\":\"WebSite\",\"@id\":\"https:\\\/\\\/cellgenic.com\\\/#website\",\"url\":\"https:\\\/\\\/cellgenic.com\\\/\",\"name\":\"Cellgenic\",\"description\":\"Explore Cellgenic&#039;s advanced regenerative medicine products, specializing in high-quality exosomes for therapeutic applications. Purchase exosomes online to enhance your practice with cutting-edge solutions.\",\"publisher\":{\"@id\":\"https:\\\/\\\/cellgenic.com\\\/#organization\"},\"potentialAction\":[{\"@type\":\"SearchAction\",\"target\":{\"@type\":\"EntryPoint\",\"urlTemplate\":\"https:\\\/\\\/cellgenic.com\\\/?s={search_term_string}\"},\"query-input\":{\"@type\":\"PropertyValueSpecification\",\"valueRequired\":true,\"valueName\":\"search_term_string\"}}],\"inLanguage\":\"es\"},{\"@type\":\"Organization\",\"@id\":\"https:\\\/\\\/cellgenic.com\\\/#organization\",\"name\":\"Cellgenic\",\"url\":\"https:\\\/\\\/cellgenic.com\\\/\",\"logo\":{\"@type\":\"ImageObject\",\"inLanguage\":\"es\",\"@id\":\"https:\\\/\\\/cellgenic.com\\\/#\\\/schema\\\/logo\\\/image\\\/\",\"url\":\"https:\\\/\\\/cellgenic.com\\\/wp-content\\\/uploads\\\/2022\\\/05\\\/Cellgenic_principal_Background-Contactform3-1024x655.png\",\"contentUrl\":\"https:\\\/\\\/cellgenic.com\\\/wp-content\\\/uploads\\\/2022\\\/05\\\/Cellgenic_principal_Background-Contactform3-1024x655.png\",\"width\":1024,\"height\":655,\"caption\":\"Cellgenic\"},\"image\":{\"@id\":\"https:\\\/\\\/cellgenic.com\\\/#\\\/schema\\\/logo\\\/image\\\/\"}}]}<\/script>\n<!-- \/ Yoast SEO plugin. -->","yoast_head_json":{"title":"INCUBADORA DE HIBRIDACI\u00d3N - Cellgenic","robots":{"index":"index","follow":"follow","max-snippet":"max-snippet:-1","max-image-preview":"max-image-preview:large","max-video-preview":"max-video-preview:-1"},"canonical":"https:\/\/cellgenic.com\/product\/hybridization-incubator\/","og_locale":"es_ES","og_type":"article","og_title":"INCUBADORA DE HIBRIDACI\u00d3N - Cellgenic","og_description":"Dise\u00f1ada para proporcionar s\u00f3lo Hibridaci\u00f3n o con Balanceo en una Incubadora. Calentamiento r\u00e1pido y  El Control Preciso de la Temperatura ayuda a una mezcla, Hibridaci\u00f3n e Incubaci\u00f3n eficientes de las muestras.","og_url":"https:\/\/cellgenic.com\/product\/hybridization-incubator\/","og_site_name":"Cellgenic","article_modified_time":"2025-01-08T02:43:52+00:00","og_image":[{"width":600,"height":600,"url":"https:\/\/cellgenic.com\/wp-content\/uploads\/2024\/05\/NB-202.jpg","type":"image\/jpeg"}],"twitter_card":"summary_large_image","twitter_misc":{"Tiempo de lectura":"1 minuto"},"schema":{"@context":"https:\/\/schema.org","@graph":[{"@type":"WebPage","@id":"https:\/\/cellgenic.com\/product\/hybridization-incubator\/","url":"https:\/\/cellgenic.com\/product\/hybridization-incubator\/","name":"INCUBADORA DE HIBRIDACI\u00d3N - Cellgenic","isPartOf":{"@id":"https:\/\/cellgenic.com\/#website"},"primaryImageOfPage":{"@id":"https:\/\/cellgenic.com\/product\/hybridization-incubator\/#primaryimage"},"image":{"@id":"https:\/\/cellgenic.com\/product\/hybridization-incubator\/#primaryimage"},"thumbnailUrl":"https:\/\/cellgenic.com\/wp-content\/uploads\/2024\/05\/NB-202.jpg","datePublished":"2024-05-07T23:26:21+00:00","dateModified":"2025-01-08T02:43:52+00:00","breadcrumb":{"@id":"https:\/\/cellgenic.com\/product\/hybridization-incubator\/#breadcrumb"},"inLanguage":"es","potentialAction":[{"@type":"ReadAction","target":["https:\/\/cellgenic.com\/product\/hybridization-incubator\/"]}]},{"@type":"ImageObject","inLanguage":"es","@id":"https:\/\/cellgenic.com\/product\/hybridization-incubator\/#primaryimage","url":"https:\/\/cellgenic.com\/wp-content\/uploads\/2024\/05\/NB-202.jpg","contentUrl":"https:\/\/cellgenic.com\/wp-content\/uploads\/2024\/05\/NB-202.jpg","width":600,"height":600},{"@type":"BreadcrumbList","@id":"https:\/\/cellgenic.com\/product\/hybridization-incubator\/#breadcrumb","itemListElement":[{"@type":"ListItem","position":1,"name":"Home","item":"https:\/\/cellgenic.com\/inicio\/"},{"@type":"ListItem","position":2,"name":"Tienda","item":"https:\/\/cellgenic.com\/tienda\/"},{"@type":"ListItem","position":3,"name":"INCUBADORA DE HIBRIDACI\u00d3N"}]},{"@type":"WebSite","@id":"https:\/\/cellgenic.com\/#website","url":"https:\/\/cellgenic.com\/","name":"Cellgenic","description":"Explore Cellgenic&#039;s advanced regenerative medicine products, specializing in high-quality exosomes for therapeutic applications. Purchase exosomes online to enhance your practice with cutting-edge solutions.","publisher":{"@id":"https:\/\/cellgenic.com\/#organization"},"potentialAction":[{"@type":"SearchAction","target":{"@type":"EntryPoint","urlTemplate":"https:\/\/cellgenic.com\/?s={search_term_string}"},"query-input":{"@type":"PropertyValueSpecification","valueRequired":true,"valueName":"search_term_string"}}],"inLanguage":"es"},{"@type":"Organization","@id":"https:\/\/cellgenic.com\/#organization","name":"Cellgenic","url":"https:\/\/cellgenic.com\/","logo":{"@type":"ImageObject","inLanguage":"es","@id":"https:\/\/cellgenic.com\/#\/schema\/logo\/image\/","url":"https:\/\/cellgenic.com\/wp-content\/uploads\/2022\/05\/Cellgenic_principal_Background-Contactform3-1024x655.png","contentUrl":"https:\/\/cellgenic.com\/wp-content\/uploads\/2022\/05\/Cellgenic_principal_Background-Contactform3-1024x655.png","width":1024,"height":655,"caption":"Cellgenic"},"image":{"@id":"https:\/\/cellgenic.com\/#\/schema\/logo\/image\/"}}]}},"_links":{"self":[{"href":"https:\/\/cellgenic.com\/es\/wp-json\/wp\/v2\/product\/2003","targetHints":{"allow":["GET"]}}],"collection":[{"href":"https:\/\/cellgenic.com\/es\/wp-json\/wp\/v2\/product"}],"about":[{"href":"https:\/\/cellgenic.com\/es\/wp-json\/wp\/v2\/types\/product"}],"replies":[{"embeddable":true,"href":"https:\/\/cellgenic.com\/es\/wp-json\/wp\/v2\/comments?post=2003"}],"wp:featuredmedia":[{"embeddable":true,"href":"https:\/\/cellgenic.com\/es\/wp-json\/wp\/v2\/media\/1497"}],"wp:attachment":[{"href":"https:\/\/cellgenic.com\/es\/wp-json\/wp\/v2\/media?parent=2003"}],"wp:term":[{"taxonomy":"product_brand","embeddable":true,"href":"https:\/\/cellgenic.com\/es\/wp-json\/wp\/v2\/product_brand?post=2003"},{"taxonomy":"product_cat","embeddable":true,"href":"https:\/\/cellgenic.com\/es\/wp-json\/wp\/v2\/product_cat?post=2003"},{"taxonomy":"product_tag","embeddable":true,"href":"https:\/\/cellgenic.com\/es\/wp-json\/wp\/v2\/product_tag?post=2003"}],"curies":[{"name":"wp","href":"https:\/\/api.w.org\/{rel}","templated":true}]}}