{"id":2108,"date":"2024-06-20T20:44:15","date_gmt":"2024-06-20T20:44:15","guid":{"rendered":"https:\/\/cellgenic.com\/product\/autoclave-vertical\/"},"modified":"2025-01-08T02:41:21","modified_gmt":"2025-01-08T02:41:21","slug":"autoclave-vertical","status":"publish","type":"product","link":"https:\/\/cellgenic.com\/es\/product\/autoclave-vertical\/","title":{"rendered":"Autoclave vertical"},"content":{"rendered":"<h2>Productos Caracter\u00edsticas<\/h2>\n<p>Es un autoclave de alta presi\u00f3n adecuado para el laboratorio general. Con la mayor eficacia de trabajo y caracter\u00edsticas de seguridad, proporciona el sistema de esterilizaci\u00f3n m\u00e1s rentable.<\/p>\n<h2>Calentamiento, escape, esterilizaci\u00f3n y presi\u00f3n totalmente autom\u00e1ticos del autoclave<\/h2>\n<h2>V\u00e1lvula de seguridad para descargar la presi\u00f3n<\/h2>\n<h2>C\u00e1mara de SUS304 resistente a la descomposici\u00f3n<\/h2>\n<h2>Temporizador electr\u00f3nico preciso<\/h2>\n<h2>Control PID por microprocesador para la temperatura<\/h2>\n<div id=\"fixedContentM2\" class=\"sub-tab-con\">\n<div class=\"prd-cm-table\">\n<h2 class=\"front-cir-title detail-tit big tbl-tit\">Especificaci\u00f3n<\/h2>\n<div class=\"custom-scrollbar-wrapper\">\n<div class=\"scroll-object-box mCustomScrollbar _mCS_1 mCS_no_scrollbar\">\n<div id=\"mCSB_1\" class=\"mCustomScrollBox mCS-dark mCSB_horizontal mCSB_inside\" tabindex=\"0\">\n<div id=\"mCSB_1_container\" class=\"mCSB_container mCS_x_hidden mCS_no_scrollbar_x\" dir=\"ltr\">\n<table class=\"equipment-view-tbl scroll-object\">\n<tbody>\n<tr>\n<th><\/th>\n<th>NB-1045<\/th>\n<th>NB-1060<\/th>\n<th>NB-1080<\/th>\n<th>NB-1100<\/th>\n<\/tr>\n<tr>\n<td class=\"sub-tit\">Temperatura de uso<\/td>\n<td class=\"has\">121\u00b0C(Est\u00e1ndar) \/ 132\u00b0C(Opci\u00f3n)<\/td>\n<td class=\"has\">121\u00b0C(Est\u00e1ndar) \/ 132\u00b0C(Opci\u00f3n)<\/td>\n<td class=\"has\">121\u00b0C(Est\u00e1ndar) \/ 132\u00b0C(Opci\u00f3n)<\/td>\n<td class=\"has\">121\u00b0C(Est\u00e1ndar) \/ 132\u00b0C(Opci\u00f3n)<\/td>\n<\/tr>\n<tr>\n<td class=\"sub-tit\">Precisi\u00f3n de la temperatura<\/td>\n<td class=\"has\">\u00b10,5\u00b0C a 121\u00b0C<\/td>\n<td class=\"has\">\u00b10,5\u00b0C a 121\u00b0C<\/td>\n<td class=\"has\">\u00b10,5\u00b0C a 121\u00b0C<\/td>\n<td class=\"has\">\u00b10,5\u00b0C a 121\u00b0C<\/td>\n<\/tr>\n<tr>\n<td class=\"sub-tit\">Presi\u00f3n de funcionamiento<\/td>\n<td class=\"has\">0,1 ~ 0,21 Mpa<\/td>\n<td class=\"has\">0,1 ~ 0,21 Mpa<\/td>\n<td class=\"has\">0,1 ~ 0,21 Mpa<\/td>\n<td class=\"has\">0,1 ~ 0,21 Mpa<\/td>\n<\/tr>\n<tr>\n<td class=\"sub-tit\">Control de temperatura<\/td>\n<td class=\"has\">Regulador PID digital<\/td>\n<td class=\"has\">Controlador PID digital<\/td>\n<td class=\"has\">Regulador PID digital<\/td>\n<td class=\"has\">Regulador PID digital<\/td>\n<\/tr>\n<tr>\n<td class=\"sub-tit\">Temporizador<\/td>\n<td class=\"has\">Tipo electr\u00f3nico \/ 0 ~ 99h 59min<\/td>\n<td class=\"has\">Tipo electr\u00f3nico \/ 0 ~ 99h 59min<\/td>\n<td class=\"has\">Tipo electr\u00f3nico \/ 0 ~ 99h 59min<\/td>\n<td class=\"has\">Tipo Electr\u00f3nico \/ 0 ~ 99h 59min<\/td>\n<\/tr>\n<tr>\n<td class=\"sub-tit\">Man\u00f3metro<\/td>\n<td class=\"has\">Man\u00f3metro mec\u00e1nico \/ 0 ~ 0,3 Mpa<\/td>\n<td class=\"has\">Man\u00f3metro mec\u00e1nico \/ 0 ~ 0,3 Mpa<\/td>\n<td class=\"has\">Man\u00f3metro mec\u00e1nico \/ 0 ~ 0,3 Mpa<\/td>\n<td class=\"has\">Man\u00f3metro mec\u00e1nico \/ 0 ~ 0,3 Mpa<\/td>\n<\/tr>\n<tr>\n<td class=\"sub-tit\">Escape de aire<\/td>\n<td class=\"has\">V\u00e1lvula ajustable<\/td>\n<td class=\"has\">V\u00e1lvula ajustable<\/td>\n<td class=\"has\">V\u00e1lvula ajustable<\/td>\n<td class=\"has\">V\u00e1lvula ajustable<\/td>\n<\/tr>\n<tr>\n<td class=\"sub-tit\">Dispositivo de seguridad<\/td>\n<td class=\"has\">Sobretemperatura L\u00edmite por Controlador \/ L\u00edmite de Sobrecalentamiento por S\/W de Seguridad \/ L\u00edmite de Sobrepresi\u00f3n por V\u00e1lvula Protectora \/ Sensor de Nivel de Agua Protector<\/td>\n<td class=\"has\">Sobretemperatura L\u00edmite por Controlador \/ L\u00edmite de Sobrecalentamiento por S\/W de Seguridad \/ L\u00edmite de Sobrepresi\u00f3n por V\u00e1lvula Protectora \/ Sensor de Nivel de Agua Protector<\/td>\n<td class=\"has\">Sobretemperatura L\u00edmite por Controlador \/ L\u00edmite de Sobrecalentamiento por S\/W de Seguridad \/ L\u00edmite de Sobrepresi\u00f3n por V\u00e1lvula Protectora \/ Sensor de Nivel de Agua Protector<\/td>\n<td class=\"has\">Sobretemperatura L\u00edmite por Controlador \/ L\u00edmite de Sobrecalentamiento por S\/W de Seguridad \/ L\u00edmite de Sobrepresi\u00f3n por V\u00e1lvula Protectora \/ Sensor de Nivel de Agua Protector<\/td>\n<\/tr>\n<tr>\n<td class=\"sub-tit\">Unidad de Monitor<\/td>\n<td class=\"has\">Dispositivo Audible y Visible<\/td>\n<td class=\"has\">Dispositivo audible y visible<\/td>\n<td class=\"has\">Dispositivo audible y visible<\/td>\n<td class=\"has\">Dispositivo audible y visible<\/td>\n<\/tr>\n<tr>\n<td class=\"sub-tit\">Cesta<\/td>\n<td class=\"has\">Tipo de malla \/ Est\u00e1ndar 2ea<\/td>\n<td class=\"has\">Tipo de malla \/ Est\u00e1ndar 2ea<\/td>\n<td class=\"has\">Tipo de malla \/ Est\u00e1ndar 2ea<\/td>\n<td class=\"has\">Tipo de malla \/ Est\u00e1ndar 2ea<\/td>\n<\/tr>\n<tr>\n<td class=\"sub-tit\">Dimensiones (pulg.)<\/td>\n<td class=\"has\">300\u00d8x630mm<\/td>\n<td class=\"has\">350\u00d8x630mm<\/td>\n<td class=\"has\">400\u00d8x630 mm<\/td>\n<td class=\"has\">450\u00d8x630 mm<\/td>\n<\/tr>\n<tr>\n<td class=\"sub-tit\">Dimensi\u00f3n (exterior)<\/td>\n<td class=\"has\">670x470x1080(H)mm<\/td>\n<td class=\"has\">670x470x1080(H)mm<\/td>\n<td class=\"has\">810x630x1150(H)mm<\/td>\n<td class=\"has\">810x630x1150(H)mm<\/td>\n<\/tr>\n<tr>\n<td class=\"sub-tit\">Capacidad<\/td>\n<td class=\"has\">45 litros<\/td>\n<td class=\"has\">60 litros<\/td>\n<td class=\"has\">80 litros<\/td>\n<td class=\"has\">100 litros<\/td>\n<\/tr>\n<tr>\n<td class=\"sub-tit\">Calentador<\/td>\n<td class=\"has\">2Kw x 1ea<\/td>\n<td class=\"has\">3Kw x 1ea<\/td>\n<td class=\"has\">4Kw(2Kw x 2ea)<\/td>\n<td class=\"has\">4Kw(2Kw x 2ea)<\/td>\n<\/tr>\n<tr>\n<td class=\"sub-tit\">Peso<\/td>\n<td class=\"has\">71 kg<\/td>\n<td class=\"has\">73 kg<\/td>\n<td class=\"has\">120 kg<\/td>\n<td class=\"has\">125 kg<\/td>\n<\/tr>\n<tr>\n<td class=\"sub-tit\">Alimentaci\u00f3n<\/td>\n<td class=\"has\">220 V, 50\/60 Hz (est\u00e1ndar) \/ 110 V, 50\/60 Hz (opcional)<\/td>\n<td class=\"has\">220 V, 50\/60 Hz (est\u00e1ndar) \/ 110 V, 50\/60 Hz (opcional)<\/td>\n<td class=\"has\">220 V, 50\/60 Hz (est\u00e1ndar) \/ 110 V, 50\/60 Hz (opcional)<\/td>\n<td class=\"has\">220 V, 50\/60 Hz(Est\u00e1ndar) \/ 110 V, 50\/60 Hz(Opci\u00f3n)<\/td>\n<\/tr>\n<\/tbody>\n<\/table>\n<\/div>\n<\/div>\n<\/div>\n<\/div>\n<\/div>\n<\/div>\n<div id=\"fixedContentM3\" class=\"sub-tab-con\">\n<div class=\"prd-cm-table\">\n<h2 class=\"front-cir-title detail-tit big tbl-tit\">Accesorios para NB1045 \/ NB1060 \/ NB1080 \/ NB1100<\/h2>\n<div class=\"custom-scrollbar-wrapper \">\n<div class=\"scroll-object-box mCustomScrollbar _mCS_2 mCS_no_scrollbar\">\n<div id=\"mCSB_2\" class=\"mCustomScrollBox mCS-dark mCSB_horizontal mCSB_inside\" tabindex=\"0\">\n<div id=\"mCSB_2_container\" class=\"mCSB_container mCS_x_hidden mCS_no_scrollbar_x\" dir=\"ltr\">\n<table class=\"equipment-view-tbl scroll-object\">\n<tbody>\n<tr>\n<td class=\"sub-tit\">NB1045-110<\/td>\n<td class=\"has\">Autoclave vertical de 45 litros 100 ~ 120V<\/td>\n<\/tr>\n<tr>\n<td class=\"sub-tit\">NB1060-110<\/td>\n<td class=\"has\">Autoclave vertical de 60 litros 100 ~ 120V<\/td>\n<\/tr>\n<tr>\n<td class=\"sub-tit\">NB1080-110<\/td>\n<td class=\"has\">Autoclave vertical de 80 litros 100 ~ 120V<\/td>\n<\/tr>\n<tr>\n<td class=\"sub-tit\">NB1100-110<\/td>\n<td class=\"has\">Autoclave vertical de 100 litros 100 ~ 120V<\/td>\n<\/tr>\n<tr>\n<td class=\"sub-tit\">NB-AUT10STP<\/td>\n<td class=\"has\">Control programable de 10 pasos para todos los autoclaves<\/td>\n<\/tr>\n<tr>\n<td class=\"sub-tit\">1045-BASTA<\/td>\n<td class=\"has\">CESTA 270 di x 250H<\/td>\n<\/tr>\n<tr>\n<td class=\"sub-tit\">1060-BASTA<\/td>\n<td class=\"has\">cesta 320 di x 250 h<\/td>\n<\/tr>\n<tr>\n<td class=\"sub-tit\">1080-BASTA<\/td>\n<td class=\"has\">CESTA 370 di x 250H<\/td>\n<\/tr>\n<tr>\n<td class=\"sub-tit\">1100-BASTA<\/td>\n<td class=\"has\">CESTA 420 di x 250H<\/td>\n<\/tr>\n<\/tbody>\n<\/table>\n<\/div>\n<\/div>\n<\/div>\n<\/div>\n<\/div>\n<\/div>\n","protected":false},"excerpt":{"rendered":"<p>Productos Caracter\u00edsticas Es un autoclave de alta presi\u00f3n adecuado para el laboratorio general. Con la mayor eficacia de trabajo y caracter\u00edsticas de seguridad, proporciona el sistema de esterilizaci\u00f3n m\u00e1s rentable. Calentamiento, escape, esterilizaci\u00f3n y presi\u00f3n totalmente autom\u00e1ticos del autoclave V\u00e1lvula de seguridad para descargar la presi\u00f3n C\u00e1mara de SUS304 resistente a la descomposici\u00f3n Temporizador electr\u00f3nico&#8230;<\/p>\n","protected":false},"featured_media":2105,"comment_status":"open","ping_status":"closed","template":"","meta":{"_acf_changed":false,"_joinchat":[]},"product_brand":[],"product_cat":[190,167],"product_tag":[],"class_list":{"0":"post-2108","1":"product","2":"type-product","3":"status-publish","4":"has-post-thumbnail","6":"product_cat-autoclave-es","7":"product_cat-equipo-de-laboratorio","9":"first","10":"instock","11":"shipping-taxable","12":"product-type-simple","13":"add-to-wishlist-before_image"},"group_of_quantity":0,"min_quantity":0,"max_quantity":"","exclude_order_quantity_value_rules":"no","exclude_category_quantity_rules":"no","combine_variations":"no","acf":[],"yoast_head":"<!-- This site is optimized with the Yoast SEO plugin v27.5 - https:\/\/yoast.com\/product\/yoast-seo-wordpress\/ -->\n<title>Autoclave vertical - Cellgenic<\/title>\n<meta name=\"robots\" content=\"index, follow, max-snippet:-1, max-image-preview:large, max-video-preview:-1\" \/>\n<link rel=\"canonical\" href=\"https:\/\/cellgenic.com\/es\/product\/autoclave-vertical\/\" \/>\n<meta property=\"og:locale\" content=\"es_ES\" \/>\n<meta property=\"og:type\" content=\"article\" \/>\n<meta property=\"og:title\" content=\"Autoclave vertical - Cellgenic\" \/>\n<meta property=\"og:description\" content=\"Productos Caracter\u00edsticas Es un autoclave de alta presi\u00f3n adecuado para el laboratorio general. Con la mayor eficacia de trabajo y caracter\u00edsticas de seguridad, proporciona el sistema de esterilizaci\u00f3n m\u00e1s rentable. Calentamiento, escape, esterilizaci\u00f3n y presi\u00f3n totalmente autom\u00e1ticos del autoclave V\u00e1lvula de seguridad para descargar la presi\u00f3n C\u00e1mara de SUS304 resistente a la descomposici\u00f3n Temporizador electr\u00f3nico...\" \/>\n<meta property=\"og:url\" content=\"https:\/\/cellgenic.com\/es\/product\/autoclave-vertical\/\" \/>\n<meta property=\"og:site_name\" content=\"Cellgenic\" \/>\n<meta property=\"article:modified_time\" content=\"2025-01-08T02:41:21+00:00\" \/>\n<meta property=\"og:image\" content=\"https:\/\/cellgenic.com\/wp-content\/uploads\/2024\/06\/Vertical-Autoclave-1.png\" \/>\n\t<meta property=\"og:image:width\" content=\"270\" \/>\n\t<meta property=\"og:image:height\" content=\"270\" \/>\n\t<meta property=\"og:image:type\" content=\"image\/png\" \/>\n<meta name=\"twitter:card\" content=\"summary_large_image\" \/>\n<meta name=\"twitter:label1\" content=\"Tiempo de lectura\" \/>\n\t<meta name=\"twitter:data1\" content=\"3 minutos\" \/>\n<script type=\"application\/ld+json\" class=\"yoast-schema-graph\">{\"@context\":\"https:\\\/\\\/schema.org\",\"@graph\":[{\"@type\":\"WebPage\",\"@id\":\"https:\\\/\\\/cellgenic.com\\\/es\\\/product\\\/autoclave-vertical\\\/\",\"url\":\"https:\\\/\\\/cellgenic.com\\\/es\\\/product\\\/autoclave-vertical\\\/\",\"name\":\"Autoclave vertical - Cellgenic\",\"isPartOf\":{\"@id\":\"https:\\\/\\\/cellgenic.com\\\/#website\"},\"primaryImageOfPage\":{\"@id\":\"https:\\\/\\\/cellgenic.com\\\/es\\\/product\\\/autoclave-vertical\\\/#primaryimage\"},\"image\":{\"@id\":\"https:\\\/\\\/cellgenic.com\\\/es\\\/product\\\/autoclave-vertical\\\/#primaryimage\"},\"thumbnailUrl\":\"https:\\\/\\\/cellgenic.com\\\/wp-content\\\/uploads\\\/2024\\\/06\\\/Vertical-Autoclave-1.png\",\"datePublished\":\"2024-06-20T20:44:15+00:00\",\"dateModified\":\"2025-01-08T02:41:21+00:00\",\"breadcrumb\":{\"@id\":\"https:\\\/\\\/cellgenic.com\\\/es\\\/product\\\/autoclave-vertical\\\/#breadcrumb\"},\"inLanguage\":\"es\",\"potentialAction\":[{\"@type\":\"ReadAction\",\"target\":[\"https:\\\/\\\/cellgenic.com\\\/es\\\/product\\\/autoclave-vertical\\\/\"]}]},{\"@type\":\"ImageObject\",\"inLanguage\":\"es\",\"@id\":\"https:\\\/\\\/cellgenic.com\\\/es\\\/product\\\/autoclave-vertical\\\/#primaryimage\",\"url\":\"https:\\\/\\\/cellgenic.com\\\/wp-content\\\/uploads\\\/2024\\\/06\\\/Vertical-Autoclave-1.png\",\"contentUrl\":\"https:\\\/\\\/cellgenic.com\\\/wp-content\\\/uploads\\\/2024\\\/06\\\/Vertical-Autoclave-1.png\",\"width\":270,\"height\":270},{\"@type\":\"BreadcrumbList\",\"@id\":\"https:\\\/\\\/cellgenic.com\\\/es\\\/product\\\/autoclave-vertical\\\/#breadcrumb\",\"itemListElement\":[{\"@type\":\"ListItem\",\"position\":1,\"name\":\"Home\",\"item\":\"https:\\\/\\\/cellgenic.com\\\/inicio\\\/\"},{\"@type\":\"ListItem\",\"position\":2,\"name\":\"Tienda\",\"item\":\"https:\\\/\\\/cellgenic.com\\\/tienda\\\/\"},{\"@type\":\"ListItem\",\"position\":3,\"name\":\"Autoclave vertical\"}]},{\"@type\":\"WebSite\",\"@id\":\"https:\\\/\\\/cellgenic.com\\\/#website\",\"url\":\"https:\\\/\\\/cellgenic.com\\\/\",\"name\":\"Cellgenic\",\"description\":\"Explore Cellgenic&#039;s advanced regenerative medicine products, specializing in high-quality exosomes for therapeutic applications. Purchase exosomes online to enhance your practice with cutting-edge solutions.\",\"publisher\":{\"@id\":\"https:\\\/\\\/cellgenic.com\\\/#organization\"},\"potentialAction\":[{\"@type\":\"SearchAction\",\"target\":{\"@type\":\"EntryPoint\",\"urlTemplate\":\"https:\\\/\\\/cellgenic.com\\\/?s={search_term_string}\"},\"query-input\":{\"@type\":\"PropertyValueSpecification\",\"valueRequired\":true,\"valueName\":\"search_term_string\"}}],\"inLanguage\":\"es\"},{\"@type\":\"Organization\",\"@id\":\"https:\\\/\\\/cellgenic.com\\\/#organization\",\"name\":\"Cellgenic\",\"url\":\"https:\\\/\\\/cellgenic.com\\\/\",\"logo\":{\"@type\":\"ImageObject\",\"inLanguage\":\"es\",\"@id\":\"https:\\\/\\\/cellgenic.com\\\/#\\\/schema\\\/logo\\\/image\\\/\",\"url\":\"https:\\\/\\\/cellgenic.com\\\/wp-content\\\/uploads\\\/2022\\\/05\\\/Cellgenic_principal_Background-Contactform3-1024x655.png\",\"contentUrl\":\"https:\\\/\\\/cellgenic.com\\\/wp-content\\\/uploads\\\/2022\\\/05\\\/Cellgenic_principal_Background-Contactform3-1024x655.png\",\"width\":1024,\"height\":655,\"caption\":\"Cellgenic\"},\"image\":{\"@id\":\"https:\\\/\\\/cellgenic.com\\\/#\\\/schema\\\/logo\\\/image\\\/\"}}]}<\/script>\n<!-- \/ Yoast SEO plugin. -->","yoast_head_json":{"title":"Autoclave vertical - Cellgenic","robots":{"index":"index","follow":"follow","max-snippet":"max-snippet:-1","max-image-preview":"max-image-preview:large","max-video-preview":"max-video-preview:-1"},"canonical":"https:\/\/cellgenic.com\/es\/product\/autoclave-vertical\/","og_locale":"es_ES","og_type":"article","og_title":"Autoclave vertical - Cellgenic","og_description":"Productos Caracter\u00edsticas Es un autoclave de alta presi\u00f3n adecuado para el laboratorio general. Con la mayor eficacia de trabajo y caracter\u00edsticas de seguridad, proporciona el sistema de esterilizaci\u00f3n m\u00e1s rentable. Calentamiento, escape, esterilizaci\u00f3n y presi\u00f3n totalmente autom\u00e1ticos del autoclave V\u00e1lvula de seguridad para descargar la presi\u00f3n C\u00e1mara de SUS304 resistente a la descomposici\u00f3n Temporizador electr\u00f3nico...","og_url":"https:\/\/cellgenic.com\/es\/product\/autoclave-vertical\/","og_site_name":"Cellgenic","article_modified_time":"2025-01-08T02:41:21+00:00","og_image":[{"width":270,"height":270,"url":"https:\/\/cellgenic.com\/wp-content\/uploads\/2024\/06\/Vertical-Autoclave-1.png","type":"image\/png"}],"twitter_card":"summary_large_image","twitter_misc":{"Tiempo de lectura":"3 minutos"},"schema":{"@context":"https:\/\/schema.org","@graph":[{"@type":"WebPage","@id":"https:\/\/cellgenic.com\/es\/product\/autoclave-vertical\/","url":"https:\/\/cellgenic.com\/es\/product\/autoclave-vertical\/","name":"Autoclave vertical - Cellgenic","isPartOf":{"@id":"https:\/\/cellgenic.com\/#website"},"primaryImageOfPage":{"@id":"https:\/\/cellgenic.com\/es\/product\/autoclave-vertical\/#primaryimage"},"image":{"@id":"https:\/\/cellgenic.com\/es\/product\/autoclave-vertical\/#primaryimage"},"thumbnailUrl":"https:\/\/cellgenic.com\/wp-content\/uploads\/2024\/06\/Vertical-Autoclave-1.png","datePublished":"2024-06-20T20:44:15+00:00","dateModified":"2025-01-08T02:41:21+00:00","breadcrumb":{"@id":"https:\/\/cellgenic.com\/es\/product\/autoclave-vertical\/#breadcrumb"},"inLanguage":"es","potentialAction":[{"@type":"ReadAction","target":["https:\/\/cellgenic.com\/es\/product\/autoclave-vertical\/"]}]},{"@type":"ImageObject","inLanguage":"es","@id":"https:\/\/cellgenic.com\/es\/product\/autoclave-vertical\/#primaryimage","url":"https:\/\/cellgenic.com\/wp-content\/uploads\/2024\/06\/Vertical-Autoclave-1.png","contentUrl":"https:\/\/cellgenic.com\/wp-content\/uploads\/2024\/06\/Vertical-Autoclave-1.png","width":270,"height":270},{"@type":"BreadcrumbList","@id":"https:\/\/cellgenic.com\/es\/product\/autoclave-vertical\/#breadcrumb","itemListElement":[{"@type":"ListItem","position":1,"name":"Home","item":"https:\/\/cellgenic.com\/inicio\/"},{"@type":"ListItem","position":2,"name":"Tienda","item":"https:\/\/cellgenic.com\/tienda\/"},{"@type":"ListItem","position":3,"name":"Autoclave vertical"}]},{"@type":"WebSite","@id":"https:\/\/cellgenic.com\/#website","url":"https:\/\/cellgenic.com\/","name":"Cellgenic","description":"Explore Cellgenic&#039;s advanced regenerative medicine products, specializing in high-quality exosomes for therapeutic applications. Purchase exosomes online to enhance your practice with cutting-edge solutions.","publisher":{"@id":"https:\/\/cellgenic.com\/#organization"},"potentialAction":[{"@type":"SearchAction","target":{"@type":"EntryPoint","urlTemplate":"https:\/\/cellgenic.com\/?s={search_term_string}"},"query-input":{"@type":"PropertyValueSpecification","valueRequired":true,"valueName":"search_term_string"}}],"inLanguage":"es"},{"@type":"Organization","@id":"https:\/\/cellgenic.com\/#organization","name":"Cellgenic","url":"https:\/\/cellgenic.com\/","logo":{"@type":"ImageObject","inLanguage":"es","@id":"https:\/\/cellgenic.com\/#\/schema\/logo\/image\/","url":"https:\/\/cellgenic.com\/wp-content\/uploads\/2022\/05\/Cellgenic_principal_Background-Contactform3-1024x655.png","contentUrl":"https:\/\/cellgenic.com\/wp-content\/uploads\/2022\/05\/Cellgenic_principal_Background-Contactform3-1024x655.png","width":1024,"height":655,"caption":"Cellgenic"},"image":{"@id":"https:\/\/cellgenic.com\/#\/schema\/logo\/image\/"}}]}},"_links":{"self":[{"href":"https:\/\/cellgenic.com\/es\/wp-json\/wp\/v2\/product\/2108","targetHints":{"allow":["GET"]}}],"collection":[{"href":"https:\/\/cellgenic.com\/es\/wp-json\/wp\/v2\/product"}],"about":[{"href":"https:\/\/cellgenic.com\/es\/wp-json\/wp\/v2\/types\/product"}],"replies":[{"embeddable":true,"href":"https:\/\/cellgenic.com\/es\/wp-json\/wp\/v2\/comments?post=2108"}],"wp:featuredmedia":[{"embeddable":true,"href":"https:\/\/cellgenic.com\/es\/wp-json\/wp\/v2\/media\/2105"}],"wp:attachment":[{"href":"https:\/\/cellgenic.com\/es\/wp-json\/wp\/v2\/media?parent=2108"}],"wp:term":[{"taxonomy":"product_brand","embeddable":true,"href":"https:\/\/cellgenic.com\/es\/wp-json\/wp\/v2\/product_brand?post=2108"},{"taxonomy":"product_cat","embeddable":true,"href":"https:\/\/cellgenic.com\/es\/wp-json\/wp\/v2\/product_cat?post=2108"},{"taxonomy":"product_tag","embeddable":true,"href":"https:\/\/cellgenic.com\/es\/wp-json\/wp\/v2\/product_tag?post=2108"}],"curies":[{"name":"wp","href":"https:\/\/api.w.org\/{rel}","templated":true}]}}