{"id":2150,"date":"2024-06-20T21:06:07","date_gmt":"2024-06-20T21:06:07","guid":{"rendered":"https:\/\/cellgenic.com\/product\/bano-de-agua-general-2\/"},"modified":"2025-01-08T02:41:20","modified_gmt":"2025-01-08T02:41:20","slug":"bano-de-agua-general-2","status":"publish","type":"product","link":"https:\/\/cellgenic.com\/es\/product\/bano-de-agua-general-2\/","title":{"rendered":"Ba\u00f1o de agua general"},"content":{"rendered":"<h2>Productos Caracter\u00edsticas<\/h2>\n<p>Al mantener la temperatura constante, el ba\u00f1o de agua es adecuado para el examen de la grasa, la incubaci\u00f3n de c\u00e9lulas, la reacci\u00f3n de fermentaci\u00f3n, la extracci\u00f3n de disolventes en cl\u00ednica, tecnolog\u00eda m\u00e9dica, farmacia y microbiolog\u00eda.<\/p>\n<h2>El sistema de inteligencia artificial (NB TAC Sys) que mantiene la condici\u00f3n termost\u00e1tica precisa est\u00e1 controlado por MICOM.<\/h2>\n<h2>Humanidad de alta temperatura y detalles por termostato inteligente aunque en el caso de que no haya circulaci\u00f3n de agua.<\/h2>\n<h2>El calentador de la c\u00e1mara est\u00e1 situado fuera del fondo de la c\u00e1mara de agua, no dentro de la c\u00e1mara.<\/h2>\n<h2>El LED indica la temperatura, la velocidad, la hora y el estado de fallo de alimentaci\u00f3n.<\/h2>\n<h2>C\u00f3modo ajuste del nivel de agua con escala de nivel grabada en la c\u00e1mara.<\/h2>\n<p><img loading=\"lazy\" decoding=\"async\" class=\"alignnone wp-image-2148\" src=\"https:\/\/cellgenic.com\/wp-content\/uploads\/2024\/06\/equipment_img20-1-300x112.png\" alt=\"\" width=\"536\" height=\"200\"><\/p>\n<div id=\"fixedContentM2\" class=\"sub-tab-con\">\n<div class=\"prd-cm-table\">\n<h2 class=\"front-cir-title detail-tit big tbl-tit\">Especificaci\u00f3n<\/h2>\n<div class=\"custom-scrollbar-wrapper\">\n<div class=\"scroll-object-box mCustomScrollbar _mCS_1 mCS_no_scrollbar\">\n<div id=\"mCSB_1\" class=\"mCustomScrollBox mCS-dark mCSB_horizontal mCSB_inside\" tabindex=\"0\">\n<div id=\"mCSB_1_container\" class=\"mCSB_container mCS_x_hidden mCS_no_scrollbar_x\" dir=\"ltr\">\n<table class=\"equipment-view-tbl scroll-object\">\n<tbody>\n<tr>\n<th><\/th>\n<th>NB-301<\/th>\n<th>NB-301L<\/th>\n<\/tr>\n<tr>\n<td class=\"sub-tit\">Temp. Gama<\/td>\n<td class=\"has\">Ambiente +5\u00b0C a 99\u00b0C<\/td>\n<td class=\"has\">Ambiente +5\u00b0C a 99\u00b0C<\/td>\n<\/tr>\n<tr>\n<td class=\"sub-tit\">Temp. Precisi\u00f3n<\/td>\n<td class=\"has\">\u00b10,5\u00b0C a 37\u00b0C<\/td>\n<td class=\"has\">\u00b10,5\u00b0C a 37\u00b0C<\/td>\n<\/tr>\n<tr>\n<td class=\"sub-tit\">Temp. Control<\/td>\n<td class=\"has\">Microprocesador Digital PID<\/td>\n<td class=\"has\">Microprocesador Digital PID<\/td>\n<\/tr>\n<tr>\n<td class=\"sub-tit\">Capacidad del ba\u00f1o<\/td>\n<td class=\"has\">M\u00e1x. 10 litros \/ Nivel 6,5 litros<\/td>\n<td class=\"has\">M\u00e1x. 20 litros \/ Nivel 13 litros<\/td>\n<\/tr>\n<tr>\n<td class=\"sub-tit\">Dimensiones interiores<\/td>\n<td class=\"has\">240(W)x300(D)x150(H)mm<\/td>\n<td class=\"has\">500(W)x290(D)x150(H)mm<\/td>\n<\/tr>\n<tr>\n<td class=\"sub-tit\">Dimensiones exteriores<\/td>\n<td class=\"has\">270(W)x345(D)x225(H)mm<\/td>\n<td class=\"has\">555(W)x390(D)x230(H)mm<\/td>\n<\/tr>\n<tr>\n<td class=\"sub-tit\">Alimentaci\u00f3n<\/td>\n<td class=\"has\">110\/220 V, 50\/60 Hz, 300 W<\/td>\n<td class=\"has\">110\/220 V, 50\/60 Hz, 600 W<\/td>\n<\/tr>\n<tr>\n<td class=\"sub-tit\">Peso<\/td>\n<td class=\"has\">7 kg<\/td>\n<td class=\"has\">14 kg<\/td>\n<\/tr>\n<\/tbody>\n<\/table>\n<\/div>\n<\/div>\n<\/div>\n<\/div>\n<\/div>\n<\/div>\n<div id=\"fixedContentM3\" class=\"sub-tab-con\">\n<div class=\"prd-cm-table\">\n<h2 class=\"front-cir-title detail-tit big tbl-tit\">Accesorios para NB301, NB301L<\/h2>\n<div class=\"custom-scrollbar-wrapper \">\n<div class=\"scroll-object-box mCustomScrollbar _mCS_2 mCS_no_scrollbar\">\n<div id=\"mCSB_2\" class=\"mCustomScrollBox mCS-dark mCSB_horizontal mCSB_inside\" tabindex=\"0\">\n<div id=\"mCSB_2_container\" class=\"mCSB_container mCS_x_hidden mCS_no_scrollbar_x\" dir=\"ltr\">\n<table class=\"equipment-view-tbl scroll-object\">\n<tbody>\n<tr>\n<td class=\"sub-tit\">301BC12<\/td>\n<td class=\"has\">TAPA DE BA\u00d1ERA TIPO C\u00daPULA PARA NB-301<\/td>\n<\/tr>\n<tr>\n<td class=\"sub-tit\">301LBC12<\/td>\n<td class=\"has\">TAPA DE BA\u00d1ERA TIPO C\u00daPULA PARA NB-301L<\/td>\n<\/tr>\n<\/tbody>\n<\/table>\n<\/div>\n<\/div>\n<\/div>\n<\/div>\n<\/div>\n<\/div>\n","protected":false},"excerpt":{"rendered":"<p>Productos Caracter\u00edsticas Al mantener la temperatura constante, el ba\u00f1o de agua es adecuado para el examen de la grasa, la incubaci\u00f3n de c\u00e9lulas, la reacci\u00f3n de fermentaci\u00f3n, la extracci\u00f3n de disolventes en cl\u00ednica, tecnolog\u00eda m\u00e9dica, farmacia y microbiolog\u00eda. El sistema de inteligencia artificial (NB TAC Sys) que mantiene la condici\u00f3n termost\u00e1tica precisa est\u00e1 controlado por&#8230;<\/p>\n","protected":false},"featured_media":2131,"comment_status":"open","ping_status":"closed","template":"","meta":{"_acf_changed":false,"_joinchat":[]},"product_brand":[],"product_cat":[191,167],"product_tag":[],"class_list":{"0":"post-2150","1":"product","2":"type-product","3":"status-publish","4":"has-post-thumbnail","6":"product_cat-bano-de-agua-y-bloque-termico","7":"product_cat-equipo-de-laboratorio","9":"first","10":"instock","11":"shipping-taxable","12":"product-type-simple","13":"add-to-wishlist-before_image"},"group_of_quantity":0,"min_quantity":0,"max_quantity":"","exclude_order_quantity_value_rules":"no","exclude_category_quantity_rules":"no","combine_variations":"no","acf":[],"yoast_head":"<!-- This site is optimized with the Yoast SEO plugin v27.5 - https:\/\/yoast.com\/product\/yoast-seo-wordpress\/ -->\n<title>Ba\u00f1o de agua general - Cellgenic<\/title>\n<meta name=\"robots\" content=\"index, follow, max-snippet:-1, max-image-preview:large, max-video-preview:-1\" \/>\n<link rel=\"canonical\" href=\"https:\/\/cellgenic.com\/product\/general-water-bath-2\/\" \/>\n<meta property=\"og:locale\" content=\"es_ES\" \/>\n<meta property=\"og:type\" content=\"article\" \/>\n<meta property=\"og:title\" content=\"Ba\u00f1o de agua general - Cellgenic\" \/>\n<meta property=\"og:description\" content=\"Productos Caracter\u00edsticas Al mantener la temperatura constante, el ba\u00f1o de agua es adecuado para el examen de la grasa, la incubaci\u00f3n de c\u00e9lulas, la reacci\u00f3n de fermentaci\u00f3n, la extracci\u00f3n de disolventes en cl\u00ednica, tecnolog\u00eda m\u00e9dica, farmacia y microbiolog\u00eda. El sistema de inteligencia artificial (NB TAC Sys) que mantiene la condici\u00f3n termost\u00e1tica precisa est\u00e1 controlado por...\" \/>\n<meta property=\"og:url\" content=\"https:\/\/cellgenic.com\/product\/general-water-bath-2\/\" \/>\n<meta property=\"og:site_name\" content=\"Cellgenic\" \/>\n<meta property=\"article:modified_time\" content=\"2025-01-08T02:41:20+00:00\" \/>\n<meta property=\"og:image\" content=\"https:\/\/cellgenic.com\/wp-content\/uploads\/2024\/06\/General-Water-Bath1.png\" \/>\n\t<meta property=\"og:image:width\" content=\"270\" \/>\n\t<meta property=\"og:image:height\" content=\"270\" \/>\n\t<meta property=\"og:image:type\" content=\"image\/png\" \/>\n<meta name=\"twitter:card\" content=\"summary_large_image\" \/>\n<meta name=\"twitter:label1\" content=\"Tiempo de lectura\" \/>\n\t<meta name=\"twitter:data1\" content=\"1 minuto\" \/>\n<script type=\"application\/ld+json\" class=\"yoast-schema-graph\">{\"@context\":\"https:\\\/\\\/schema.org\",\"@graph\":[{\"@type\":\"WebPage\",\"@id\":\"https:\\\/\\\/cellgenic.com\\\/product\\\/general-water-bath-2\\\/\",\"url\":\"https:\\\/\\\/cellgenic.com\\\/product\\\/general-water-bath-2\\\/\",\"name\":\"Ba\u00f1o de agua general - Cellgenic\",\"isPartOf\":{\"@id\":\"https:\\\/\\\/cellgenic.com\\\/#website\"},\"primaryImageOfPage\":{\"@id\":\"https:\\\/\\\/cellgenic.com\\\/product\\\/general-water-bath-2\\\/#primaryimage\"},\"image\":{\"@id\":\"https:\\\/\\\/cellgenic.com\\\/product\\\/general-water-bath-2\\\/#primaryimage\"},\"thumbnailUrl\":\"https:\\\/\\\/cellgenic.com\\\/wp-content\\\/uploads\\\/2024\\\/06\\\/General-Water-Bath1.png\",\"datePublished\":\"2024-06-20T21:06:07+00:00\",\"dateModified\":\"2025-01-08T02:41:20+00:00\",\"breadcrumb\":{\"@id\":\"https:\\\/\\\/cellgenic.com\\\/product\\\/general-water-bath-2\\\/#breadcrumb\"},\"inLanguage\":\"es\",\"potentialAction\":[{\"@type\":\"ReadAction\",\"target\":[\"https:\\\/\\\/cellgenic.com\\\/product\\\/general-water-bath-2\\\/\"]}]},{\"@type\":\"ImageObject\",\"inLanguage\":\"es\",\"@id\":\"https:\\\/\\\/cellgenic.com\\\/product\\\/general-water-bath-2\\\/#primaryimage\",\"url\":\"https:\\\/\\\/cellgenic.com\\\/wp-content\\\/uploads\\\/2024\\\/06\\\/General-Water-Bath1.png\",\"contentUrl\":\"https:\\\/\\\/cellgenic.com\\\/wp-content\\\/uploads\\\/2024\\\/06\\\/General-Water-Bath1.png\",\"width\":270,\"height\":270},{\"@type\":\"BreadcrumbList\",\"@id\":\"https:\\\/\\\/cellgenic.com\\\/product\\\/general-water-bath-2\\\/#breadcrumb\",\"itemListElement\":[{\"@type\":\"ListItem\",\"position\":1,\"name\":\"Home\",\"item\":\"https:\\\/\\\/cellgenic.com\\\/inicio\\\/\"},{\"@type\":\"ListItem\",\"position\":2,\"name\":\"Tienda\",\"item\":\"https:\\\/\\\/cellgenic.com\\\/tienda\\\/\"},{\"@type\":\"ListItem\",\"position\":3,\"name\":\"Ba\u00f1o de agua general\"}]},{\"@type\":\"WebSite\",\"@id\":\"https:\\\/\\\/cellgenic.com\\\/#website\",\"url\":\"https:\\\/\\\/cellgenic.com\\\/\",\"name\":\"Cellgenic\",\"description\":\"Explore Cellgenic&#039;s advanced regenerative medicine products, specializing in high-quality exosomes for therapeutic applications. Purchase exosomes online to enhance your practice with cutting-edge solutions.\",\"publisher\":{\"@id\":\"https:\\\/\\\/cellgenic.com\\\/#organization\"},\"potentialAction\":[{\"@type\":\"SearchAction\",\"target\":{\"@type\":\"EntryPoint\",\"urlTemplate\":\"https:\\\/\\\/cellgenic.com\\\/?s={search_term_string}\"},\"query-input\":{\"@type\":\"PropertyValueSpecification\",\"valueRequired\":true,\"valueName\":\"search_term_string\"}}],\"inLanguage\":\"es\"},{\"@type\":\"Organization\",\"@id\":\"https:\\\/\\\/cellgenic.com\\\/#organization\",\"name\":\"Cellgenic\",\"url\":\"https:\\\/\\\/cellgenic.com\\\/\",\"logo\":{\"@type\":\"ImageObject\",\"inLanguage\":\"es\",\"@id\":\"https:\\\/\\\/cellgenic.com\\\/#\\\/schema\\\/logo\\\/image\\\/\",\"url\":\"https:\\\/\\\/cellgenic.com\\\/wp-content\\\/uploads\\\/2022\\\/05\\\/Cellgenic_principal_Background-Contactform3-1024x655.png\",\"contentUrl\":\"https:\\\/\\\/cellgenic.com\\\/wp-content\\\/uploads\\\/2022\\\/05\\\/Cellgenic_principal_Background-Contactform3-1024x655.png\",\"width\":1024,\"height\":655,\"caption\":\"Cellgenic\"},\"image\":{\"@id\":\"https:\\\/\\\/cellgenic.com\\\/#\\\/schema\\\/logo\\\/image\\\/\"}}]}<\/script>\n<!-- \/ Yoast SEO plugin. -->","yoast_head_json":{"title":"Ba\u00f1o de agua general - Cellgenic","robots":{"index":"index","follow":"follow","max-snippet":"max-snippet:-1","max-image-preview":"max-image-preview:large","max-video-preview":"max-video-preview:-1"},"canonical":"https:\/\/cellgenic.com\/product\/general-water-bath-2\/","og_locale":"es_ES","og_type":"article","og_title":"Ba\u00f1o de agua general - Cellgenic","og_description":"Productos Caracter\u00edsticas Al mantener la temperatura constante, el ba\u00f1o de agua es adecuado para el examen de la grasa, la incubaci\u00f3n de c\u00e9lulas, la reacci\u00f3n de fermentaci\u00f3n, la extracci\u00f3n de disolventes en cl\u00ednica, tecnolog\u00eda m\u00e9dica, farmacia y microbiolog\u00eda. El sistema de inteligencia artificial (NB TAC Sys) que mantiene la condici\u00f3n termost\u00e1tica precisa est\u00e1 controlado por...","og_url":"https:\/\/cellgenic.com\/product\/general-water-bath-2\/","og_site_name":"Cellgenic","article_modified_time":"2025-01-08T02:41:20+00:00","og_image":[{"width":270,"height":270,"url":"https:\/\/cellgenic.com\/wp-content\/uploads\/2024\/06\/General-Water-Bath1.png","type":"image\/png"}],"twitter_card":"summary_large_image","twitter_misc":{"Tiempo de lectura":"1 minuto"},"schema":{"@context":"https:\/\/schema.org","@graph":[{"@type":"WebPage","@id":"https:\/\/cellgenic.com\/product\/general-water-bath-2\/","url":"https:\/\/cellgenic.com\/product\/general-water-bath-2\/","name":"Ba\u00f1o de agua general - Cellgenic","isPartOf":{"@id":"https:\/\/cellgenic.com\/#website"},"primaryImageOfPage":{"@id":"https:\/\/cellgenic.com\/product\/general-water-bath-2\/#primaryimage"},"image":{"@id":"https:\/\/cellgenic.com\/product\/general-water-bath-2\/#primaryimage"},"thumbnailUrl":"https:\/\/cellgenic.com\/wp-content\/uploads\/2024\/06\/General-Water-Bath1.png","datePublished":"2024-06-20T21:06:07+00:00","dateModified":"2025-01-08T02:41:20+00:00","breadcrumb":{"@id":"https:\/\/cellgenic.com\/product\/general-water-bath-2\/#breadcrumb"},"inLanguage":"es","potentialAction":[{"@type":"ReadAction","target":["https:\/\/cellgenic.com\/product\/general-water-bath-2\/"]}]},{"@type":"ImageObject","inLanguage":"es","@id":"https:\/\/cellgenic.com\/product\/general-water-bath-2\/#primaryimage","url":"https:\/\/cellgenic.com\/wp-content\/uploads\/2024\/06\/General-Water-Bath1.png","contentUrl":"https:\/\/cellgenic.com\/wp-content\/uploads\/2024\/06\/General-Water-Bath1.png","width":270,"height":270},{"@type":"BreadcrumbList","@id":"https:\/\/cellgenic.com\/product\/general-water-bath-2\/#breadcrumb","itemListElement":[{"@type":"ListItem","position":1,"name":"Home","item":"https:\/\/cellgenic.com\/inicio\/"},{"@type":"ListItem","position":2,"name":"Tienda","item":"https:\/\/cellgenic.com\/tienda\/"},{"@type":"ListItem","position":3,"name":"Ba\u00f1o de agua general"}]},{"@type":"WebSite","@id":"https:\/\/cellgenic.com\/#website","url":"https:\/\/cellgenic.com\/","name":"Cellgenic","description":"Explore Cellgenic&#039;s advanced regenerative medicine products, specializing in high-quality exosomes for therapeutic applications. Purchase exosomes online to enhance your practice with cutting-edge solutions.","publisher":{"@id":"https:\/\/cellgenic.com\/#organization"},"potentialAction":[{"@type":"SearchAction","target":{"@type":"EntryPoint","urlTemplate":"https:\/\/cellgenic.com\/?s={search_term_string}"},"query-input":{"@type":"PropertyValueSpecification","valueRequired":true,"valueName":"search_term_string"}}],"inLanguage":"es"},{"@type":"Organization","@id":"https:\/\/cellgenic.com\/#organization","name":"Cellgenic","url":"https:\/\/cellgenic.com\/","logo":{"@type":"ImageObject","inLanguage":"es","@id":"https:\/\/cellgenic.com\/#\/schema\/logo\/image\/","url":"https:\/\/cellgenic.com\/wp-content\/uploads\/2022\/05\/Cellgenic_principal_Background-Contactform3-1024x655.png","contentUrl":"https:\/\/cellgenic.com\/wp-content\/uploads\/2022\/05\/Cellgenic_principal_Background-Contactform3-1024x655.png","width":1024,"height":655,"caption":"Cellgenic"},"image":{"@id":"https:\/\/cellgenic.com\/#\/schema\/logo\/image\/"}}]}},"_links":{"self":[{"href":"https:\/\/cellgenic.com\/es\/wp-json\/wp\/v2\/product\/2150","targetHints":{"allow":["GET"]}}],"collection":[{"href":"https:\/\/cellgenic.com\/es\/wp-json\/wp\/v2\/product"}],"about":[{"href":"https:\/\/cellgenic.com\/es\/wp-json\/wp\/v2\/types\/product"}],"replies":[{"embeddable":true,"href":"https:\/\/cellgenic.com\/es\/wp-json\/wp\/v2\/comments?post=2150"}],"wp:featuredmedia":[{"embeddable":true,"href":"https:\/\/cellgenic.com\/es\/wp-json\/wp\/v2\/media\/2131"}],"wp:attachment":[{"href":"https:\/\/cellgenic.com\/es\/wp-json\/wp\/v2\/media?parent=2150"}],"wp:term":[{"taxonomy":"product_brand","embeddable":true,"href":"https:\/\/cellgenic.com\/es\/wp-json\/wp\/v2\/product_brand?post=2150"},{"taxonomy":"product_cat","embeddable":true,"href":"https:\/\/cellgenic.com\/es\/wp-json\/wp\/v2\/product_cat?post=2150"},{"taxonomy":"product_tag","embeddable":true,"href":"https:\/\/cellgenic.com\/es\/wp-json\/wp\/v2\/product_tag?post=2150"}],"curies":[{"name":"wp","href":"https:\/\/api.w.org\/{rel}","templated":true}]}}