{"id":2176,"date":"2024-06-20T22:00:25","date_gmt":"2024-06-20T22:00:25","guid":{"rendered":"https:\/\/cellgenic.com\/product\/rodillo-remoto\/"},"modified":"2025-01-08T02:41:18","modified_gmt":"2025-01-08T02:41:18","slug":"rodillo-remoto","status":"publish","type":"product","link":"https:\/\/cellgenic.com\/es\/product\/rodillo-remoto\/","title":{"rendered":"Rodillo remoto"},"content":{"rendered":"<h2>Productos Caracter\u00edsticas<\/h2>\n<p>El Rodillo Remoto N-BIOTEK es muy flexible para facilitar su manejo no s\u00f3lo en el interior de la incubadora, sino tambi\u00e9n en cualquier otro lugar de la mesa de trabajo. La caja de control remoto puede fijarse a la superficie de la incubadora y el cable plano no necesita medidas particulares, como el puerto de acceso.<\/p>\n<p>Su capacidad de funcionamiento es de 2000mL botella x 4ea a la vez. La gama de velocidades de 2 rpm a 30 rpm ayuda al usuario a utilizar el rendimiento del cultivo celular adherente.<\/p>\n<h2>Correas dentadas de poliuretano reforzado con acero<\/h2>\n<h2>Motor DC sin escobillas &#8220;sin mantenimiento<\/h2>\n<h2>Aluminio con recubrimiento de polvo para mayor durabilidad y limpieza<\/h2>\n<h2>Material de goma antideslizante para el mejor rendimiento de rodadura<\/h2>\n<h2>Dise\u00f1ado para rodillo sin ralent\u00ed por correa de transmisi\u00f3n<\/h2>\n<h2 class=\"front-cir-title detail-tit big tbl-tit\">Especificaci\u00f3n<\/h2>\n<div class=\"custom-scrollbar-wrapper\">\n<div class=\"scroll-object-box mCustomScrollbar _mCS_1 mCS_no_scrollbar\">\n<div id=\"mCSB_1\" class=\"mCustomScrollBox mCS-dark mCSB_horizontal mCSB_inside\" tabindex=\"0\">\n<div id=\"mCSB_1_container\" class=\"mCSB_container mCS_x_hidden mCS_no_scrollbar_x\" dir=\"ltr\">\n<table class=\"equipment-view-tbl scroll-object\">\n<tbody>\n<tr>\n<th><\/th>\n<th>NB-204MR<\/th>\n<\/tr>\n<tr>\n<td class=\"sub-tit\">Velocidad<\/td>\n<td class=\"has\">Variable de 2 a 30 rpm<\/td>\n<\/tr>\n<tr>\n<td class=\"sub-tit\">Precisi\u00f3n de la velocidad<\/td>\n<td class=\"has\">1rpm<\/td>\n<\/tr>\n<tr>\n<td class=\"sub-tit\">Incremento de velocidad<\/td>\n<td class=\"has\">0,1 rpm<\/td>\n<\/tr>\n<tr>\n<td class=\"sub-tit\">Control<\/td>\n<td class=\"has\">Microprocesador Digital PID<\/td>\n<\/tr>\n<tr>\n<td class=\"sub-tit\">Intervalo de tiempo<\/td>\n<td class=\"has\">Continuo o hasta 99h 59min<\/td>\n<\/tr>\n<tr>\n<td class=\"sub-tit\">Precisi\u00f3n horaria<\/td>\n<td class=\"has\">\u00b11%<\/td>\n<\/tr>\n<tr>\n<td class=\"sub-tit\">Pantalla<\/td>\n<td class=\"has\">Pantalla LED<\/td>\n<\/tr>\n<tr>\n<td class=\"sub-tit\">Tipo de motor<\/td>\n<td class=\"has\">Motor de corriente continua sin escobillas<\/td>\n<\/tr>\n<tr>\n<td class=\"sub-tit\">Botella de rodillo est\u00e1ndar<\/td>\n<td class=\"has\">De 110 mm a 120 mm, 4 uds.<\/td>\n<\/tr>\n<tr>\n<td class=\"sub-tit\">Dimensiones de la plataforma de rodillos<\/td>\n<td class=\"has\">362(W)x299(D)x212(H)mm<\/td>\n<\/tr>\n<tr>\n<td class=\"sub-tit\">Dimensiones totales<\/td>\n<td class=\"has\">375(W)x370(D)x345(H)mm<\/td>\n<\/tr>\n<tr>\n<td class=\"sub-tit\">Alimentaci\u00f3n<\/td>\n<td class=\"has\">CA90 a 264 V, 50\/60 Hz, 10 W<\/td>\n<\/tr>\n<tr>\n<td class=\"sub-tit\">Peso<\/td>\n<td class=\"has\">12,5 kg<\/td>\n<\/tr>\n<\/tbody>\n<\/table>\n<\/div>\n<\/div>\n<\/div>\n<\/div>\n","protected":false},"excerpt":{"rendered":"<p>Productos Caracter\u00edsticas El Rodillo Remoto N-BIOTEK es muy flexible para facilitar su manejo no s\u00f3lo en el interior de la incubadora, sino tambi\u00e9n en cualquier otro lugar de la mesa de trabajo. La caja de control remoto puede fijarse a la superficie de la incubadora y el cable plano no necesita medidas particulares, como el&#8230;<\/p>\n","protected":false},"featured_media":2175,"comment_status":"open","ping_status":"closed","template":"","meta":{"_acf_changed":false,"_joinchat":[]},"product_brand":[],"product_cat":[181,167],"product_tag":[],"class_list":{"0":"post-2176","1":"product","2":"type-product","3":"status-publish","4":"has-post-thumbnail","6":"product_cat-agitadores","7":"product_cat-equipo-de-laboratorio","9":"first","10":"instock","11":"shipping-taxable","12":"product-type-simple","13":"add-to-wishlist-before_image"},"group_of_quantity":0,"min_quantity":0,"max_quantity":"","exclude_order_quantity_value_rules":"no","exclude_category_quantity_rules":"no","combine_variations":"no","acf":[],"yoast_head":"<!-- This site is optimized with the Yoast SEO plugin v27.5 - https:\/\/yoast.com\/product\/yoast-seo-wordpress\/ -->\n<title>Rodillo remoto - Cellgenic<\/title>\n<meta name=\"robots\" content=\"index, follow, max-snippet:-1, max-image-preview:large, max-video-preview:-1\" \/>\n<link rel=\"canonical\" href=\"https:\/\/cellgenic.com\/es\/product\/rodillo-remoto\/\" \/>\n<meta property=\"og:locale\" content=\"es_ES\" \/>\n<meta property=\"og:type\" content=\"article\" \/>\n<meta property=\"og:title\" content=\"Rodillo remoto - Cellgenic\" \/>\n<meta property=\"og:description\" content=\"Productos Caracter\u00edsticas El Rodillo Remoto N-BIOTEK es muy flexible para facilitar su manejo no s\u00f3lo en el interior de la incubadora, sino tambi\u00e9n en cualquier otro lugar de la mesa de trabajo. La caja de control remoto puede fijarse a la superficie de la incubadora y el cable plano no necesita medidas particulares, como el...\" \/>\n<meta property=\"og:url\" content=\"https:\/\/cellgenic.com\/es\/product\/rodillo-remoto\/\" \/>\n<meta property=\"og:site_name\" content=\"Cellgenic\" \/>\n<meta property=\"article:modified_time\" content=\"2025-01-08T02:41:18+00:00\" \/>\n<meta property=\"og:image\" content=\"https:\/\/cellgenic.com\/wp-content\/uploads\/2024\/06\/Remote-Roller1.png\" \/>\n\t<meta property=\"og:image:width\" content=\"270\" \/>\n\t<meta property=\"og:image:height\" content=\"270\" \/>\n\t<meta property=\"og:image:type\" content=\"image\/png\" \/>\n<meta name=\"twitter:card\" content=\"summary_large_image\" \/>\n<meta name=\"twitter:label1\" content=\"Tiempo de lectura\" \/>\n\t<meta name=\"twitter:data1\" content=\"1 minuto\" \/>\n<script type=\"application\/ld+json\" class=\"yoast-schema-graph\">{\"@context\":\"https:\\\/\\\/schema.org\",\"@graph\":[{\"@type\":\"WebPage\",\"@id\":\"https:\\\/\\\/cellgenic.com\\\/es\\\/product\\\/rodillo-remoto\\\/\",\"url\":\"https:\\\/\\\/cellgenic.com\\\/es\\\/product\\\/rodillo-remoto\\\/\",\"name\":\"Rodillo remoto - Cellgenic\",\"isPartOf\":{\"@id\":\"https:\\\/\\\/cellgenic.com\\\/#website\"},\"primaryImageOfPage\":{\"@id\":\"https:\\\/\\\/cellgenic.com\\\/es\\\/product\\\/rodillo-remoto\\\/#primaryimage\"},\"image\":{\"@id\":\"https:\\\/\\\/cellgenic.com\\\/es\\\/product\\\/rodillo-remoto\\\/#primaryimage\"},\"thumbnailUrl\":\"https:\\\/\\\/cellgenic.com\\\/wp-content\\\/uploads\\\/2024\\\/06\\\/Remote-Roller1.png\",\"datePublished\":\"2024-06-20T22:00:25+00:00\",\"dateModified\":\"2025-01-08T02:41:18+00:00\",\"breadcrumb\":{\"@id\":\"https:\\\/\\\/cellgenic.com\\\/es\\\/product\\\/rodillo-remoto\\\/#breadcrumb\"},\"inLanguage\":\"es\",\"potentialAction\":[{\"@type\":\"ReadAction\",\"target\":[\"https:\\\/\\\/cellgenic.com\\\/es\\\/product\\\/rodillo-remoto\\\/\"]}]},{\"@type\":\"ImageObject\",\"inLanguage\":\"es\",\"@id\":\"https:\\\/\\\/cellgenic.com\\\/es\\\/product\\\/rodillo-remoto\\\/#primaryimage\",\"url\":\"https:\\\/\\\/cellgenic.com\\\/wp-content\\\/uploads\\\/2024\\\/06\\\/Remote-Roller1.png\",\"contentUrl\":\"https:\\\/\\\/cellgenic.com\\\/wp-content\\\/uploads\\\/2024\\\/06\\\/Remote-Roller1.png\",\"width\":270,\"height\":270},{\"@type\":\"BreadcrumbList\",\"@id\":\"https:\\\/\\\/cellgenic.com\\\/es\\\/product\\\/rodillo-remoto\\\/#breadcrumb\",\"itemListElement\":[{\"@type\":\"ListItem\",\"position\":1,\"name\":\"Home\",\"item\":\"https:\\\/\\\/cellgenic.com\\\/inicio\\\/\"},{\"@type\":\"ListItem\",\"position\":2,\"name\":\"Tienda\",\"item\":\"https:\\\/\\\/cellgenic.com\\\/tienda\\\/\"},{\"@type\":\"ListItem\",\"position\":3,\"name\":\"Rodillo remoto\"}]},{\"@type\":\"WebSite\",\"@id\":\"https:\\\/\\\/cellgenic.com\\\/#website\",\"url\":\"https:\\\/\\\/cellgenic.com\\\/\",\"name\":\"Cellgenic\",\"description\":\"Explore Cellgenic&#039;s advanced regenerative medicine products, specializing in high-quality exosomes for therapeutic applications. Purchase exosomes online to enhance your practice with cutting-edge solutions.\",\"publisher\":{\"@id\":\"https:\\\/\\\/cellgenic.com\\\/#organization\"},\"potentialAction\":[{\"@type\":\"SearchAction\",\"target\":{\"@type\":\"EntryPoint\",\"urlTemplate\":\"https:\\\/\\\/cellgenic.com\\\/?s={search_term_string}\"},\"query-input\":{\"@type\":\"PropertyValueSpecification\",\"valueRequired\":true,\"valueName\":\"search_term_string\"}}],\"inLanguage\":\"es\"},{\"@type\":\"Organization\",\"@id\":\"https:\\\/\\\/cellgenic.com\\\/#organization\",\"name\":\"Cellgenic\",\"url\":\"https:\\\/\\\/cellgenic.com\\\/\",\"logo\":{\"@type\":\"ImageObject\",\"inLanguage\":\"es\",\"@id\":\"https:\\\/\\\/cellgenic.com\\\/#\\\/schema\\\/logo\\\/image\\\/\",\"url\":\"https:\\\/\\\/cellgenic.com\\\/wp-content\\\/uploads\\\/2022\\\/05\\\/Cellgenic_principal_Background-Contactform3-1024x655.png\",\"contentUrl\":\"https:\\\/\\\/cellgenic.com\\\/wp-content\\\/uploads\\\/2022\\\/05\\\/Cellgenic_principal_Background-Contactform3-1024x655.png\",\"width\":1024,\"height\":655,\"caption\":\"Cellgenic\"},\"image\":{\"@id\":\"https:\\\/\\\/cellgenic.com\\\/#\\\/schema\\\/logo\\\/image\\\/\"}}]}<\/script>\n<!-- \/ Yoast SEO plugin. -->","yoast_head_json":{"title":"Rodillo remoto - Cellgenic","robots":{"index":"index","follow":"follow","max-snippet":"max-snippet:-1","max-image-preview":"max-image-preview:large","max-video-preview":"max-video-preview:-1"},"canonical":"https:\/\/cellgenic.com\/es\/product\/rodillo-remoto\/","og_locale":"es_ES","og_type":"article","og_title":"Rodillo remoto - Cellgenic","og_description":"Productos Caracter\u00edsticas El Rodillo Remoto N-BIOTEK es muy flexible para facilitar su manejo no s\u00f3lo en el interior de la incubadora, sino tambi\u00e9n en cualquier otro lugar de la mesa de trabajo. La caja de control remoto puede fijarse a la superficie de la incubadora y el cable plano no necesita medidas particulares, como el...","og_url":"https:\/\/cellgenic.com\/es\/product\/rodillo-remoto\/","og_site_name":"Cellgenic","article_modified_time":"2025-01-08T02:41:18+00:00","og_image":[{"width":270,"height":270,"url":"https:\/\/cellgenic.com\/wp-content\/uploads\/2024\/06\/Remote-Roller1.png","type":"image\/png"}],"twitter_card":"summary_large_image","twitter_misc":{"Tiempo de lectura":"1 minuto"},"schema":{"@context":"https:\/\/schema.org","@graph":[{"@type":"WebPage","@id":"https:\/\/cellgenic.com\/es\/product\/rodillo-remoto\/","url":"https:\/\/cellgenic.com\/es\/product\/rodillo-remoto\/","name":"Rodillo remoto - Cellgenic","isPartOf":{"@id":"https:\/\/cellgenic.com\/#website"},"primaryImageOfPage":{"@id":"https:\/\/cellgenic.com\/es\/product\/rodillo-remoto\/#primaryimage"},"image":{"@id":"https:\/\/cellgenic.com\/es\/product\/rodillo-remoto\/#primaryimage"},"thumbnailUrl":"https:\/\/cellgenic.com\/wp-content\/uploads\/2024\/06\/Remote-Roller1.png","datePublished":"2024-06-20T22:00:25+00:00","dateModified":"2025-01-08T02:41:18+00:00","breadcrumb":{"@id":"https:\/\/cellgenic.com\/es\/product\/rodillo-remoto\/#breadcrumb"},"inLanguage":"es","potentialAction":[{"@type":"ReadAction","target":["https:\/\/cellgenic.com\/es\/product\/rodillo-remoto\/"]}]},{"@type":"ImageObject","inLanguage":"es","@id":"https:\/\/cellgenic.com\/es\/product\/rodillo-remoto\/#primaryimage","url":"https:\/\/cellgenic.com\/wp-content\/uploads\/2024\/06\/Remote-Roller1.png","contentUrl":"https:\/\/cellgenic.com\/wp-content\/uploads\/2024\/06\/Remote-Roller1.png","width":270,"height":270},{"@type":"BreadcrumbList","@id":"https:\/\/cellgenic.com\/es\/product\/rodillo-remoto\/#breadcrumb","itemListElement":[{"@type":"ListItem","position":1,"name":"Home","item":"https:\/\/cellgenic.com\/inicio\/"},{"@type":"ListItem","position":2,"name":"Tienda","item":"https:\/\/cellgenic.com\/tienda\/"},{"@type":"ListItem","position":3,"name":"Rodillo remoto"}]},{"@type":"WebSite","@id":"https:\/\/cellgenic.com\/#website","url":"https:\/\/cellgenic.com\/","name":"Cellgenic","description":"Explore Cellgenic&#039;s advanced regenerative medicine products, specializing in high-quality exosomes for therapeutic applications. Purchase exosomes online to enhance your practice with cutting-edge solutions.","publisher":{"@id":"https:\/\/cellgenic.com\/#organization"},"potentialAction":[{"@type":"SearchAction","target":{"@type":"EntryPoint","urlTemplate":"https:\/\/cellgenic.com\/?s={search_term_string}"},"query-input":{"@type":"PropertyValueSpecification","valueRequired":true,"valueName":"search_term_string"}}],"inLanguage":"es"},{"@type":"Organization","@id":"https:\/\/cellgenic.com\/#organization","name":"Cellgenic","url":"https:\/\/cellgenic.com\/","logo":{"@type":"ImageObject","inLanguage":"es","@id":"https:\/\/cellgenic.com\/#\/schema\/logo\/image\/","url":"https:\/\/cellgenic.com\/wp-content\/uploads\/2022\/05\/Cellgenic_principal_Background-Contactform3-1024x655.png","contentUrl":"https:\/\/cellgenic.com\/wp-content\/uploads\/2022\/05\/Cellgenic_principal_Background-Contactform3-1024x655.png","width":1024,"height":655,"caption":"Cellgenic"},"image":{"@id":"https:\/\/cellgenic.com\/#\/schema\/logo\/image\/"}}]}},"_links":{"self":[{"href":"https:\/\/cellgenic.com\/es\/wp-json\/wp\/v2\/product\/2176","targetHints":{"allow":["GET"]}}],"collection":[{"href":"https:\/\/cellgenic.com\/es\/wp-json\/wp\/v2\/product"}],"about":[{"href":"https:\/\/cellgenic.com\/es\/wp-json\/wp\/v2\/types\/product"}],"replies":[{"embeddable":true,"href":"https:\/\/cellgenic.com\/es\/wp-json\/wp\/v2\/comments?post=2176"}],"wp:featuredmedia":[{"embeddable":true,"href":"https:\/\/cellgenic.com\/es\/wp-json\/wp\/v2\/media\/2175"}],"wp:attachment":[{"href":"https:\/\/cellgenic.com\/es\/wp-json\/wp\/v2\/media?parent=2176"}],"wp:term":[{"taxonomy":"product_brand","embeddable":true,"href":"https:\/\/cellgenic.com\/es\/wp-json\/wp\/v2\/product_brand?post=2176"},{"taxonomy":"product_cat","embeddable":true,"href":"https:\/\/cellgenic.com\/es\/wp-json\/wp\/v2\/product_cat?post=2176"},{"taxonomy":"product_tag","embeddable":true,"href":"https:\/\/cellgenic.com\/es\/wp-json\/wp\/v2\/product_tag?post=2176"}],"curies":[{"name":"wp","href":"https:\/\/api.w.org\/{rel}","templated":true}]}}