{"id":2188,"date":"2024-06-20T22:06:54","date_gmt":"2024-06-20T22:06:54","guid":{"rendered":"https:\/\/cellgenic.com\/product\/aparato-de-rodillos-max-roll\/"},"modified":"2025-01-08T02:41:18","modified_gmt":"2025-01-08T02:41:18","slug":"aparato-de-rodillos-max-roll","status":"publish","type":"product","link":"https:\/\/cellgenic.com\/es\/product\/aparato-de-rodillos-max-roll\/","title":{"rendered":"Aparato de rodillos Max-Roll"},"content":{"rendered":"<h2>Productos Caracter\u00edsticas<\/h2>\n<p>El Aparato de Rodillos N-BIOTEK est\u00e1 dise\u00f1ado para su uso en la producci\u00f3n de c\u00e9lulas de fijaci\u00f3n masiva. Los rodillos est\u00e1n disponibles en 10 botellas por una cubierta y hasta 100 botellas en 10 cubiertas de rodillo. El motor de corriente continua del rodillo produce menos vibraciones y poco ruido para una rotaci\u00f3n estable. Todos los rodillos est\u00e1n disponibles para su uso en la incubadora de gran capacidad de N-BIOTEK, Max Cell Giant.<\/p>\n<h2>Motores de corriente continua sin escobillas que no necesitan mantenimiento<\/h2>\n<p>para un bajo nivel de ruido y vibraciones<\/p>\n<h2>Gran capacidad de carga de hasta 100 botellas<\/h2>\n<p>2 botellas en una pieza rodante<\/p>\n<h2>Correas dentadas de poliuretano reforzado con acero<\/h2>\n<p>para un funcionamiento sin problemas durante a\u00f1os<\/p>\n<h2>Cuerpo de aluminio con revestimiento de potencia<\/h2>\n<p>para mayor durabilidad y limpieza, a prueba de \u00f3xido<\/p>\n<h2>Ruedas para la movilidad y bloqueos de ruedas para la inmovilidad<\/h2>\n<h2>Sistema libre de lubricantes de aceite<\/h2>\n<h2>Reinicio autom\u00e1tico tras fallo de alimentaci\u00f3n<\/h2>\n<h2>Alarma ac\u00fastica y contacto de alarma opcional<\/h2>\n<p>por el error en la correa y el motor<\/p>\n<h2>Bater\u00eda de reserva incorporada (Opcional)<\/h2>\n<p>aprox. 24 horas de funcionamiento en caso de corte del suministro el\u00e9ctrico<\/p>\n<p><img loading=\"lazy\" decoding=\"async\" class=\" wp-image-2186 aligncenter\" src=\"https:\/\/cellgenic.com\/wp-content\/uploads\/2024\/06\/equipment_img16-300x112.png\" alt=\"\" width=\"354\" height=\"132\" srcset=\"https:\/\/cellgenic.com\/wp-content\/uploads\/2024\/06\/equipment_img16-300x112.png 300w, https:\/\/cellgenic.com\/wp-content\/uploads\/2024\/06\/equipment_img16-1024x381.png 1024w, https:\/\/cellgenic.com\/wp-content\/uploads\/2024\/06\/equipment_img16-150x56.png 150w, https:\/\/cellgenic.com\/wp-content\/uploads\/2024\/06\/equipment_img16-200x74.png 200w, https:\/\/cellgenic.com\/wp-content\/uploads\/2024\/06\/equipment_img16-400x149.png 400w, https:\/\/cellgenic.com\/wp-content\/uploads\/2024\/06\/equipment_img16-700x260.png 700w, https:\/\/cellgenic.com\/wp-content\/uploads\/2024\/06\/equipment_img16-600x223.png 600w, https:\/\/cellgenic.com\/wp-content\/uploads\/2024\/06\/equipment_img16.png 1200w\" sizes=\"auto, (max-width: 354px) 100vw, 354px\" \/><\/p>\n<div id=\"fixedContentM2\" class=\"sub-tab-con\">\n<div class=\"prd-cm-table\">\n<h2 class=\"front-cir-title detail-tit big tbl-tit\">Especificaci\u00f3n<\/h2>\n<div class=\"custom-scrollbar-wrapper\">\n<div class=\"scroll-object-box mCustomScrollbar _mCS_1 mCS_no_scrollbar\">\n<div id=\"mCSB_1\" class=\"mCustomScrollBox mCS-dark mCSB_horizontal mCSB_inside\" tabindex=\"0\">\n<div id=\"mCSB_1_container\" class=\"mCSB_container mCS_x_hidden mCS_no_scrollbar_x\" dir=\"ltr\">\n<table class=\"equipment-view-tbl scroll-object\">\n<tbody>\n<tr>\n<th><\/th>\n<th>NB-204GR3<\/th>\n<th>NB-204GR10<\/th>\n<\/tr>\n<tr>\n<td class=\"sub-tit\">Rango de velocidad<\/td>\n<td class=\"has\">De 1 rpm a 30 rpm (*Basado en las rpm de la botella de 2 litros)<\/td>\n<td class=\"has\">De 1 rpm a 30 rpm (*basado en las rpm de la botella de 2 litros)<\/td>\n<\/tr>\n<tr>\n<td class=\"sub-tit\">Resoluci\u00f3n de velocidad<\/td>\n<td class=\"has\">0,1 rpm<\/td>\n<td class=\"has\">0,1 rpm<\/td>\n<\/tr>\n<tr>\n<td class=\"sub-tit\">Incremento de velocidad<\/td>\n<td class=\"has\">0,1 rpm<\/td>\n<td class=\"has\">0,1 rpm<\/td>\n<\/tr>\n<tr>\n<td class=\"sub-tit\">Intervalo de tiempo<\/td>\n<td class=\"has\">1 minuto a 99 horas 59 minutos o funcionamiento continuo<\/td>\n<td class=\"has\">1 minuto a 99 horas 59 minutos o Funcionamiento continuo<\/td>\n<\/tr>\n<tr>\n<td class=\"sub-tit\">Precisi\u00f3n horaria<\/td>\n<td class=\"has\">\u00b11%<\/td>\n<td class=\"has\">\u00b11%<\/td>\n<\/tr>\n<tr>\n<td class=\"sub-tit\">Pantalla<\/td>\n<td class=\"has\">Pantalla LED de 5 d\u00edgitos<\/td>\n<td class=\"has\">Pantalla LED de 5 d\u00edgitos<\/td>\n<\/tr>\n<tr>\n<td class=\"sub-tit\">Motor<\/td>\n<td class=\"has\">Motor de CC<\/td>\n<td class=\"has\">Motor de CC<\/td>\n<\/tr>\n<tr>\n<td class=\"sub-tit\">Capacidad m\u00e1xima de carga de la botella (botella de 2 litros*)<\/td>\n<td class=\"has\">110 a 120mm, 30ea *Longitud de la botella inferior a 250mm<\/td>\n<td class=\"has\">110 a 120mm, 100ea *Longitud de la botella inferior a 250mm<\/td>\n<\/tr>\n<tr>\n<td class=\"sub-tit\">Dimensiones de la plataforma de rodillos<\/td>\n<td class=\"has\">750(ancho)x564(fondo)mm<\/td>\n<td class=\"has\">750(ancho)x564(fondo)mm<\/td>\n<\/tr>\n<tr>\n<td class=\"sub-tit\">Dimensiones totales<\/td>\n<td class=\"has\">756(W)x626(D)x642(H)mm<\/td>\n<td class=\"has\">756(W)x626(D)x1799(H)mm<\/td>\n<\/tr>\n<tr>\n<td class=\"sub-tit\">Temperatura ambiente<\/td>\n<td class=\"has\">0 a 50\u00b0C<\/td>\n<td class=\"has\">0 a 50\u00b0C<\/td>\n<\/tr>\n<tr>\n<td class=\"sub-tit\">Humedad ambiente<\/td>\n<td class=\"has\">35 a 85% HR<\/td>\n<td class=\"has\">35 a 85% HR<\/td>\n<\/tr>\n<tr>\n<td class=\"sub-tit\">Control del motor<\/td>\n<td class=\"has\">Accionamiento PWM DSP de 32 bits<\/td>\n<td class=\"has\">Accionamiento PWM DSP de 32 bits<\/td>\n<\/tr>\n<tr>\n<td class=\"sub-tit\">Tensi\u00f3n de entrada del motor<\/td>\n<td class=\"has\">24 Vcc\u00b110<\/td>\n<td class=\"has\">24vdc\u00b110%<\/td>\n<\/tr>\n<tr>\n<td class=\"sub-tit\">Funci\u00f3n de alarma<\/td>\n<td class=\"has\">Zumbador, Pantalla<\/td>\n<td class=\"has\">Zumbador, Pantalla<\/td>\n<\/tr>\n<tr>\n<td class=\"sub-tit\">Alimentaci\u00f3n<\/td>\n<td class=\"has\">CA90 a 264 V, 50\/60 Hz, m\u00e1x. 70 W<\/td>\n<td class=\"has\">CA90 a 264 V, 50\/60 Hz, m\u00e1x. 75 W<\/td>\n<\/tr>\n<tr>\n<td class=\"sub-tit\">Peso<\/td>\n<td class=\"has\">Unos 40 kg o menos<\/td>\n<td class=\"has\">Unos 80 kg o menos<\/td>\n<\/tr>\n<\/tbody>\n<\/table>\n<\/div>\n<\/div>\n<\/div>\n<\/div>\n<\/div>\n<\/div>\n<div id=\"fixedContentM3\" class=\"sub-tab-con\">\n<div class=\"prd-cm-table\">\n<h2><\/h2>\n<h2 class=\"front-cir-title detail-tit big tbl-tit\">Opci\u00f3n para la serie NB204GR<\/h2>\n<div class=\"custom-scrollbar-wrapper \">\n<div class=\"scroll-object-box mCustomScrollbar _mCS_2 mCS_no_scrollbar\">\n<div id=\"mCSB_2\" class=\"mCustomScrollBox mCS-dark mCSB_horizontal mCSB_inside\" tabindex=\"0\">\n<div id=\"mCSB_2_container\" class=\"mCSB_container mCS_x_hidden mCS_no_scrollbar_x\" dir=\"ltr\">\n<table class=\"equipment-view-tbl scroll-object\">\n<tbody>\n<tr>\n<td class=\"sub-tit\">NB-204GR2<\/td>\n<td class=\"has\">Aparato de rodillos de 2 pilas para botella de 2L x 10 unidades por pila<\/td>\n<\/tr>\n<tr>\n<td class=\"sub-tit\">NB-204GR3<\/td>\n<td class=\"has\">Aparato de rodillos de 3 pilas para botella de 2L x 10 unidades por pila<\/td>\n<\/tr>\n<tr>\n<td class=\"sub-tit\">NB-204GR4<\/td>\n<td class=\"has\">Aparato de rodillos de 4 pilas para botella de 2L x 10 unidades por pila<\/td>\n<\/tr>\n<tr>\n<td class=\"sub-tit\">NB-204GR5<\/td>\n<td class=\"has\">Aparato de rodillo de 5 pilas para botella de 2L x 10 unidades por pila<\/td>\n<\/tr>\n<tr>\n<td class=\"sub-tit\">NB-204GR6<\/td>\n<td class=\"has\">Aparato de rodillos de 6 pilas para botella de 2L x 10 unidades por pila<\/td>\n<\/tr>\n<tr>\n<td class=\"sub-tit\">NB-204GR7<\/td>\n<td class=\"has\">Aparato de rodillos de 7 pilas para botella de 2L x 10 unidades por pila<\/td>\n<\/tr>\n<tr>\n<td class=\"sub-tit\">NB-204GR8<\/td>\n<td class=\"has\">Aparato de rodillos de 8 pilas para botella de 2L x 10 unidades por pila<\/td>\n<\/tr>\n<tr>\n<td class=\"sub-tit\">NB-204GR9<\/td>\n<td class=\"has\">Aparato de rodillos de 9 pilas para botella de 2L x 10 unidades por pila<\/td>\n<\/tr>\n<tr>\n<td class=\"sub-tit\">NB-204GR10<\/td>\n<td class=\"has\">10 Aparatos de rodillos apilables para botella de 2L x 10 unidades por pila<\/td>\n<\/tr>\n<\/tbody>\n<\/table>\n<\/div>\n<\/div>\n<\/div>\n<\/div>\n<\/div>\n<\/div>\n","protected":false},"excerpt":{"rendered":"<p>Productos Caracter\u00edsticas El Aparato de Rodillos N-BIOTEK est\u00e1 dise\u00f1ado para su uso en la producci\u00f3n de c\u00e9lulas de fijaci\u00f3n masiva. Los rodillos est\u00e1n disponibles en 10 botellas por una cubierta y hasta 100 botellas en 10 cubiertas de rodillo. El motor de corriente continua del rodillo produce menos vibraciones y poco ruido para una rotaci\u00f3n&#8230;<\/p>\n","protected":false},"featured_media":2179,"comment_status":"open","ping_status":"closed","template":"","meta":{"_acf_changed":false,"_joinchat":[]},"product_brand":[],"product_cat":[181,167],"product_tag":[],"class_list":{"0":"post-2188","1":"product","2":"type-product","3":"status-publish","4":"has-post-thumbnail","6":"product_cat-agitadores","7":"product_cat-equipo-de-laboratorio","9":"first","10":"instock","11":"shipping-taxable","12":"product-type-simple","13":"add-to-wishlist-before_image"},"group_of_quantity":0,"min_quantity":0,"max_quantity":"","exclude_order_quantity_value_rules":"no","exclude_category_quantity_rules":"no","combine_variations":"no","acf":[],"yoast_head":"<!-- This site is optimized with the Yoast SEO plugin v27.4 - https:\/\/yoast.com\/product\/yoast-seo-wordpress\/ -->\n<title>Aparato de rodillos Max-Roll - Cellgenic<\/title>\n<meta name=\"robots\" content=\"index, follow, max-snippet:-1, max-image-preview:large, max-video-preview:-1\" \/>\n<link rel=\"canonical\" href=\"https:\/\/cellgenic.com\/es\/product\/aparato-de-rodillos-max-roll\/\" \/>\n<meta property=\"og:locale\" content=\"es_ES\" \/>\n<meta property=\"og:type\" content=\"article\" \/>\n<meta property=\"og:title\" content=\"Aparato de rodillos Max-Roll - Cellgenic\" \/>\n<meta property=\"og:description\" content=\"Productos Caracter\u00edsticas El Aparato de Rodillos N-BIOTEK est\u00e1 dise\u00f1ado para su uso en la producci\u00f3n de c\u00e9lulas de fijaci\u00f3n masiva. Los rodillos est\u00e1n disponibles en 10 botellas por una cubierta y hasta 100 botellas en 10 cubiertas de rodillo. El motor de corriente continua del rodillo produce menos vibraciones y poco ruido para una rotaci\u00f3n...\" \/>\n<meta property=\"og:url\" content=\"https:\/\/cellgenic.com\/es\/product\/aparato-de-rodillos-max-roll\/\" \/>\n<meta property=\"og:site_name\" content=\"Cellgenic\" \/>\n<meta property=\"article:modified_time\" content=\"2025-01-08T02:41:18+00:00\" \/>\n<meta property=\"og:image\" content=\"https:\/\/cellgenic.com\/wp-content\/uploads\/2024\/06\/Roller-Apparatus-Max-Roll1.png\" \/>\n\t<meta property=\"og:image:width\" content=\"270\" \/>\n\t<meta property=\"og:image:height\" content=\"270\" \/>\n\t<meta property=\"og:image:type\" content=\"image\/png\" \/>\n<meta name=\"twitter:card\" content=\"summary_large_image\" \/>\n<meta name=\"twitter:label1\" content=\"Tiempo de lectura\" \/>\n\t<meta name=\"twitter:data1\" content=\"3 minutos\" \/>\n<script type=\"application\/ld+json\" class=\"yoast-schema-graph\">{\"@context\":\"https:\\\/\\\/schema.org\",\"@graph\":[{\"@type\":\"WebPage\",\"@id\":\"https:\\\/\\\/cellgenic.com\\\/es\\\/product\\\/aparato-de-rodillos-max-roll\\\/\",\"url\":\"https:\\\/\\\/cellgenic.com\\\/es\\\/product\\\/aparato-de-rodillos-max-roll\\\/\",\"name\":\"Aparato de rodillos Max-Roll - Cellgenic\",\"isPartOf\":{\"@id\":\"https:\\\/\\\/cellgenic.com\\\/#website\"},\"primaryImageOfPage\":{\"@id\":\"https:\\\/\\\/cellgenic.com\\\/es\\\/product\\\/aparato-de-rodillos-max-roll\\\/#primaryimage\"},\"image\":{\"@id\":\"https:\\\/\\\/cellgenic.com\\\/es\\\/product\\\/aparato-de-rodillos-max-roll\\\/#primaryimage\"},\"thumbnailUrl\":\"https:\\\/\\\/cellgenic.com\\\/wp-content\\\/uploads\\\/2024\\\/06\\\/Roller-Apparatus-Max-Roll1.png\",\"datePublished\":\"2024-06-20T22:06:54+00:00\",\"dateModified\":\"2025-01-08T02:41:18+00:00\",\"breadcrumb\":{\"@id\":\"https:\\\/\\\/cellgenic.com\\\/es\\\/product\\\/aparato-de-rodillos-max-roll\\\/#breadcrumb\"},\"inLanguage\":\"es\",\"potentialAction\":[{\"@type\":\"ReadAction\",\"target\":[\"https:\\\/\\\/cellgenic.com\\\/es\\\/product\\\/aparato-de-rodillos-max-roll\\\/\"]}]},{\"@type\":\"ImageObject\",\"inLanguage\":\"es\",\"@id\":\"https:\\\/\\\/cellgenic.com\\\/es\\\/product\\\/aparato-de-rodillos-max-roll\\\/#primaryimage\",\"url\":\"https:\\\/\\\/cellgenic.com\\\/wp-content\\\/uploads\\\/2024\\\/06\\\/Roller-Apparatus-Max-Roll1.png\",\"contentUrl\":\"https:\\\/\\\/cellgenic.com\\\/wp-content\\\/uploads\\\/2024\\\/06\\\/Roller-Apparatus-Max-Roll1.png\",\"width\":270,\"height\":270},{\"@type\":\"BreadcrumbList\",\"@id\":\"https:\\\/\\\/cellgenic.com\\\/es\\\/product\\\/aparato-de-rodillos-max-roll\\\/#breadcrumb\",\"itemListElement\":[{\"@type\":\"ListItem\",\"position\":1,\"name\":\"Home\",\"item\":\"https:\\\/\\\/cellgenic.com\\\/inicio\\\/\"},{\"@type\":\"ListItem\",\"position\":2,\"name\":\"Tienda\",\"item\":\"https:\\\/\\\/cellgenic.com\\\/tienda\\\/\"},{\"@type\":\"ListItem\",\"position\":3,\"name\":\"Aparato de rodillos Max-Roll\"}]},{\"@type\":\"WebSite\",\"@id\":\"https:\\\/\\\/cellgenic.com\\\/#website\",\"url\":\"https:\\\/\\\/cellgenic.com\\\/\",\"name\":\"Cellgenic\",\"description\":\"Explore Cellgenic&#039;s advanced regenerative medicine products, specializing in high-quality exosomes for therapeutic applications. Purchase exosomes online to enhance your practice with cutting-edge solutions.\",\"publisher\":{\"@id\":\"https:\\\/\\\/cellgenic.com\\\/#organization\"},\"potentialAction\":[{\"@type\":\"SearchAction\",\"target\":{\"@type\":\"EntryPoint\",\"urlTemplate\":\"https:\\\/\\\/cellgenic.com\\\/?s={search_term_string}\"},\"query-input\":{\"@type\":\"PropertyValueSpecification\",\"valueRequired\":true,\"valueName\":\"search_term_string\"}}],\"inLanguage\":\"es\"},{\"@type\":\"Organization\",\"@id\":\"https:\\\/\\\/cellgenic.com\\\/#organization\",\"name\":\"Cellgenic\",\"url\":\"https:\\\/\\\/cellgenic.com\\\/\",\"logo\":{\"@type\":\"ImageObject\",\"inLanguage\":\"es\",\"@id\":\"https:\\\/\\\/cellgenic.com\\\/#\\\/schema\\\/logo\\\/image\\\/\",\"url\":\"https:\\\/\\\/cellgenic.com\\\/wp-content\\\/uploads\\\/2022\\\/05\\\/Cellgenic_principal_Background-Contactform3-1024x655.png\",\"contentUrl\":\"https:\\\/\\\/cellgenic.com\\\/wp-content\\\/uploads\\\/2022\\\/05\\\/Cellgenic_principal_Background-Contactform3-1024x655.png\",\"width\":1024,\"height\":655,\"caption\":\"Cellgenic\"},\"image\":{\"@id\":\"https:\\\/\\\/cellgenic.com\\\/#\\\/schema\\\/logo\\\/image\\\/\"}}]}<\/script>\n<!-- \/ Yoast SEO plugin. -->","yoast_head_json":{"title":"Aparato de rodillos Max-Roll - Cellgenic","robots":{"index":"index","follow":"follow","max-snippet":"max-snippet:-1","max-image-preview":"max-image-preview:large","max-video-preview":"max-video-preview:-1"},"canonical":"https:\/\/cellgenic.com\/es\/product\/aparato-de-rodillos-max-roll\/","og_locale":"es_ES","og_type":"article","og_title":"Aparato de rodillos Max-Roll - Cellgenic","og_description":"Productos Caracter\u00edsticas El Aparato de Rodillos N-BIOTEK est\u00e1 dise\u00f1ado para su uso en la producci\u00f3n de c\u00e9lulas de fijaci\u00f3n masiva. Los rodillos est\u00e1n disponibles en 10 botellas por una cubierta y hasta 100 botellas en 10 cubiertas de rodillo. El motor de corriente continua del rodillo produce menos vibraciones y poco ruido para una rotaci\u00f3n...","og_url":"https:\/\/cellgenic.com\/es\/product\/aparato-de-rodillos-max-roll\/","og_site_name":"Cellgenic","article_modified_time":"2025-01-08T02:41:18+00:00","og_image":[{"width":270,"height":270,"url":"https:\/\/cellgenic.com\/wp-content\/uploads\/2024\/06\/Roller-Apparatus-Max-Roll1.png","type":"image\/png"}],"twitter_card":"summary_large_image","twitter_misc":{"Tiempo de lectura":"3 minutos"},"schema":{"@context":"https:\/\/schema.org","@graph":[{"@type":"WebPage","@id":"https:\/\/cellgenic.com\/es\/product\/aparato-de-rodillos-max-roll\/","url":"https:\/\/cellgenic.com\/es\/product\/aparato-de-rodillos-max-roll\/","name":"Aparato de rodillos Max-Roll - Cellgenic","isPartOf":{"@id":"https:\/\/cellgenic.com\/#website"},"primaryImageOfPage":{"@id":"https:\/\/cellgenic.com\/es\/product\/aparato-de-rodillos-max-roll\/#primaryimage"},"image":{"@id":"https:\/\/cellgenic.com\/es\/product\/aparato-de-rodillos-max-roll\/#primaryimage"},"thumbnailUrl":"https:\/\/cellgenic.com\/wp-content\/uploads\/2024\/06\/Roller-Apparatus-Max-Roll1.png","datePublished":"2024-06-20T22:06:54+00:00","dateModified":"2025-01-08T02:41:18+00:00","breadcrumb":{"@id":"https:\/\/cellgenic.com\/es\/product\/aparato-de-rodillos-max-roll\/#breadcrumb"},"inLanguage":"es","potentialAction":[{"@type":"ReadAction","target":["https:\/\/cellgenic.com\/es\/product\/aparato-de-rodillos-max-roll\/"]}]},{"@type":"ImageObject","inLanguage":"es","@id":"https:\/\/cellgenic.com\/es\/product\/aparato-de-rodillos-max-roll\/#primaryimage","url":"https:\/\/cellgenic.com\/wp-content\/uploads\/2024\/06\/Roller-Apparatus-Max-Roll1.png","contentUrl":"https:\/\/cellgenic.com\/wp-content\/uploads\/2024\/06\/Roller-Apparatus-Max-Roll1.png","width":270,"height":270},{"@type":"BreadcrumbList","@id":"https:\/\/cellgenic.com\/es\/product\/aparato-de-rodillos-max-roll\/#breadcrumb","itemListElement":[{"@type":"ListItem","position":1,"name":"Home","item":"https:\/\/cellgenic.com\/inicio\/"},{"@type":"ListItem","position":2,"name":"Tienda","item":"https:\/\/cellgenic.com\/tienda\/"},{"@type":"ListItem","position":3,"name":"Aparato de rodillos Max-Roll"}]},{"@type":"WebSite","@id":"https:\/\/cellgenic.com\/#website","url":"https:\/\/cellgenic.com\/","name":"Cellgenic","description":"Explore Cellgenic&#039;s advanced regenerative medicine products, specializing in high-quality exosomes for therapeutic applications. Purchase exosomes online to enhance your practice with cutting-edge solutions.","publisher":{"@id":"https:\/\/cellgenic.com\/#organization"},"potentialAction":[{"@type":"SearchAction","target":{"@type":"EntryPoint","urlTemplate":"https:\/\/cellgenic.com\/?s={search_term_string}"},"query-input":{"@type":"PropertyValueSpecification","valueRequired":true,"valueName":"search_term_string"}}],"inLanguage":"es"},{"@type":"Organization","@id":"https:\/\/cellgenic.com\/#organization","name":"Cellgenic","url":"https:\/\/cellgenic.com\/","logo":{"@type":"ImageObject","inLanguage":"es","@id":"https:\/\/cellgenic.com\/#\/schema\/logo\/image\/","url":"https:\/\/cellgenic.com\/wp-content\/uploads\/2022\/05\/Cellgenic_principal_Background-Contactform3-1024x655.png","contentUrl":"https:\/\/cellgenic.com\/wp-content\/uploads\/2022\/05\/Cellgenic_principal_Background-Contactform3-1024x655.png","width":1024,"height":655,"caption":"Cellgenic"},"image":{"@id":"https:\/\/cellgenic.com\/#\/schema\/logo\/image\/"}}]}},"_links":{"self":[{"href":"https:\/\/cellgenic.com\/es\/wp-json\/wp\/v2\/product\/2188","targetHints":{"allow":["GET"]}}],"collection":[{"href":"https:\/\/cellgenic.com\/es\/wp-json\/wp\/v2\/product"}],"about":[{"href":"https:\/\/cellgenic.com\/es\/wp-json\/wp\/v2\/types\/product"}],"replies":[{"embeddable":true,"href":"https:\/\/cellgenic.com\/es\/wp-json\/wp\/v2\/comments?post=2188"}],"wp:featuredmedia":[{"embeddable":true,"href":"https:\/\/cellgenic.com\/es\/wp-json\/wp\/v2\/media\/2179"}],"wp:attachment":[{"href":"https:\/\/cellgenic.com\/es\/wp-json\/wp\/v2\/media?parent=2188"}],"wp:term":[{"taxonomy":"product_brand","embeddable":true,"href":"https:\/\/cellgenic.com\/es\/wp-json\/wp\/v2\/product_brand?post=2188"},{"taxonomy":"product_cat","embeddable":true,"href":"https:\/\/cellgenic.com\/es\/wp-json\/wp\/v2\/product_cat?post=2188"},{"taxonomy":"product_tag","embeddable":true,"href":"https:\/\/cellgenic.com\/es\/wp-json\/wp\/v2\/product_tag?post=2188"}],"curies":[{"name":"wp","href":"https:\/\/api.w.org\/{rel}","templated":true}]}}