{"id":2253,"date":"2024-06-20T23:12:56","date_gmt":"2024-06-20T23:12:56","guid":{"rendered":"https:\/\/cellgenic.com\/product\/incubadora-de-co2\/"},"modified":"2025-01-08T02:41:15","modified_gmt":"2025-01-08T02:41:15","slug":"incubadora-de-co2","status":"publish","type":"product","link":"https:\/\/cellgenic.com\/es\/product\/incubadora-de-co2\/","title":{"rendered":"Incubadora de CO2"},"content":{"rendered":"<div class=\"detail-item\">\n<dl>\n<dt class=\"detail-tit big\">La incubadora es ideal para los experimentos de cultivo de c\u00e9lulas animales, esperma \/ \u00f3vulo, c\u00e9lulas anaerobias, todo tipo de c\u00e9lulas microbianas, incubaci\u00f3n \/ germinaci\u00f3n y tejidos especiales.<\/dt>\n<dt><img loading=\"lazy\" decoding=\"async\" class=\"size-medium wp-image-2237 aligncenter\" src=\"https:\/\/cellgenic.com\/wp-content\/uploads\/2024\/06\/equipment_img08-300x133.png\" alt=\"\" width=\"300\" height=\"133\" srcset=\"https:\/\/cellgenic.com\/wp-content\/uploads\/2024\/06\/equipment_img08-300x133.png 300w, https:\/\/cellgenic.com\/wp-content\/uploads\/2024\/06\/equipment_img08-1024x453.png 1024w, https:\/\/cellgenic.com\/wp-content\/uploads\/2024\/06\/equipment_img08-150x66.png 150w, https:\/\/cellgenic.com\/wp-content\/uploads\/2024\/06\/equipment_img08-200x89.png 200w, https:\/\/cellgenic.com\/wp-content\/uploads\/2024\/06\/equipment_img08-400x177.png 400w, https:\/\/cellgenic.com\/wp-content\/uploads\/2024\/06\/equipment_img08-700x310.png 700w, https:\/\/cellgenic.com\/wp-content\/uploads\/2024\/06\/equipment_img08-600x266.png 600w, https:\/\/cellgenic.com\/wp-content\/uploads\/2024\/06\/equipment_img08.png 1200w\" sizes=\"auto, (max-width: 300px) 100vw, 300px\" \/><\/dt>\n<dt><\/dt>\n<dt><span style=\"color: #b75da5; font-family: var(--h1-font-family); font-size: 2rem; font-style: var(--h1-font-style); font-weight: var(--h1-font-weight); text-transform: var(--h1-text-transform);\">Productos Caracter\u00edsticas<\/span><\/dt>\n<dt><img loading=\"lazy\" decoding=\"async\" class=\"size-medium wp-image-2239 aligncenter\" src=\"https:\/\/cellgenic.com\/wp-content\/uploads\/2024\/06\/equipment_img09-300x144.png\" alt=\"\" width=\"300\" height=\"144\" srcset=\"https:\/\/cellgenic.com\/wp-content\/uploads\/2024\/06\/equipment_img09-300x144.png 300w, https:\/\/cellgenic.com\/wp-content\/uploads\/2024\/06\/equipment_img09-1024x492.png 1024w, https:\/\/cellgenic.com\/wp-content\/uploads\/2024\/06\/equipment_img09-150x72.png 150w, https:\/\/cellgenic.com\/wp-content\/uploads\/2024\/06\/equipment_img09-200x96.png 200w, https:\/\/cellgenic.com\/wp-content\/uploads\/2024\/06\/equipment_img09-400x192.png 400w, https:\/\/cellgenic.com\/wp-content\/uploads\/2024\/06\/equipment_img09-700x336.png 700w, https:\/\/cellgenic.com\/wp-content\/uploads\/2024\/06\/equipment_img09-600x288.png 600w, https:\/\/cellgenic.com\/wp-content\/uploads\/2024\/06\/equipment_img09.png 1200w\" sizes=\"auto, (max-width: 300px) 100vw, 300px\" \/><\/dt>\n<dt>\n<h2>Calentamiento r\u00e1pido, recuperaci\u00f3n r\u00e1pida, control estable.<\/h2>\n<h2>Sistema de calentamiento directo por 6 lados<\/h2>\n<p>El cable calefactor el\u00e9ctrico est\u00e1 cubierto por todos los lados de la c\u00e1mara, lo que proporciona una uniformidad estable y un r\u00e1pido calentamiento y recuperaci\u00f3n de la temperatura. Las 3 partes de la secci\u00f3n de calentamiento se controlan y calibran individualmente mediante 3 sensores de temperatura.<\/p>\n<h2>Chaqueta de aire<\/h2>\n<p>El aire caliente del cable calefactor se conserva en el espacio entre la c\u00e1mara y el aislamiento. Ayuda a recuperar la temperatura m\u00e1s r\u00e1pidamente y a minimizar la p\u00e9rdida de calor. La camisa de aire con aislamiento no requiere un mantenimiento regular.<\/p>\n<h2>Sensor IR de CO2 de doble haz<\/h2>\n<p>Detecci\u00f3n r\u00e1pida y precisa del gas CO2, independientemente de la temperatura y la humedad.<\/p>\n<h2>Humidificaci\u00f3n natural mediante bandeja de agua<\/h2>\n<p>El calentador de la parte inferior calienta el agua de la bandeja y realiza una humidificaci\u00f3n natural. El ventilador de circulaci\u00f3n distribuye la humedad formada por el agua en toda la c\u00e1mara.<\/p>\n<h2>Sin condensaci\u00f3n<\/h2>\n<p>La calefacci\u00f3n de la puerta delantera y del marco evita la condensaci\u00f3n en la c\u00e1mara y en la puerta de cristal.<\/p>\n<h2>Control PID por microprocesador<\/h2>\n<p>Control inteligente de densidad de CO2, temperatura, alarma, descontaminaci\u00f3n autom\u00e1tica (Opcional).<\/p>\n<h2>Filtraci\u00f3n HEPA de las entradas de suministro de gas<\/h2>\n<h2>Varias opciones<\/h2>\n<p>Los incubadores de CO2 disponen de varias opciones, como la descontaminaci\u00f3n o el control del ox\u00edgeno.<\/p>\n<h2>Personalizaci\u00f3n<\/h2>\n<p>Cuando el usuario desee una funci\u00f3n y un dise\u00f1o personalizados, no dude en ponerse en contacto con el departamento de ventas internacionales. Daremos al usuario la mejor soluci\u00f3n de personalizaci\u00f3n.<\/p>\n<p><img loading=\"lazy\" decoding=\"async\" class=\"alignnone size-medium wp-image-2241\" src=\"https:\/\/cellgenic.com\/wp-content\/uploads\/2024\/06\/equipment_img10-300x144.png\" alt=\"\" width=\"300\" height=\"144\" srcset=\"https:\/\/cellgenic.com\/wp-content\/uploads\/2024\/06\/equipment_img10-300x144.png 300w, https:\/\/cellgenic.com\/wp-content\/uploads\/2024\/06\/equipment_img10-150x72.png 150w, https:\/\/cellgenic.com\/wp-content\/uploads\/2024\/06\/equipment_img10-200x96.png 200w, https:\/\/cellgenic.com\/wp-content\/uploads\/2024\/06\/equipment_img10-400x192.png 400w, https:\/\/cellgenic.com\/wp-content\/uploads\/2024\/06\/equipment_img10-700x335.png 700w, https:\/\/cellgenic.com\/wp-content\/uploads\/2024\/06\/equipment_img10-600x288.png 600w, https:\/\/cellgenic.com\/wp-content\/uploads\/2024\/06\/equipment_img10.png 985w\" sizes=\"auto, (max-width: 300px) 100vw, 300px\" \/><\/p>\n<h2 class=\"front-cir-title detail-tit big\">Opciones<\/h2>\n<\/dt>\n<dl>\n<dd class=\"detail-txt\">Personaliza tu incubadora con estas opciones<\/dd>\n<dd><img loading=\"lazy\" decoding=\"async\" class=\"size-medium wp-image-2243 aligncenter\" src=\"https:\/\/cellgenic.com\/wp-content\/uploads\/2024\/06\/equipment_img11-300x194.png\" alt=\"\" width=\"300\" height=\"194\" srcset=\"https:\/\/cellgenic.com\/wp-content\/uploads\/2024\/06\/equipment_img11-300x194.png 300w, https:\/\/cellgenic.com\/wp-content\/uploads\/2024\/06\/equipment_img11-1024x660.png 1024w, https:\/\/cellgenic.com\/wp-content\/uploads\/2024\/06\/equipment_img11-150x97.png 150w, https:\/\/cellgenic.com\/wp-content\/uploads\/2024\/06\/equipment_img11-200x129.png 200w, https:\/\/cellgenic.com\/wp-content\/uploads\/2024\/06\/equipment_img11-400x258.png 400w, https:\/\/cellgenic.com\/wp-content\/uploads\/2024\/06\/equipment_img11-700x452.png 700w, https:\/\/cellgenic.com\/wp-content\/uploads\/2024\/06\/equipment_img11-600x387.png 600w, https:\/\/cellgenic.com\/wp-content\/uploads\/2024\/06\/equipment_img11.png 1200w\" sizes=\"auto, (max-width: 300px) 100vw, 300px\" \/><\/dd>\n<dd>\n<div id=\"fixedContentM2\" class=\"sub-tab-con\">\n<div class=\"prd-cm-table\">\n<h2><\/h2>\n<h2 class=\"front-cir-title detail-tit big tbl-tit\">Especificaci\u00f3n<\/h2>\n<div class=\"custom-scrollbar-wrapper\">\n<div class=\"scroll-object-box mCustomScrollbar _mCS_1 mCS_no_scrollbar\">\n<div id=\"mCSB_1\" class=\"mCustomScrollBox mCS-dark mCSB_horizontal mCSB_inside\" tabindex=\"0\">\n<div id=\"mCSB_1_container\" class=\"mCSB_container mCS_x_hidden mCS_no_scrollbar_x\" dir=\"ltr\">\n<table class=\"equipment-view-tbl scroll-object\">\n<tbody>\n<tr>\n<th>Art\u00edculos<\/th>\n<th>NB-203<\/th>\n<th>NB-203XL<\/th>\n<th>NB-203XXL<\/th>\n<\/tr>\n<tr>\n<td class=\"sub-tit\">Temp. Gama<\/td>\n<td class=\"has\">Ambiente +5\u2103 a 60\u2103<\/td>\n<td class=\"has\">Ambiente +5\u2103 a 60\u2103<\/td>\n<td class=\"has\">Ambiente +5\u2103 a 60\u2103<\/td>\n<\/tr>\n<tr>\n<td class=\"sub-tit\">Temp. Precisi\u00f3n<\/td>\n<td class=\"has\">\u00b10,25\u2103 a 37\u2103<\/td>\n<td class=\"has\">\u00b10,25\u2103 a 37\u2103<\/td>\n<td class=\"has\">\u00b10,5\u2103 a 37\u2103<\/td>\n<\/tr>\n<tr>\n<td class=\"sub-tit\">Temp. Incrementa<\/td>\n<td class=\"has\">0.1\u2103<\/td>\n<td class=\"has\">0.1\u2103<\/td>\n<td class=\"has\">0.1\u2103<\/td>\n<\/tr>\n<tr>\n<td class=\"sub-tit\">Controlador<\/td>\n<td class=\"has\">Microprocesador PID digital<\/td>\n<td class=\"has\">Microprocesador PID digital<\/td>\n<td class=\"has\">Microprocesador PID digital<\/td>\n<\/tr>\n<tr>\n<td class=\"sub-tit\">Humedad<\/td>\n<td class=\"has\">70% ~ 80% a 37\u2103<\/td>\n<td class=\"has\">70% ~ 80% a 37\u2103<\/td>\n<td class=\"has\">70% ~ 80% a 37\u2103<\/td>\n<\/tr>\n<tr>\n<td class=\"sub-tit\">Rango de CO2<\/td>\n<td class=\"has\">0% a 20% CO2<\/td>\n<td class=\"has\">de 0% a 20%<\/td>\n<td class=\"has\">de 0% a 20%<\/td>\n<\/tr>\n<tr>\n<td class=\"sub-tit\">Precisi\u00f3n del CO2<\/td>\n<td class=\"has\">\u00b10,1% al 5% a 37\u2103<\/td>\n<td class=\"has\">\u00b10,1% al 5% a 37\u2103<\/td>\n<td class=\"has\">\u00b10,1% al 5% a 37\u2103<\/td>\n<\/tr>\n<tr>\n<td class=\"sub-tit\">Incremento de CO2<\/td>\n<td class=\"has\">0.1%<\/td>\n<td class=\"has\">0.1%<\/td>\n<td class=\"has\">0.1%<\/td>\n<\/tr>\n<tr>\n<td class=\"sub-tit\">Sensor de CO2<\/td>\n<td class=\"has\">Sensor IR CO2<\/td>\n<td class=\"has\">Sensor IR CO2<\/td>\n<td class=\"has\">Sensor IR CO2<\/td>\n<\/tr>\n<tr>\n<td class=\"sub-tit\">Presi\u00f3n de entrada de CO2<\/td>\n<td class=\"has\">0,9 ~ 1,0 Bar<\/td>\n<td class=\"has\">0,9 ~ 1,0 Bar<\/td>\n<td class=\"has\">0,9 ~ 1,0 Bar<\/td>\n<\/tr>\n<tr>\n<td class=\"sub-tit\">Puerta exterior<\/td>\n<td class=\"has\">Puerta Magn\u00e9tica de Silicona<\/td>\n<td class=\"has\">Puerta magn\u00e9tica de silicona<\/td>\n<td class=\"has\">Puerta magn\u00e9tica de silicona<\/td>\n<\/tr>\n<tr>\n<td class=\"sub-tit\">Puerta interior<\/td>\n<td class=\"has\">Puerta de cristal templado de seguridad<\/td>\n<td class=\"has\">Puerta de cristal templado de seguridad<\/td>\n<td class=\"has\">Puerta de cristal templado de seguridad<\/td>\n<\/tr>\n<tr>\n<td class=\"sub-tit\">Panel de control<\/td>\n<td class=\"has\">Pantalla LED<\/td>\n<td class=\"has\">Pantalla LED<\/td>\n<td class=\"has\">Pantalla LED<\/td>\n<\/tr>\n<tr>\n<td class=\"sub-tit\">Tipo de camisa<\/td>\n<td class=\"has\">Tipo de camisa de aire (calentamiento directo por 6 lados)<\/td>\n<td class=\"has\">Tipo de camisa de aire (calentamiento directo por 6 lados)<\/td>\n<td class=\"has\">Tipo de camisa de aire (calentamiento directo por 6 lados)<\/td>\n<\/tr>\n<tr>\n<td class=\"sub-tit\">Material de la c\u00e1mara<\/td>\n<td class=\"has\">Acero inoxidable (SUS 304)<\/td>\n<td class=\"has\">Acero inoxidable (SUS 304)<\/td>\n<td class=\"has\">Acero inoxidable (SUS 304)<\/td>\n<\/tr>\n<tr>\n<td class=\"sub-tit\">Peso<\/td>\n<td class=\"has\">34KG<\/td>\n<td class=\"has\">78KG<\/td>\n<td class=\"has\">310KG<\/td>\n<\/tr>\n<tr>\n<td class=\"sub-tit\">Capacidad Estante Perforado<\/td>\n<td class=\"has\">42Litros 2ea<\/td>\n<td class=\"has\">179L 3ea<\/td>\n<td class=\"has\">850 litros 3 piezas (m\u00e1x. 15 piezas)<\/td>\n<\/tr>\n<tr>\n<td class=\"sub-tit\">Dimensi\u00f3n de la c\u00e1mara<\/td>\n<td class=\"has\">320x350x370(H) (mm)<\/td>\n<td class=\"has\">473x528x710(H) (mm)<\/td>\n<td class=\"has\">698x799x1528(H) (mm)<\/td>\n<\/tr>\n<tr>\n<td class=\"sub-tit\">Dimensiones totales<\/td>\n<td class=\"has\">405x460x550(H) (mm)<\/td>\n<td class=\"has\">560x640x940(H) (mm)<\/td>\n<td class=\"has\">840x930x1890(H) (mm)<\/td>\n<\/tr>\n<tr>\n<td class=\"sub-tit\">Alimentaci\u00f3n<\/td>\n<td class=\"has\">110\/220 V, 50\/60 Hz<\/td>\n<td class=\"has\">110\/220 V, 50\/60 Hz<\/td>\n<td class=\"has\">110\/220 V, 50\/60 Hz<\/td>\n<\/tr>\n<\/tbody>\n<\/table>\n<\/div>\n<\/div>\n<\/div>\n<\/div>\n<p class=\"view-tbl-txt\"><b>Para la opci\u00f3n de refrigeraci\u00f3n con Peltier (NB203C \/ NB203XLC)<\/b><\/p>\n<p><em class=\"front-dash-txt\"><b>Temp. Alcance: Ambiente -5\u2103 a 60\u2103 (M\u00edn. 18\u2103 disponible)<\/b><br \/>\nPor ejemplo: De Temp. ambiente 20\u2103, temp. gama: 18\u2103 a 60\u2103<\/em><br \/>\n<em class=\"front-dash-txt\"><b>Temp. Precisi\u00f3n: \u00b10,5\u2103 a 37\u2103<\/b><\/em><\/p>\n<\/div>\n<\/div>\n<div id=\"fixedContentM3\" class=\"sub-tab-con\">\n<div class=\"prd-cm-table\">\n<h2 class=\"front-cir-title detail-tit big tbl-tit\">Accesorios \/ Opci\u00f3n para NB203, NB203XL, NB203XXL<\/h2>\n<div class=\"custom-scrollbar-wrapper \">\n<div class=\"scroll-object-box mCustomScrollbar _mCS_2 mCS_no_scrollbar\">\n<div id=\"mCSB_2\" class=\"mCustomScrollBox mCS-dark mCSB_horizontal mCSB_inside\" tabindex=\"0\">\n<div id=\"mCSB_2_container\" class=\"mCSB_container mCS_x_hidden mCS_no_scrollbar_x\" dir=\"ltr\">\n<table class=\"equipment-view-tbl scroll-object\">\n<tbody>\n<tr>\n<td class=\"sub-tit\">203-ING<\/td>\n<td class=\"has\">2 Puerta de cristal interior dividida para NB-203<\/td>\n<\/tr>\n<tr>\n<td class=\"sub-tit\">203XL-ING<\/td>\n<td class=\"has\">6 PUERTA DIVIDIDA PARA NB-203XL<\/td>\n<\/tr>\n<tr>\n<td class=\"sub-tit\">203-UV<\/td>\n<td class=\"has\">Esterilizaci\u00f3n UV<\/td>\n<\/tr>\n<tr>\n<td class=\"sub-tit\">203-HEPA<\/td>\n<td class=\"has\">Filtro HEPA<\/td>\n<\/tr>\n<tr>\n<td class=\"sub-tit\">203-REG<\/td>\n<td class=\"has\">Regulador de Co2&lt;corona,jap\u00f3n&gt; con contador de bolas&lt;\/corona,jap\u00f3n&gt;<\/td>\n<\/tr>\n<tr>\n<td class=\"sub-tit\">203-REG-H<\/td>\n<td class=\"has\">Regulador de Co2&lt;harris, usa=&#8221;&#8221;&gt;&lt;\/harris,&gt;<\/td>\n<\/tr>\n<tr>\n<td class=\"sub-tit\">203-ANL<\/td>\n<td class=\"has\">Analizador de Co2<\/td>\n<\/tr>\n<tr>\n<td class=\"sub-tit\">203-O2<\/td>\n<td class=\"has\">Opci\u00f3n de control de ox\u00edgeno (hipoxia, 1% ~ 19%)<\/td>\n<\/tr>\n<tr>\n<td class=\"sub-tit\">203-125<\/td>\n<td class=\"has\">125\u02daC Esterilizaci\u00f3n por aire caliente para incubadora de 42 litros, NB-203<\/td>\n<\/tr>\n<tr>\n<td class=\"sub-tit\">203XL-125<\/td>\n<td class=\"has\">125\u02daC Esterilizaci\u00f3n por aire caliente para incubadora de 179 litros,Disponible en NB-203XL, QS, QR, 201L<\/td>\n<\/tr>\n<tr>\n<td class=\"sub-tit\">203-SH<\/td>\n<td class=\"has\">ESTUCHE para NB-203<\/td>\n<\/tr>\n<tr>\n<td class=\"sub-tit\">203-SH-S<\/td>\n<td class=\"has\">SOPORTE DE ESTANTER\u00cdA PARA NB203, PRECIO \u00daNICO<\/td>\n<\/tr>\n<tr>\n<td class=\"sub-tit\">203XL-SH<\/td>\n<td class=\"has\">ESTANTER\u00cdA para NB-203XL<\/td>\n<\/tr>\n<tr>\n<td class=\"sub-tit\">203XL-SH-S<\/td>\n<td class=\"has\">SOPORTE DE ESTANTER\u00cdA PARA NB203XL, PRECIO \u00daNICO<\/td>\n<\/tr>\n<tr>\n<td class=\"sub-tit\">203-110<\/td>\n<td class=\"has\">Mesa para NB-203, altura 20Cm desde abajo<\/td>\n<\/tr>\n<tr>\n<td class=\"sub-tit\">203-111<\/td>\n<td class=\"has\">Mesa para NB-203XL, altura 20Cm desde abajo<\/td>\n<\/tr>\n<tr>\n<td class=\"sub-tit\">203-STAKIT<\/td>\n<td class=\"has\">Kit de apilamiento<\/td>\n<\/tr>\n<tr>\n<td class=\"sub-tit\">203XL-STAKIT<\/td>\n<td class=\"has\">Kit de apilamiento<\/td>\n<\/tr>\n<tr>\n<td class=\"sub-tit\">203-113<\/td>\n<td class=\"has\">Pantalla de humedad (sin control, pantalla LED ni sensor de humedad)<\/td>\n<\/tr>\n<tr>\n<td class=\"sub-tit\">203-HUMTR<\/td>\n<td class=\"has\">Humidificaci\u00f3n con un humidificador para NB203, 203XL\u203bLa deshumidificaci\u00f3n no est\u00e1 disponible<\/td>\n<\/tr>\n<tr>\n<td class=\"sub-tit\">203XXL-HUMTR<\/td>\n<td class=\"has\">Humidificaci\u00f3n con dos humidificadores para el tama\u00f1o NB203XXL\u203bLa deshumidificaci\u00f3n no est\u00e1 disponible<\/td>\n<\/tr>\n<tr>\n<td class=\"sub-tit\">203-114<\/td>\n<td class=\"has\">Bandeja base con ruedas para incubadora de 179 litros (NB-203XL, NB-203QS, NB-206CL, NB-201L disponibles)<\/td>\n<\/tr>\n<tr>\n<td class=\"sub-tit\">203-COP<\/td>\n<td class=\"has\">C\u00e1mara de cobre para 203<\/td>\n<\/tr>\n<tr>\n<td class=\"sub-tit\">203XL-COP<\/td>\n<td class=\"has\">C\u00e1mara de cobre para 203XL<\/td>\n<\/tr>\n<tr>\n<td class=\"sub-tit\">203-COOL<\/td>\n<td class=\"has\">Opci\u00f3n de refrigeraci\u00f3n Peltier para NB203, incubadora de CO\u2082 de 42 litros<\/td>\n<\/tr>\n<tr>\n<td class=\"sub-tit\">203XL-COOL<\/td>\n<td class=\"has\">Opci\u00f3n de refrigeraci\u00f3n Peltier para la incubadora de CO\u2082 NB203XL de 179 litros<\/td>\n<\/tr>\n<\/tbody>\n<\/table>\n<\/div>\n<\/div>\n<\/div>\n<\/div>\n<\/div>\n<\/div>\n<\/dd>\n<\/dl>\n<\/dl>\n<\/div>\n","protected":false},"excerpt":{"rendered":"<p>La incubadora es ideal para los experimentos de cultivo de c\u00e9lulas animales, esperma \/ \u00f3vulo, c\u00e9lulas anaerobias, todo tipo de c\u00e9lulas microbianas, incubaci\u00f3n \/ germinaci\u00f3n y tejidos especiales. Productos Caracter\u00edsticas Calentamiento r\u00e1pido, recuperaci\u00f3n r\u00e1pida, control estable. Sistema de calentamiento directo por 6 lados El cable calefactor el\u00e9ctrico est\u00e1 cubierto por todos los lados de la&#8230;<\/p>\n","protected":false},"featured_media":2246,"comment_status":"open","ping_status":"closed","template":"","meta":{"_acf_changed":false,"_joinchat":[]},"product_brand":[],"product_cat":[167,185],"product_tag":[],"class_list":{"0":"post-2253","1":"product","2":"type-product","3":"status-publish","4":"has-post-thumbnail","6":"product_cat-equipo-de-laboratorio","7":"product_cat-incubadora-de-co2","9":"first","10":"instock","11":"shipping-taxable","12":"product-type-simple","13":"add-to-wishlist-before_image"},"group_of_quantity":0,"min_quantity":0,"max_quantity":"","exclude_order_quantity_value_rules":"no","exclude_category_quantity_rules":"no","combine_variations":"no","acf":[],"yoast_head":"<!-- This site is optimized with the Yoast SEO plugin v27.3 - https:\/\/yoast.com\/product\/yoast-seo-wordpress\/ -->\n<title>Incubadora de CO2 - Cellgenic<\/title>\n<meta name=\"robots\" content=\"index, follow, max-snippet:-1, max-image-preview:large, max-video-preview:-1\" \/>\n<link rel=\"canonical\" href=\"https:\/\/cellgenic.com\/product\/co2-incubator\/\" \/>\n<meta property=\"og:locale\" content=\"es_ES\" \/>\n<meta property=\"og:type\" content=\"article\" \/>\n<meta property=\"og:title\" content=\"Incubadora de CO2 - Cellgenic\" \/>\n<meta property=\"og:description\" content=\"La incubadora es ideal para los experimentos de cultivo de c\u00e9lulas animales, esperma \/ \u00f3vulo, c\u00e9lulas anaerobias, todo tipo de c\u00e9lulas microbianas, incubaci\u00f3n \/ germinaci\u00f3n y tejidos especiales. Productos Caracter\u00edsticas Calentamiento r\u00e1pido, recuperaci\u00f3n r\u00e1pida, control estable. Sistema de calentamiento directo por 6 lados El cable calefactor el\u00e9ctrico est\u00e1 cubierto por todos los lados de la...\" \/>\n<meta property=\"og:url\" content=\"https:\/\/cellgenic.com\/product\/co2-incubator\/\" \/>\n<meta property=\"og:site_name\" content=\"Cellgenic\" \/>\n<meta property=\"article:modified_time\" content=\"2025-01-08T02:41:15+00:00\" \/>\n<meta property=\"og:image\" content=\"https:\/\/cellgenic.com\/wp-content\/uploads\/2024\/06\/CO2-Incubator1.png\" \/>\n\t<meta property=\"og:image:width\" content=\"270\" \/>\n\t<meta property=\"og:image:height\" content=\"270\" \/>\n\t<meta property=\"og:image:type\" content=\"image\/png\" \/>\n<meta name=\"twitter:card\" content=\"summary_large_image\" \/>\n<meta name=\"twitter:label1\" content=\"Tiempo de lectura\" \/>\n\t<meta name=\"twitter:data1\" content=\"4 minutos\" \/>\n<script type=\"application\/ld+json\" class=\"yoast-schema-graph\">{\"@context\":\"https:\\\/\\\/schema.org\",\"@graph\":[{\"@type\":\"WebPage\",\"@id\":\"https:\\\/\\\/cellgenic.com\\\/product\\\/co2-incubator\\\/\",\"url\":\"https:\\\/\\\/cellgenic.com\\\/product\\\/co2-incubator\\\/\",\"name\":\"Incubadora de CO2 - Cellgenic\",\"isPartOf\":{\"@id\":\"https:\\\/\\\/cellgenic.com\\\/#website\"},\"primaryImageOfPage\":{\"@id\":\"https:\\\/\\\/cellgenic.com\\\/product\\\/co2-incubator\\\/#primaryimage\"},\"image\":{\"@id\":\"https:\\\/\\\/cellgenic.com\\\/product\\\/co2-incubator\\\/#primaryimage\"},\"thumbnailUrl\":\"https:\\\/\\\/cellgenic.com\\\/wp-content\\\/uploads\\\/2024\\\/06\\\/CO2-Incubator1.png\",\"datePublished\":\"2024-06-20T23:12:56+00:00\",\"dateModified\":\"2025-01-08T02:41:15+00:00\",\"breadcrumb\":{\"@id\":\"https:\\\/\\\/cellgenic.com\\\/product\\\/co2-incubator\\\/#breadcrumb\"},\"inLanguage\":\"es\",\"potentialAction\":[{\"@type\":\"ReadAction\",\"target\":[\"https:\\\/\\\/cellgenic.com\\\/product\\\/co2-incubator\\\/\"]}]},{\"@type\":\"ImageObject\",\"inLanguage\":\"es\",\"@id\":\"https:\\\/\\\/cellgenic.com\\\/product\\\/co2-incubator\\\/#primaryimage\",\"url\":\"https:\\\/\\\/cellgenic.com\\\/wp-content\\\/uploads\\\/2024\\\/06\\\/CO2-Incubator1.png\",\"contentUrl\":\"https:\\\/\\\/cellgenic.com\\\/wp-content\\\/uploads\\\/2024\\\/06\\\/CO2-Incubator1.png\",\"width\":270,\"height\":270},{\"@type\":\"BreadcrumbList\",\"@id\":\"https:\\\/\\\/cellgenic.com\\\/product\\\/co2-incubator\\\/#breadcrumb\",\"itemListElement\":[{\"@type\":\"ListItem\",\"position\":1,\"name\":\"Home\",\"item\":\"https:\\\/\\\/cellgenic.com\\\/inicio\\\/\"},{\"@type\":\"ListItem\",\"position\":2,\"name\":\"Tienda\",\"item\":\"https:\\\/\\\/cellgenic.com\\\/tienda\\\/\"},{\"@type\":\"ListItem\",\"position\":3,\"name\":\"Incubadora de CO2\"}]},{\"@type\":\"WebSite\",\"@id\":\"https:\\\/\\\/cellgenic.com\\\/#website\",\"url\":\"https:\\\/\\\/cellgenic.com\\\/\",\"name\":\"Cellgenic\",\"description\":\"Explore Cellgenic&#039;s advanced regenerative medicine products, specializing in high-quality exosomes for therapeutic applications. Purchase exosomes online to enhance your practice with cutting-edge solutions.\",\"publisher\":{\"@id\":\"https:\\\/\\\/cellgenic.com\\\/#organization\"},\"potentialAction\":[{\"@type\":\"SearchAction\",\"target\":{\"@type\":\"EntryPoint\",\"urlTemplate\":\"https:\\\/\\\/cellgenic.com\\\/?s={search_term_string}\"},\"query-input\":{\"@type\":\"PropertyValueSpecification\",\"valueRequired\":true,\"valueName\":\"search_term_string\"}}],\"inLanguage\":\"es\"},{\"@type\":\"Organization\",\"@id\":\"https:\\\/\\\/cellgenic.com\\\/#organization\",\"name\":\"Cellgenic\",\"url\":\"https:\\\/\\\/cellgenic.com\\\/\",\"logo\":{\"@type\":\"ImageObject\",\"inLanguage\":\"es\",\"@id\":\"https:\\\/\\\/cellgenic.com\\\/#\\\/schema\\\/logo\\\/image\\\/\",\"url\":\"https:\\\/\\\/cellgenic.com\\\/wp-content\\\/uploads\\\/2022\\\/05\\\/Cellgenic_principal_Background-Contactform3-1024x655.png\",\"contentUrl\":\"https:\\\/\\\/cellgenic.com\\\/wp-content\\\/uploads\\\/2022\\\/05\\\/Cellgenic_principal_Background-Contactform3-1024x655.png\",\"width\":1024,\"height\":655,\"caption\":\"Cellgenic\"},\"image\":{\"@id\":\"https:\\\/\\\/cellgenic.com\\\/#\\\/schema\\\/logo\\\/image\\\/\"}}]}<\/script>\n<!-- \/ Yoast SEO plugin. -->","yoast_head_json":{"title":"Incubadora de CO2 - Cellgenic","robots":{"index":"index","follow":"follow","max-snippet":"max-snippet:-1","max-image-preview":"max-image-preview:large","max-video-preview":"max-video-preview:-1"},"canonical":"https:\/\/cellgenic.com\/product\/co2-incubator\/","og_locale":"es_ES","og_type":"article","og_title":"Incubadora de CO2 - Cellgenic","og_description":"La incubadora es ideal para los experimentos de cultivo de c\u00e9lulas animales, esperma \/ \u00f3vulo, c\u00e9lulas anaerobias, todo tipo de c\u00e9lulas microbianas, incubaci\u00f3n \/ germinaci\u00f3n y tejidos especiales. Productos Caracter\u00edsticas Calentamiento r\u00e1pido, recuperaci\u00f3n r\u00e1pida, control estable. Sistema de calentamiento directo por 6 lados El cable calefactor el\u00e9ctrico est\u00e1 cubierto por todos los lados de la...","og_url":"https:\/\/cellgenic.com\/product\/co2-incubator\/","og_site_name":"Cellgenic","article_modified_time":"2025-01-08T02:41:15+00:00","og_image":[{"width":270,"height":270,"url":"https:\/\/cellgenic.com\/wp-content\/uploads\/2024\/06\/CO2-Incubator1.png","type":"image\/png"}],"twitter_card":"summary_large_image","twitter_misc":{"Tiempo de lectura":"4 minutos"},"schema":{"@context":"https:\/\/schema.org","@graph":[{"@type":"WebPage","@id":"https:\/\/cellgenic.com\/product\/co2-incubator\/","url":"https:\/\/cellgenic.com\/product\/co2-incubator\/","name":"Incubadora de CO2 - Cellgenic","isPartOf":{"@id":"https:\/\/cellgenic.com\/#website"},"primaryImageOfPage":{"@id":"https:\/\/cellgenic.com\/product\/co2-incubator\/#primaryimage"},"image":{"@id":"https:\/\/cellgenic.com\/product\/co2-incubator\/#primaryimage"},"thumbnailUrl":"https:\/\/cellgenic.com\/wp-content\/uploads\/2024\/06\/CO2-Incubator1.png","datePublished":"2024-06-20T23:12:56+00:00","dateModified":"2025-01-08T02:41:15+00:00","breadcrumb":{"@id":"https:\/\/cellgenic.com\/product\/co2-incubator\/#breadcrumb"},"inLanguage":"es","potentialAction":[{"@type":"ReadAction","target":["https:\/\/cellgenic.com\/product\/co2-incubator\/"]}]},{"@type":"ImageObject","inLanguage":"es","@id":"https:\/\/cellgenic.com\/product\/co2-incubator\/#primaryimage","url":"https:\/\/cellgenic.com\/wp-content\/uploads\/2024\/06\/CO2-Incubator1.png","contentUrl":"https:\/\/cellgenic.com\/wp-content\/uploads\/2024\/06\/CO2-Incubator1.png","width":270,"height":270},{"@type":"BreadcrumbList","@id":"https:\/\/cellgenic.com\/product\/co2-incubator\/#breadcrumb","itemListElement":[{"@type":"ListItem","position":1,"name":"Home","item":"https:\/\/cellgenic.com\/inicio\/"},{"@type":"ListItem","position":2,"name":"Tienda","item":"https:\/\/cellgenic.com\/tienda\/"},{"@type":"ListItem","position":3,"name":"Incubadora de CO2"}]},{"@type":"WebSite","@id":"https:\/\/cellgenic.com\/#website","url":"https:\/\/cellgenic.com\/","name":"Cellgenic","description":"Explore Cellgenic&#039;s advanced regenerative medicine products, specializing in high-quality exosomes for therapeutic applications. Purchase exosomes online to enhance your practice with cutting-edge solutions.","publisher":{"@id":"https:\/\/cellgenic.com\/#organization"},"potentialAction":[{"@type":"SearchAction","target":{"@type":"EntryPoint","urlTemplate":"https:\/\/cellgenic.com\/?s={search_term_string}"},"query-input":{"@type":"PropertyValueSpecification","valueRequired":true,"valueName":"search_term_string"}}],"inLanguage":"es"},{"@type":"Organization","@id":"https:\/\/cellgenic.com\/#organization","name":"Cellgenic","url":"https:\/\/cellgenic.com\/","logo":{"@type":"ImageObject","inLanguage":"es","@id":"https:\/\/cellgenic.com\/#\/schema\/logo\/image\/","url":"https:\/\/cellgenic.com\/wp-content\/uploads\/2022\/05\/Cellgenic_principal_Background-Contactform3-1024x655.png","contentUrl":"https:\/\/cellgenic.com\/wp-content\/uploads\/2022\/05\/Cellgenic_principal_Background-Contactform3-1024x655.png","width":1024,"height":655,"caption":"Cellgenic"},"image":{"@id":"https:\/\/cellgenic.com\/#\/schema\/logo\/image\/"}}]}},"_links":{"self":[{"href":"https:\/\/cellgenic.com\/es\/wp-json\/wp\/v2\/product\/2253","targetHints":{"allow":["GET"]}}],"collection":[{"href":"https:\/\/cellgenic.com\/es\/wp-json\/wp\/v2\/product"}],"about":[{"href":"https:\/\/cellgenic.com\/es\/wp-json\/wp\/v2\/types\/product"}],"replies":[{"embeddable":true,"href":"https:\/\/cellgenic.com\/es\/wp-json\/wp\/v2\/comments?post=2253"}],"wp:featuredmedia":[{"embeddable":true,"href":"https:\/\/cellgenic.com\/es\/wp-json\/wp\/v2\/media\/2246"}],"wp:attachment":[{"href":"https:\/\/cellgenic.com\/es\/wp-json\/wp\/v2\/media?parent=2253"}],"wp:term":[{"taxonomy":"product_brand","embeddable":true,"href":"https:\/\/cellgenic.com\/es\/wp-json\/wp\/v2\/product_brand?post=2253"},{"taxonomy":"product_cat","embeddable":true,"href":"https:\/\/cellgenic.com\/es\/wp-json\/wp\/v2\/product_cat?post=2253"},{"taxonomy":"product_tag","embeddable":true,"href":"https:\/\/cellgenic.com\/es\/wp-json\/wp\/v2\/product_tag?post=2253"}],"curies":[{"name":"wp","href":"https:\/\/api.w.org\/{rel}","templated":true}]}}