{"id":2461,"date":"2024-08-05T17:49:40","date_gmt":"2024-08-05T17:49:40","guid":{"rendered":"https:\/\/cellgenic.com\/product\/bpc-157-2\/"},"modified":"2026-01-07T17:55:50","modified_gmt":"2026-01-07T17:55:50","slug":"bpc-157-2","status":"publish","type":"product","link":"https:\/\/cellgenic.com\/es\/product\/bpc-157-2\/","title":{"rendered":"BPC 157"},"content":{"rendered":"<p>BPC 157, abreviatura de Body Protection Compound-157, es un derivado del compuesto de protecci\u00f3n corporal (BPC), una prote\u00edna que se encuentra de forma natural en el tubo digestivo humano. Su funci\u00f3n principal consiste en salvaguardar el revestimiento del tracto gastrointestinal contra las lesiones, facilitar los procesos de cicatrizaci\u00f3n y fomentar la angiog\u00e9nesis. Se ha observado que la variante sint\u00e9tica BPC-157, un pentadecap\u00e9ptido compuesto por 15 amino\u00e1cidos extra\u00eddos de la prote\u00edna BPC mayor, conserva numerosos atributos terap\u00e9uticos de su mol\u00e9cula precursora. En particular, el BPC-157 muestra efectos sobre: Aceleraci\u00f3n de la cicatrizaci\u00f3n de heridas mediante la estimulaci\u00f3n de los receptores de la hormona del crecimiento, lo que puede aumentar la proliferaci\u00f3n celular, la s\u00edntesis de col\u00e1geno y la angiog\u00e9nesis. Alivio potencial de las dolencias gastrointestinales mediante interacciones con los receptores de serotonina, mejorando potencialmente el flujo sangu\u00edneo g\u00e1strico. Investigaciones que indican una contribuci\u00f3n a los procesos de cicatrizaci\u00f3n de tendones, ligamentos, m\u00fasculos y huesos a trav\u00e9s de diversos mecanismos celulares. Estas iniciativas de investigaci\u00f3n subrayan el potencial del BPC-157 en la regeneraci\u00f3n celular y la reparaci\u00f3n de tejidos.<\/p>\n","protected":false},"excerpt":{"rendered":"<p>BPC 157, abreviatura de Body Protection Compound-157, es un derivado del compuesto de protecci\u00f3n corporal (BPC), una prote\u00edna que se encuentra de forma natural en el tubo digestivo humano. Su funci\u00f3n principal consiste en salvaguardar el revestimiento del tracto gastrointestinal contra las lesiones, facilitar los procesos de cicatrizaci\u00f3n y fomentar la angiog\u00e9nesis. Se ha observado&#8230;<\/p>\n","protected":false},"featured_media":3003,"comment_status":"open","ping_status":"closed","template":"","meta":{"_acf_changed":false,"_joinchat":[]},"product_brand":[],"product_cat":[166],"product_tag":[],"class_list":{"0":"post-2461","1":"product","2":"type-product","3":"status-publish","4":"has-post-thumbnail","6":"product_cat-peptidos","8":"first","9":"instock","10":"shipping-taxable","11":"product-type-simple","12":"add-to-wishlist-before_image"},"group_of_quantity":0,"min_quantity":5,"max_quantity":"","exclude_order_quantity_value_rules":"no","exclude_category_quantity_rules":"no","combine_variations":"no","acf":[],"yoast_head":"<!-- This site is optimized with the Yoast SEO plugin v27.3 - https:\/\/yoast.com\/product\/yoast-seo-wordpress\/ -->\n<title>BPC 157 - Cellgenic<\/title>\n<meta name=\"robots\" content=\"index, follow, max-snippet:-1, max-image-preview:large, max-video-preview:-1\" \/>\n<link rel=\"canonical\" href=\"https:\/\/cellgenic.com\/es\/product\/bpc-157-2\/\" \/>\n<meta property=\"og:locale\" content=\"es_ES\" \/>\n<meta property=\"og:type\" content=\"article\" \/>\n<meta property=\"og:title\" content=\"BPC 157 - Cellgenic\" \/>\n<meta property=\"og:description\" content=\"BPC 157, abreviatura de Body Protection Compound-157, es un derivado del compuesto de protecci\u00f3n corporal (BPC), una prote\u00edna que se encuentra de forma natural en el tubo digestivo humano. Su funci\u00f3n principal consiste en salvaguardar el revestimiento del tracto gastrointestinal contra las lesiones, facilitar los procesos de cicatrizaci\u00f3n y fomentar la angiog\u00e9nesis. Se ha observado...\" \/>\n<meta property=\"og:url\" content=\"https:\/\/cellgenic.com\/es\/product\/bpc-157-2\/\" \/>\n<meta property=\"og:site_name\" content=\"Cellgenic\" \/>\n<meta property=\"article:modified_time\" content=\"2026-01-07T17:55:50+00:00\" \/>\n<meta property=\"og:image\" content=\"https:\/\/cellgenic.com\/wp-content\/uploads\/2025\/04\/bpc-157.jpg\" \/>\n\t<meta property=\"og:image:width\" content=\"1736\" \/>\n\t<meta property=\"og:image:height\" content=\"2278\" \/>\n\t<meta property=\"og:image:type\" content=\"image\/jpeg\" \/>\n<meta name=\"twitter:card\" content=\"summary_large_image\" \/>\n<meta name=\"twitter:label1\" content=\"Tiempo de lectura\" \/>\n\t<meta name=\"twitter:data1\" content=\"1 minuto\" \/>\n<script type=\"application\/ld+json\" class=\"yoast-schema-graph\">{\"@context\":\"https:\\\/\\\/schema.org\",\"@graph\":[{\"@type\":\"WebPage\",\"@id\":\"https:\\\/\\\/cellgenic.com\\\/es\\\/product\\\/bpc-157-2\\\/\",\"url\":\"https:\\\/\\\/cellgenic.com\\\/es\\\/product\\\/bpc-157-2\\\/\",\"name\":\"BPC 157 - Cellgenic\",\"isPartOf\":{\"@id\":\"https:\\\/\\\/cellgenic.com\\\/#website\"},\"primaryImageOfPage\":{\"@id\":\"https:\\\/\\\/cellgenic.com\\\/es\\\/product\\\/bpc-157-2\\\/#primaryimage\"},\"image\":{\"@id\":\"https:\\\/\\\/cellgenic.com\\\/es\\\/product\\\/bpc-157-2\\\/#primaryimage\"},\"thumbnailUrl\":\"https:\\\/\\\/cellgenic.com\\\/wp-content\\\/uploads\\\/2025\\\/04\\\/bpc-157.jpg\",\"datePublished\":\"2024-08-05T17:49:40+00:00\",\"dateModified\":\"2026-01-07T17:55:50+00:00\",\"breadcrumb\":{\"@id\":\"https:\\\/\\\/cellgenic.com\\\/es\\\/product\\\/bpc-157-2\\\/#breadcrumb\"},\"inLanguage\":\"es\",\"potentialAction\":[{\"@type\":\"ReadAction\",\"target\":[\"https:\\\/\\\/cellgenic.com\\\/es\\\/product\\\/bpc-157-2\\\/\"]}]},{\"@type\":\"ImageObject\",\"inLanguage\":\"es\",\"@id\":\"https:\\\/\\\/cellgenic.com\\\/es\\\/product\\\/bpc-157-2\\\/#primaryimage\",\"url\":\"https:\\\/\\\/cellgenic.com\\\/wp-content\\\/uploads\\\/2025\\\/04\\\/bpc-157.jpg\",\"contentUrl\":\"https:\\\/\\\/cellgenic.com\\\/wp-content\\\/uploads\\\/2025\\\/04\\\/bpc-157.jpg\",\"width\":1736,\"height\":2278},{\"@type\":\"BreadcrumbList\",\"@id\":\"https:\\\/\\\/cellgenic.com\\\/es\\\/product\\\/bpc-157-2\\\/#breadcrumb\",\"itemListElement\":[{\"@type\":\"ListItem\",\"position\":1,\"name\":\"Home\",\"item\":\"https:\\\/\\\/cellgenic.com\\\/inicio\\\/\"},{\"@type\":\"ListItem\",\"position\":2,\"name\":\"Tienda\",\"item\":\"https:\\\/\\\/cellgenic.com\\\/tienda\\\/\"},{\"@type\":\"ListItem\",\"position\":3,\"name\":\"BPC 157\"}]},{\"@type\":\"WebSite\",\"@id\":\"https:\\\/\\\/cellgenic.com\\\/#website\",\"url\":\"https:\\\/\\\/cellgenic.com\\\/\",\"name\":\"Cellgenic\",\"description\":\"Explore Cellgenic&#039;s advanced regenerative medicine products, specializing in high-quality exosomes for therapeutic applications. Purchase exosomes online to enhance your practice with cutting-edge solutions.\",\"publisher\":{\"@id\":\"https:\\\/\\\/cellgenic.com\\\/#organization\"},\"potentialAction\":[{\"@type\":\"SearchAction\",\"target\":{\"@type\":\"EntryPoint\",\"urlTemplate\":\"https:\\\/\\\/cellgenic.com\\\/?s={search_term_string}\"},\"query-input\":{\"@type\":\"PropertyValueSpecification\",\"valueRequired\":true,\"valueName\":\"search_term_string\"}}],\"inLanguage\":\"es\"},{\"@type\":\"Organization\",\"@id\":\"https:\\\/\\\/cellgenic.com\\\/#organization\",\"name\":\"Cellgenic\",\"url\":\"https:\\\/\\\/cellgenic.com\\\/\",\"logo\":{\"@type\":\"ImageObject\",\"inLanguage\":\"es\",\"@id\":\"https:\\\/\\\/cellgenic.com\\\/#\\\/schema\\\/logo\\\/image\\\/\",\"url\":\"https:\\\/\\\/cellgenic.com\\\/wp-content\\\/uploads\\\/2022\\\/05\\\/Cellgenic_principal_Background-Contactform3-1024x655.png\",\"contentUrl\":\"https:\\\/\\\/cellgenic.com\\\/wp-content\\\/uploads\\\/2022\\\/05\\\/Cellgenic_principal_Background-Contactform3-1024x655.png\",\"width\":1024,\"height\":655,\"caption\":\"Cellgenic\"},\"image\":{\"@id\":\"https:\\\/\\\/cellgenic.com\\\/#\\\/schema\\\/logo\\\/image\\\/\"}}]}<\/script>\n<!-- \/ Yoast SEO plugin. -->","yoast_head_json":{"title":"BPC 157 - Cellgenic","robots":{"index":"index","follow":"follow","max-snippet":"max-snippet:-1","max-image-preview":"max-image-preview:large","max-video-preview":"max-video-preview:-1"},"canonical":"https:\/\/cellgenic.com\/es\/product\/bpc-157-2\/","og_locale":"es_ES","og_type":"article","og_title":"BPC 157 - Cellgenic","og_description":"BPC 157, abreviatura de Body Protection Compound-157, es un derivado del compuesto de protecci\u00f3n corporal (BPC), una prote\u00edna que se encuentra de forma natural en el tubo digestivo humano. Su funci\u00f3n principal consiste en salvaguardar el revestimiento del tracto gastrointestinal contra las lesiones, facilitar los procesos de cicatrizaci\u00f3n y fomentar la angiog\u00e9nesis. Se ha observado...","og_url":"https:\/\/cellgenic.com\/es\/product\/bpc-157-2\/","og_site_name":"Cellgenic","article_modified_time":"2026-01-07T17:55:50+00:00","og_image":[{"width":1736,"height":2278,"url":"https:\/\/cellgenic.com\/wp-content\/uploads\/2025\/04\/bpc-157.jpg","type":"image\/jpeg"}],"twitter_card":"summary_large_image","twitter_misc":{"Tiempo de lectura":"1 minuto"},"schema":{"@context":"https:\/\/schema.org","@graph":[{"@type":"WebPage","@id":"https:\/\/cellgenic.com\/es\/product\/bpc-157-2\/","url":"https:\/\/cellgenic.com\/es\/product\/bpc-157-2\/","name":"BPC 157 - Cellgenic","isPartOf":{"@id":"https:\/\/cellgenic.com\/#website"},"primaryImageOfPage":{"@id":"https:\/\/cellgenic.com\/es\/product\/bpc-157-2\/#primaryimage"},"image":{"@id":"https:\/\/cellgenic.com\/es\/product\/bpc-157-2\/#primaryimage"},"thumbnailUrl":"https:\/\/cellgenic.com\/wp-content\/uploads\/2025\/04\/bpc-157.jpg","datePublished":"2024-08-05T17:49:40+00:00","dateModified":"2026-01-07T17:55:50+00:00","breadcrumb":{"@id":"https:\/\/cellgenic.com\/es\/product\/bpc-157-2\/#breadcrumb"},"inLanguage":"es","potentialAction":[{"@type":"ReadAction","target":["https:\/\/cellgenic.com\/es\/product\/bpc-157-2\/"]}]},{"@type":"ImageObject","inLanguage":"es","@id":"https:\/\/cellgenic.com\/es\/product\/bpc-157-2\/#primaryimage","url":"https:\/\/cellgenic.com\/wp-content\/uploads\/2025\/04\/bpc-157.jpg","contentUrl":"https:\/\/cellgenic.com\/wp-content\/uploads\/2025\/04\/bpc-157.jpg","width":1736,"height":2278},{"@type":"BreadcrumbList","@id":"https:\/\/cellgenic.com\/es\/product\/bpc-157-2\/#breadcrumb","itemListElement":[{"@type":"ListItem","position":1,"name":"Home","item":"https:\/\/cellgenic.com\/inicio\/"},{"@type":"ListItem","position":2,"name":"Tienda","item":"https:\/\/cellgenic.com\/tienda\/"},{"@type":"ListItem","position":3,"name":"BPC 157"}]},{"@type":"WebSite","@id":"https:\/\/cellgenic.com\/#website","url":"https:\/\/cellgenic.com\/","name":"Cellgenic","description":"Explore Cellgenic&#039;s advanced regenerative medicine products, specializing in high-quality exosomes for therapeutic applications. Purchase exosomes online to enhance your practice with cutting-edge solutions.","publisher":{"@id":"https:\/\/cellgenic.com\/#organization"},"potentialAction":[{"@type":"SearchAction","target":{"@type":"EntryPoint","urlTemplate":"https:\/\/cellgenic.com\/?s={search_term_string}"},"query-input":{"@type":"PropertyValueSpecification","valueRequired":true,"valueName":"search_term_string"}}],"inLanguage":"es"},{"@type":"Organization","@id":"https:\/\/cellgenic.com\/#organization","name":"Cellgenic","url":"https:\/\/cellgenic.com\/","logo":{"@type":"ImageObject","inLanguage":"es","@id":"https:\/\/cellgenic.com\/#\/schema\/logo\/image\/","url":"https:\/\/cellgenic.com\/wp-content\/uploads\/2022\/05\/Cellgenic_principal_Background-Contactform3-1024x655.png","contentUrl":"https:\/\/cellgenic.com\/wp-content\/uploads\/2022\/05\/Cellgenic_principal_Background-Contactform3-1024x655.png","width":1024,"height":655,"caption":"Cellgenic"},"image":{"@id":"https:\/\/cellgenic.com\/#\/schema\/logo\/image\/"}}]}},"_links":{"self":[{"href":"https:\/\/cellgenic.com\/es\/wp-json\/wp\/v2\/product\/2461","targetHints":{"allow":["GET"]}}],"collection":[{"href":"https:\/\/cellgenic.com\/es\/wp-json\/wp\/v2\/product"}],"about":[{"href":"https:\/\/cellgenic.com\/es\/wp-json\/wp\/v2\/types\/product"}],"replies":[{"embeddable":true,"href":"https:\/\/cellgenic.com\/es\/wp-json\/wp\/v2\/comments?post=2461"}],"wp:featuredmedia":[{"embeddable":true,"href":"https:\/\/cellgenic.com\/es\/wp-json\/wp\/v2\/media\/3003"}],"wp:attachment":[{"href":"https:\/\/cellgenic.com\/es\/wp-json\/wp\/v2\/media?parent=2461"}],"wp:term":[{"taxonomy":"product_brand","embeddable":true,"href":"https:\/\/cellgenic.com\/es\/wp-json\/wp\/v2\/product_brand?post=2461"},{"taxonomy":"product_cat","embeddable":true,"href":"https:\/\/cellgenic.com\/es\/wp-json\/wp\/v2\/product_cat?post=2461"},{"taxonomy":"product_tag","embeddable":true,"href":"https:\/\/cellgenic.com\/es\/wp-json\/wp\/v2\/product_tag?post=2461"}],"curies":[{"name":"wp","href":"https:\/\/api.w.org\/{rel}","templated":true}]}}