{"id":2464,"date":"2024-08-05T18:08:02","date_gmt":"2024-08-05T18:08:02","guid":{"rendered":"https:\/\/cellgenic.com\/product\/ipamorelina-2\/"},"modified":"2026-01-29T20:43:59","modified_gmt":"2026-01-29T20:43:59","slug":"ipamorelina-2","status":"publish","type":"product","link":"https:\/\/cellgenic.com\/es\/product\/ipamorelina-2\/","title":{"rendered":"IPAMORELINA"},"content":{"rendered":"<p>La ipamorelina, un pentap\u00e9ptido compuesto por cinco amino\u00e1cidos, act\u00faa como secretagogo de la hormona del crecimiento (secretagogo de GH), funcionando como agonista al unirse a receptores celulares espec\u00edficos y provocar una respuesta celular. Su mecanismo de acci\u00f3n estimula la secreci\u00f3n de hormonas relacionadas con el crecimiento a partir de la hip\u00f3fisis. Adem\u00e1s, se ha observado que la ipamorelina inhibe la producci\u00f3n de somatostatina, una hormona que regula el crecimiento. Adem\u00e1s, aumenta la producci\u00f3n del factor de crecimiento similar a la insulina 1 (IGF-1), que desempe\u00f1a un papel vital en el crecimiento y la reparaci\u00f3n de los tejidos musculares y esquel\u00e9ticos.<\/p>\n<ul>\n<li>Aumenta el IGF-1<\/li>\n<li>Inhibe la somatostatina.<\/li>\n<\/ul>\n","protected":false},"excerpt":{"rendered":"<p>La ipamorelina, un pentap\u00e9ptido compuesto por cinco amino\u00e1cidos, act\u00faa como secretagogo de la hormona del crecimiento (secretagogo de GH), funcionando como agonista al unirse a receptores celulares espec\u00edficos y provocar una respuesta celular. Su mecanismo de acci\u00f3n estimula la secreci\u00f3n de hormonas relacionadas con el crecimiento a partir de la hip\u00f3fisis. Adem\u00e1s, se ha observado&#8230;<\/p>\n","protected":false},"featured_media":3011,"comment_status":"open","ping_status":"closed","template":"","meta":{"_acf_changed":false,"_joinchat":[]},"product_brand":[],"product_cat":[166],"product_tag":[],"class_list":{"0":"post-2464","1":"product","2":"type-product","3":"status-publish","4":"has-post-thumbnail","6":"product_cat-peptidos","8":"first","9":"instock","10":"shipping-taxable","11":"product-type-simple","12":"add-to-wishlist-before_image"},"group_of_quantity":0,"min_quantity":5,"max_quantity":"","exclude_order_quantity_value_rules":"no","exclude_category_quantity_rules":"no","combine_variations":"no","acf":[],"yoast_head":"<!-- This site is optimized with the Yoast SEO plugin v27.4 - https:\/\/yoast.com\/product\/yoast-seo-wordpress\/ -->\n<title>IPAMORELINA - Cellgenic<\/title>\n<meta name=\"robots\" content=\"index, follow, max-snippet:-1, max-image-preview:large, max-video-preview:-1\" \/>\n<link rel=\"canonical\" href=\"https:\/\/cellgenic.com\/es\/product\/ipamorelina-2\/\" \/>\n<meta property=\"og:locale\" content=\"es_ES\" \/>\n<meta property=\"og:type\" content=\"article\" \/>\n<meta property=\"og:title\" content=\"IPAMORELINA - Cellgenic\" \/>\n<meta property=\"og:description\" content=\"La ipamorelina, un pentap\u00e9ptido compuesto por cinco amino\u00e1cidos, act\u00faa como secretagogo de la hormona del crecimiento (secretagogo de GH), funcionando como agonista al unirse a receptores celulares espec\u00edficos y provocar una respuesta celular. Su mecanismo de acci\u00f3n estimula la secreci\u00f3n de hormonas relacionadas con el crecimiento a partir de la hip\u00f3fisis. Adem\u00e1s, se ha observado...\" \/>\n<meta property=\"og:url\" content=\"https:\/\/cellgenic.com\/es\/product\/ipamorelina-2\/\" \/>\n<meta property=\"og:site_name\" content=\"Cellgenic\" \/>\n<meta property=\"article:modified_time\" content=\"2026-01-29T20:43:59+00:00\" \/>\n<meta property=\"og:image\" content=\"https:\/\/cellgenic.com\/wp-content\/uploads\/2025\/04\/Ipamorelin.jpg\" \/>\n\t<meta property=\"og:image:width\" content=\"1736\" \/>\n\t<meta property=\"og:image:height\" content=\"2278\" \/>\n\t<meta property=\"og:image:type\" content=\"image\/jpeg\" \/>\n<meta name=\"twitter:card\" content=\"summary_large_image\" \/>\n<meta name=\"twitter:label1\" content=\"Tiempo de lectura\" \/>\n\t<meta name=\"twitter:data1\" content=\"1 minuto\" \/>\n<script type=\"application\/ld+json\" class=\"yoast-schema-graph\">{\"@context\":\"https:\\\/\\\/schema.org\",\"@graph\":[{\"@type\":\"WebPage\",\"@id\":\"https:\\\/\\\/cellgenic.com\\\/es\\\/product\\\/ipamorelina-2\\\/\",\"url\":\"https:\\\/\\\/cellgenic.com\\\/es\\\/product\\\/ipamorelina-2\\\/\",\"name\":\"IPAMORELINA - Cellgenic\",\"isPartOf\":{\"@id\":\"https:\\\/\\\/cellgenic.com\\\/#website\"},\"primaryImageOfPage\":{\"@id\":\"https:\\\/\\\/cellgenic.com\\\/es\\\/product\\\/ipamorelina-2\\\/#primaryimage\"},\"image\":{\"@id\":\"https:\\\/\\\/cellgenic.com\\\/es\\\/product\\\/ipamorelina-2\\\/#primaryimage\"},\"thumbnailUrl\":\"https:\\\/\\\/cellgenic.com\\\/wp-content\\\/uploads\\\/2025\\\/04\\\/Ipamorelin.jpg\",\"datePublished\":\"2024-08-05T18:08:02+00:00\",\"dateModified\":\"2026-01-29T20:43:59+00:00\",\"breadcrumb\":{\"@id\":\"https:\\\/\\\/cellgenic.com\\\/es\\\/product\\\/ipamorelina-2\\\/#breadcrumb\"},\"inLanguage\":\"es\",\"potentialAction\":[{\"@type\":\"ReadAction\",\"target\":[\"https:\\\/\\\/cellgenic.com\\\/es\\\/product\\\/ipamorelina-2\\\/\"]}]},{\"@type\":\"ImageObject\",\"inLanguage\":\"es\",\"@id\":\"https:\\\/\\\/cellgenic.com\\\/es\\\/product\\\/ipamorelina-2\\\/#primaryimage\",\"url\":\"https:\\\/\\\/cellgenic.com\\\/wp-content\\\/uploads\\\/2025\\\/04\\\/Ipamorelin.jpg\",\"contentUrl\":\"https:\\\/\\\/cellgenic.com\\\/wp-content\\\/uploads\\\/2025\\\/04\\\/Ipamorelin.jpg\",\"width\":1736,\"height\":2278},{\"@type\":\"BreadcrumbList\",\"@id\":\"https:\\\/\\\/cellgenic.com\\\/es\\\/product\\\/ipamorelina-2\\\/#breadcrumb\",\"itemListElement\":[{\"@type\":\"ListItem\",\"position\":1,\"name\":\"Home\",\"item\":\"https:\\\/\\\/cellgenic.com\\\/inicio\\\/\"},{\"@type\":\"ListItem\",\"position\":2,\"name\":\"Tienda\",\"item\":\"https:\\\/\\\/cellgenic.com\\\/tienda\\\/\"},{\"@type\":\"ListItem\",\"position\":3,\"name\":\"IPAMORELINA\"}]},{\"@type\":\"WebSite\",\"@id\":\"https:\\\/\\\/cellgenic.com\\\/#website\",\"url\":\"https:\\\/\\\/cellgenic.com\\\/\",\"name\":\"Cellgenic\",\"description\":\"Explore Cellgenic&#039;s advanced regenerative medicine products, specializing in high-quality exosomes for therapeutic applications. Purchase exosomes online to enhance your practice with cutting-edge solutions.\",\"publisher\":{\"@id\":\"https:\\\/\\\/cellgenic.com\\\/#organization\"},\"potentialAction\":[{\"@type\":\"SearchAction\",\"target\":{\"@type\":\"EntryPoint\",\"urlTemplate\":\"https:\\\/\\\/cellgenic.com\\\/?s={search_term_string}\"},\"query-input\":{\"@type\":\"PropertyValueSpecification\",\"valueRequired\":true,\"valueName\":\"search_term_string\"}}],\"inLanguage\":\"es\"},{\"@type\":\"Organization\",\"@id\":\"https:\\\/\\\/cellgenic.com\\\/#organization\",\"name\":\"Cellgenic\",\"url\":\"https:\\\/\\\/cellgenic.com\\\/\",\"logo\":{\"@type\":\"ImageObject\",\"inLanguage\":\"es\",\"@id\":\"https:\\\/\\\/cellgenic.com\\\/#\\\/schema\\\/logo\\\/image\\\/\",\"url\":\"https:\\\/\\\/cellgenic.com\\\/wp-content\\\/uploads\\\/2022\\\/05\\\/Cellgenic_principal_Background-Contactform3-1024x655.png\",\"contentUrl\":\"https:\\\/\\\/cellgenic.com\\\/wp-content\\\/uploads\\\/2022\\\/05\\\/Cellgenic_principal_Background-Contactform3-1024x655.png\",\"width\":1024,\"height\":655,\"caption\":\"Cellgenic\"},\"image\":{\"@id\":\"https:\\\/\\\/cellgenic.com\\\/#\\\/schema\\\/logo\\\/image\\\/\"}}]}<\/script>\n<!-- \/ Yoast SEO plugin. -->","yoast_head_json":{"title":"IPAMORELINA - Cellgenic","robots":{"index":"index","follow":"follow","max-snippet":"max-snippet:-1","max-image-preview":"max-image-preview:large","max-video-preview":"max-video-preview:-1"},"canonical":"https:\/\/cellgenic.com\/es\/product\/ipamorelina-2\/","og_locale":"es_ES","og_type":"article","og_title":"IPAMORELINA - Cellgenic","og_description":"La ipamorelina, un pentap\u00e9ptido compuesto por cinco amino\u00e1cidos, act\u00faa como secretagogo de la hormona del crecimiento (secretagogo de GH), funcionando como agonista al unirse a receptores celulares espec\u00edficos y provocar una respuesta celular. Su mecanismo de acci\u00f3n estimula la secreci\u00f3n de hormonas relacionadas con el crecimiento a partir de la hip\u00f3fisis. Adem\u00e1s, se ha observado...","og_url":"https:\/\/cellgenic.com\/es\/product\/ipamorelina-2\/","og_site_name":"Cellgenic","article_modified_time":"2026-01-29T20:43:59+00:00","og_image":[{"width":1736,"height":2278,"url":"https:\/\/cellgenic.com\/wp-content\/uploads\/2025\/04\/Ipamorelin.jpg","type":"image\/jpeg"}],"twitter_card":"summary_large_image","twitter_misc":{"Tiempo de lectura":"1 minuto"},"schema":{"@context":"https:\/\/schema.org","@graph":[{"@type":"WebPage","@id":"https:\/\/cellgenic.com\/es\/product\/ipamorelina-2\/","url":"https:\/\/cellgenic.com\/es\/product\/ipamorelina-2\/","name":"IPAMORELINA - Cellgenic","isPartOf":{"@id":"https:\/\/cellgenic.com\/#website"},"primaryImageOfPage":{"@id":"https:\/\/cellgenic.com\/es\/product\/ipamorelina-2\/#primaryimage"},"image":{"@id":"https:\/\/cellgenic.com\/es\/product\/ipamorelina-2\/#primaryimage"},"thumbnailUrl":"https:\/\/cellgenic.com\/wp-content\/uploads\/2025\/04\/Ipamorelin.jpg","datePublished":"2024-08-05T18:08:02+00:00","dateModified":"2026-01-29T20:43:59+00:00","breadcrumb":{"@id":"https:\/\/cellgenic.com\/es\/product\/ipamorelina-2\/#breadcrumb"},"inLanguage":"es","potentialAction":[{"@type":"ReadAction","target":["https:\/\/cellgenic.com\/es\/product\/ipamorelina-2\/"]}]},{"@type":"ImageObject","inLanguage":"es","@id":"https:\/\/cellgenic.com\/es\/product\/ipamorelina-2\/#primaryimage","url":"https:\/\/cellgenic.com\/wp-content\/uploads\/2025\/04\/Ipamorelin.jpg","contentUrl":"https:\/\/cellgenic.com\/wp-content\/uploads\/2025\/04\/Ipamorelin.jpg","width":1736,"height":2278},{"@type":"BreadcrumbList","@id":"https:\/\/cellgenic.com\/es\/product\/ipamorelina-2\/#breadcrumb","itemListElement":[{"@type":"ListItem","position":1,"name":"Home","item":"https:\/\/cellgenic.com\/inicio\/"},{"@type":"ListItem","position":2,"name":"Tienda","item":"https:\/\/cellgenic.com\/tienda\/"},{"@type":"ListItem","position":3,"name":"IPAMORELINA"}]},{"@type":"WebSite","@id":"https:\/\/cellgenic.com\/#website","url":"https:\/\/cellgenic.com\/","name":"Cellgenic","description":"Explore Cellgenic&#039;s advanced regenerative medicine products, specializing in high-quality exosomes for therapeutic applications. Purchase exosomes online to enhance your practice with cutting-edge solutions.","publisher":{"@id":"https:\/\/cellgenic.com\/#organization"},"potentialAction":[{"@type":"SearchAction","target":{"@type":"EntryPoint","urlTemplate":"https:\/\/cellgenic.com\/?s={search_term_string}"},"query-input":{"@type":"PropertyValueSpecification","valueRequired":true,"valueName":"search_term_string"}}],"inLanguage":"es"},{"@type":"Organization","@id":"https:\/\/cellgenic.com\/#organization","name":"Cellgenic","url":"https:\/\/cellgenic.com\/","logo":{"@type":"ImageObject","inLanguage":"es","@id":"https:\/\/cellgenic.com\/#\/schema\/logo\/image\/","url":"https:\/\/cellgenic.com\/wp-content\/uploads\/2022\/05\/Cellgenic_principal_Background-Contactform3-1024x655.png","contentUrl":"https:\/\/cellgenic.com\/wp-content\/uploads\/2022\/05\/Cellgenic_principal_Background-Contactform3-1024x655.png","width":1024,"height":655,"caption":"Cellgenic"},"image":{"@id":"https:\/\/cellgenic.com\/#\/schema\/logo\/image\/"}}]}},"_links":{"self":[{"href":"https:\/\/cellgenic.com\/es\/wp-json\/wp\/v2\/product\/2464","targetHints":{"allow":["GET"]}}],"collection":[{"href":"https:\/\/cellgenic.com\/es\/wp-json\/wp\/v2\/product"}],"about":[{"href":"https:\/\/cellgenic.com\/es\/wp-json\/wp\/v2\/types\/product"}],"replies":[{"embeddable":true,"href":"https:\/\/cellgenic.com\/es\/wp-json\/wp\/v2\/comments?post=2464"}],"wp:featuredmedia":[{"embeddable":true,"href":"https:\/\/cellgenic.com\/es\/wp-json\/wp\/v2\/media\/3011"}],"wp:attachment":[{"href":"https:\/\/cellgenic.com\/es\/wp-json\/wp\/v2\/media?parent=2464"}],"wp:term":[{"taxonomy":"product_brand","embeddable":true,"href":"https:\/\/cellgenic.com\/es\/wp-json\/wp\/v2\/product_brand?post=2464"},{"taxonomy":"product_cat","embeddable":true,"href":"https:\/\/cellgenic.com\/es\/wp-json\/wp\/v2\/product_cat?post=2464"},{"taxonomy":"product_tag","embeddable":true,"href":"https:\/\/cellgenic.com\/es\/wp-json\/wp\/v2\/product_tag?post=2464"}],"curies":[{"name":"wp","href":"https:\/\/api.w.org\/{rel}","templated":true}]}}