{"id":2566,"date":"2024-06-21T00:20:59","date_gmt":"2024-06-21T00:20:59","guid":{"rendered":"https:\/\/cellgenic.com\/product\/incubadora-de-co2-de-gran-capacidad-maxcell\/"},"modified":"2025-01-08T02:41:14","modified_gmt":"2025-01-08T02:41:14","slug":"incubadora-de-co2-de-gran-capacidad-maxcell","status":"publish","type":"product","link":"https:\/\/cellgenic.com\/es\/product\/incubadora-de-co2-de-gran-capacidad-maxcell\/","title":{"rendered":"Incubadora de CO2 de gran capacidad MaxCell"},"content":{"rendered":"<h2>Haz realidad tus necesidades de cultivo celular a gran escala<br \/>\ncon la gran plataforma Max Cell\u2122.<\/h2>\n<p>La incubadora de CO2 de gran capacidad N-BIOTEK Max Cell\u2122 de 880 litros proporciona el entorno \u00f3ptimo para tus necesidades de cultivo celular a gran escala en una gran plataforma<br \/>\n. Su calefacci\u00f3n directa por 6 lados y su \u00f3ptimo sistema de circulaci\u00f3n de aire permiten mantener una excelente uniformidad de temperatura, humedad<br \/>\ny CO2 incluso con el contenedor lleno. Est\u00e1 especialmente optimizada para el uso de grandes contenedores de cultivo celular como Corning Cell Stack y<br \/>\nNunk Cell Factory. Con esta gran plataforma, ya no es necesario apilar dos incubadoras.   <\/p>\n<h2>Productos Caracter\u00edsticas<\/h2>\n<h2>Optimizado para contenedor de c\u00e9lulas a gran escala<\/h2>\n<p>Se dispone de un m\u00e1ximo de 6 pilas de c\u00e9lulas Corning o de una f\u00e1brica de c\u00e9lulas Nunk en un estante, Totalmente, 30 recipientes de pilas de c\u00e9lulas de 10 capas cargables en una incubadora.<\/p>\n<p><img loading=\"lazy\" decoding=\"async\" class=\"size-medium wp-image-2255 aligncenter\" src=\"https:\/\/cellgenic.com\/wp-content\/uploads\/2024\/06\/equipment_img02-300x98.png\" alt=\"\" width=\"300\" height=\"98\" srcset=\"https:\/\/cellgenic.com\/wp-content\/uploads\/2024\/06\/equipment_img02-300x98.png 300w, https:\/\/cellgenic.com\/wp-content\/uploads\/2024\/06\/equipment_img02-150x49.png 150w, https:\/\/cellgenic.com\/wp-content\/uploads\/2024\/06\/equipment_img02-200x66.png 200w, https:\/\/cellgenic.com\/wp-content\/uploads\/2024\/06\/equipment_img02-400x131.png 400w, https:\/\/cellgenic.com\/wp-content\/uploads\/2024\/06\/equipment_img02-700x229.png 700w, https:\/\/cellgenic.com\/wp-content\/uploads\/2024\/06\/equipment_img02-600x197.png 600w, https:\/\/cellgenic.com\/wp-content\/uploads\/2024\/06\/equipment_img02.png 870w\" sizes=\"auto, (max-width: 300px) 100vw, 300px\" \/><\/p>\n<h2>Excelente uniformidad de la temperatura y calentamiento r\u00e1pido para una r\u00e1pida recuperaci\u00f3n mediante calentamiento directo por 6 lados y 4 ventiladores de circulaci\u00f3n de aire<\/h2>\n<p>Se instalan cuatro ventiladores de circulaci\u00f3n de aire en la parte inferior del conducto de aire que est\u00e1 montado en la pared rara de la c\u00e1mara. Estos ventiladores mueven el aire de abajo hacia arriba a trav\u00e9s del conducto de aire y dirigen el flujo de aire de arriba hacia abajo.<br \/>\nAl final distribuye el aire, incluido el calor, el<sub>CO2<\/sub> y la humedad, uniformemente por toda la c\u00e1mara.<\/p>\n<p><img loading=\"lazy\" decoding=\"async\" class=\"size-medium wp-image-2257 aligncenter\" src=\"https:\/\/cellgenic.com\/wp-content\/uploads\/2024\/06\/equipment_img03-300x159.png\" alt=\"\" width=\"300\" height=\"159\" srcset=\"https:\/\/cellgenic.com\/wp-content\/uploads\/2024\/06\/equipment_img03-300x159.png 300w, https:\/\/cellgenic.com\/wp-content\/uploads\/2024\/06\/equipment_img03-150x79.png 150w, https:\/\/cellgenic.com\/wp-content\/uploads\/2024\/06\/equipment_img03-200x106.png 200w, https:\/\/cellgenic.com\/wp-content\/uploads\/2024\/06\/equipment_img03-400x212.png 400w, https:\/\/cellgenic.com\/wp-content\/uploads\/2024\/06\/equipment_img03-700x370.png 700w, https:\/\/cellgenic.com\/wp-content\/uploads\/2024\/06\/equipment_img03-600x317.png 600w, https:\/\/cellgenic.com\/wp-content\/uploads\/2024\/06\/equipment_img03.png 930w\" sizes=\"auto, (max-width: 300px) 100vw, 300px\" \/><\/p>\n<h2>Panel t\u00e1ctil LCD a todo color de 7 pulgadas<\/h2>\n<p>F\u00e1cil configuraci\u00f3n, visi\u00f3n clara, grabaci\u00f3n de datos, informaci\u00f3n en tiempo real<\/p>\n<ul>\n<li>Memoria interna grabable durante 6 meses y USB 3.0 para grabar y extraer datos durante m\u00e1s tiempo<\/li>\n<li>Control PID por microprocesador, bloqueo de pantalla, mensaje de alarma, gr\u00e1fico de monitorizaci\u00f3n en tiempo real<\/li>\n<\/ul>\n<h2>Varias opciones de puertas de vidrio de composici\u00f3n y divididas<\/h2>\n<ul>\n<li>25 Posiciones de Estante y 5 Tipos de Puertas de Cristal(Tambi\u00e9n, personalizaci\u00f3n disponible)<\/li>\n<\/ul>\n<p><img loading=\"lazy\" decoding=\"async\" class=\"size-medium wp-image-2259 aligncenter\" src=\"https:\/\/cellgenic.com\/wp-content\/uploads\/2024\/06\/equipment_img04-300x186.png\" alt=\"\" width=\"300\" height=\"186\" srcset=\"https:\/\/cellgenic.com\/wp-content\/uploads\/2024\/06\/equipment_img04-300x186.png 300w, https:\/\/cellgenic.com\/wp-content\/uploads\/2024\/06\/equipment_img04-150x93.png 150w, https:\/\/cellgenic.com\/wp-content\/uploads\/2024\/06\/equipment_img04-200x124.png 200w, https:\/\/cellgenic.com\/wp-content\/uploads\/2024\/06\/equipment_img04-400x248.png 400w, https:\/\/cellgenic.com\/wp-content\/uploads\/2024\/06\/equipment_img04-700x434.png 700w, https:\/\/cellgenic.com\/wp-content\/uploads\/2024\/06\/equipment_img04-600x372.png 600w, https:\/\/cellgenic.com\/wp-content\/uploads\/2024\/06\/equipment_img04.png 915w\" sizes=\"auto, (max-width: 300px) 100vw, 300px\" \/><\/p>\n<div id=\"fixedContentM2\" class=\"sub-tab-con\">\n<div class=\"prd-cm-table\">\n<h2><\/h2>\n<h2 class=\"front-cir-title detail-tit big tbl-tit\">Especificaci\u00f3n<\/h2>\n<div class=\"custom-scrollbar-wrapper\">\n<div class=\"scroll-object-box mCustomScrollbar _mCS_1 mCS_no_scrollbar\">\n<div id=\"mCSB_1\" class=\"mCustomScrollBox mCS-dark mCSB_horizontal mCSB_inside\" tabindex=\"0\">\n<div id=\"mCSB_1_container\" class=\"mCSB_container mCS_x_hidden mCS_no_scrollbar_x\" dir=\"ltr\">\n<table class=\"equipment-view-tbl scroll-object\">\n<tbody>\n<tr>\n<th>Modelo<\/th>\n<th>NBT203XXL-1D<\/th>\n<th>NBT203XXL-2D<\/th>\n<th>NBT203XXL-5D<\/th>\n<\/tr>\n<tr>\n<td class=\"sub-tit\">Volumen de la c\u00e1mara<\/td>\n<td class=\"has\">880 litros<\/td>\n<td class=\"has\">880 litros<\/td>\n<td class=\"has\">880 litros<\/td>\n<\/tr>\n<tr>\n<td class=\"sub-tit\">N\u00famero de puertas interiores de cristal<\/td>\n<td class=\"has\">Completa 1 Puerta Interior de Cristal<\/td>\n<td class=\"has\">2 Puertas de cristal divididas<\/td>\n<td class=\"has\">5 puertas divididas<\/td>\n<\/tr>\n<tr>\n<td class=\"sub-tit\">Dimensiones exteriores<\/td>\n<td class=\"has\">840(ancho) x 930(fondo) x 1890(alto) mm<\/td>\n<td class=\"has\">840(ancho) x 930(fondo) x 1890(alto) mm<\/td>\n<td class=\"has\">840(ancho) x 930(fondo) x 1890(alto) mm<\/td>\n<\/tr>\n<tr>\n<td class=\"sub-tit\">Dimensi\u00f3n interna<\/td>\n<td class=\"has\">720(ancho) x 800(fondo) x 1530(alto) mm<\/td>\n<td class=\"has\">720(ancho) x 800(fondo) x 1530(alto) mm<\/td>\n<td class=\"has\">720(ancho) x 800(fondo) x 1530(alto) mm<\/td>\n<\/tr>\n<tr>\n<td class=\"sub-tit\">Rango de temperatura<\/td>\n<td class=\"has\">Ambiente +7\u00baC a 60\u00baC *<\/td>\n<td class=\"has\">Ambiente +7\u00baC a 60\u00baC *<\/td>\n<td class=\"has\">Ambiente +7\u00baC a 60\u00baC *<\/td>\n<\/tr>\n<tr>\n<td class=\"sub-tit\">Temp. Uniformidad<\/td>\n<td class=\"has\">\u00b10,5\u00baC a 37\u2103<\/td>\n<td class=\"has\">\u00b10,5\u00baC a 37\u2103<\/td>\n<td class=\"has\">\u00b10,5\u00baC a 37\u2103<\/td>\n<\/tr>\n<tr>\n<td class=\"sub-tit\">Temp. Control<\/td>\n<td class=\"has\">\u00b10,1\u00baC<\/td>\n<td class=\"has\">\u00b10,1\u00baC<\/td>\n<td class=\"has\">\u00b10,1\u00baC<\/td>\n<\/tr>\n<tr>\n<td class=\"sub-tit\">Temp. Seguridad<\/td>\n<td class=\"has\">Termostato anal\u00f3gico independiente<\/td>\n<td class=\"has\">Termostato anal\u00f3gico independiente<\/td>\n<td class=\"has\">Termostato anal\u00f3gico independiente<\/td>\n<\/tr>\n<tr>\n<td class=\"sub-tit\">Chaqueta \/ Calefacci\u00f3n<\/td>\n<td class=\"has\">Camisa de Aire \/ Calefacci\u00f3n Directa 6 Lados<\/td>\n<td class=\"has\">Chaqueta Aire \/ Calefacci\u00f3n Directa 6 Lados<\/td>\n<td class=\"has\">Chaqueta de Aire \/ Calefacci\u00f3n Directa 6 Lados<\/td>\n<\/tr>\n<tr>\n<td class=\"sub-tit\">Ventilador \/ Flujo de aire<\/td>\n<td class=\"has\">4 ventiladores en la parte trasera inferior \/ Ai laminar vertical<\/td>\n<td class=\"has\">4 ventiladores en la parte trasera inferior \/ Ai Laminar Vertical<\/td>\n<td class=\"has\">4 ventiladores en la parte trasera inferior \/ Ai laminar vertical<\/td>\n<\/tr>\n<tr>\n<td class=\"sub-tit\">Seguridad de temperatura<\/td>\n<td class=\"has\">Termostato de sobretemperatura independiente<\/td>\n<td class=\"has\">Termostato de sobretemperatura independiente<\/td>\n<td class=\"has\">Termostato de sobretemperatura independiente<\/td>\n<\/tr>\n<tr>\n<td class=\"sub-tit\">Rango de<sub>CO2<\/sub> 0-20<\/td>\n<td class=\"has\">1 ~ 20%<\/td>\n<td class=\"has\">1 ~ 20%<\/td>\n<td class=\"has\">1 ~ 20%<\/td>\n<\/tr>\n<tr>\n<td class=\"sub-tit\">Sensor de<sub>CO2<\/sub> <\/td>\n<td class=\"has\">Sensor de<sub>CO2<\/sub> infrarrojo (IR) de doble haz<\/td>\n<td class=\"has\">Sensor de<sub>CO2<\/sub> infrarrojo (IR) de doble haz<\/td>\n<td class=\"has\">Sensor de<sub>CO2<\/sub> infrarrojo (IR) de doble haz<\/td>\n<\/tr>\n<tr>\n<td class=\"sub-tit\">Precisi\u00f3n de<sub>CO2<\/sub> <\/td>\n<td class=\"has\">\u00b10.1%<\/td>\n<td class=\"has\">\u00b10.1%<\/td>\n<td class=\"has\">\u00b10.1%<\/td>\n<\/tr>\n<tr>\n<td class=\"sub-tit\">Humedad<\/td>\n<td class=\"has\">80 ~ 90% con Bandeja de Agua O Ultra S\u00f3nico Opcional<\/td>\n<td class=\"has\">80 ~ 90% con bandeja de agua O Ultra Sonic opcional<\/td>\n<td class=\"has\">80 ~ 90% con bandeja de agua O Ultra Sonic opcional<\/td>\n<\/tr>\n<tr>\n<td class=\"sub-tit\">Pantalla<\/td>\n<td class=\"has\">Panel t\u00e1ctil LCD a todo color de 7 pulgadas<\/td>\n<td class=\"has\">Panel t\u00e1ctil LCD a todo color de 7 pulgadas<\/td>\n<td class=\"has\">Panel t\u00e1ctil LCD a todo color de 7 pulgadas<\/td>\n<\/tr>\n<tr>\n<td class=\"sub-tit\">N\u00famero de estantes<\/td>\n<td class=\"has\">0 (Compra por separado)<\/td>\n<td class=\"has\">3<\/td>\n<td class=\"has\">5<\/td>\n<\/tr>\n<tr>\n<td class=\"sub-tit\">N\u00famero m\u00e1ximo de baldas<\/td>\n<td class=\"has\">25<\/td>\n<td class=\"has\">25<\/td>\n<td class=\"has\">25<\/td>\n<\/tr>\n<tr>\n<td class=\"sub-tit\">Tama\u00f1o de la balda<\/td>\n<td class=\"has\">670(ancho) x 750(fondo) mm<\/td>\n<td class=\"has\">670(ancho) x 750(fondo) mm<\/td>\n<td class=\"has\">670(ancho) x 750(fondo) mm<\/td>\n<\/tr>\n<tr>\n<td class=\"sub-tit\">Material de la c\u00e1mara y el estante<\/td>\n<td class=\"has\">Acero inoxidable 304<\/td>\n<td class=\"has\">Acero inoxidable 304<\/td>\n<td class=\"has\">Acero inoxidable 304<\/td>\n<\/tr>\n<tr>\n<td class=\"sub-tit\">Puerta exterior<\/td>\n<td class=\"has\">Puerta calefactada con recubrimiento de polvo (abierta a la izquierda) \/ con calefacci\u00f3n<\/td>\n<td class=\"has\">Puerta calefactada con recubrimiento de polvo (abierta a la izquierda) \/ con calefacci\u00f3n<\/td>\n<td class=\"has\">Puerta calefactada con recubrimiento de polvo (abierta a la izquierda) \/ con calefacci\u00f3n<\/td>\n<\/tr>\n<tr>\n<td class=\"sub-tit\">Alarma<\/td>\n<td class=\"has\">Temperatura,<sub>CO2<\/sub>, Puerta Abierta, Sesnor F<\/td>\n<td class=\"has\">Temperatura,<sub>CO2<\/sub>, Puerta Abierta, Sesnor F<\/td>\n<td class=\"has\">Temperatura,<sub>CO2<\/sub>, Puerta Abierta, Sesnor F<\/td>\n<\/tr>\n<tr>\n<td class=\"sub-tit\">Dispositivo el\u00e9ctrico de seguridad<\/td>\n<td class=\"has\">Fusible (incorporado con uno de repuesto)<\/td>\n<td class=\"has\">Fusible (incorporado con uno de repuesto)<\/td>\n<td class=\"has\">Fusible (incorporado con uno de repuesto)<\/td>\n<\/tr>\n<tr>\n<td class=\"sub-tit\">Fuente de alimentaci\u00f3n<\/td>\n<td class=\"has\">100 V ~ 120 V, 50,60 Hz \/ 220 ~ 230 V, 50~60 Hz<\/td>\n<td class=\"has\">100 V ~ 120 V, 50,60 Hz \/ 220 ~ 230 V, 50~60 Hz<\/td>\n<td class=\"has\">100 V ~ 120 V, 50,60 Hz \/ 220 ~ 230 V, 50~60 Hz<\/td>\n<\/tr>\n<tr>\n<td class=\"sub-tit\">Peso<\/td>\n<td class=\"has\">Unos 300 ~ 310kg<\/td>\n<td class=\"has\">Alrededor de 300 ~ 310kg<\/td>\n<td class=\"has\">Alrededor de 300 ~ 310kg<\/td>\n<\/tr>\n<\/tbody>\n<\/table>\n<\/div>\n<\/div>\n<\/div>\n<\/div>\n<\/div>\n<\/div>\n<div id=\"fixedContentM3\" class=\"sub-tab-con\">\n<div class=\"prd-cm-table\">\n<h2 class=\"front-cir-title detail-tit big tbl-tit\">Informaci\u00f3n para pedidos<\/h2>\n<div class=\"custom-scrollbar-wrapper \">\n<div class=\"scroll-object-box mCustomScrollbar _mCS_2 mCS_no_scrollbar\">\n<div id=\"mCSB_2\" class=\"mCustomScrollBox mCS-dark mCSB_horizontal mCSB_inside\" tabindex=\"0\">\n<div id=\"mCSB_2_container\" class=\"mCSB_container mCS_x_hidden mCS_no_scrollbar_x\" dir=\"ltr\">\n<table class=\"equipment-view-tbl scroll-object\">\n<tbody>\n<tr>\n<th>Modelo<\/th>\n<th>NBT203XXL<\/th>\n<\/tr>\n<tr>\n<td class=\"sub-tit\">NBT203XXL-1D<\/td>\n<td class=\"has\">1 Modelo de cristal interior completo<\/td>\n<\/tr>\n<tr>\n<td class=\"sub-tit\">NBT203XXL-2D<\/td>\n<td class=\"has\">Modelo de 2 cristales interiores divididos<\/td>\n<\/tr>\n<tr>\n<td class=\"sub-tit\">NBT203XXL-3D<\/td>\n<td class=\"has\">Modelo de 3 cristales interiores divididos<\/td>\n<\/tr>\n<tr>\n<td class=\"sub-tit\">NBT203XXL-4D<\/td>\n<td class=\"has\">Modelo de vidrio interior dividido en 4<\/td>\n<\/tr>\n<tr>\n<td class=\"sub-tit\">NBT203XXL-5D<\/td>\n<td class=\"has\">Modelo de 5 cristales interiores divididos<\/td>\n<\/tr>\n<tr>\n<td class=\"sub-tit\">T203XXL-HGLAS<\/td>\n<td class=\"has\">Opci\u00f3n de ventana de cristal calefactada<\/td>\n<\/tr>\n<tr>\n<td class=\"sub-tit\">T203XXL-SHE<\/td>\n<td class=\"has\">Estante, 1 pieza<\/td>\n<\/tr>\n<tr>\n<td class=\"sub-tit\">T203XXL-SHEG<\/td>\n<td class=\"has\">Estante con junta de estanqueidad frontal, 1 pieza<\/td>\n<\/tr>\n<tr>\n<td class=\"sub-tit\">T203XXL-HUM<\/td>\n<td class=\"has\">Control de humidificaci\u00f3n forzada<\/td>\n<\/tr>\n<tr>\n<td class=\"sub-tit\">T203XXL-O2<\/td>\n<td class=\"has\">Control de ox\u00edgeno bajo (1 ~ 19%)<\/td>\n<\/tr>\n<\/tbody>\n<\/table>\n<\/div>\n<\/div>\n<\/div>\n<\/div>\n<\/div>\n<\/div>\n","protected":false},"excerpt":{"rendered":"<p>Haz realidad tus necesidades de cultivo celular a gran escala con la gran plataforma Max Cell\u2122. La incubadora de CO2 de gran capacidad N-BIOTEK Max Cell\u2122 de 880 litros proporciona el entorno \u00f3ptimo para tus necesidades de cultivo celular a gran escala en una gran plataforma . Su calefacci\u00f3n directa por 6 lados y su&#8230;<\/p>\n","protected":false},"featured_media":2262,"comment_status":"open","ping_status":"closed","template":"","meta":{"_acf_changed":false,"_joinchat":[]},"product_brand":[],"product_cat":[167,185],"product_tag":[],"class_list":{"0":"post-2566","1":"product","2":"type-product","3":"status-publish","4":"has-post-thumbnail","6":"product_cat-equipo-de-laboratorio","7":"product_cat-incubadora-de-co2","9":"first","10":"instock","11":"shipping-taxable","12":"product-type-simple","13":"add-to-wishlist-before_image"},"group_of_quantity":0,"min_quantity":0,"max_quantity":"","exclude_order_quantity_value_rules":"no","exclude_category_quantity_rules":"no","combine_variations":"no","acf":[],"yoast_head":"<!-- This site is optimized with the Yoast SEO plugin v27.5 - https:\/\/yoast.com\/product\/yoast-seo-wordpress\/ -->\n<title>Incubadora de CO2 de gran capacidad MaxCell - Cellgenic<\/title>\n<meta name=\"robots\" content=\"index, follow, max-snippet:-1, max-image-preview:large, max-video-preview:-1\" \/>\n<link rel=\"canonical\" href=\"https:\/\/cellgenic.com\/product\/large-capacity-co2-incubator-maxcell\/\" \/>\n<meta property=\"og:locale\" content=\"es_ES\" \/>\n<meta property=\"og:type\" content=\"article\" \/>\n<meta property=\"og:title\" content=\"Incubadora de CO2 de gran capacidad MaxCell - Cellgenic\" \/>\n<meta property=\"og:description\" content=\"Haz realidad tus necesidades de cultivo celular a gran escala con la gran plataforma Max Cell\u2122. La incubadora de CO2 de gran capacidad N-BIOTEK Max Cell\u2122 de 880 litros proporciona el entorno \u00f3ptimo para tus necesidades de cultivo celular a gran escala en una gran plataforma . Su calefacci\u00f3n directa por 6 lados y su...\" \/>\n<meta property=\"og:url\" content=\"https:\/\/cellgenic.com\/product\/large-capacity-co2-incubator-maxcell\/\" \/>\n<meta property=\"og:site_name\" content=\"Cellgenic\" \/>\n<meta property=\"article:modified_time\" content=\"2025-01-08T02:41:14+00:00\" \/>\n<meta property=\"og:image\" content=\"https:\/\/cellgenic.com\/wp-content\/uploads\/2024\/06\/Large-Capacity-CO2-Incubator-MaxCell.png\" \/>\n\t<meta property=\"og:image:width\" content=\"270\" \/>\n\t<meta property=\"og:image:height\" content=\"270\" \/>\n\t<meta property=\"og:image:type\" content=\"image\/png\" \/>\n<meta name=\"twitter:card\" content=\"summary_large_image\" \/>\n<meta name=\"twitter:label1\" content=\"Tiempo de lectura\" \/>\n\t<meta name=\"twitter:data1\" content=\"4 minutos\" \/>\n<script type=\"application\/ld+json\" class=\"yoast-schema-graph\">{\"@context\":\"https:\\\/\\\/schema.org\",\"@graph\":[{\"@type\":\"WebPage\",\"@id\":\"https:\\\/\\\/cellgenic.com\\\/product\\\/large-capacity-co2-incubator-maxcell\\\/\",\"url\":\"https:\\\/\\\/cellgenic.com\\\/product\\\/large-capacity-co2-incubator-maxcell\\\/\",\"name\":\"Incubadora de CO2 de gran capacidad MaxCell - Cellgenic\",\"isPartOf\":{\"@id\":\"https:\\\/\\\/cellgenic.com\\\/#website\"},\"primaryImageOfPage\":{\"@id\":\"https:\\\/\\\/cellgenic.com\\\/product\\\/large-capacity-co2-incubator-maxcell\\\/#primaryimage\"},\"image\":{\"@id\":\"https:\\\/\\\/cellgenic.com\\\/product\\\/large-capacity-co2-incubator-maxcell\\\/#primaryimage\"},\"thumbnailUrl\":\"https:\\\/\\\/cellgenic.com\\\/wp-content\\\/uploads\\\/2024\\\/06\\\/Large-Capacity-CO2-Incubator-MaxCell.png\",\"datePublished\":\"2024-06-21T00:20:59+00:00\",\"dateModified\":\"2025-01-08T02:41:14+00:00\",\"breadcrumb\":{\"@id\":\"https:\\\/\\\/cellgenic.com\\\/product\\\/large-capacity-co2-incubator-maxcell\\\/#breadcrumb\"},\"inLanguage\":\"es\",\"potentialAction\":[{\"@type\":\"ReadAction\",\"target\":[\"https:\\\/\\\/cellgenic.com\\\/product\\\/large-capacity-co2-incubator-maxcell\\\/\"]}]},{\"@type\":\"ImageObject\",\"inLanguage\":\"es\",\"@id\":\"https:\\\/\\\/cellgenic.com\\\/product\\\/large-capacity-co2-incubator-maxcell\\\/#primaryimage\",\"url\":\"https:\\\/\\\/cellgenic.com\\\/wp-content\\\/uploads\\\/2024\\\/06\\\/Large-Capacity-CO2-Incubator-MaxCell.png\",\"contentUrl\":\"https:\\\/\\\/cellgenic.com\\\/wp-content\\\/uploads\\\/2024\\\/06\\\/Large-Capacity-CO2-Incubator-MaxCell.png\",\"width\":270,\"height\":270},{\"@type\":\"BreadcrumbList\",\"@id\":\"https:\\\/\\\/cellgenic.com\\\/product\\\/large-capacity-co2-incubator-maxcell\\\/#breadcrumb\",\"itemListElement\":[{\"@type\":\"ListItem\",\"position\":1,\"name\":\"Home\",\"item\":\"https:\\\/\\\/cellgenic.com\\\/inicio\\\/\"},{\"@type\":\"ListItem\",\"position\":2,\"name\":\"Tienda\",\"item\":\"https:\\\/\\\/cellgenic.com\\\/tienda\\\/\"},{\"@type\":\"ListItem\",\"position\":3,\"name\":\"Incubadora de CO2 de gran capacidad MaxCell\"}]},{\"@type\":\"WebSite\",\"@id\":\"https:\\\/\\\/cellgenic.com\\\/#website\",\"url\":\"https:\\\/\\\/cellgenic.com\\\/\",\"name\":\"Cellgenic\",\"description\":\"Explore Cellgenic&#039;s advanced regenerative medicine products, specializing in high-quality exosomes for therapeutic applications. Purchase exosomes online to enhance your practice with cutting-edge solutions.\",\"publisher\":{\"@id\":\"https:\\\/\\\/cellgenic.com\\\/#organization\"},\"potentialAction\":[{\"@type\":\"SearchAction\",\"target\":{\"@type\":\"EntryPoint\",\"urlTemplate\":\"https:\\\/\\\/cellgenic.com\\\/?s={search_term_string}\"},\"query-input\":{\"@type\":\"PropertyValueSpecification\",\"valueRequired\":true,\"valueName\":\"search_term_string\"}}],\"inLanguage\":\"es\"},{\"@type\":\"Organization\",\"@id\":\"https:\\\/\\\/cellgenic.com\\\/#organization\",\"name\":\"Cellgenic\",\"url\":\"https:\\\/\\\/cellgenic.com\\\/\",\"logo\":{\"@type\":\"ImageObject\",\"inLanguage\":\"es\",\"@id\":\"https:\\\/\\\/cellgenic.com\\\/#\\\/schema\\\/logo\\\/image\\\/\",\"url\":\"https:\\\/\\\/cellgenic.com\\\/wp-content\\\/uploads\\\/2022\\\/05\\\/Cellgenic_principal_Background-Contactform3-1024x655.png\",\"contentUrl\":\"https:\\\/\\\/cellgenic.com\\\/wp-content\\\/uploads\\\/2022\\\/05\\\/Cellgenic_principal_Background-Contactform3-1024x655.png\",\"width\":1024,\"height\":655,\"caption\":\"Cellgenic\"},\"image\":{\"@id\":\"https:\\\/\\\/cellgenic.com\\\/#\\\/schema\\\/logo\\\/image\\\/\"}}]}<\/script>\n<!-- \/ Yoast SEO plugin. -->","yoast_head_json":{"title":"Incubadora de CO2 de gran capacidad MaxCell - Cellgenic","robots":{"index":"index","follow":"follow","max-snippet":"max-snippet:-1","max-image-preview":"max-image-preview:large","max-video-preview":"max-video-preview:-1"},"canonical":"https:\/\/cellgenic.com\/product\/large-capacity-co2-incubator-maxcell\/","og_locale":"es_ES","og_type":"article","og_title":"Incubadora de CO2 de gran capacidad MaxCell - Cellgenic","og_description":"Haz realidad tus necesidades de cultivo celular a gran escala con la gran plataforma Max Cell\u2122. La incubadora de CO2 de gran capacidad N-BIOTEK Max Cell\u2122 de 880 litros proporciona el entorno \u00f3ptimo para tus necesidades de cultivo celular a gran escala en una gran plataforma . Su calefacci\u00f3n directa por 6 lados y su...","og_url":"https:\/\/cellgenic.com\/product\/large-capacity-co2-incubator-maxcell\/","og_site_name":"Cellgenic","article_modified_time":"2025-01-08T02:41:14+00:00","og_image":[{"width":270,"height":270,"url":"https:\/\/cellgenic.com\/wp-content\/uploads\/2024\/06\/Large-Capacity-CO2-Incubator-MaxCell.png","type":"image\/png"}],"twitter_card":"summary_large_image","twitter_misc":{"Tiempo de lectura":"4 minutos"},"schema":{"@context":"https:\/\/schema.org","@graph":[{"@type":"WebPage","@id":"https:\/\/cellgenic.com\/product\/large-capacity-co2-incubator-maxcell\/","url":"https:\/\/cellgenic.com\/product\/large-capacity-co2-incubator-maxcell\/","name":"Incubadora de CO2 de gran capacidad MaxCell - Cellgenic","isPartOf":{"@id":"https:\/\/cellgenic.com\/#website"},"primaryImageOfPage":{"@id":"https:\/\/cellgenic.com\/product\/large-capacity-co2-incubator-maxcell\/#primaryimage"},"image":{"@id":"https:\/\/cellgenic.com\/product\/large-capacity-co2-incubator-maxcell\/#primaryimage"},"thumbnailUrl":"https:\/\/cellgenic.com\/wp-content\/uploads\/2024\/06\/Large-Capacity-CO2-Incubator-MaxCell.png","datePublished":"2024-06-21T00:20:59+00:00","dateModified":"2025-01-08T02:41:14+00:00","breadcrumb":{"@id":"https:\/\/cellgenic.com\/product\/large-capacity-co2-incubator-maxcell\/#breadcrumb"},"inLanguage":"es","potentialAction":[{"@type":"ReadAction","target":["https:\/\/cellgenic.com\/product\/large-capacity-co2-incubator-maxcell\/"]}]},{"@type":"ImageObject","inLanguage":"es","@id":"https:\/\/cellgenic.com\/product\/large-capacity-co2-incubator-maxcell\/#primaryimage","url":"https:\/\/cellgenic.com\/wp-content\/uploads\/2024\/06\/Large-Capacity-CO2-Incubator-MaxCell.png","contentUrl":"https:\/\/cellgenic.com\/wp-content\/uploads\/2024\/06\/Large-Capacity-CO2-Incubator-MaxCell.png","width":270,"height":270},{"@type":"BreadcrumbList","@id":"https:\/\/cellgenic.com\/product\/large-capacity-co2-incubator-maxcell\/#breadcrumb","itemListElement":[{"@type":"ListItem","position":1,"name":"Home","item":"https:\/\/cellgenic.com\/inicio\/"},{"@type":"ListItem","position":2,"name":"Tienda","item":"https:\/\/cellgenic.com\/tienda\/"},{"@type":"ListItem","position":3,"name":"Incubadora de CO2 de gran capacidad MaxCell"}]},{"@type":"WebSite","@id":"https:\/\/cellgenic.com\/#website","url":"https:\/\/cellgenic.com\/","name":"Cellgenic","description":"Explore Cellgenic&#039;s advanced regenerative medicine products, specializing in high-quality exosomes for therapeutic applications. Purchase exosomes online to enhance your practice with cutting-edge solutions.","publisher":{"@id":"https:\/\/cellgenic.com\/#organization"},"potentialAction":[{"@type":"SearchAction","target":{"@type":"EntryPoint","urlTemplate":"https:\/\/cellgenic.com\/?s={search_term_string}"},"query-input":{"@type":"PropertyValueSpecification","valueRequired":true,"valueName":"search_term_string"}}],"inLanguage":"es"},{"@type":"Organization","@id":"https:\/\/cellgenic.com\/#organization","name":"Cellgenic","url":"https:\/\/cellgenic.com\/","logo":{"@type":"ImageObject","inLanguage":"es","@id":"https:\/\/cellgenic.com\/#\/schema\/logo\/image\/","url":"https:\/\/cellgenic.com\/wp-content\/uploads\/2022\/05\/Cellgenic_principal_Background-Contactform3-1024x655.png","contentUrl":"https:\/\/cellgenic.com\/wp-content\/uploads\/2022\/05\/Cellgenic_principal_Background-Contactform3-1024x655.png","width":1024,"height":655,"caption":"Cellgenic"},"image":{"@id":"https:\/\/cellgenic.com\/#\/schema\/logo\/image\/"}}]}},"_links":{"self":[{"href":"https:\/\/cellgenic.com\/es\/wp-json\/wp\/v2\/product\/2566","targetHints":{"allow":["GET"]}}],"collection":[{"href":"https:\/\/cellgenic.com\/es\/wp-json\/wp\/v2\/product"}],"about":[{"href":"https:\/\/cellgenic.com\/es\/wp-json\/wp\/v2\/types\/product"}],"replies":[{"embeddable":true,"href":"https:\/\/cellgenic.com\/es\/wp-json\/wp\/v2\/comments?post=2566"}],"wp:featuredmedia":[{"embeddable":true,"href":"https:\/\/cellgenic.com\/es\/wp-json\/wp\/v2\/media\/2262"}],"wp:attachment":[{"href":"https:\/\/cellgenic.com\/es\/wp-json\/wp\/v2\/media?parent=2566"}],"wp:term":[{"taxonomy":"product_brand","embeddable":true,"href":"https:\/\/cellgenic.com\/es\/wp-json\/wp\/v2\/product_brand?post=2566"},{"taxonomy":"product_cat","embeddable":true,"href":"https:\/\/cellgenic.com\/es\/wp-json\/wp\/v2\/product_cat?post=2566"},{"taxonomy":"product_tag","embeddable":true,"href":"https:\/\/cellgenic.com\/es\/wp-json\/wp\/v2\/product_tag?post=2566"}],"curies":[{"name":"wp","href":"https:\/\/api.w.org\/{rel}","templated":true}]}}